{"id":12698,"date":"2026-03-21T15:44:53","date_gmt":"2026-03-21T13:44:53","guid":{"rendered":"https:\/\/www.atravel.lt\/produktas\/kelione-i-albanija-skydis-is-rygos-su-airbaltic\/"},"modified":"2026-03-21T15:44:53","modified_gmt":"2026-03-21T13:44:53","slug":"kelione-i-albanija-skydis-is-rygos-su-airbaltic","status":"publish","type":"product","link":"https:\/\/www.atravel.lt\/en\/product\/kelione-i-albanija-skydis-is-rygos-su-airbaltic\/","title":{"rendered":"Kelion\u0117 \u012f Albanij\u0105 (skydis i\u0161 Rygos su AirBaltic)"},"content":{"rendered":"<p><strong>1 day<\/strong><\/p>\n<p>- Arrival at Riga Airport.<br \/> - Check-in.<br \/> \u2022 Skrydis: Ryga \u2013 Tirana (~00:15-01:55).<br \/> \u2022 Atskridimas \u012f Albanij\u0105.<br \/> \u2022 Perve\u017eimas \u012f vie&scaron;but\u012f.<br \/> \u2022 \u012esik\u016brimas vie&scaron;butyje.<br \/> - Recreation.<br \/> \u2022 Pusry\u010diai vie&scaron;butyje (perkant ekskursij\u0173 paket\u0105 pusry\u010diai \u012fskai\u010diuoti).<br \/> - Free day.<br \/> - Relax by the sea.<br \/> \u2022 Vakarien\u0117 vie&scaron;butyje (papildomas mokestis).<br \/> \u2022 Nakvyn\u0117 vie&scaron;butyje.<\/p>\n<p><strong>Day 2<\/strong><\/p>\n<p>\u2022 Pusry\u010diai vie&scaron;butyje (perkant ekskursij\u0173 paket\u0105 pusry\u010diai \u012fskai\u010diuoti).<br \/> - Free day.<br \/> - Relax by the sea.<br \/> \u2022 Vakarien\u0117 vie&scaron;butyje (papildomas mokestis).<br \/> \u2022 Nakvyn\u0117 vie&scaron;butyje.<\/p>\n<p><strong>Day 3<\/strong><\/p>\n<p>\u2022 Pusry\u010diai vie&scaron;butyje (perkant ekskursij\u0173 paket\u0105 pusry\u010diai \u012fskai\u010diuoti).<br \/> - Free time.<br \/> - Relax by the sea.<br \/> \u2022 Antroje dienos pus\u0117je ekskursin\u0117 i&scaron;vyka \u201eDurres &#8211; Kruja\u201c.<br \/> \u2022 Laisvas laikas senajame rytieti&scaron;kame XVII a. turguje.<br \/> \u2022 Sugr\u012f\u017etame \u012f vie&scaron;but\u012f.<br \/> \u2022 Vakarien\u0117 vie&scaron;butyje (papildomas mokestis).<br \/> \u2022 Nakvyn\u0117 vie&scaron;butyje.<\/p>\n<p>Apsilankymas antrajame pagal dyd\u012f Albanijos mieste Durres, \u012fsik\u016brusiame Adrijos j\u016bros pakrant\u0117je, kuris buvo \u012fkurtas VII am\u017eiuje prie&scaron; Krist\u0173.<\/p>\n<p>Ekskursija p\u0117s\u010diomis metu pamatysime archeologijos muziej\u0173, V a. Bizantijos prekybos centr\u0105, senovines miesto sienas, II a. rom\u0117n\u0173 amfiteatr\u0105, Venecijos bok&scaron;t\u0105 ir daugyb\u0119 kit\u0173 &scaron;io senovinio miesto lankytin\u0173 viet\u0173.<\/p>\n<p>I&scaron;vykimas \u012f Krujos miest\u0105. Aplankysime Krujos tvirtov\u0119 (\u012f\u0117jimo bilietai apmokami papildomai ~ 5 \u20ac\/asm.), kuri XV am\u017eiuje buvo konfrontacijos su Osman\u0173 imperija centru.<\/p>\n<p>Laisv\u0105 laik\u0105 tur\u0117site senajame rytieti&scaron;kame XVII a. turguje, kuriame gal\u0117site \u012fsigyti albani&scaron;k\u0173 suvenyr\u0173 ir paragauti vietin\u0117s virtuv\u0117s patiekal\u0173.<\/p>\n<p><strong>Day 4<\/strong><\/p>\n<p>\u2022 Pusry\u010diai vie&scaron;butyje (perkant ekskursij\u0173 paket\u0105 pusry\u010diai \u012fskai\u010diuoti).<br \/> - Free time.<br \/> - Relax by the sea.<br \/> \u2022 Antroje dienos pus\u0117je ekskursija po Tiran\u0105.<br \/> - Free time.<br \/> \u2022 Sugr\u012f\u017etame \u012f vie&scaron;but\u012f.<br \/> \u2022 Vakarien\u0117 vie&scaron;butyje (papildomas mokestis).<br \/> \u2022 Nakvyn\u0117 vie&scaron;butyje.<\/p>\n<p>Tirana &#8211; Albanijos sostin\u0117, \u012fkurta 1614 m.<br \/> Ekskursijos metu pasivaik&scaron;\u010diosime po Tiranos centr\u0105 ir pamatysime viduram\u017ei\u0173 Efem Bey me\u010det\u0119, pastatyt\u0105 1793\u20131823 m. klasikiniu turki&scaron;ku stiliumi, piramid\u0119, kuri tur\u0117jo tapti Albanijos komunist\u0173 lyderio Enverio Hoksos mauzoliejumi, spalvingus postmodernizmo dvasia dvelkiantys nam\u0173 fasadus, tapusius sostin\u0117s simboliais, Skanderbego aik&scaron;t\u0119, papuo&scaron;ta Tiranos architekt\u016brinius laikus atspindin\u010diais pastatais, Prezident\u016br\u0105, Parlamento r\u016bmus, buvusio &scaron;alies vadovo &#8211; Enverio Hoksos namus, Motinos Teres\u0117s aik&scaron;t\u0119 ir kt.<\/p>\n<p>Aplankysime Bunk\u2019Art muziej\u0173 (\u012f\u0117jimo bilietai apmokami papildomai ~ 5 \u20ac\/asm.), esant\u012f penki\u0173 auk&scaron;t\u0173 bunkeryje su 106 kambariais, pastatytame 1976 metais komunistin\u0117s vald\u017eios branduolin\u0117s atakos atveju. Tai did\u017eiausia Albanijos branduolin\u0117 sl\u0117ptuv\u0117. &Scaron;alia bunkerio yra daugiau nei 100 met\u0173 senumo Bekta&scaron;i ordino b\u016bstin\u0117 (\u012f\u0117jimo bilietai apmokami papildomai ~ 2 \u20ac\/asm.).<\/p>\n<p>Laisvas laikas arba tradiciniai albani&scaron;ki piet\u016bs (papildomas mokestis).<\/p>\n<p><strong>Day 5<\/strong><\/p>\n<p>\u2022 Pusry\u010diai vie&scaron;butyje (perkant ekskursij\u0173 paket\u0105 pusry\u010diai \u012fskai\u010diuoti).<br \/> - Free day.<br \/> - Relax by the sea.<br \/> \u2022 Vakarien\u0117 vie&scaron;butyje (papildomas mokestis).<br \/> \u2022 Nakvyn\u0117 vie&scaron;butyje.<\/p>\n<p><strong>Day 6<\/strong><\/p>\n<p>\u2022 Pusry\u010diai vie&scaron;butyje (perkant ekskursij\u0173 paket\u0105 pusry\u010diai \u012fskai\u010diuoti).<br \/> - Relax by the sea.<br \/> - Free day.<br \/> \u2022 Pageidaujantiems si\u016blome ekskursin\u0119 i&scaron;vyk\u0105 \u201eIstoriniai Albanijos miestai \u2013 Apolonija ir Beratas\u201c (papildomas mokestis &#8211; 50 \u20ac\/asm.).<br \/> \u2022 Sugr\u012f\u017etame \u012f vie&scaron;but\u012f.<br \/> \u2022 Vakarien\u0117 vie&scaron;butyje (papildomas mokestis).<br \/> \u2022 Nakvyn\u0117 vie&scaron;butyje.<\/p>\n<p>Apolonija, \u012fkurta VI am\u017eiuje prie&scaron; Krist\u0173, yra seniausias Albanijos miestas, vienas did\u017eiausi\u0173 Adrijos j\u016bros pakrant\u0117je ir reik&scaron;mingiausias tarp kit\u0173 trisde&scaron;imties senovini\u0173 miest\u0173, tod\u0117l yra vienas pagrindini\u0173 &scaron;alies kult\u016bros paveldo perl\u0173 (\u012f\u0117jimo bilietai \u012f istorin\u012f centr\u0105 apmokami papildomai ~ 6 \u20ac\/asm.). &Scaron;is miestas buvo svarbus ekonomikos ir kult\u016bros centras. Iki dien\u0173 i&scaron;liko tik nedid\u0117le senosios miesto dalis, kurioje yra akropolis, 10 t\u016bkstan\u010di\u0173 \u017ei\u016brov\u0173 talpinantis teatras, forumas, \u012fvair\u016bs visuomeniniai ir privat\u016bs pastatai, taip pat ir senos gatv\u0117s.<\/p>\n<p>Apolonijos muziejuje lankytojai gali pamatyti didel\u0119 monet\u0173, statul\u0173, vaz\u0173 ir kit\u0173 verting\u0173 radini\u0173 kolekcij\u0105, suteikian\u010di\u0105 ai&scaron;kesn\u012f vaizd\u0105 apie senov\u0117s Apolonijos gyventoj\u0173 gyvenim\u0105 ir kult\u016br\u0105.<\/p>\n<p>Toliau vyksime \u012f Berat\u0105 \u2013 vien\u0105 vaizdingiausi\u0173 ir istori&scaron;kiausi\u0173 Albanijos miest\u0173, \u012fkurt\u0105 IV am\u017eiuje prie&scaron; Krist\u0173, galint\u012f d\u017eiuginti unikalia architekt\u016bra vienas ant kito kylan\u010diais nam\u0173 stogais. &Scaron;is miestas yra saugomas UNESCO.<\/p>\n<p>Aplankysime Berato tvirtov\u0119, kuri yra did\u017eiausias \u012ftvirtinimas visoje Albanijoje. Jo teritorijoje yra 40 sta\u010diatiki\u0173 ba\u017eny\u010di\u0173, i&scaron; kuri\u0173 viena tapo nacionaliniu Onufri ikon\u0173 muziejumi, pavadintu garsiausio XVI am\u017eiaus Albanijos ikon\u0173 tapytojo vardu (\u012f\u0117jimo bilietai apmokami papildomai ~ 4,5 \u20ac\/asm.).<\/p>\n<p><strong>Day 7<\/strong><\/p>\n<p>\u2022 Pusry\u010diai vie&scaron;butyje (perkant ekskursij\u0173 paket\u0105 pusry\u010diai \u012fskai\u010diuoti).<br \/> - Free time.<br \/> \u2022 I&scaron;siregistravimas i&scaron; vie&scaron;bu\u010dio.<br \/> \u2022 Vykstame \u012f &Scaron;kodr\u0105.<br \/> \u2022 Ekskursija po &Scaron;kodr\u0105.<br \/> - Free time after the tour.<br \/> \u2022 V\u0117lai vakare vykstame \u012f Tiranos oro uost\u0105.<br \/> - Check-in.<\/p>\n<p>&Scaron;kodra &#8211; tai seniausias miestas, \u012fkurtas 6a. pr. Kr. Jame gyvena 120 000 gyventoj\u0173 ir laikomas tre\u010diu miestu pagal dyd\u012f Albanijoje.<\/p>\n<p>Aplankysime Rozafos tvirtov\u0119, pastatyt\u0105 IV am\u017eiuje prie&scaron; Krist\u0173, ir joje esant\u012f muziej\u0173 bei garsi\u0105j\u0105 katalik\u0173 &Scaron;v. Stepono katedr\u0105 (pagrindin\u0119 miesto Romos katalik\u0173 ba\u017eny\u010di\u0105).<\/p>\n<p>Pasivaik&scaron;\u010diosime siauromis miesto gatvel\u0117mis, apstatytomis 2-3 auk&scaron;t\u0173 XVIII-XIX a. namukais. Patyrin\u0117j\u0119 maldos namus, suprasime, kad Albanijoje puikiai sutaria musulmonai, provoslavai ir katalikai (papildomai apmokami \u012f\u0117jimo bilietai ~ 10 \u20ac\/asm.). V\u0117liau apsilankysime kauki\u0173 gamykloje, kur gaminamos visame pasaulyje \u017einomos Venecijos ir Brazilijos karnaval\u0173 kauk\u0117s. Ma\u017ea to, &scaron;ios gamyklos gaminius galite matyti net ir Holivudo filmuose (\u012f\u0117jimo bilietai apmokami papildomai ~11 \u20ac\/asm.).<\/p>\n<p>Laisvas laikas mieste, kurio metu gal\u0117site aplankyti pagrindines juvelyrini\u0173 dirbini\u0173 parduotuves.<\/p>\n<p>Pageidaujant si\u016blome pietus su tradiciniais \u017euvies patiekalais ant e\u017eero kranto (papildomas mokestis). Galima vyno ir u\u017ekand\u017ei\u0173 degustacija (papildomas mokestis ~ 8 \u20ac\/asm.).<\/p>\n<p><strong>Day 8<\/strong><\/p>\n<p>\u2022 Skrydis: Tirana \u2013 Ryga (~02:35-06:15).<br \/> \u2022 Atvykimas \u012f Ryg\u0105.<\/p>","protected":false},"excerpt":{"rendered":"<p>1 diena \u2022 Atvykimas \u012f Rygos oro uost\u0105. \u2022 Registracija \u012f skryd\u012f. \u2022 Skrydis: Ryga \u2013 Tirana (~00:15-01:55). \u2022 Atskridimas \u012f Albanij\u0105. \u2022 Perve\u017eimas \u012f vie&scaron;but&#8230;<\/p>","protected":false},"featured_media":11933,"comment_status":"open","ping_status":"closed","template":"","meta":{"om_disable_all_campaigns":false,"_monsterinsights_skip_tracking":false,"_monsterinsights_sitenote_active":false,"_monsterinsights_sitenote_note":"","_monsterinsights_sitenote_category":0},"product_brand":[],"product_cat":[669],"product_tag":[],"class_list":{"0":"post-12698","1":"product","2":"type-product","3":"status-publish","4":"has-post-thumbnail","6":"product_cat-keliones","8":"first","9":"instock","10":"virtual","11":"taxable","12":"purchasable","13":"product-type-simple"},"aioseo_notices":[],"_links":{"self":[{"href":"https:\/\/www.atravel.lt\/en\/wp-json\/wp\/v2\/product\/12698","targetHints":{"allow":["GET"]}}],"collection":[{"href":"https:\/\/www.atravel.lt\/en\/wp-json\/wp\/v2\/product"}],"about":[{"href":"https:\/\/www.atravel.lt\/en\/wp-json\/wp\/v2\/types\/product"}],"replies":[{"embeddable":true,"href":"https:\/\/www.atravel.lt\/en\/wp-json\/wp\/v2\/comments?post=12698"}],"wp:featuredmedia":[{"embeddable":true,"href":"https:\/\/www.atravel.lt\/en\/wp-json\/wp\/v2\/media\/11933"}],"wp:attachment":[{"href":"https:\/\/www.atravel.lt\/en\/wp-json\/wp\/v2\/media?parent=12698"}],"wp:term":[{"taxonomy":"product_brand","embeddable":true,"href":"https:\/\/www.atravel.lt\/en\/wp-json\/wp\/v2\/product_brand?post=12698"},{"taxonomy":"product_cat","embeddable":true,"href":"https:\/\/www.atravel.lt\/en\/wp-json\/wp\/v2\/product_cat?post=12698"},{"taxonomy":"product_tag","embeddable":true,"href":"https:\/\/www.atravel.lt\/en\/wp-json\/wp\/v2\/product_tag?post=12698"}],"curies":[{"name":"wp","href":"https:\/\/api.w.org\/{rel}","templated":true}]}}