{"id":12697,"date":"2026-03-21T15:44:53","date_gmt":"2026-03-21T13:44:53","guid":{"rendered":"https:\/\/www.atravel.lt\/produktas\/jungtiniai-arabu-emyratai-12-d-tiesioginis-skrydis-is-vilniaus\/"},"modified":"2026-03-21T15:44:53","modified_gmt":"2026-03-21T13:44:53","slug":"jungtiniai-arabu-emyratai-12-d-tiesioginis-skrydis-is-vilniaus","status":"publish","type":"product","link":"https:\/\/www.atravel.lt\/en\/product\/jungtiniai-arabu-emyratai-12-d-tiesioginis-skrydis-is-vilniaus\/","title":{"rendered":"JUNGTINIAI ARAB\u0172 EMYRATAI 12 d. (tiesioginis skrydis i\u0161 Vilniaus)"},"content":{"rendered":"<p><strong>1 day <\/strong><\/p>\n<p>- Arrival at Vilnius Airport.<br \/> - Check-in.<br \/> \u2022 Skrydis: Vilnius &#8211; Dubajus (~23:35-08:20*).<\/p>\n<p><strong>Day 2 <\/strong><\/p>\n<p>\u2022 Atvykimas \u012f Dubaj\u0173.<br \/> \u2022 Perve\u017eimas prie \u201eAuksinio r\u0117mo\u201c (Dubai Frame) (papildomai apmokamas \u012f\u0117jimo bilietas ~ 53 dirhamai).<br \/> \u2022 Perve\u017eimas \u012f Abu Dab\u012f.<br \/> \u2022 \u012esik\u016brimas vie&scaron;butyje.<br \/> \u2022 Antroje dienos pus\u0117je ekskursin\u0117 i&scaron;vyka \u012f Abu Dabio prezidento r\u016bmus (\u012f\u0117jimo bilietai apmokami papildomai ~65 dirham\u0173\/asm.).<br \/> \u2022 Vykstame \u012f vie&scaron;but\u012f.<br \/> \u2022 \u012esik\u016brimas vie&scaron;butyje.<br \/> - Recreation.<br \/> \u2022 Nakvyn\u0117 vie&scaron;butyje.<\/p>\n<p>Vyksime prie \u201eAuksiniame r\u0117me\u201c (Dubai Frame). Tai ne\u012fprastos formos 48 auk&scaron;t\u0173 dangorai\u017eis \u2013 du bok&scaron;tai, sujungti stikline 93 metr\u0173 ilgio galerija, kuri atspindi unikali\u0105 id\u0117j\u0105: parodyti Dubaj\u0173 i&scaron; dviej\u0173 pusi\u0173. I&scaron; ap\u017evalgos aik&scaron;tel\u0117s, esan\u010dios 150 metr\u0173 auk&scaron;tyje, atsiveria vaizdai \u012f sen\u0105j\u012f prekybin\u012f Deiros rajon\u0105 ir autenti&scaron;k\u0105 Bur Dubaj\u0173 su tradicine arabi&scaron;ka architekt\u016bra. Kitoje pus\u0117je \u2013 \u012fsp\u016bdinga modernaus megapolio panorama su verslo centru, Burk Khalifa bok&scaron;tu ir pagrindine miesto magistrale \u2013 &scaron;eicho Zajedo greitkeliu. (papildomai apmokami \u0117jimo bilietai ~53 dirhamai).<\/p>\n<p>Perve\u017eimas \u012f Abu Dab\u012f.<\/p>\n<p>Po piet\u0173 aplankysime Abu Dabio Prezidento r\u016bmus (\u012f\u0117jimo bilietai apmokami papildomai ~65 dirham\u0173\/asm.). Tai 160 000 m\u00b2 pastat\u0173 kompleksas, kuris pastatytas tradiciniame arab\u0173 stiliuje. Sve\u010diai gali susipa\u017einti su knyg\u0173 ir rankra&scaron;\u010di\u0173 rinkiniais apie Emyrat\u0173 istorij\u0105.<\/p>\n<p><strong>Day 3 <\/strong><\/p>\n<p>\u2022 Pusry\u010diai vie&scaron;butyje (perkant ekskursij\u0173 paket\u0105 pusry\u010diai \u012fskai\u010diuoti).<br \/> \u2022 Ekskursija Abu Dabyje.<br \/> \u2022 Sugr\u012f\u017etame \u012f vie&scaron;but\u012f.<br \/> - Recreation.<br \/> \u2022 Nakvyn\u0117 vie&scaron;butyje.<\/p>\n<p>\u010cia visk\u0105 stato pagr\u012fstai ir brangiai. Tarp Abu Dabio gyventoj\u0173 pramog\u0173: ret\u0173 automobili\u0173 kolekcionavimas, lenktyn\u0117s savo \u201eFormul\u0117s 1\u201c trasose, o vietiniai gyventojai taip pat m\u0117gsta plaukioti po Persijos \u012flank\u0105 savo jachtomis. Poilsis Abu Dabyje yra garbingas ir ramus: n\u0117ra Dubajaus triuk&scaron;mo ir eismo kam&scaron;\u010di\u0173. Ekskursijos metu pamatysime architekt\u016brin\u012f &scaron;edevr\u0105, &scaron;e&scaron;t\u0105 pagal dyd\u012f me\u010det\u0119 pasaulyje &#8211; Sheikh Zayed me\u010det\u0119. Me\u010det\u0117 \u012fsp\u016bdinga savo nepriekai&scaron;tinga architekt\u016bra ir baltu kaip sniegas marmuru. Pagal didyb\u0119, dyd\u012f ir projekto kain\u0105, me\u010det\u0117 yra tarpe did\u017eiausi\u0173 musulmon\u0173 &scaron;ventykl\u0173. Apsilankysime de&scaron;imties kilometr\u0173 ilgio krantin\u0117je, kuri buvo paversta parko zona. Ji yra viena did\u017eiausi\u0173 Vidurio Rytuose. \u010cia yra \u017eaidim\u0173 aik&scaron;tel\u0117s ir restoranai, klubai, kavin\u0117s, fontanai, parkai, sodai. Pamatysime prabang\u0173 vie&scaron;but\u012f \u201eEmirate Palace\u201c. &Scaron;io vie&scaron;bu\u010dio puo&scaron;numas jus nustebins iki &scaron;irdies gelmi\u0173. Pakeliui \u012f Saadijato salas sustosime Etnografiniame kaime.<\/p>\n<p>Toliau ekskursin\u0117 i&scaron;vyka \u012f Saadijato salas, kur gal\u0117site aplankyti Luvr\u0105 (\u012f\u0117jimo bilietai apmokami papildomai). Luvro muziejus Abu Dabyje atidarytas 2017 m. Apsuptas vandens kanal\u0173 su nuostabiu a\u017e\u016briniu kupolu vir&scaron; galvos, suteikia jausm\u0105, kad esate atviros j\u016bros viduryje. Muziejuje sukaupta daugiau nei trys &scaron;imtai eksponat\u0173: paveiksl\u0173, knyg\u0173, papuo&scaron;al\u0173, tarp kuri\u0173 \u2013 ir original\u016bs Leonardo Da Vinci, Pablo Picasso ir Van Gogho darbai.<\/p>\n<p>Taip pat muziejaus teritorija suskirstyta \u012f temines zonas, kuriose yra \u012fvairi\u0173 kult\u016br\u0173 paminklai.<\/p>\n<p><strong>Day 4 <\/strong><\/p>\n<p>\u2022 Pusry\u010diai vie&scaron;butyje (perkant ekskursij\u0173 paket\u0105 pusry\u010diai \u012fskai\u010diuoti).<br \/> \u2022 Laisva diena, poilsis prie j\u016bros.<br \/> \u2022 Pageidaujantiems si\u016blome perve\u017eim\u0105 \u012f Jaso sal\u0105, kur gal\u0117site aplankyti vandens park\u0105, Ferrari-park\u0105 arba Warner Bros. World (papildomas mokestis &#8211; 20 \u20ac\/asm., \u012f\u0117jimo bilietai apmokami papildomai).<br \/> \u2022 Sugr\u012f\u017etame \u012f vie&scaron;but\u012f.<br \/> - Recreation.<br \/> \u2022 Nakvyn\u0117 vie&scaron;butyje.<\/p>\n<p>Teminis Ferrari parkas yra dirbtin\u0117je Jas saloje. &Scaron;iandien jis yra did\u017eiausias u\u017edaras parkas, kurio plotas siekia 200 000 m\u00b2. I&scaron; vir&scaron;aus jis atrodo kaip raudonas trikampis, kurio viduryje yra \u201eFerrari\u201c logotipas. Parko teritorijoje galima rasti \u012fvairi\u0173 pramog\u0173, simuliatori\u0173, automobili\u0173 modeli\u0173 ir parduotuvi\u0173. Grei\u010diausias kalnelis \u017dem\u0117je yra \u010dia, per 4,9 sekundes jo greitis pasiekia 240 km\/h.<\/p>\n<p>Warner Bros. Abu Dhabi World yra vienas did\u017eiausi\u0173 pasaulio pramog\u0173 park\u0173, apimantis daugiau nei 150 000 m\u00b2 ploto. Parko teritorija suskirstyta \u012f skirtingas zonas su atrakcionais,<br \/> parduotuv\u0117mis, suvenyr\u0173 parduotuv\u0117mis, restoranais ir kavin\u0117mis, skirtos garsiems herojams animacini\u0173 film\u0173, komiks\u0173 ir kt.<\/p>\n<p>\u201eYAS Waterworld\u201c yra did\u017eiulis vandens parkas, kuriame yra daugiau nei 40 skirtingo ilgio ir nuolyd\u017eio skaidri\u0173, vis\u0173 r\u016b&scaron;i\u0173 nusileidim\u0173, baseinai ir atrakcionai, i&scaron; kuri\u0173 kai kurie yra unikal\u016bs ir neturi analog\u0173 visame pasaulyje.<\/p>\n<p><strong>Day 5 <\/strong><\/p>\n<p>\u2022 Pusry\u010diai vie&scaron;butyje (perkant ekskursij\u0173 paket\u0105 pusry\u010diai \u012fskai\u010diuoti).<br \/> \u2022 I&scaron;siregistravimas i&scaron; vie&scaron;bu\u010dio.<br \/> \u2022 Vykstame \u012f Al Ain\u0105.<br \/> \u2022 Ekskursija po Al Ain\u0105.<br \/> \u2022 Vykstame \u012f vie&scaron;but\u012f (Dubajuje\/&Scaron;ard\u017eoje).<br \/> \u2022 \u012esik\u016brimas vie&scaron;butyje.<br \/> - Recreation.<br \/> \u2022 Nakvyn\u0117 vie&scaron;butyje.<\/p>\n<p>Al Ain yra ketvirtas pagal dyd\u012f miestas Jungtiniuose Arab\u0173 Emyratuose. \u012esik\u016br\u0119s Abu Dabio emyratuose. Miestas &#8211; oaz\u0117, kuri traukia d\u0117mes\u012f savo vaizdingais parkais ir nuostabiais fontanais, esan\u010diais sm\u0117lio dykumos viduryje. Pirm\u0105 k\u0105 mes aplankysime, tai &scaron;\u012f nuostab\u0173 pastat\u0105 &#8211; Sheikh Zayed r\u016bm\u0173-muziej\u0173, tai pirmojo Jungtini\u0173 Arab\u0173 Emyrat\u0173 valdovo ir \u012fk\u016br\u0117jo r\u016bmai. R\u016bmuose kelet\u0105 kiem\u0173, daug \u012fvairi\u0173 kambari\u0173 ir sali\u0173. \u201eAl-Ain\u201c turi senovin\u0119 \u201eFalaj\u201c dr\u0117kinimo sistem\u0105.<\/p>\n<p>Pasirinktinai, u\u017e papildom\u0105 mokest\u012f (apie 25 dirhamai) gal\u0117site aplankyti mineralinius &scaron;altinius. Termalini\u0173 &scaron;altini\u0173 pob\u016bdis yra susij\u0119s su sieros nuos\u0117domis, kurios atsiranda \u017eem\u0117s pavir&scaron;iuje ugnikalni\u0173 i&scaron;siver\u017eim\u0173 metu. Maudymasis gydomuosiuose &scaron;altiniuose suteikia ne\u012ftik\u0117tin\u0105 atsinaujinimo gali\u0105, i&scaron;gydo \u012fvairias ligas.<\/p>\n<p><strong>Day 6 <\/strong><\/p>\n<p>\u2022 Pusry\u010diai vie&scaron;butyje (perkant ekskursij\u0173 paket\u0105 pusry\u010diai \u012fskai\u010diuoti).<br \/> \u2022 Ekskursin\u0117 i&scaron;vyka \u201eNaujasis Dubajus\u201c.<br \/> - Free time after the tour.<br \/> \u2022 Pageidaujantiems u\u017e papildom\u0105 mokest\u012f si\u016blome ekskursin\u0119 i&scaron;vyk\u0105 \u201eD\u017eip\u0173 safaris&#8221; (u\u017e papildom\u0105 50 \u20ac\/asm. mokest\u012f).<br \/> \u2022 Apie 23 val. gr\u012f\u017eimas \u012f vie&scaron;but\u012f.<br \/> \u2022 Nakvyn\u0117 vie&scaron;butyje.<\/p>\n<p>Dubajus \u012fsik\u016br\u0119s Persijos \u012flankoje, Dubajaus Emyrato pakrant\u0117je. Tai antras pagal dyd\u012f JAE miestas ir pagrindinis traukos centras Artimuosiuose Rytuose. Naujajame Dubajuje Jus stebins dangorai\u017ei\u0173 didyb\u0117, vie&scaron;bu\u010di\u0173 prabanga ir nuostabus rytieti&scaron;k\u0173 pastat\u0173 \u017eavesys. Ekskursijos metu pamatysime pat\u012f prabangiausi\u0105 vie&scaron;but\u012f pasaulyje, vie&scaron;but\u012f \u2013 bur\u0119 \u201eBurj Al Arab\u201c, kuris pastatytas saloje, nuo pakrant\u0117s nutolusioje 280 metr\u0173. Ekskursij\u0105 t\u0119sime Dubajaus Venecijoje. &Scaron;is rajonas vadinamas D\u017eiumeira d\u0117ka diding\u0173 kanal\u0173. Dubajuje, kaip ir Venecijoje, kanalais plaukioja laiveliai Tur\u0117sime galimyb\u0119 pasigro\u017e\u0117ti garsiuoju vie&scaron;bu\u010diu \u201eAtlantis\u201c. V\u0117liau vyksime \u012f pat\u012f \u012fsp\u016bdingiausi\u0105 Dubajaus rajon\u0105 \u2013 Dubai Marina. Tai tikras architekt\u016bros perlas visame mieste. I&scaron;vykos pabaigoje vyksime \u012f \u201eDubai Mall\u201c prekybos centr\u0105, turb\u016bt jau numanote, kad jis turi b\u016bti ka\u017ekuo ypatingas. Taip, tai did\u017eiausias pasaulyje pagal u\u017eimam\u0105 plot\u0105 (50 futbolo aik&scaron;\u010di\u0173). Jame 1200 parduotuvi\u0173, 220 i&scaron; j\u0173 skirtos aukso dirbiniams, Sega pramog\u0173 parkas, vaik\u0173 zona, 22 sali\u0173 kino teatras, mil\u017eini&scaron;kas 10 mln. litr\u0173 j\u016br\u0173 akvariumas, pilnas \u012fsp\u016bdingiausi\u0173 \u017euv\u0173 ir dar daug viso kito.<\/p>\n<p>Pageidaujantiems si\u016blome \u201eD\u017eip\u0173 safar\u012f\u201c (papildomas mokestis &#8211; 50 \u20ac\/asm.). Geriau vien\u0105 kart\u0105 pamatyti, nei &scaron;imt\u0105 kart\u0173 i&scaron;girsti! D\u017eipais keliausite sm\u0117l\u0117tomis kopomis! Jums taip pat bus suteikta galimyb\u0117 trumpai pakeliauti dykum\u0173 laivais \u2013 kupranugariais. Vie&scaron;\u0117site dykumos stovykloje, kur gal\u0117site nusifotografuoti persireng\u0119 vietini\u0173 r\u016bbais. Vietin\u0117s moterys visas norin\u010dias papuo&scaron; rytieti&scaron;kais ornamentais, kuriuos i&scaron;ra&scaron;ys chna da\u017eais. Po so\u010dios vakarien\u0117s gal\u0117site ne tik pasigro\u017e\u0117ti ugningais rytieti&scaron;kais &scaron;okiais, bet ir patys juose sudalyvauti. Dienos pabaigoje J\u016bs\u0173 laukia fontan\u0173 &scaron;ou &scaron;alia auk&scaron;\u010diausio Dubajaus pastato Burj Khalifa.<\/p>\n<p><strong>Day 7 <\/strong><\/p>\n<p>\u2022 Pusry\u010diai vie&scaron;butyje (perkant ekskursij\u0173 paket\u0105 pusry\u010diai \u012fskai\u010diuoti).<br \/> - Free day.<br \/> - Relax by the sea.<br \/> \u2022 Pageidaujantiems si\u016blome sudalyvauti krab\u0173 med\u017eiokl\u0117je (papildomas mokestis \u2013 79 \u20ac\/asm.).<br \/> \u2022 Nakvyn\u0117 vie&scaron;butyje.<\/p>\n<p>Tur\u0117site unikali\u0105 galimyb\u0119 i&scaron;bandyti save kaip krab\u0173 med\u017eiotoj\u0105, pasigro\u017e\u0117ti \u012flankos gro\u017eiu \u017eibint\u0173 &scaron;viesoje ir paragauti krab\u0173 m\u0117sos.<\/p>\n<p><strong>Day 8 <\/strong><\/p>\n<p>\u2022 Pusry\u010diai vie&scaron;butyje (perkant ekskursij\u0173 paket\u0105 pusry\u010diai \u012fskai\u010diuoti).<br \/> - Free day.<br \/> - Relax by the sea.<br \/> \u2022 Pageidaujantiems si\u016blome ekskursin\u0119 i&scaron;vyk\u0105 \u012f Oman\u0105 su galimybe pasiplaukioti Indijos vandenyne (papildomas mokestis 79 \u20ac\/asm. + 19 \u20ac\/asm. u\u017e laivel\u012f + \u012fva\u017eiavimo mokestis ~31 AED\/asm.).<br \/> \u2022 Sugr\u012f\u017etame \u012f vie&scaron;but\u012f.<br \/> - Recreation.<br \/> \u2022 Nakvyn\u0117 vie&scaron;butyje.<\/p>\n<p>Tradiciniu arab\u0173 laivu mes plauksime palei Indijos vandenyno pakrant\u0119 iki Musandamo pusiasalio. Kelion\u0117s metu pamatysite ma\u017eus \u017evej\u0173 kaimelius, esan\u010dius tarp j\u016bros ir kaln\u0173. Sustojimo metu jaukioje lag\u016bnoje tur\u0117site galimyb\u0119 paplaukioti ir susipa\u017einti su povandenine fauna. Galb\u016bt, jei jums pasiseks &#8211; pamatysite delfinus, kurie lyd\u0117s nardymo metu.<\/p>\n<p>Laive Jus pavai&scaron;ins pietumis, arabi&scaron;ka arbata ir kava, taip pat tur\u0117site galimyb\u0119 pa\u017evejoti.<\/p>\n<p><strong>Day 9 <\/strong><\/p>\n<p>\u2022 Pusry\u010diai vie&scaron;butyje (perkant ekskursij\u0173 paket\u0105 pusry\u010diai \u012fskai\u010diuoti).<br \/> - Free day.<br \/> - Relax by the sea.<br \/> \u2022 Pageidaujantiems si\u016blome ekskursin\u0119 i&scaron;vyk\u0105 \u012f Fud\u017eeir\u0105 (papildomas mokestis 59 \u20ac + \u012f\u0117jimo bilietas \u012f papl\u016bdim\u012f + piet\u016bs ~120 dirham\u0173).<br \/> \u2022 Sugr\u012f\u017etame \u012f vie&scaron;but\u012f.<br \/> - Recreation.<br \/> \u2022 Nakvyn\u0117 vie&scaron;butyje.<\/p>\n<p>Pakeliui aplankysime kilim\u0173 ir vaisi\u0173 turgelius. Turguje did\u017eiulis pasirinkimas kilim\u0173 (gaminam\u0173 \u012fvairiose &scaron;alyse), nacionalini\u0173 gamini\u0173 ir suvenyr\u0173 pasirinkimas bei daugyb\u0117 \u012fvairi\u0173 vaisi\u0173.<\/p>\n<p>Fud\u017eeira &#8211; miestas ir emyratas, esantis Jungtiniuose Arab\u0173 Emyratuose. Tai vienas jauniausi\u0173 emyrat\u0173, ilg\u0105 laik\u0105 buv\u0119s &Scaron;ard\u017eos dalimi ir tik 1953 m. tap\u0119s savaranki&scaron;ku. Fud\u017eeiros pakrant\u0119 skalauja Indijos vandenyno Omano \u012flanka. &Scaron;alia miesto sm\u0117l\u0117ti papl\u016bdimiai, kalvotos apsaugin\u0117s zonos, mineralinio vandens &scaron;altiniai ir \u017ealuma. Miest\u0105 puo&scaron;ia arabi&scaron;k\u0173 motyv\u0173 skulpt\u016br\u0173 kompozicijos, fontanai, architekt\u016bros paminklai, kaip Al Bidija me\u010det\u0117, viena seniausi\u0173 JAE, Fud\u017eeiros tvirtov\u0117 \u2013 fortas, \u012fsik\u016br\u0119s pa\u010diame miesto centre ant auk&scaron;tos kalvos &scaron;alia Kasl Roud kelio. Pietausime Sandy Beach hotel &amp; SPA. Laisvu laiku gal\u0117site i&scaron;simaudyti, pasideginti gra\u017eiame Sandy Beach Hotel &amp; SPA vie&scaron;bu\u010dio papl\u016bdimyje.<\/p>\n<p><strong>Day 10 <\/strong><\/p>\n<p>\u2022 Pusry\u010diai vie&scaron;butyje (perkant ekskursij\u0173 paket\u0105 pusry\u010diai \u012fskai\u010diuoti).<br \/> - Free day.<br \/> - Relax by the sea.<br \/> \u2022 Pageidaujantiems si\u016blome perve\u017eim\u0105 \u012f \u201eGlobal Village\u201c ir g\u0117li\u0173 park\u0105 \u201eDubai Miracle Garden\u201c (papildomas mokestis 30 \u20ac\/asm. + papildomai apmokami \u012f\u0117jimo bilietai).<br \/> \u2022 Sugr\u012f\u017etame \u012f vie&scaron;but\u012f.<br \/> - Recreation.<br \/> \u2022 Nakvyn\u0117 vie&scaron;butyje.<\/p>\n<p>Parod\u0173 ir pramog\u0173 kompleksas \u201eGlobal Village\u201c vienija kelet\u0105 de&scaron;im\u010di\u0173 paviljon\u0173, kurie demonstruoja ry&scaron;kiausias pasaulio taut\u0173 tradicijas ir pasiekimus, taip pat yra did\u017eiul\u0117 koncert\u0173 vieta, kurioje vyksta spektakliai, koncertai ir konkursai.<\/p>\n<p>2013 m. Vasario 14 d. Dubajuje atidarytas did\u017eiausias pasaulio g\u0117li\u0173 parkas \u201eDubai Miracle Garden\u201c. Bendras parko plotas vir&scaron;ija 70 000 kvadratini\u0173 metr\u0173. Jame yra net 4 kilometrai p\u0117s\u010di\u0173j\u0173 tak\u0173. Parke yra daugiau nei 45 mln. \u012fvairi\u0173 r\u016b&scaron;i\u0173 ir 60 spalv\u0173 g\u0117li\u0173.<\/p>\n<p><strong>Day 11 <\/strong><\/p>\n<p>\u2022 Pusry\u010diai vie&scaron;butyje (perkant ekskursij\u0173 paket\u0105 pusry\u010diai \u012fskai\u010diuoti).<br \/> \u2022 Ekskursin\u0117 i&scaron;vyka \u201eSenasis Dubajus\u201c.<br \/> \u2022 Vykstame \u012f &Scaron;ard\u017e\u0105.<br \/> \u2022 Ekskursija po &Scaron;ard\u017e\u0105.<br \/> \u2022 Sugr\u012f\u017etame \u012f vie&scaron;but\u012f.<br \/> - Recreation.<br \/> \u2022 Nakvyn\u0117 vie&scaron;butyje.<\/p>\n<p>Dubajus \u2013 \u012fsp\u016bdingas miestas, kur\u012f tyrin\u0117ti galima be galo. &Scaron;iandien\u0105 susipa\u017einsite su Senuoju Dubajumi, kuris \u012fsik\u016br\u0119s \u012flankos pakrant\u0117je \u201eDubai Creek\u201d. B\u016btent dabar suprasite koks did\u017eiulis kontrastas tarp Senojo ir Naujojo Dubajaus. Ekskursijos metu ap\u017ei\u016br\u0117sime Dubajaus valdytojo r\u016bmus, pasivaik&scaron;\u010diosime senomis Bastakijos rajono gatvel\u0117mis. Vyksime Dubajaus \u017eymi\u0173j\u0173 turg\u0173 link. Tradiciniais arabi&scaron;kais laiveliais (papildomai kainuoja ~7 AED) persikelsime \u012f kit\u0105 up\u0117s pus\u0119, kurios pakrant\u0117se \u012fsik\u016br\u0119 populiariausi Dubajaus aukso, prieskoni\u0173, arabi&scaron;k\u0173 rankdarbi\u0173, odos ir gard\u0117si\u0173 turg\u016bs. J\u016bs tur\u0117site galimyb\u0119 \u012fsiam\u017einti tarp dangorai\u017ei\u0173 ir vieno i&scaron; nauj\u0173j\u0173 Dubajaus lankytin\u0173 viet\u0173 fone &#8211; mil\u017eini&scaron;ku auksiniu foto r\u0117meliu, kurio auk&scaron;tis yra 150 ir plotis &#8211; 93 metrai.<\/p>\n<p>&Scaron;ard\u017ea &#8211; tre\u010dias pagal dyd\u012f Emyratas, kult\u016brin\u0117 Artim\u0173j\u0173 Ryt\u0173 sostin\u0117 dar vadinama \u201emiestu i&scaron; pasakos apie &Scaron;echerezad\u0105\u201c. Mieste \u012fkurta 16 muziej\u0173, gerai i&scaron;silaik\u0119 daugelis sen\u0173j\u0173 pastat\u0173, senieji kvartalai. Pagrindin\u0117je aik&scaron;t\u0117je pastatytas vienintelis pasaulyje paminklas &scaron;ven\u010diausiai musulmon\u0173 knygai \u2013 Koranui. Ekskursijos metu aplankysime ir Archeologijos muziej\u0173, \u201eRo\u017ein\u0119\u201c me\u010det\u0119, did\u017ei\u0105j\u0105 Karaliaus Faisalo me\u010det\u0119. Apsilankysime Islami&scaron;kosios civilizacijos muziejuje (\u012f\u0117jimo bilietas ~7 AED) jau prie \u012f\u0117jimo \u012f muziej\u0173 jus pasitiks skulpt\u016bros, surinktos i&scaron; \u012fvairi\u0173 islamo pasaulio &scaron;ali\u0173 ir charakterizuojan\u010dios islamo men\u0105.<\/p>\n<p><strong>Day 12 <\/strong><\/p>\n<p>\u2022 Pusry\u010diai vie&scaron;butyje (perkant ekskursij\u0173 paket\u0105 pusry\u010diai \u012fskai\u010diuoti).<br \/> \u2022 I&scaron;siregistravimas i&scaron; vie&scaron;bu\u010dio.<br \/> - Transfer to the airport.<br \/> - Check-in.<br \/> \u2022 Skrydis: Dubajus \u2013 Vilnius (~17:30-22:35).<br \/> \u2022 Atvykimas \u012f Vilnius.<\/p>","protected":false},"excerpt":{"rendered":"<p>1 diena \u2022 Atvykimas \u012f Vilniaus oro uost\u0105. \u2022 Registracija \u012f skryd\u012f. \u2022 Skrydis: Vilnius &#8211; Dubajus (~23:35-08:20*). 2 diena \u2022 Atvykimas \u012f Dubaj\u0173. \u2022 Perve\u017eimas prie&#8230;<\/p>","protected":false},"featured_media":11932,"comment_status":"open","ping_status":"closed","template":"","meta":{"om_disable_all_campaigns":false,"_monsterinsights_skip_tracking":false,"_monsterinsights_sitenote_active":false,"_monsterinsights_sitenote_note":"","_monsterinsights_sitenote_category":0},"product_brand":[],"product_cat":[669],"product_tag":[],"class_list":{"0":"post-12697","1":"product","2":"type-product","3":"status-publish","4":"has-post-thumbnail","6":"product_cat-keliones","8":"first","9":"instock","10":"virtual","11":"taxable","12":"purchasable","13":"product-type-simple"},"aioseo_notices":[],"_links":{"self":[{"href":"https:\/\/www.atravel.lt\/en\/wp-json\/wp\/v2\/product\/12697","targetHints":{"allow":["GET"]}}],"collection":[{"href":"https:\/\/www.atravel.lt\/en\/wp-json\/wp\/v2\/product"}],"about":[{"href":"https:\/\/www.atravel.lt\/en\/wp-json\/wp\/v2\/types\/product"}],"replies":[{"embeddable":true,"href":"https:\/\/www.atravel.lt\/en\/wp-json\/wp\/v2\/comments?post=12697"}],"wp:featuredmedia":[{"embeddable":true,"href":"https:\/\/www.atravel.lt\/en\/wp-json\/wp\/v2\/media\/11932"}],"wp:attachment":[{"href":"https:\/\/www.atravel.lt\/en\/wp-json\/wp\/v2\/media?parent=12697"}],"wp:term":[{"taxonomy":"product_brand","embeddable":true,"href":"https:\/\/www.atravel.lt\/en\/wp-json\/wp\/v2\/product_brand?post=12697"},{"taxonomy":"product_cat","embeddable":true,"href":"https:\/\/www.atravel.lt\/en\/wp-json\/wp\/v2\/product_cat?post=12697"},{"taxonomy":"product_tag","embeddable":true,"href":"https:\/\/www.atravel.lt\/en\/wp-json\/wp\/v2\/product_tag?post=12697"}],"curies":[{"name":"wp","href":"https:\/\/api.w.org\/{rel}","templated":true}]}}