{"id":12694,"date":"2026-03-21T15:44:52","date_gmt":"2026-03-21T13:44:52","guid":{"rendered":"https:\/\/www.atravel.lt\/produktas\/filipinai-sniego-baltumo-malaju-salyno-salos-16-d-skrydis-is-rygos\/"},"modified":"2026-03-21T15:44:52","modified_gmt":"2026-03-21T13:44:52","slug":"filipinai-sniego-baltumo-malaju-salyno-salos-16-d-skrydis-is-rygos","status":"publish","type":"product","link":"https:\/\/www.atravel.lt\/en\/product\/filipinai-sniego-baltumo-malaju-salyno-salos-16-d-skrydis-is-rygos\/","title":{"rendered":"Filipinai. Sniego baltumo Malaj\u0173 salyno salos 16 d. (skrydis i\u0161 Rygos)"},"content":{"rendered":"<h3 style=\"text-align: center\"><strong><span style=\"color:#e74c3c\">Keliaujant \u012f Filipinus PRIVALOMA NE ANKS\u010cIAU NEI PRIE&Scaron; 3 DIENAS iki atvykimo u\u017esiregistruoti elektronin\u0117je kelioni\u0173 deklaravimo sistemoje <\/span><a href=\"https:\/\/etravel.gov.ph\/\"><span style=\"color:#2980b9\">eTravel<\/span><\/a><span style=\"color:#2980b9\"> <\/span><span style=\"color:#e74c3c\">(https:\/\/etravel.gov.ph\/)<\/span><\/strong><\/h3>\n<hr \/>\n<p><strong>1 day <\/strong><\/p>\n<p>- Arrival at Riga Airport.<br \/> - Check-in.<br \/> \u2022 Skrydis: Ryga &#8211; Stambulas (~18:55-23:15).<br \/> \u2022 Atvykimas \u012f Stambul\u0105.<\/p>\n<p><strong>Day 2 <\/strong><\/p>\n<p>\u2022 Skrydis: Stambulas \u2013 Singap\u016bras (~01:50-17:35).<br \/> - Arrive in Singapore.<br \/> \u2022 Perve\u017eimas \u012f vie&scaron;but\u012f.<br \/> \u2022 \u012esik\u016brimas vie&scaron;butyje.<br \/> \u2022 Nakvyn\u0117 vie&scaron;butyje.<\/p>\n<p><strong>Day 3 <\/strong><\/p>\n<p>\u2022 Pusry\u010diai vie&scaron;butyje (perkant ekskursij\u0173 paket\u0105 pusry\u010diai \u012fskai\u010diuoti).<br \/> - Sightseeing tour of Singapore.<br \/> \u2022 Perve\u017eimas \u012f Singap\u016bro oro uost\u0105.<br \/> - Check-in.<br \/> \u2022 Skrydis: Singap\u016bras \u2013 Sebu.<\/p>\n<p>Singap\u016bras (pa\u017eod\u017eiui i&scaron;vertus \u2013 \u201eLi\u016bto miestas\u201c) u\u017eima antr\u0105j\u0105 viet\u0105 pasaulyje pagal saugum\u0105 ir pirm\u0105j\u0105 pagal ap\u017eeldinim\u0105. Miestas d\u017eiugina ak\u012f savo &scaron;vara, gro\u017eiu ir tvarkingumu. \u010cia nepaprastai auk&scaron;tas gyvenimo lygis, lydimas komforto ir r\u016bpes\u010dio savo gyventojais. Singap\u016bro istorija stebina, dabartis \u017eavi, o ateitis intriguoja. &Scaron;is miestas-valstyb\u0117 \u012fsiver\u017eia \u012f gyvenim\u0105 tarsi viesulas ir am\u017eiams lieka &scaron;irdyje.<\/p>\n<p><strong>Day 4 <\/strong><\/p>\n<p>\u2022 Atvykimas \u012f Sebu.<br \/> \u2022 Perve\u017eimas \u012f vie&scaron;but\u012f.<br \/> \u2022 \u012esik\u016brimas vie&scaron;butyje.<br \/> \u2022 Pusry\u010diai vie&scaron;butyje (perkant ekskursij\u0173 paket\u0105 pusry\u010diai \u012fskai\u010diuoti).<br \/> \u2022 Ap\u017evalgin\u0117 ekskursija po Sebu sal\u0105.<br \/> \u2022 Piet\u016bs i&scaron;vykos metu (papildomas mokestis ~25 \u20ac\/asm.).<br \/> - Free time after the tour.<br \/> \u2022 Sugr\u012f\u017etame \u012f vie&scaron;but\u012f.<br \/> \u2022 Nakvyn\u0117 vie&scaron;butyje.<\/p>\n<p>Ekskursijos metu pamatysime Mactan Shrine memorial\u0105, kurio teritorijoje vyko F. Magelano \u017emoni\u0173 ir vietos genties m\u016b&scaron;is. &Scaron;iame m\u016b&scaron;yje Magelanas \u017euvo nuo Lapu-Lapu salos vado rankos.<\/p>\n<p>San Pedro fortas, kuris buvo \u012fkurtas 1565 m. kaip pirmoji Ispanijos gyvenviet\u0117 ir v\u0117liau buvo sustiprinta akmenimis ir koralais. Jos teritorijoje yra nedidel\u0117, bet labai \u012fdomi meno galerija, skirta ispan\u0173 atvykimo ir Filipin\u0173 u\u017ekariavimo istorijai.<\/p>\n<p>Toliau aplankysime Santo Ni&ntilde;o bazilik\u0105 ir Magelano kry\u017ei\u0173. Bazilika buvo pastatyta pirmojo Filipinuose \u012f krik&scaron;\u010dionyb\u0119 atsivertusio vado namo vietoje. Magelano kry\u017eius \u2013 pirmasis Filipinuose \u012frengtas kry\u017eius, nuo kurio salose prasid\u0117jo tolesn\u0117 kataliki&scaron;koji krik&scaron;\u010dionyb\u0117. Ir, \u017einoma, Magelano atne&scaron;ta Santo Ni&ntilde;o fig\u016br\u0117l\u0117 bazilikoje vis dar saugoma originalia forma. Vietiniai stoja \u012f eil\u0119 pra&scaron;ydami jos pagalbos.<\/p>\n<p><strong>Day 5 <\/strong><\/p>\n<p>\u2022 Pusry\u010diai vie&scaron;butyje \u2013 sausas davinys (perkant ekskursij\u0173 paket\u0105 pusry\u010diai \u012fskai\u010diuoti).<br \/> \u2022 Ekskursin\u0117 i&scaron;vyka prie Aginid kriokli\u0173 su galimybe pasiplaukioti j\u016broje su bangininiais rykliais (papildomai apmokami \u012f\u0117jimo bilietai ~15 \u20ac\/asm. ir pasiplaukiojimas su rykliais ~24 \u20ac\/asm.).<br \/> \u2022 Piet\u016bs i&scaron;vykos metu (papildomas mokestis ~25 \u20ac\/asm.).<br \/> - Free time.<br \/> \u2022 Sugr\u012f\u017etame \u012f vie&scaron;but\u012f.<br \/> \u2022 Nakvyn\u0117 vie&scaron;butyje.<\/p>\n<p>Vyksime \u012f salos pietus pasigro\u017e\u0117ti geranori&scaron;kais mil\u017einais &#8211; bangininiais rykliais. Rykliai, kuriuos sutiksime, yra nekenksmingi ir minta \u017euvimis bei planktonu. Rykli\u0173 dydis gali siekti 12 metr\u0173, o jiems prav\u0117rus burn\u0105 net dr\u0105siausieji gauna adrenalino doz\u0119. Patirsite nepamir&scaron;tam\u0105 plaukimo patirt\u012f &scaron;alia j\u016bros mil\u017ein\u0173 (papildomas mokestis u\u017e pasiplaukiojim\u0105 su rykliais ~24 \u20ac\/asm.).<\/p>\n<p>Toliau vyksime \u012f Aginid kriokl\u012f (papildomai apmokami \u012f\u0117jimo bilietai ~15 \u20ac\/asm.).<\/p>\n<p>Pakeliui sustosime papietauti, kur tur\u0117sime galimyb\u0119 paragauti vietini\u0173 patiekal\u0173 (papildomas mokestis ~25 \u20ac\/asm.).<\/p>\n<p>Aginid krioklys yra unikali vieta, kur gal\u0117site pakilti 5 krioklio lygiais eidami per vanden\u012f, m\u0117gaudamiesi egzoti&scaron;kais aplinkini\u0173 d\u017eiungli\u0173 peiza\u017eais. Patogiam lipimui akmenyse yra skylut\u0117s p\u0117doms (akmenys neslid\u016bs).<\/p>\n<p>Krioklio vir&scaron;\u016bn\u0117je tur\u0117site galimyb\u0119 pasilepinti nat\u016braliu SPA: pasitepti k\u016bn\u0105 jauninan\u010diu moliu, pamerksite kojas \u012f vanden\u012f, o p\u0117d\u0173 od\u0105 nuvalys ma\u017eos \u017euvyt\u0117s. O dr\u0105siausi gal\u0117s &scaron;okti nuo atbrailos \u012f lag\u016bn\u0105.<\/p>\n<p><strong>Day 6 <\/strong><\/p>\n<p>\u2022 Pusry\u010diai vie&scaron;butyje \u2013 sausas davinys (perkant ekskursij\u0173 paket\u0105 pusry\u010diai \u012fskai\u010diuoti).<br \/> \u2022 Anksti ryte vykstame \u012f uost\u0105.<br \/> \u2022 Registracija \u012f kelt\u0105.<br \/> \u2022 Keltas \u012f Boholo sal\u0105 (papildomai apmokamas kelto bilietas ~45 \u20ac\/asm.).<br \/> \u2022 Ekskursija po Boholo sal\u0105 (\u012f\u0117jimo bilietai apmokami pa\u010di\u0173 keliautoj\u0173 ~10 \u20ac\/asm.).<br \/> \u2022 Piet\u016bs i&scaron;vykos metu (papildomas mokestis ~25 \u20ac\/asm.).<br \/> \u2022 Sugr\u012f\u017etame \u012f vie&scaron;but\u012f.<br \/> \u2022 Nakvyn\u0117 vie&scaron;butyje.<\/p>\n<p>Ekskursija po Boholo sal\u0105 \u2013 bene populiariausia ekskursij\u0173 programa u\u017e Sebu salos rib\u0173.<\/p>\n<p>Ekskursijos metu pamatysime garsi\u0105sias &Scaron;okolado kalvas, kurios yra \u012ftrauktos \u012f UNESCO pasaulio paveldo s\u0105ra&scaron;\u0105. Daugiau nei 1200 kalv\u0173 lygumoje, kaip triufeli\u0173 saldainiai.<\/p>\n<p>Ekskursijos metu taip pat susipa\u017einsime su ilgakulniais (tarsieriais) \u2013 pa\u010diais ma\u017eiausiais pasaulio primatais, mielomis akimis labai ilgais pir&scaron;tais. O m\u016bs\u0173 gidas jums pasakys, kas jie tokie, kod\u0117l jie turi tokias dideles akis ir kaip gali pasukti galv\u0105 360 laipsni\u0173 kampu.<\/p>\n<p>Piet\u016bs kelion\u0117s metu (apmokamas papildomai ~25 \u20ac\/asm.). O papietausite Loboc up\u0117je pl\u016bduriuojan\u010diame restorane. Tai &scaron;variausia up\u0117 Filipinuose. Bufete paragausite garsiausi\u0173 ir mylimiausi\u0173 filipinie\u010di\u0173 patiekal\u0173. Kol pietausite, plaukiojantis restoranas kyls upe iki Ati genties. Gentis jums parodys tautinius &scaron;okius ir drabu\u017eius i&scaron; tolimos praeities. Nuotrauka atsiminimui \u2013 b\u016btina!<\/p>\n<p><strong>Day 7 <\/strong><\/p>\n<p>\u2022 Pusry\u010diai vie&scaron;butyje (perkant ekskursij\u0173 paket\u0105 pusry\u010diai \u012fskai\u010diuoti).<br \/> \u2022 I&scaron;siregistravimas i&scaron; vie&scaron;bu\u010dio.<br \/> \u2022 Vykstame \u012f uost\u0105.<br \/> \u2022 Perk\u0117la \u012f Bantayan sal\u0105 (papildomas mokestis ~10 \u20ac\/asm.).<br \/> \u2022 Atplaukiame \u012f Bantayan sal\u0105.<br \/> \u2022 Vykstame \u012f vie&scaron;but\u012f.<br \/> \u2022 \u012esik\u016brimas vie&scaron;butyje.<br \/> - Relax by the sea.<br \/> \u2022 Nakvyn\u0117 vie&scaron;butyje.<\/p>\n<p>Bantayan &#8211; ma\u017ea sala prie &scaron;iaur\u0117s vakar\u0173 Sebu salos Filipinuose. Salos perimetras apie 52 km. Saloje gyvena apie 150 t\u016bkst. \u017emoni\u0173. Daugiausia \u017einomas d\u0117l savo papl\u016bdimi\u0173, prieinam\u0173 kain\u0173 ir ramios aplinkos.<\/p>\n<p><strong>Day 8 <\/strong><\/p>\n<p>\u2022 Pusry\u010diai vie&scaron;butyje (perkant ekskursij\u0173 paket\u0105 pusry\u010diai \u012fskai\u010diuoti).<br \/> - Relax by the sea.<br \/> \u2022 Nakvyn\u0117 vie&scaron;butyje.<\/p>\n<p><strong>Day 9 <\/strong><\/p>\n<p>\u2022 Pusry\u010diai vie&scaron;butyje (perkant ekskursij\u0173 paket\u0105 pusry\u010diai \u012fskai\u010diuoti).<br \/> - Relax by the sea.<br \/> \u2022 Nakvyn\u0117 vie&scaron;butyje.<\/p>\n<p><strong>Day 10 <\/strong><\/p>\n<p>\u2022 Pusry\u010diai vie&scaron;butyje (perkant ekskursij\u0173 paket\u0105 pusry\u010diai \u012fskai\u010diuoti).<br \/> - Relax by the sea.<br \/> \u2022 Nakvyn\u0117 vie&scaron;butyje.<\/p>\n<p><strong>Day 11 <\/strong><\/p>\n<p>\u2022 Pusry\u010diai vie&scaron;butyje (perkant ekskursij\u0173 paket\u0105 pusry\u010diai \u012fskai\u010diuoti).<br \/> - Relax by the sea.<br \/> \u2022 Nakvyn\u0117 vie&scaron;butyje.<\/p>\n<p><strong>Day 12 <\/strong><\/p>\n<p>\u2022 Pusry\u010diai vie&scaron;butyje (perkant ekskursij\u0173 paket\u0105 pusry\u010diai \u012fskai\u010diuoti).<br \/> - Relax by the sea.<br \/> \u2022 Nakvyn\u0117 vie&scaron;butyje.<\/p>\n<p><strong>Day 13 <\/strong><\/p>\n<p>\u2022 Pusry\u010diai vie&scaron;butyje (perkant ekskursij\u0173 paket\u0105 pusry\u010diai \u012fskai\u010diuoti).<br \/> - Relax by the sea.<br \/> \u2022 I&scaron;siregistravimas i&scaron; vie&scaron;bu\u010dio.<br \/> \u2022 Vykstame \u012f uost\u0105.<br \/> \u2022 Perk\u0117la \u012f Sebu sal\u0105 (papildomas mokestis ~10 \u20ac\/asm.).<br \/> \u2022 \u012esik\u016brimas vie&scaron;butyje.<br \/> \u2022 Nakvyn\u0117 vie&scaron;butyje.<\/p>\n<p><strong>Day 14 <\/strong><\/p>\n<p>\u2022 Pusry\u010diai vie&scaron;butyje (perkant ekskursij\u0173 paket\u0105 pusry\u010diai \u012fskai\u010diuoti).<br \/> \u2022 I&scaron;siregistravimas i&scaron; vie&scaron;bu\u010dio.<br \/> - Transfer to the airport.<br \/> - Check-in.<br \/> \u2022 Skrydis: Sebu \u2013 Singap\u016bras.<br \/> \u2022 Atvykstame \u012f Singap\u016br\u0105.<br \/> \u2022 \u012esik\u016brimas vie&scaron;butyje.<br \/> \u2022 Nakvyn\u0117 vie&scaron;butyje.<\/p>\n<p><strong>Day 15 <\/strong><\/p>\n<p>\u2022 Pusry\u010diai vie&scaron;butyje (perkant ekskursij\u0173 paket\u0105 pusry\u010diai \u012fskai\u010diuoti).<br \/> \u2022 I&scaron;siregistravimas i&scaron; vie&scaron;bu\u010dio.<br \/> - Free time.<br \/> \u2022 Pageidaujantiems si\u016blome vakarin\u0119 ekskursij\u0105 po Singap\u016br\u0105 (papildomas mokestis \u2013 45 \u20ac\/asm.).<br \/> - Transfer to the airport.<br \/> - Check-in.<br \/> \u2022 Skrydis: Singap\u016bras \u2013 Stambulas (~23:25-06:15*).<\/p>\n<p><span style=\"color:#2980b9\"><strong>TIK 2026.11.18-12.03<\/strong><\/span><br \/> <span style=\"color:#2980b9\">\u2022 Pusry\u010diai vie&scaron;butyje (perkant ekskursij\u0173 paket\u0105 pusry\u010diai \u012fskai\u010diuoti).<br \/> \u2022 I&scaron;siregistravimas i&scaron; vie&scaron;bu\u010dio.<br \/> - Transfer to the airport.<br \/> - Check-in.<br \/> \u2022 Skrydis: Singap\u016bras \u2013 Stambulas (~11:40-18:30).<br \/> - We arrive in Istanbul.<br \/> \u2022 Perve\u017eimas \u012f vie&scaron;but\u012f.<br \/> \u2022 \u012esik\u016brimas vie&scaron;butyje.<br \/> \u2022 Nakvyn\u0117 vie&scaron;butyje.<\/span><\/p>\n<p><strong>16 diena <\/strong><\/p>\n<p>\u2022 Skrydis: Stambulas \u2013 Ryga (~08:30-10:50).<br \/> \u2022 Atvykstame \u012f Ryg\u0105.<\/p>\n<p><span style=\"color:#2980b9\"><strong>TIK 2026.11.18-12.03<\/strong><br \/> \u2022 Pusry\u010diai vie&scaron;butyje (perkant ekskursij\u0173 paket\u0105 pusry\u010diai \u012fskai\u010diuoti).<br \/> \u2022 I&scaron;siregistravimas i&scaron; vie&scaron;bu\u010dio.<br \/> \u2022 Pageidaujantiems si\u016blome ekskursij\u0105 po Stambul\u0105 (papildomas mokestis \u2013 45 \u20ac\/asm., \u012fvyks susirinkus 15 keliautoj\u0173).<br \/> - Transfer to the airport.<br \/> \u2022 Skrydis: Stambulas \u2013 Ryga (~15:50-18:05).<br \/> \u2022 Atvykstame \u012f Ryg\u0105.<\/span><\/p>","protected":false},"excerpt":{"rendered":"<p>Keliaujant \u012f Filipinus PRIVALOMA NE ANKS\u010cIAU NEI PRIE&Scaron; 3 DIENAS iki atvykimo u\u017esiregistruoti elektronin\u0117je kelioni\u0173 deklaravimo sistemoje eTravel (https:&#8230;<\/p>","protected":false},"featured_media":11929,"comment_status":"open","ping_status":"closed","template":"","meta":{"om_disable_all_campaigns":false,"_monsterinsights_skip_tracking":false,"_monsterinsights_sitenote_active":false,"_monsterinsights_sitenote_note":"","_monsterinsights_sitenote_category":0},"product_brand":[],"product_cat":[669],"product_tag":[],"class_list":{"0":"post-12694","1":"product","2":"type-product","3":"status-publish","4":"has-post-thumbnail","6":"product_cat-keliones","8":"first","9":"instock","10":"virtual","11":"taxable","12":"purchasable","13":"product-type-simple"},"aioseo_notices":[],"_links":{"self":[{"href":"https:\/\/www.atravel.lt\/en\/wp-json\/wp\/v2\/product\/12694","targetHints":{"allow":["GET"]}}],"collection":[{"href":"https:\/\/www.atravel.lt\/en\/wp-json\/wp\/v2\/product"}],"about":[{"href":"https:\/\/www.atravel.lt\/en\/wp-json\/wp\/v2\/types\/product"}],"replies":[{"embeddable":true,"href":"https:\/\/www.atravel.lt\/en\/wp-json\/wp\/v2\/comments?post=12694"}],"wp:featuredmedia":[{"embeddable":true,"href":"https:\/\/www.atravel.lt\/en\/wp-json\/wp\/v2\/media\/11929"}],"wp:attachment":[{"href":"https:\/\/www.atravel.lt\/en\/wp-json\/wp\/v2\/media?parent=12694"}],"wp:term":[{"taxonomy":"product_brand","embeddable":true,"href":"https:\/\/www.atravel.lt\/en\/wp-json\/wp\/v2\/product_brand?post=12694"},{"taxonomy":"product_cat","embeddable":true,"href":"https:\/\/www.atravel.lt\/en\/wp-json\/wp\/v2\/product_cat?post=12694"},{"taxonomy":"product_tag","embeddable":true,"href":"https:\/\/www.atravel.lt\/en\/wp-json\/wp\/v2\/product_tag?post=12694"}],"curies":[{"name":"wp","href":"https:\/\/api.w.org\/{rel}","templated":true}]}}