{"id":12693,"date":"2026-03-21T15:44:52","date_gmt":"2026-03-21T13:44:52","guid":{"rendered":"https:\/\/www.atravel.lt\/produktas\/australija-skrydis-is-rygos\/"},"modified":"2026-03-21T15:44:52","modified_gmt":"2026-03-21T13:44:52","slug":"australija-skrydis-is-rygos","status":"publish","type":"product","link":"https:\/\/www.atravel.lt\/en\/product\/australija-skrydis-is-rygos\/","title":{"rendered":"Australija (Skrydis i\u0161 Rygos)"},"content":{"rendered":"<p style=\"text-align: center\"><span style=\"font-size:18px\"><strong><span style=\"color:#e74c3c\">Visi atvykstantys \u012f Australij\u0105 privalo u\u017epildyti ir gauti el. leidim\u0105 &#8211; <\/span><a href=\"https:\/\/immi.homeaffairs.gov.au\/visas\/getting-a-visa\/visa-listing\/evisitor-651\">eVisitor<\/a><\/strong><br \/> <span style=\"color:#e74c3c\"><strong>(DEKLARACIJ\u0104 REKOMENDUOJAME PILDYTI PRIE&Scaron; 1-2 MEN\u0116S\u012e IKI ATVYKIMO \u012e &Scaron;AL\u012e)<\/strong><\/span><\/span><\/p>\n<hr \/>\n<p><strong>1 day<\/strong><\/p>\n<p>- Arrival at Riga Airport.<br \/> - Check-in.<br \/> \u2022 Skrydis: Ryga \u2013 Stambulas (~11:05-14:30).<br \/> \u2022 Pers\u0117dimas \u012f kit\u0105 skryd\u012f.<br \/> \u2022 Skrydis: Stambulas \u2013 Sidn\u0117jus (~15:50-19:00*).<strong> <\/strong><\/p>\n<p><strong>Day 2<\/strong><\/p>\n<p>\u2022 Atskridimas \u012f Sidn\u0117j\u0173.<br \/> \u2022 Perve\u017eimas \u012f vie&scaron;but\u012f.<br \/> \u2022 \u012esik\u016brimas vie&scaron;butyje.<br \/> - Recreation.<br \/> \u2022 Nakvyn\u0117 vie&scaron;butyje.<\/p>\n<p><strong>Day 3<\/strong><\/p>\n<p>\u2022 Pusry\u010diai vie&scaron;butyje (perkant ekskursij\u0173 paket\u0105 pusry\u010diai \u012fskai\u010diuoti).<br \/> \u2022 Ap\u017evalgin\u0117 ekskursija po Sidn\u0117j\u0173.<br \/> \u2022 Gr\u012f\u017eimas \u012f vie&scaron;but\u012f.<br \/> - Recreation.<br \/> \u2022 Nakvyn\u0117 vie&scaron;butyje.<\/p>\n<p>Sidn\u0117jus \u2013 \u012fsp\u016bdingas miestas, dovanojantis nesuskai\u010diuojam\u0105 daugyb\u0119 lankytin\u012f viet\u0173, \u017ealiuojan\u010di\u0173 park\u0173 bei &scaron;ilt\u0173, sm\u0117l\u0117t\u0173 papl\u016bdimi\u0173.<\/p>\n<p>Sidn\u0117jus yra did\u017eiausias ir seniausias miestas Naujojo Piet\u0173 Velso valstijoje. Kadaise buv\u0119s pirm\u0105ja europie\u010di\u0173-kolonist\u0173 gyvenviete, miestas buvo \u012fkurtas 1788 m. Art\u016bro Filipo &#8211; Pirmojo laivyno vadovo. Kolonistai miestui suteik\u0117 lordo Sidn\u0117jaus vard\u0105, kuris buvo tuometinis Did\u017eiosios Britanijos kolonij\u0173 ministras.<\/p>\n<p>Sidn\u0117jus yra \u012fsitais\u0119s bene nuostabiausiame \u017dem\u0117s kampelyje, pietrytin\u0117je Australijos pakrant\u0117je. Miestas buvo \u012fkurtas &scaron;alia nedidel\u0117s, apvalios Sidn\u0117jaus \u012flankos, esan\u010dios nat\u016bralaus Sidn\u0117jaus uosto \u012flankos vidurin\u0117je dalyje; pats Sidn\u0117jaus uostas yra pietin\u0117s Port Jackson \u012flankos at&scaron;aka, nuo Tasmano j\u016bros atskirta siauru s\u0105siauriu.<\/p>\n<p>Ekskursij\u0173 metu keliautoj\u0173 laukia Sidn\u0117jaus tiltas, Bondi papl\u016bdimys, \u012fsp\u016bdingos uolos nacionaliniame Gap parke bei pa\u017eintis su King Cross rajonu \u2013 Sidn\u0117jaus naktinio gyvenimo centru. Miestae laukia ir elitinis Paddington rajonas, lankytojus sugebantis nukelti laiku atgal \u012f pa\u010dius Viktorijos epochos laikus. Sve\u010diai turi galimyb\u0119 pamatyti ponios Maguire fotel\u012f bei u\u017esukti &scaron;alia Nacionalin\u0117s dail\u0117s galerijos. Sidn\u0117jus kvie\u010dia pamatyti savo rotu&scaron;\u0119, &Scaron;v. Andriejaus katedr\u0105, ap\u017ei\u016br\u0117ti karalien\u0117s Viktorijos pastat\u0105, apsilankyti kin\u0173 kvartale ir u\u017esukti \u012f Darlingo uost\u0105 \u2013 San Francisko Fisherman&#039;s Wharf rajono analog\u0105.<\/p>\n<p>Keliautojai taip pat turi galimyb\u0119 pasivaik&scaron;\u010dioti senojo Sidn\u0117jaus centru \u2013 \u017eymiuoju Rocks rajonu, pamatyti gars\u0173j\u012f Sidn\u0117jaus teatr\u0105 bei pab\u016bvoti Karali&scaron;kajame botanikos sode, kuris \u017eavi savo nuostabia konservatorija, unikaliais augalais ir pauk&scaron;\u010di\u0173 \u2013 kakadu, balt\u0173j\u0173 ibi\u0173 \u2013 giesm\u0117mis. U\u017esukti kvie\u010dia Hyde parkas, o pakeliui st\u016bkso Naujojo Piet\u0173 Velso parlamentas, senoji ligonin\u0117 ir monet\u0173 kalykl\u0105. Sve\u010di\u0173 laukia ir valstijos biblioteka, uniersitetas, \u012fsp\u016bdinga &Scaron;v. Marijos katedra bei Barracks muziejus, kuriame yra saugomi pirm\u0173j\u0173 Australijos gyventoj\u0173 p\u0117dsakai (papildomai apmokami \u012f\u0117jimo bilietai ~ 30 AUD\/asm).<\/p>\n<p><strong>Day 4<\/strong><\/p>\n<p>\u2022 Pusry\u010diai vie&scaron;butyje (perkant ekskursij\u0173 paket\u0105 pusry\u010diai \u012fskai\u010diuoti).<br \/> \u2022 Laisvas laikas arba pageidaujantiems \u2013 ekskursija po Kanber\u0105 (papildomas mokestis priklausys nuo norin\u010di\u0173j\u0173 skai\u010diaus \u2013 nuo 120 \u20ac\/asm).<br \/> \u2022 Laisvas laikas pietums ir savaranki&scaron;kiems pasivaik&scaron;\u010diojimams.<br \/> \u2022 Gr\u012f\u017eimas \u012f vie&scaron;but\u012f.<br \/> \u2022 Nakvyn\u0117 vie&scaron;butyje.<\/p>\n<p>Kanbera \u2013 Australijos sostin\u0117, politinis valstyb\u0117s centras (i&scaron;vertus i&scaron; aborigen\u0173 kalbos \u201esusitikimo vieta\u201c).<\/p>\n<p>Kanbera yra gana jaunas miestas, neturintis sen\u0173, siaur\u0173 gatveli\u0173 bei chaoti&scaron;k\u0173 statini\u0173. Ji \u2013 kruop&scaron;\u010diai suplanuota, gra\u017ei ir nedidel\u0117, spindinti savitomis spalvomis bei savoti&scaron;ku stiliumi.<\/p>\n<p> Ekskursij\u0173 metu sve\u010diai turi galimyb\u0119 susipa\u017einti su nuostabia Kanberos miesto istorija ir jo vaidmenimi &scaron;iuolaikiniame Australijos gyvenime. \u010cia laukia gra\u017e\u016bs kra&scaron;tovaizd\u017eiai, naujasis Parlamento pastatas, Australijos karo memorialas ir diplomatinis Kanberos rajonas.<\/p>\n<p><strong>Day 5<\/strong><\/p>\n<p>\u2022 Pusry\u010diai vie&scaron;butyje (perkant ekskursij\u0173 paket\u0105 pusry\u010diai \u012fskai\u010diuoti).<br \/> \u2022 Ekskursin\u0117 i&scaron;vyka \u012f laukini\u0173 gyv\u016bn\u0173 ir M\u0117lyn\u0173j\u0173 kaln\u0173 nacionalin\u012f parkus (\u012f\u0117jimo bilietai apmokami vietoje).<br \/> \u2022 Gr\u012f\u017eimas \u012f vie&scaron;but\u012f.<br \/> - Recreation.<br \/> \u2022 Nakvyn\u0117 vie&scaron;butyje.<\/p>\n<p>Australijos laukin\u0117s gamtos parke (\u012f\u0117jimo bilietas ~36 AUD) sve\u010diai yra kvie\u010diami pamaitinti keng\u016bras ar nusifotografuoti su mielomis koalomis. Tasmanijos velniai, vombatai, Dingo laukiniai &scaron;unys, krokodilai \u2013 visus &scaron;iuos bei nesuskai\u010diuojam\u0105 daugyb\u0119 kit\u0173 unikali\u0173 Australijos \u017ev\u0117ri\u0173 laukia u\u017esukan\u010di\u0173 lankytoj\u0173!<\/p>\n<p>Nuo nacionalinio \u017dydr\u0173j\u0173 kaln\u0173 parko (\u012f\u0117jimo bilietai apmokami vietoje) ap\u017evalgos aik&scaron;tel\u0117s atsiveria \u012fsp\u016bdinga pa\u010di\u0173 kaln\u0173 panorama. Keliautoj\u0173 laukia legendomis apipimtos \u201eTrij\u0173 seser\u0173\u201c uolos bei nuolydis \u012f eukalipt\u0173 girait\u0119 vienu sta\u010diausi\u0173 gele\u017einkeliu pasaulyje. Girait\u0117s takai sve\u010dius veda tiesiai \u012f Leur\u0105 \u2013 nuostab\u0173 istorin\u012f miestel\u012f \u017dydruosiuose kalnuose. \u010cia keliauojai turi galimyb\u0119 skaniai papietauti viename i&scaron; daugelio vietini\u0173 tradicini\u0173 restoran\u0173 (papildomas mokestis).<\/p>\n<p><strong>Day 6<\/strong><\/p>\n<p>\u2022 Pusry\u010diai vie&scaron;butyje (perkant ekskursij\u0173 paket\u0105 pusry\u010diai \u012fskai\u010diuoti).<br \/> \u2022 Laisvas diena.<br \/> \u2022 Nakvyn\u0117 vie&scaron;butyje.<\/p>\n<p>Laisvu laiku lankytojai yra kvie\u010diami leistis \u012f gurmani&scaron;kus atradimus, apsipirkti populiariausiose Sidn\u0117jaus parduotuv\u0117se, apsilankyti Madame Tussauds va&scaron;kini\u0173 fig\u016br\u0173 muziejuje, u\u017esukti \u012f did\u017eiausi\u0105 Australijos akvarium\u0105 ar atrasti daugyb\u0119 kit\u0173 \u012fsp\u016bding\u0173 lankytin\u0173 viet\u0173!<\/p>\n<p><strong>Day 7<\/strong><\/p>\n<p>\u2022 Pusry\u010diai vie&scaron;butyje (perkant ekskursij\u0173 paket\u0105 pusry\u010diai \u012fskai\u010diuoti).<br \/> \u2022 Laisva diena arba ekskursija \u012f perl\u0173 ferm\u0105 (papildomas mokestis priklausys nuo norin\u010di\u0173j\u0173 skai\u010diaus \u2013 nuo 160 \u20ac\/asm).<br \/> \u2022 Gr\u012f\u017eimas \u012f vie&scaron;but\u012f.<br \/> - Recreation.<br \/> \u2022 Nakvyn\u0117 vie&scaron;butyje.<\/p>\n<p>Perl\u0173 fermos lankytojai turi galimyb\u0119 susipa\u017einti ne tik su jos veikla, bet ir paragauti \u010dia si\u016blom\u0173 austri\u0173. Sve\u010diai yra plukdinami valtimis ir supa\u017eindinami su fermos darb\u0173 procesais, kurie atskleid\u017eia visas Australijos perl\u0173 gamybos paslaptis.<\/p>\n<p><strong>Day 8<\/strong><\/p>\n<p>\u2022 Pusry\u010diai vie&scaron;butyje (perkant ekskursij\u0173 paket\u0105 pusry\u010diai \u012fskai\u010diuoti).<br \/> \u2022 I&scaron;siregistravimas i&scaron; vie&scaron;bu\u010dio.<br \/> \u2022 Ekskursin\u0117 i&scaron;vyka \u012f Manl\u012f.<br \/> \u2022 Laisvas laikas, galimyb\u0117 papietauti ir i&scaron;simaudyti.<br \/> - Transfer to the airport.<br \/> \u2022 Vidinis skrydis: Sidn\u0117jus \u2013 Melburnas.<br \/> \u2022 Perve\u017eimas \u012f vie&scaron;but\u012f.<br \/> \u2022 \u012esik\u016brimas vie&scaron;butyje.<br \/> - Recreation.<br \/> \u2022 Nakvyn\u0117 vie&scaron;butyje.<\/p>\n<p>Manlio kurorte visada tvyro &scaron;ventin\u0117 atmosfera ir vyksta \u012fvair\u016bs teminiai festivaliai, \u012f kuriuos suva\u017eiuoja bangletininkai ir turistai i&scaron; viso pasaulio.<\/p>\n<p>Sve\u010diai \u010dia leid\u017eiasi \u012f pasivaik&scaron;\u010diojimus gyvybinga p\u0117s\u010di\u0173j\u0173 promenada, apsupta auk&scaron;tais med\u017eiais ir &scaron;alia banguojan\u010dia \u017eavinga pakrante, kuri\u0173 metu yra atsleid\u017eiama daug \u012fdomybi\u0173 apie Manlio papludim\u012f \u2013 vien\u0105 did\u017eiausi\u0173 papl\u016bdimi\u0173 Sidn\u0117juje. \u012edeg\u0119 \u017emon\u0117s, banglentininkai, vandenyno \u017eydrumas, ir lenktas papl\u016bdimio ruo\u017eas \u2013 tarsi vaizdas i&scaron; atvirut\u0117s. Apsilankyti vilioja ir did\u017eiausias Piet\u0173 pusrutulio turgus, \u012fkurtas 1945-tais metais ir dabar si\u016blantis did\u017eiul\u012f produkt\u0173 asortiment\u0105.<\/p>\n<p>Laisvu laiku keliautojai maudosi bei deginasi Manlio papl\u016bdimio plia\u017ee.<\/p>\n<p><strong>Day 9<\/strong><\/p>\n<p>\u2022 Pusry\u010diai vie&scaron;butyje (perkant ekskursij\u0173 paket\u0105 pusry\u010diai \u012fskai\u010diuoti).<br \/> \u2022 Ekskursija po Melburn\u0105.<br \/> - Free time.<br \/> \u2022 Gr\u012f\u017eimas \u012f vie&scaron;but\u012f.<br \/> - Recreation.<br \/> \u2022 Nakvyn\u0117 vie&scaron;butyje.<\/p>\n<p>Melburnas \u2013 Viktorijos valstijos sostin\u0117 ir antras pagal dyd\u012f Australijos miestas. Melburnas \u017eavi savo neprilygstamu gro\u017eiu bei gilia istorija, kuriuos stipria \u012ftakojo \u010dia esantys aukso telkiniai, kartu l\u0117m\u0119 ir spart\u0173 miesto augim\u0105.<\/p>\n<p>Ekskursijos autobusu ir p\u0117s\u010diomis po Melburn\u0105 metu sve\u010diai turi galimyb\u0119 susipa\u017einti su miesto \u012fk\u016brimo istorija, pamatyti kolonijin\u0117s architekt\u016bros ir modernius miesto pastatus. Gidai pasakoja apie Melburno raidos etapus, ilgalaik\u0119 konkurencij\u0105 su Sidn\u0117jumi, nuveda &scaron;alia istorini\u0173 nam\u0173 bei pastat\u0173. Melburne taip pat laukia Parlamento r\u016bmai, i\u017edo departamentas, Karali&scaron;kasis parod\u0173 centras bei Karalien\u0117s Viktorijos turgus. U\u017esukti kvie\u010dia Dandenongo nacionalinis parkas, i&scaron;sid\u0117st\u0119s keturiasde&scaron;imt minu\u010di\u0173 nuo Melburno ir viliojantis pasivaik&scaron;\u010dioti mil\u017eini&scaron;k\u0173 eukalipt\u0173 lajomis atogr\u0105\u017e\u0173 mi&scaron;ke. Did\u017eiuliai papar\u010diai ir \u012fsp\u016bdingi med\u017eiai yra daugyb\u0117s unikali\u0173 Australijos gyv\u016bn\u0173 namai, tad mi&scaron;ke galima pamatyti spalvingas pap\u016bgas ir triuk&scaron;mingos kakadu \u2013 specialioje aik&scaron;tel\u0117je &scaron;iuos draugi&scaron;kus pauk&scaron;\u010dius taip pat galima ir pamaitinti!<\/p>\n<p><strong>Day 10<\/strong><\/p>\n<p>\u2022 Pusry\u010diai vie&scaron;butyje (perkant ekskursij\u0173 paket\u0105 pusry\u010diai \u012fskai\u010diuoti).<br \/> \u2022 Laisvas laikas arba pageidaujantiems \u2013 ekskursin\u0117 i&scaron;vyka \u201eDidysis vandenyno takas\u201c (papildomas mokestis priklausys nuo norin\u010di\u0173j\u0173 skai\u010diaus \u2013 nuo 120 \u20ac\/asm).<br \/> \u2022 Sustojimas pietums (papildomas mokestis).<br \/> \u2022 Gr\u012f\u017eimas \u012f vie&scaron;but\u012f.<br \/> - Recreation.<br \/> \u2022 Nakvyn\u0117 vie&scaron;butyje.<\/p>\n<p><strong>Day 11<\/strong><\/p>\n<p>\u2022 Pusry\u010diai vie&scaron;butyje (perkant ekskursij\u0173 paket\u0105 pusry\u010diai \u012fskai\u010diuoti).<br \/> - Free day.<br \/> \u2022 Nakvyn\u0117 vie&scaron;butyje.<\/p>\n<p><strong>Day 12<\/strong><\/p>\n<p>\u2022 Pusry\u010diai vie&scaron;butyje (perkant ekskursij\u0173 paket\u0105 pusry\u010diai \u012fskai\u010diuoti).<br \/> \u2022 I&scaron;siregistravimas i&scaron; vie&scaron;bu\u010dio.<br \/> - Transfer to the airport.<br \/> - Check-in.<br \/> \u2022 Skrydis: Melburnas \u2013 Stambulas (~21:20-11:20*).<\/p>\n<p><strong>Day 13<\/strong><\/p>\n<p>\u2022 Atvykimas \u012f Stambul\u0105.<br \/> \u2022 Pers\u0117dimas \u012f kit\u0105 skryd\u012f.<br \/> \u2022 Skrydis: Stambulas \u2013 Ryga (~15:50-18:55).<br \/> \u2022 Atvykimas \u012f Ryg\u0105.<\/p>","protected":false},"excerpt":{"rendered":"<p>Visi atvykstantys \u012f Australij\u0105 privalo u\u017epildyti ir gauti el. leidim\u0105 &#8211; eVisitor (DEKLARACIJ\u0104 REKOMENDUOJAME PILDYTI PRIE&Scaron; 1-2 MEN\u0116S\u012e IKI ATVYKIMO \u012e &#038;Sca&#8230;<\/p>","protected":false},"featured_media":11928,"comment_status":"open","ping_status":"closed","template":"","meta":{"om_disable_all_campaigns":false,"_monsterinsights_skip_tracking":false,"_monsterinsights_sitenote_active":false,"_monsterinsights_sitenote_note":"","_monsterinsights_sitenote_category":0},"product_brand":[],"product_cat":[669],"product_tag":[],"class_list":{"0":"post-12693","1":"product","2":"type-product","3":"status-publish","4":"has-post-thumbnail","6":"product_cat-keliones","8":"first","9":"instock","10":"virtual","11":"taxable","12":"product-type-simple"},"aioseo_notices":[],"_links":{"self":[{"href":"https:\/\/www.atravel.lt\/en\/wp-json\/wp\/v2\/product\/12693","targetHints":{"allow":["GET"]}}],"collection":[{"href":"https:\/\/www.atravel.lt\/en\/wp-json\/wp\/v2\/product"}],"about":[{"href":"https:\/\/www.atravel.lt\/en\/wp-json\/wp\/v2\/types\/product"}],"replies":[{"embeddable":true,"href":"https:\/\/www.atravel.lt\/en\/wp-json\/wp\/v2\/comments?post=12693"}],"wp:featuredmedia":[{"embeddable":true,"href":"https:\/\/www.atravel.lt\/en\/wp-json\/wp\/v2\/media\/11928"}],"wp:attachment":[{"href":"https:\/\/www.atravel.lt\/en\/wp-json\/wp\/v2\/media?parent=12693"}],"wp:term":[{"taxonomy":"product_brand","embeddable":true,"href":"https:\/\/www.atravel.lt\/en\/wp-json\/wp\/v2\/product_brand?post=12693"},{"taxonomy":"product_cat","embeddable":true,"href":"https:\/\/www.atravel.lt\/en\/wp-json\/wp\/v2\/product_cat?post=12693"},{"taxonomy":"product_tag","embeddable":true,"href":"https:\/\/www.atravel.lt\/en\/wp-json\/wp\/v2\/product_tag?post=12693"}],"curies":[{"name":"wp","href":"https:\/\/api.w.org\/{rel}","templated":true}]}}