{"id":12692,"date":"2026-03-21T15:44:52","date_gmt":"2026-03-21T13:44:52","guid":{"rendered":"https:\/\/www.atravel.lt\/produktas\/norvegijos-fiordai-oslas-ir-bergenas\/"},"modified":"2026-03-21T15:44:52","modified_gmt":"2026-03-21T13:44:52","slug":"norvegijos-fiordai-oslas-ir-bergenas","status":"publish","type":"product","link":"https:\/\/www.atravel.lt\/en\/product\/norvegijos-fiordai-oslas-ir-bergenas\/","title":{"rendered":"NORVEGIJOS FIORDAI (OSLAS IR BERGENAS)"},"content":{"rendered":"<p><strong>1 day<\/strong><\/p>\n<\/p>\n<ul>\n<li>Perve\u017eimas \u012f Vilniaus oro uost\u0105 (papildomas mokestis).<\/li>\n<li>Vilniaus oro uostas.<\/li>\n<li>Registracija \u012f skryd\u012f.<\/li>\n<li>Skrydis: Vilnius \u2013 Malta.<\/li>\n<li>Atvykimas \u012f Osl\u0105.<\/li>\n<li>Ekskursija po Osl\u0105<\/li>\n<li>Free time.<\/li>\n<li>\u012esik\u016brimas vie&scaron;butyje.<\/li>\n<li>Poilsis.<\/li>\n<li>Nakvyn\u0117 vie&scaron;butyje Osle.<\/li>\n<\/ul>\n<p>Oslas yra \u012fsik\u016br\u0119s vaizdingame 100 kilometr\u0173 Oslo-fjordo prad\u017eioje, ta\u010diau miest\u0105 sudaro ne tik \u017eemynin\u0117 dalis, bet ir 40 sal\u0173, i&scaron; kuri\u0173 kiekviena gali nustebinti savo meni&scaron;kumu. &Scaron;is miestas yra unikalus ir ne tik tod\u0117l, kad jis yra Norvegijos sostin\u0117. Oslas egzistuoja &scaron;imtme\u010dius, tai miestas, kur &scaron;iuolaikiniai pastatai persipoina su senoviniais, o gra\u017e\u016bs kalnai dera su mi&scaron;kais ir salomis. J\u016bs \u010dia nesutiksite pietin\u0117s &scaron;ilumos, o visa Norvegija, ties\u0105 sakant, n\u0117ra deganti &scaron;alis. Ta\u010diau miestas su\u017eav\u0117s jus savo ramybe ir harmonija.<\/p>\n<p> <strong>Day 2<\/strong><\/p>\n<ul>\n<li>Pusry\u010diai vie&scaron;butyje.<\/li>\n<li>I&scaron;siregistravimas i&scaron; vie&scaron;bu\u010dio.<\/li>\n<li>Ekskursin\u0117 i&scaron;vyka \u012f Fjordus (papildomas mokestis).<\/li>\n<li>Vykstame link Bergeno.<\/li>\n<li>\u012esik\u016brimas vie&scaron;butyje Bergeno apylink\u0117se.<\/li>\n<\/ul>\n<p> Norvegija&#8230; B\u016btent \u010dia yra nuostab\u016bs kriokliai, kri&scaron;toliniai vandenys, kurie teka \u012f upes ir \u012flankas, \u010dia turistai gali m\u0117gautis gra\u017eiais ledynais, esan\u010diais aplinkini\u0173 kaln\u0173 vir&scaron;\u016bn\u0117se. Apsilank\u0119 &scaron;iose nuostabiose vietose, pasinersite \u012f legend\u0173 pasaul\u012f apie nuostabius velnius ir senovinius vikingus &#8211; dr\u0105sius karius ir j\u016breivius, kurie kadaise baugino vis\u0105 Europos \u017eemyn\u0105. Tai ledo \u017eem\u0117. Tikriausiai \u010dia gimsta tik vikingai ir valkirijos, kuriems nebais\u016bs: &scaron;altis ir sunki &scaron;iaurin\u0117 gamta.<\/p>\n<p>Ta\u010diau pagrindin\u0117 &scaron;ios &scaron;alies atrakcija, \u017einoma, yra Norvegijos fjordai! Kasmet turistai atvyksta i&scaron; viso pasaulio! Norvegijoje yra \u017einom\u0173 fiord\u0173, kurie yra \u012ftraukti \u012f UNESCO gamtos paveldo s\u0105ra&scaron;\u0105, vienas i&scaron; j\u0173 yra \u201eNer\u0117jaus fiordas\u201c.<\/p>\n<p>Visius Norvegijos gamtos gro\u017eius ir didyb\u0119 galima pajusti tik keliaujant vandeniu. Tai kelion\u0117 laivu i&scaron; vaizdingo Flomo kaimo, patrauklaus miestelio, esan\u010dio ant Aurlando &#8211; fjordo \u012f Gudvangeno kaim\u0105 prie Ner\u0117jaus fjordo, leis Jums m\u0117gautis klasikiniu Norvegijos vaizdu ir auk&scaron;tomis uolomis su sniegu dengtomis vir&scaron;\u016bn\u0117mis bei skaidraus vandens lygumomis.<\/p>\n<p>I&scaron;vykimas \u012f Bergen\u0105. Pakeliui tur\u0117sime nedidel\u012f sustojim\u0105 netoli vieno did\u017eiausi\u0173 Norvegijos kriokli\u0173. D\u0117l savo prieinamumo ir ne\u012ftik\u0117tino gro\u017eio jis yra vienas i&scaron; labiausiai lankom\u0173 viet\u0173 &scaron;alyje. Yra ir kita prie\u017eastis &#8211; legenda, kad vanduo i&scaron; krioklio padidina \u201evyri&scaron;k\u0105 stiprum\u0105\u201c ir turi jauninimo savybi\u0173.<\/p>\n<p> <strong>Day 3<\/strong><\/p>\n<ul>\n<li>Pusry\u010diai vie&scaron;butyje vie&scaron;butyje<\/li>\n<li>I&scaron;siregistravimas i&scaron; vie&scaron;bu\u010dio.<\/li>\n<li>Ekskursija po Bergen\u0105.<\/li>\n<li>Vykstame link Oslo.<\/li>\n<li>\u012esik\u016brimas vie&scaron;butyje.<\/li>\n<li>Poilsis.<\/li>\n<li>Nakvyn\u0117 vie&scaron;butyje Osle.<\/li>\n<\/ul>\n<p> Bergenas yra antras pagal dyd\u012f Norvegijos miestas. \u010cia turtinga istorija glaud\u017eiai susieta su modernumu. I&scaron; \u010dia prasideda kelias \u012f vaizdingiausius Norvegijos fjordus. Pagal Norvegijos standartus, Bergenas laikomas dideliu miestu, bet \u010dia komforti&scaron;ka atmosfera yra b\u016bdinga ma\u017eam miesteliui. Gyventojai did\u017eiuojasi savo miesto gro\u017eiu ir \u012fvairove, j\u016brin\u0117mis, komercin\u0117mis ir kult\u016brin\u0117mis tradicijomis. Visada draugi&scaron;ki, jie d\u017eiaugiasi gal\u0117dami pasakyti jums keli\u0105 arba dalintis \u012fdomia informacija.<\/p>\n<p>Miesto istorija prasideda prie&scaron; 900 met\u0173, dar viking\u0173 laikais. Kaip vienas i&scaron; Hanzos s\u0105jungos tvirtovi\u0173, Bergenas jau kelet\u0105 &scaron;imtme\u010di\u0173 buvo klestintis Norvegijos ir kit\u0173 Europos &scaron;ali\u0173 prekybos centras. Hanzos krantin\u0117 Briugen &#8211; pagrindinis miesto istorinis paminklas, kuris \u012ftrauktas \u012f UNESCO Pasaulio paveldo s\u0105ra&scaron;\u0105. Yra daug restoran\u0173, kavini\u0173, bar\u0173, suvenyr\u0173 parduotuvi\u0173 ir muziej\u0173. Senieji Bergeno rajonai yra gyva ir vaizdin\u0117 istorija.<\/p>\n<p>Mes keliausime gra\u017eiausiu keliu, jungian\u010diu Bergen\u0105 su Oslu. \u010cia gal\u0117site m\u0117gautis tikrai ne\u012ftik\u0117tinais &scaron;ios &scaron;iaur\u0117s &scaron;alies kra&scaron;tovaizd\u017eiais. Prava\u017eiuosime Vosewangen &#8211; gyv\u0105 Norvegijos &scaron;ird\u012f; i&scaron; \u010dia p\u0117s\u010di\u0173j\u0173 takai paplito po vis\u0105 &scaron;al\u012f.<\/p>\n<p>Po trumpos kelion\u0117s kaln\u0173 serpantinu, \u012fva\u017eiuosime \u012f Vallaweik tunel\u012f, kuris vis\u0105 jo ilg\u012f spinduliuoja stebuklingai m\u0117lyn\u0105 &scaron;vies\u0105, o i&scaron;va\u017eiuodami pasiekiame \u201eHardanger\u201c tilt\u0105, kuris buvo \u012frengtas vir&scaron; Hardanger fjordo. Jis pakeit\u0117 kelt\u0173 paslaug\u0105, tapdamas trumpiausio mar&scaron;ruto tarp Bergeno ir Oslo dalimi. Be to, kad tiltas yra ilgiausias Norvegijoje, ir tai kad i&scaron; tikr\u0173j\u0173 tai yra tuneli\u0173, i&scaron;kast\u0173 abiejose fjordo pus\u0117se, t\u0119sinys, papildo jo unikalum\u0105.<\/p>\n<p> <strong>Day 4<\/strong><\/p>\n<ul>\n<li>Pusry\u010diai vie&scaron;butyje.<\/li>\n<li>I&scaron;siregistravimas i&scaron; vie&scaron;bu\u010dio.<\/li>\n<li>Laisvas laikas iki piet\u0173.<\/li>\n<li>Perve\u017eimas \u012f oro uost\u0105.<\/li>\n<li>Registracija \u012f skryd\u012f.<\/li>\n<li>Skrydis: Oslas \u2013 Vilnius.<\/li>\n<li>Atvykimas \u012f Vilni\u0173.<\/li>\n<\/ul>\n<hr \/>\n<p><strong>\u012e kelion\u0117s kain\u0105 \u012fskai\u010diuota:<\/strong><\/p>\n<hr \/>\n<ul>\n<li>Kelion\u0117 l\u0117ktuvu.<\/li>\n<li>Ekskursija Osle.<\/li>\n<li>Ekskursija Bergene.<\/li>\n<li>I&scaron;vyka \u012f Norvegijos fjordus (bilietai pasiplaukiojimu laiveliu apmokami pa\u010di\u0173 keliautoj\u0173 I&Scaron; ANKSTO)<\/li>\n<li>Kelion\u0117s vadovo &#8211; gido paslaugos.<\/li>\n<li>3 nakvyn\u0117s su pusry\u010diais 4* vie&scaron;butyje (dvivie\u010diuose kambariuose).<\/li>\n<li>Kelion\u0117s dokument\u0173 sutvarkymas.<\/li>\n<\/ul>\n<hr \/>\n<p><strong>\u012e kelion\u0117s kain\u0105 ne\u012fskai\u010diuota:<\/strong><\/p>\n<hr \/>\n<ul>\n<li>I&scaron;vykos metu \u012f Norvegijos fjordus bilietai pasiplaukiojimu laiveliu apmokami pa\u010di\u0173 keliautoj\u0173 I&Scaron; ANKSTO &#8211; 50 \u20ac\/asm.<\/li>\n<li>Entrance tickets to attractions.<\/li>\n<li>Vie&scaron;ojo transporto bilietai.<\/li>\n<li>Sveikatos draudimas.<\/li>\n<li>Priemoka u\u017e vienviet\u012f kambar\u012f vie&scaron;butyje (jei keliaujate vienas).<\/li>\n<li>Priority baga\u017eas iki 10 kg (matmenys: 55x40x20 cm) \u2013 15 \u20ac\/asm.\/\u012f vien\u0105 pus\u0119 (kaina galioja u\u017esakant kartu su kelione, v\u0117liau baga\u017eo kaina kyla iki 25 \u20ac\/asm.).<\/li>\n<li>Registruotas baga\u017eas iki 10 kg (matmenys: 55x40x20 cm) \u2013 20 \u20ac\/asm.\/\u012f vien\u0105 pus\u0119 (kaina galioja u\u017esakant kartu su kelione, v\u0117liau baga\u017eo kaina kyla iki 25 \u20ac\/asm.).<\/li>\n<li>Registruotas baga\u017eas iki 20 kg (matmenys: 55x40x20 cm) \u2013 35 \u20ac\/asm.\/\u012f vien\u0105 pus\u0119 (kaina galioja u\u017esakant kartu su kelione, v\u0117liau baga\u017eo kaina kyla iki 45 \u20ac\/asm).<\/li>\n<\/ul>\n<hr \/>\n<p><strong>Pastabos:<\/strong><\/p>\n<hr \/>\n<ul>\n<li>U\u017e perve\u017eim\u0105 ir kitas papildomai mokamas paslaugas turite atsiskaityti kelioni\u0173 organizatoriaus biure, ne v\u0117liau nei 30 dien\u0173 iki kelion\u0117s prad\u017eios.<\/li>\n<li>Kelionei reikalingas PASAS\/asmens tapatyb\u0117s kortel\u0117 (dokumentas turi galioti ne trumpiau nei 6 m\u0117nesius po kelion\u0117s gr\u012f\u017eimo).<\/li>\n<li>Keliautojo vardo ir pavard\u0117s keitimas kainuoja papildomai (~110 \u20ac\/asm.).<\/li>\n<li>Skryd\u017eio laikas gali keistis priklausomai nuo skryd\u017eio bendrov\u0117s s\u0105lyg\u0173.<\/li>\n<li>Visi papildomi mokami \u012f\u0117jimo bilietai \u012f muziejus, ba\u017eny\u010dias ir pan. apmokami pa\u010di\u0173 keliautoj\u0173.<\/li>\n<li>Muziejuose, ba\u017eny\u010diose ir kituose mokamuose objektuose kelion\u0117s vadovas keliautoj\u0173 nelydi ir ekskursij\u0173 neveda.<\/li>\n<li>Ausinukai ekskursijoje mokami papildomai.<\/li>\n<li>Objekt\u0173 lankymo tvarka, skai\u010dius ir \u012f\u0117jimo biliet\u0173 kaina gali keistis.<\/li>\n<li>Visi \u012f\u0117jimo bilietai \u012f mokamas lankytinas vietas n\u0117ra \u012fskai\u010diuoti \u012f kelion\u0117s kain\u0105 ir apmokami pa\u010di\u0173 keliautoj\u0173.<\/li>\n<li>Visos ekskursijos vedamos rus\u0173 kalba.<\/li>\n<li>Kelion\u0117s vadovas (lydintis visos kelion\u0117s metu) informacij\u0105 pateikia rus\u0173 kalba.<\/li>\n<li>Kelion\u0117s vadovas gali keisti programos eig\u0105.<\/li>\n<\/ul>","protected":false},"excerpt":{"rendered":"<p>1 diena Perve\u017eimas \u012f Vilniaus oro uost\u0105 (papildomas mokestis). Vilniaus oro uostas. Registracija \u012f skryd\u012f. Skrydis: Vilnius \u2013 Malta. Atvykimas \u012f Osl\u0105. Ekskursij&#8230;<\/p>","protected":false},"featured_media":11927,"comment_status":"open","ping_status":"closed","template":"","meta":{"om_disable_all_campaigns":false,"_monsterinsights_skip_tracking":false,"_monsterinsights_sitenote_active":false,"_monsterinsights_sitenote_note":"","_monsterinsights_sitenote_category":0},"product_brand":[],"product_cat":[669],"product_tag":[],"class_list":{"0":"post-12692","1":"product","2":"type-product","3":"status-publish","4":"has-post-thumbnail","6":"product_cat-keliones","8":"first","9":"instock","10":"virtual","11":"taxable","12":"product-type-simple"},"aioseo_notices":[],"_links":{"self":[{"href":"https:\/\/www.atravel.lt\/en\/wp-json\/wp\/v2\/product\/12692","targetHints":{"allow":["GET"]}}],"collection":[{"href":"https:\/\/www.atravel.lt\/en\/wp-json\/wp\/v2\/product"}],"about":[{"href":"https:\/\/www.atravel.lt\/en\/wp-json\/wp\/v2\/types\/product"}],"replies":[{"embeddable":true,"href":"https:\/\/www.atravel.lt\/en\/wp-json\/wp\/v2\/comments?post=12692"}],"wp:featuredmedia":[{"embeddable":true,"href":"https:\/\/www.atravel.lt\/en\/wp-json\/wp\/v2\/media\/11927"}],"wp:attachment":[{"href":"https:\/\/www.atravel.lt\/en\/wp-json\/wp\/v2\/media?parent=12692"}],"wp:term":[{"taxonomy":"product_brand","embeddable":true,"href":"https:\/\/www.atravel.lt\/en\/wp-json\/wp\/v2\/product_brand?post=12692"},{"taxonomy":"product_cat","embeddable":true,"href":"https:\/\/www.atravel.lt\/en\/wp-json\/wp\/v2\/product_cat?post=12692"},{"taxonomy":"product_tag","embeddable":true,"href":"https:\/\/www.atravel.lt\/en\/wp-json\/wp\/v2\/product_tag?post=12692"}],"curies":[{"name":"wp","href":"https:\/\/api.w.org\/{rel}","templated":true}]}}