{"id":12691,"date":"2026-03-21T15:44:52","date_gmt":"2026-03-21T13:44:52","guid":{"rendered":"https:\/\/www.atravel.lt\/produktas\/kruizas-norvegijos-fiordai\/"},"modified":"2026-03-21T15:44:52","modified_gmt":"2026-03-21T13:44:52","slug":"kruizas-norvegijos-fiordai","status":"publish","type":"product","link":"https:\/\/www.atravel.lt\/en\/product\/kruizas-norvegijos-fiordai\/","title":{"rendered":"KRUIZAS: NORVEGIJOS FIORDAI"},"content":{"rendered":"<p><strong>1 day<\/strong><\/p>\n<ul>\n<li>I&scaron;vykimas i&scaron; Lietuvos (i&scaron; j\u016bs\u0173 pasirinkto miesto).<\/li>\n<li>Kelion\u0117 per Latvijos, Estijos teritorij\u0105.<\/li>\n<li>Registracija \u012f kelt\u0105 plaukiant\u012f \u012f Stokholm\u0105.<\/li>\n<li>~17:30 i&scaron;plaukimas \u012f Stokholm\u0105.<\/li>\n<li>Nakvyn\u0117 kelto kajut\u0117se.<\/li>\n<\/ul>\n<p><strong>Day 2<\/strong><\/p>\n<ul>\n<li>Pageidaujantys gali papusry\u010diauti kelte (papildomas mokestis).<\/li>\n<li>~10:30 atplaukiame \u012f Stokholm\u0105.<\/li>\n<li>Kelion\u0117 per &Scaron;vedijos ir Norvegijos teritorij\u0105.<\/li>\n<li>Vakare atvykstame \u012f Osl\u0105.<\/li>\n<li>Ekskursija po Oslo senamiest\u012f.<\/li>\n<li>\u012esik\u016brimas vie&scaron;butyje.<\/li>\n<li>Poilsis.<\/li>\n<li>Nakvyn\u0117 vie&scaron;butyje.<\/li>\n<\/ul>\n<p>Oslas \u2013 seniausia Skandinavijos &scaron;ali\u0173 sostin\u0117, \u012fkurta 1048 m. Haroldo III R\u016bs\u010diojo. Deja, 1624 m. sunaikinta gaisro, po kurio karalius Kristianas IV \u012fk\u016br\u0117 nauj\u0105 miest\u0105, pavadindamas j\u012f savo vardu \u2013 Kristianija. 1814 m. Kristianija v\u0117l tapo tikra sostine, o 1925 m. miestui gra\u017eintas senasis Oslo pavadinimas. Oslas n\u0117ra didelis, nesunku vietos \u012f\u017eymybes apeiti p\u0117s\u010diomis. Tarptautini\u0173 agent\u016br\u0173 duomenimis, Osle gyvena laimingiausi pasaulio \u017emon\u0117s. Tai turtingas, auk&scaron;to pragyvenimo lygio miestas, kuriame \u017emon\u0117s apsupti gra\u017eios gamtos, &scaron;varaus vandens ir puikiai sutvarkytos infrastrukt\u016bros. Nors Oslas vienas brangiausi\u0173 Europos ir pasaulio miest\u0173, jame tikrai yra lankytin\u0173 viet\u0173, kurias galima aplankyti nemokamai.<\/p>\n<p> <strong>Day 3<\/strong><\/p>\n<ul>\n<li>Pusry\u010diai vie&scaron;butyje.<\/li>\n<li>I&scaron;siregistravimas i&scaron; vie&scaron;bu\u010dio.<\/li>\n<li>Pageidaujantiems ekskursin\u0117 i&scaron;vyka \u012f Fiordus (suaugusiam 59 \u20ac\/asm., vaikams iki 12 met\u0173 &#8211; 45 \u20ac\/asm. + bilietai pasiplaukiojimui laiveliu: suaugusiems \u2013 49 \u20ac\/asm, vaikams iki 12 met\u0173 &#8211; 40 \u20ac\/asm.).<\/li>\n<li>Vykstame link Stokholmo.<\/li>\n<li>Naktis autobuse.<\/li>\n<\/ul>\n<p>Fiordas \u2013 ledyno pergilintas sl\u0117nis, paprastai siauras, t\u0119siasi \u017eemiau j\u016bros lygio ir u\u017epiltas druskingu j\u016bros vandeniu. Fiordas susidaro, kai ledynas atsitraukia, palikdamas U formos sl\u0117n\u012f labai sta\u010diais kra&scaron;tais, ir j\u016bros vanduo j\u012f u\u017elieja. Gylis gali siekti daugiau nei kilometr\u0105. Plaukiojant Ner\u0117jaus fiordu i&scaron;vysite ne\u012ftik\u0117tin\u0105 Norvegijos gamtos gro\u017e\u012f ir didyb\u0119: mil\u017eini&scaron;kus kalnus, vaizdingas pakrantes, riaumojan\u010dius krioklius ir smaragdinius vandenis. Pageidaujant, u\u017e plaukim\u0105 laivu mokama papildomai i&scaron; anksto biure: suaugusiems \u2013 49 \u20ac\/asm, vaikams iki 12 met\u0173 &#8211; 40 \u20ac\/asm. <\/p>\n<p> <strong>Day 4<\/strong><\/p>\n<ul>\n<li>Atvykstame \u012f Stokholm\u0105.<\/li>\n<li>Ekskursija p\u0117s\u010diomis po Stokholm\u0105.<\/li>\n<li>Laisvas laikas mieste.<\/li>\n<li>Registracija \u012f kelt\u0105.<\/li>\n<li>~17:00 i&scaron;plaukimas \u012f Talin\u0105.<\/li>\n<li>Nakvyn\u0117 kelto kajut\u0117se.<\/li>\n<\/ul>\n<p>Pa\u017eintis su Stokholmu prasid\u0117s nuo senamies\u010dio: vaik&scaron;\u010diosite senove alsuojan\u010diomis gatvel\u0117mis, g\u0117r\u0117sit\u0117s miesto \u012f\u017eymyb\u0117mis, karali&scaron;kais r\u016bmais. Laisvu laiku gal\u0117site apsilankyti suvenyr\u0173 parduotuv\u0117se, paragauti &scaron;vedi&scaron;kos virtuv\u0117s &scaron;edevr\u0173 kavin\u0117se bei restoranuose arba pa\u017ei\u016br\u0117ti apsaugos pasikeitim\u0105 prie karali&scaron;kos rezidencijos. Taip pat gal\u0117site nuvykti \u012f Vaza muziej\u0173, kuris saugo \u012fsp\u016bding\u0105 eksponat\u0105 \u2013 did\u017eiausi\u0105 ir prabangiausi\u0105 XVI am\u017eiuje laiv\u0105 Vaza, kuris nuskendo pirmosios kelion\u0117s prad\u017eioje ir po vandeniu i&scaron;buvo net 300 met\u0173.<\/p>\n<p> <strong>Day 5<\/strong><\/p>\n<ul>\n<li>Pageidaujantys gali papusry\u010diauti kelte (papildomas mokestis).<\/li>\n<li>~11:00 atplaukimas \u012f Talin\u0105.<\/li>\n<li>Vykstame \u012f Ryg\u0105.<\/li>\n<li>Ekskursija p\u0117&scaron;\u010diomis po Rygos miest\u0105.<\/li>\n<li>Kelion\u0117 atgal \u012f Lietuv\u0105.<\/li>\n<\/ul>\n<p>Ryga \u2013 Latvijos sostin\u0117. &Scaron;io miesto simboliai yra Domo katedra, Milteli\u0173 bok&scaron;tas, &Scaron;vedijos vartai, Rygos pilis, Trij\u0173 broli\u0173 gyvenamasis kompleksas, &Scaron;v. Petro, &Scaron;v. Jok\u016bbo ir &Scaron;v. Jono katedros, Juodagalvi\u0173 namai, unikal\u016bs mediniai pastatai ir Dauguvos krantin\u0117. P\u0117s\u010diomis eisime pro senamies\u010dio gatves. Taip pat aplankysime vietas, kuriose buvo nufilmuoti gars\u016bs filmai: \u201e&Scaron;erlokas Holmsas ir gydytojas Watsonas\u201c, \u201eSeptyniolikos pavasario akimirk\u0173\u201c.<\/p>\n<hr \/>\n<p><strong>\u012e kelion\u0117s kain\u0105 \u012fskai\u010diuota:<\/strong><\/p>\n<hr \/>\n<ul>\n<li>Kelion\u0117 komfortabiliu autobusu.<\/li>\n<li>Kelion\u0117s vadovo paslaugos.<\/li>\n<li>Ekskursija Osle.<\/li>\n<li>Ekskursija Stokholme.<\/li>\n<li>1 nakvyn\u0117 vie&scaron;butyje Oslo apylink\u0117se su pusry\u010diais (dvivie\u010diuose kambariuose)<\/li>\n<li>1 nakvyn\u0117 kelte Talinas \u2013 Stokholmas (keturviet\u0117se kajut\u0117se \u201eC klas\u0117s\u201c).<\/li>\n<li>1 nakvyn\u0117 kelte Stokholmas \u2013 Talinas (keturviet\u0117se kajut\u0117se \u201eC klas\u0117s\u201c).<\/li>\n<li>Kelion\u0117s dokument\u0173 sutvarkymas.<\/li>\n<\/ul>\n<hr \/>\n<p><strong>\u012e kelion\u0117s kain\u0105 ne\u012fskai\u010diuota:<\/strong><\/p>\n<hr \/>\n<p><strong>Pageidaujant:<\/strong><\/p>\n<hr \/>\n<ul>\n<li>Ekskursin\u0117 i&scaron;vyka \u012f Norvegijos fiordus &#8211; suaugusiam 59 \u20ac\/asm., vaikams iki 12 met\u0173 &#8211; 45 \u20ac\/asm.<\/li>\n<li>Bilietas pasiplaukiojimui laiveliu i&scaron;vykoje Norvegijos fiordai: <\/li>\n<li>suaugusi\u0105jam &#8211; 49 \u20ac\/asm, vaikams iki 12 met\u0173 &#8211; 40 \u20ac\/asm.<\/li>\n<\/ul>\n<p><strong>Pusry\u010diai kelte (1 pusry\u010diai) U\u017dSAKANT I&Scaron; ANKSTO:<\/strong><\/p>\n<ul>\n<li>Suaugusiems &#8211; 15 \u20ac\/asm.<\/li>\n<li>Vaikams nuo 12 iki 17 met\u0173 &#8211; 8 \u20ac\/asm.<\/li>\n<li>Vaikams nuo 6 iki 11 met\u0173 &#8211; 5 \u20ac\/asm.<\/li>\n<li>Nemokami pusry\u010diai kelte nuo 0 iki 5 m. (tik jei vakarien\u0119 \u012fsigyja suaug\u0119s).<\/li>\n<li>Vakarien\u0117 kelte (1 vakarien\u0117) U\u017dSAKANT I&Scaron; ANKSTO:<\/li>\n<li>Suaugusiems \u2013 38 \u20ac\/asm.<\/li>\n<li>Vaikams nuo 12 iki 17 met\u0173 \u2013 17 \u20ac\/asm.<\/li>\n<li>Vaikams nuo 6 iki 11 met\u0173 \u2013 11 \u20ac\/asm.<\/li>\n<li>Nemokamai vakarien\u0117 kelte nuo 0 iki 5 m. (tik jei vakarien\u0119 \u012fsigyja suaug\u0119s).<\/li>\n<li>Apgyvendinimas A ir B klas\u0117s kajut\u0117se (d\u0117l galimyb\u0117s ir kainos teirautis biure).<\/li>\n<li>Priemoka u\u017e vienviet\u012f kambar\u012f (jei keliaujate vienas) \u2013 40 \u20ac.<\/li>\n<li>Entrance tickets to attractions.<\/li>\n<li>Sveikatos draudimas.<\/li>\n<\/ul>\n<hr \/>\n<p><strong>Pastabos:<\/strong><\/p>\n<hr \/>\n<ul>\n<li>U\u017e perve\u017eim\u0105 ir kitas papildomai mokamas paslaugas turite atsiskaityti kelioni\u0173 organizatoriaus biure, ne v\u0117liau nei 30 dien\u0173 iki kelion\u0117s prad\u017eios.<\/li>\n<li>Kelionei reikalingas pasas\/asmens kortel\u0117 (galiojantis ne trumpiau nei 6 m\u0117nesius po gr\u012f\u017eimo i&scaron; kelion\u0117s).<\/li>\n<li>Kelion\u0117s i&scaron;vykimo ir atvykimo laikai gali keistis \u2013 tiksli informacija atsiun\u010diama \u012f elektronin\u012f pa&scaron;t\u0105 likus 2-3 darbo dienoms iki kelion\u0117s prad\u017eios.<\/li>\n<li>Visi papildomi mokami \u012f\u0117jimo bilietai \u012f muziejus, ba\u017eny\u010dias ir pan. apmokami pa\u010di\u0173 keliautoj\u0173.<\/li>\n<li>Muziejuose, ba\u017eny\u010diose ir kituose mokamuose objektuose kelion\u0117s vadovas keliautoj\u0173 nelydi ir ekskursij\u0173 neveda.<\/li>\n<li>Ausinukai ekskursij\u0173 metu (pageidaujant) mokami papildomai.<\/li>\n<li>Visos ekskursijos vedamos rus\u0173 kalba.<\/li>\n<li>Kelion\u0117s vadovas (lydintis visos kelion\u0117s metu) informacij\u0105 pateikia rus\u0173 kalba.<\/li>\n<li> Kelion\u0117s vadovas gali keisti programos eig\u0105.<\/li>\n<\/ul>","protected":false},"excerpt":{"rendered":"<p>1 diena I&scaron;vykimas i&scaron; Lietuvos (i&scaron; j\u016bs\u0173 pasirinkto miesto). Kelion\u0117 per Latvijos, Estijos teritorij\u0105. Registracija \u012f kelt\u0105 plaukiant\u012f \u012f Stok&#8230;<\/p>","protected":false},"featured_media":11926,"comment_status":"open","ping_status":"closed","template":"","meta":{"om_disable_all_campaigns":false,"_monsterinsights_skip_tracking":false,"_monsterinsights_sitenote_active":false,"_monsterinsights_sitenote_note":"","_monsterinsights_sitenote_category":0},"product_brand":[],"product_cat":[669],"product_tag":[],"class_list":{"0":"post-12691","1":"product","2":"type-product","3":"status-publish","4":"has-post-thumbnail","6":"product_cat-keliones","8":"first","9":"instock","10":"virtual","11":"taxable","12":"product-type-simple"},"aioseo_notices":[],"_links":{"self":[{"href":"https:\/\/www.atravel.lt\/en\/wp-json\/wp\/v2\/product\/12691","targetHints":{"allow":["GET"]}}],"collection":[{"href":"https:\/\/www.atravel.lt\/en\/wp-json\/wp\/v2\/product"}],"about":[{"href":"https:\/\/www.atravel.lt\/en\/wp-json\/wp\/v2\/types\/product"}],"replies":[{"embeddable":true,"href":"https:\/\/www.atravel.lt\/en\/wp-json\/wp\/v2\/comments?post=12691"}],"wp:featuredmedia":[{"embeddable":true,"href":"https:\/\/www.atravel.lt\/en\/wp-json\/wp\/v2\/media\/11926"}],"wp:attachment":[{"href":"https:\/\/www.atravel.lt\/en\/wp-json\/wp\/v2\/media?parent=12691"}],"wp:term":[{"taxonomy":"product_brand","embeddable":true,"href":"https:\/\/www.atravel.lt\/en\/wp-json\/wp\/v2\/product_brand?post=12691"},{"taxonomy":"product_cat","embeddable":true,"href":"https:\/\/www.atravel.lt\/en\/wp-json\/wp\/v2\/product_cat?post=12691"},{"taxonomy":"product_tag","embeddable":true,"href":"https:\/\/www.atravel.lt\/en\/wp-json\/wp\/v2\/product_tag?post=12691"}],"curies":[{"name":"wp","href":"https:\/\/api.w.org\/{rel}","templated":true}]}}