{"id":12689,"date":"2026-03-21T15:44:52","date_gmt":"2026-03-21T13:44:52","guid":{"rendered":"https:\/\/www.atravel.lt\/produktas\/ryga-talinas\/"},"modified":"2026-03-21T15:44:52","modified_gmt":"2026-03-21T13:44:52","slug":"ryga-talinas","status":"publish","type":"product","link":"https:\/\/www.atravel.lt\/en\/product\/ryga-talinas\/","title":{"rendered":"RYGA &#8211; TALINAS"},"content":{"rendered":"<p><strong>1 day<\/strong><\/p>\n<ul>\n<li>Ryte i&scaron;vykstame i&scaron; j\u016bs\u0173 pasirinkto miesto.<\/li>\n<li>Kelion\u0117 per Lietuvos ir Latvijos teritorij\u0105.<\/li>\n<li>Atvykstame \u012f Ryg\u0105.<\/li>\n<li>Ekskursija po Rygos senamiest\u012f.<\/li>\n<li>Free time.<\/li>\n<li>\u012esik\u016brimas 3* vie&scaron;butyje.<\/li>\n<li>Poilsis.<\/li>\n<li>Nakvyn\u0117 vie&scaron;butyje.<\/li>\n<\/ul>\n<p>J\u016bs\u0173 laukia ekskursija p\u0117s\u010diomis po Rygos senamiest\u012f, kurios metu pa\u017evelgsite \u012f praeit\u012f! Vaik&scaron;\u010diodami senosiomis gatv\u0117mis, i&scaron;girskite sen\u0173 nam\u0173 istorij\u0105. Pasigro\u017e\u0117site garsiuoju \u201eJugend\u201c architekt\u016briniu stiliumi, kurio i&scaron;skirtinumas yra skulpt\u016bros (moter\u0173 pov\u0173, li\u016bt\u0173, legendini\u0173 mistini\u0173 gyv\u016bn\u0173) ant pastat\u0173 fasad\u0173. Istorinis Rygos centras yra \u012ftrauktas \u012f UNESCO pasaulio paveldo s\u0105ra&scaron;\u0105, miesto simboliai yra Rygos katedra, Milteli\u0173 bok&scaron;tas ir &Scaron;vedi&scaron;ki vartai, Rygos pilis, Trij\u0173 broli\u0173 gyvenamasis kompleksas, &Scaron;v. Petro, &Scaron;v. Jok\u016bbo ir &Scaron;v. Jono katedros, Juodagalvi\u0173 namai, unikalus mediniai pastatai ir Dauguvos krantin\u0117. Pasivaik&scaron;\u010diosite senamies\u010dio akmenin\u0117mis gr\u012fstomis gatvel\u0117mis, kuriose kartais ir du \u017emon\u0117s sunkiai i&scaron;siskirsto. Taip pat apsilankysite vietose, kur buvo filmuojami gars\u016bs filmai: \u201e&Scaron;erlokas Holmsas ir daktaras Vatsonas\u201c, \u201eSeptyniolika pavasario akimirk\u0173\u201c ir kt.<\/p>\n<p> <strong>Day 2<\/strong><\/p>\n<ul>\n<li>Pusry\u010diai vie&scaron;butyje<\/li>\n<li>(perkant ekskursij\u0173 paket\u0105 pusry\u010diai \u012fskai\u010diuoti).<\/li>\n<li>I&scaron;siregistravimas i&scaron; vie&scaron;bu\u010dio.<\/li>\n<li>Laisvas laikas Rygoje.<\/li>\n<li>Pageidaujantiems si\u016blome ekskursin\u0119 i&scaron;vyk\u0105 \u012f J\u016brmal\u0105 arba \u012f Siguld\u0105 (priklauso nuo sezono).<\/li>\n<li>Papildomas mokestis \u2013 15 \u20ac\/asm.), \u012fvyks susirinkus 20 asmen\u0173 grupei.<\/li>\n<li>Sugr\u012f\u017etame \u012f Ryg\u0105 (kas pasirinko ekskursin\u0119 i&scaron;vyk\u0105).<\/li>\n<li>Vykstame \u012f Talin\u0105.<\/li>\n<li>\u012esik\u016brimas 3* vie&scaron;butyje.<\/li>\n<li>Poilsis.<\/li>\n<li>Nakvyn\u0117 vie&scaron;butyje.<\/li>\n<\/ul>\n<p> J\u016brmala &#8211; \u201eLatvijos perlas\u201c ir did\u017eiausias Baltijos &scaron;ali\u0173 kurortinis miestas. Ekskursijos p\u0117s\u010diomis metu mes eisime pro \u017eymiausias miesto vietas ir ap\u017ei\u016br\u0117sime visas jo lankytinas vietas: papl\u016bdim\u012f ir gars\u0173j\u012f Rygos paj\u016br\u012f, Dzintari koncert\u0173 sal\u0119, Jomaso p\u0117s\u010di\u0173j\u0173 gatv\u0119. Gidas supa\u017eindins jus su kurorto istorija, gal\u0117site pasivaik&scaron;\u010dioti Rygos \u012flankos pakrante, m\u0117gaudamiesi gydomuoju J\u016brmalos oru.<\/p>\n<p> Sigulda \u2013 Gaujos nacionalinio parko centras. &Scaron;\u012f miest\u0105 dar vadina Latvijos &Scaron;veicarija. \u010cia nuostabaus gro\u017eio gamta, paslaptingos olos ir, \u017einoma, nepakartojama Gaujos up\u0117. Kaimynin\u0117je Latvijoje i&scaron;lik\u0119 nema\u017eai skirtingo laikme\u010dio ir stiliaus pili\u0173. Gaujos nacionalinio parko rezervate st\u016bkso senoji ankstyvosios gotikos stiliaus Turaidos pilis, pastatyta 1214 m. sunaikintos medin\u0117s lyvi\u0173 pilies vietoje. &Scaron;imtamet\u0117s sienos ar griuv\u0117siai pasakoja ne tik \u017eymi\u0173 m\u016b&scaron;i\u0173, prie&scaron;\u0173 antpuoli\u0173, bet ir meil\u0117s istorijas bei legendas.<\/p>\n<p> <strong>Day 3<\/strong><\/p>\n<ul>\n<li>Pusry\u010diai vie&scaron;butyje<\/li>\n<li>(perkant ekskursij\u0173 paket\u0105 pusry\u010diai \u012fskai\u010diuoti).<\/li>\n<li>I&scaron;siregistravimas i&scaron; vie&scaron;bu\u010dio.<\/li>\n<li>Ekskursija Taline.<\/li>\n<li>Free time.<\/li>\n<li>Vakarop i&scaron;vykstame \u012f Lietuv\u0105.<\/li>\n<li>Atvykstame \u012f Panev\u0117\u017e\u012f, Kaun\u0105, Vilni\u0173.<\/li>\n<\/ul>\n<p> Nedaug miest\u0173 gali pasigirti savo istorija, ta\u010diau atvykus \u012f Estij\u0105 ne\u012fmanoma neaplankyti Talino. &Scaron;is miestas yra ne\u012fprastai gra\u017eus. Vaik&scaron;\u010diodami po Talin\u0105 i&scaron;girsite pasakojim\u0105 apie 800 met\u0173 miesto istorij\u0105, pamatysite sta\u010diatiki\u0173 Aleksandro Nevskio katedr\u0105, kurioje savo karjer\u0105 prad\u0117jo Maskvos ir visos Rusijos patriarchas Aleksijus II. &Scaron;v. Marijos katedra d\u017eiugins jus savo puo&scaron;numu, joje ilsisi Ivano Fedorovi\u010diaus Kruzenshterno palaikai, o &Scaron;v. Olavo ba\u017eny\u010dia kadaise buvo did\u017eiausias pastatas pasaulyje. &Scaron;ventosios Dvasios ba\u017eny\u010dia buvo pastatyta XIV am\u017eiuje, joje yra i&scaron;lik\u0119s XV am\u017eiaus altorius. Pasigro\u017e\u0117site miestu nuo ap\u017evalgos aik&scaron;teli\u0173, su\u017einosite &Scaron;ventosios Dvasios ir Nigulist\u0117s ba\u017eny\u010dios istorij\u0105, ap\u017ei\u016br\u0117site vien\u0105 seniausi\u0173 Europos miesto Rotu&scaron;iu. Pasivaik&scaron;\u010diosite Ilg\u0173j\u0173 ir Trump\u0173j\u0173 Koj\u0173 gatv\u0117mis, su\u017einosite apie Juodgalvi\u0173 brolij\u0105 ir Did\u017ei\u0105j\u0105 gildij\u0105.<br \/> Gausite nepamir&scaron;tam\u0173 \u012fsp\u016bd\u017ei\u0173. Vaik&scaron;\u010diodami akmenuotomis senojo Talino gatvel\u0117mis, m\u0117gausit\u0117s vargon\u0173 garsais, sklindan\u010di\u0173 i&scaron; sen\u0173j\u0173 ba\u017eny\u010di\u0173. Atkreipkite d\u0117mes\u012f \u012f varp\u0173 skamb\u0117jim\u0105 ir \u012f sen\u0173 nam\u0173 stogus, kur pamatysite gra\u017eias v\u0117trung\u0117s.<\/p>\n<hr \/>\n<p><strong>\u012e kelion\u0117s kain\u0105 \u012fskai\u010diuota:<\/strong><\/p>\n<hr \/>\n<ul>\n<li>Kelion\u0117 autobusu.<\/li>\n<li>2 nakvyn\u0117s 3* vie&scaron;butyje be pusry\u010di\u0173.<\/li>\n<li>Kelion\u0117s vadovo-gido paslaugos.<\/li>\n<li>Kelion\u0117s dokument\u0173 sutvarkymas.<\/li>\n<\/ul>\n<hr \/>\n<p><strong>\u012e kelion\u0117s kain\u0105 ne\u012fskai\u010diuota:<\/strong><\/p>\n<hr \/>\n<p>Ekskursij\u0173 paketas \u2013 39\u20ac\/asm., kur\u012f sudaro:<\/p>\n<ul>\n<li>Ekskursija Rygoje.<\/li>\n<li>Ekskursija Taline.<\/li>\n<li>2 pusry\u010diai vie&scaron;butyje.<\/li>\n<li>Perve\u017eimo paslaugos.<\/li>\n<\/ul>\n<hr \/>\n<p><strong>Pageidaujant:<\/strong><\/p>\n<hr \/>\n<ul>\n<li>Ekskursin\u0117 i&scaron;vyka \u012f J\u016brmal\u0105 arba \u012f Sigild\u0105 (priklauso nuo sezono)\u2013 15 \u20ac\/asm. (\u012fvyks susirinkus 20 asmen\u0173 grupei).<\/li>\n<li>\u012e\u0117jimo bilietai \u012f mokamas lankytinas vietas (muziejus\/ba\u017eny\u010dias\/pilis ir pan.).<\/li>\n<li>Pageidaujantys gali u\u017esisakyti 2 pusry\u010dius vie&scaron;butyje &#8211; papildomas mokestis 20 \u20ac\/asm.<\/li>\n<li>(Perkantys ekskursijas &#8211; pusry\u010dius gauna dovan\u0173).<\/li>\n<li>40 \u20ac\/asm. priemoka u\u017e vienviet\u012f kambar\u012f, jei keliaujate vienas\/-a (jei keliaujate trise, persp\u0117kite kelioni\u0173 agent\u016br\u0105, kad pasir\u016bpint\u0173 papildoma lova J\u016bs\u0173 dvivie\u010diame kambaryje).<\/li>\n<li>Sveikatos draudimas kelion\u0117s metu.<\/li>\n<\/ul>\n<hr \/>\n<p><strong>Pastabos:<\/strong><\/p>\n<hr \/>\n<ul>\n<li>*Kelion\u0117s i&scaron;vykimo, atvykimo ir kiti laikai gali keistis \u2013 patikslinta informacija atsiun\u010diama (2-3 dienas prie&scaron; kelion\u0119).<\/li>\n<li>Visos ekskursijos vedamos lietuvi\u0173 kalba.<\/li>\n<li>Objekt\u0173 lankymo tvarka, skai\u010dius ir \u012f\u0117jimo biliet\u0173 kaina gali keistis.<\/li>\n<li>Muziejuose, ba\u017eny\u010diose ir kituose mokamuose objektuose kelion\u0117s vadovas ekskursij\u0173 neveda.<\/li>\n<li>\u012e\u0117jimo bilietai \u012f mokamas lankytinas vietas (muziejus\/ba\u017eny\u010dias\/pilis ir pan.) n\u0117ra \u012fskai\u010diuoti \u012f kelion\u0117s kain\u0105.<\/li>\n<li>Kelion\u0117s vadovas gali keisti programos eig\u0105.<\/li>\n<li>Nepamir&scaron;kite \u012f kelion\u0119 pasiimti paso\/asmens tapatyb\u0117s kortel\u0117s, galiojan\u010dio\/-s ne trumpiau nei 6 m\u0117nesius po gr\u012f\u017eimo i&scaron; kelion\u0117s datos.<\/li>\n<\/ul><\/p>","protected":false},"excerpt":{"rendered":"<p>1 diena Ryte i&scaron;vykstame i&scaron; j\u016bs\u0173 pasirinkto miesto. Kelion\u0117 per Lietuvos ir Latvijos teritorij\u0105. Atvykstame \u012f Ryg\u0105. Ekskursija po Rygos senamiest\u012f&#8230;.<\/p>","protected":false},"featured_media":11924,"comment_status":"open","ping_status":"closed","template":"","meta":{"om_disable_all_campaigns":false,"_monsterinsights_skip_tracking":false,"_monsterinsights_sitenote_active":false,"_monsterinsights_sitenote_note":"","_monsterinsights_sitenote_category":0},"product_brand":[],"product_cat":[669],"product_tag":[],"class_list":{"0":"post-12689","1":"product","2":"type-product","3":"status-publish","4":"has-post-thumbnail","6":"product_cat-keliones","8":"first","9":"instock","10":"virtual","11":"taxable","12":"product-type-simple"},"aioseo_notices":[],"_links":{"self":[{"href":"https:\/\/www.atravel.lt\/en\/wp-json\/wp\/v2\/product\/12689","targetHints":{"allow":["GET"]}}],"collection":[{"href":"https:\/\/www.atravel.lt\/en\/wp-json\/wp\/v2\/product"}],"about":[{"href":"https:\/\/www.atravel.lt\/en\/wp-json\/wp\/v2\/types\/product"}],"replies":[{"embeddable":true,"href":"https:\/\/www.atravel.lt\/en\/wp-json\/wp\/v2\/comments?post=12689"}],"wp:featuredmedia":[{"embeddable":true,"href":"https:\/\/www.atravel.lt\/en\/wp-json\/wp\/v2\/media\/11924"}],"wp:attachment":[{"href":"https:\/\/www.atravel.lt\/en\/wp-json\/wp\/v2\/media?parent=12689"}],"wp:term":[{"taxonomy":"product_brand","embeddable":true,"href":"https:\/\/www.atravel.lt\/en\/wp-json\/wp\/v2\/product_brand?post=12689"},{"taxonomy":"product_cat","embeddable":true,"href":"https:\/\/www.atravel.lt\/en\/wp-json\/wp\/v2\/product_cat?post=12689"},{"taxonomy":"product_tag","embeddable":true,"href":"https:\/\/www.atravel.lt\/en\/wp-json\/wp\/v2\/product_tag?post=12689"}],"curies":[{"name":"wp","href":"https:\/\/api.w.org\/{rel}","templated":true}]}}