{"id":12688,"date":"2026-03-21T15:44:52","date_gmt":"2026-03-21T13:44:52","guid":{"rendered":"https:\/\/www.atravel.lt\/produktas\/varsuva-krokuva-velicku-drusku-kasykla\/"},"modified":"2026-03-21T15:44:52","modified_gmt":"2026-03-21T13:44:52","slug":"varsuva-krokuva-velicku-drusku-kasykla","status":"publish","type":"product","link":"https:\/\/www.atravel.lt\/en\/product\/varsuva-krokuva-velicku-drusku-kasykla\/","title":{"rendered":"VAR\u0160UVA \u2013 KROKUVA \u2013 VELI\u010cK\u0172 DRUSK\u0172 KASYKLA"},"content":{"rendered":"<p><strong>1 day<\/strong><\/p>\n<ul>\n<li>Anksti ryte i&scaron;vykstame i&scaron; j\u016bs\u0173 pasirinkto miesto.<\/li>\n<li>Kelion\u0117 per Lenkijos teritorij\u0105.<\/li>\n<li>Atvykstame \u012f Var&scaron;uv\u0105.<\/li>\n<li>Ekskursija po Var&scaron;uvos senamiest\u012f ~2 val.<\/li>\n<li>Po ekskursijos laisvas laikas.<\/li>\n<li>T\u0119siame kelion\u0119 ir vykstame link Krokuvos.<\/li>\n<li>\u012esik\u016brimas vie&scaron;butyje.<\/li>\n<li>Poilsis.<\/li>\n<li>Nakvyn\u0117 vie&scaron;butyje. <\/li>\n<\/ul>\n<p>Var&scaron;uva \u2014 tai Lenkijos sostin\u0117 ir did\u017eiausias miestas, \u012fsik\u016br\u0119s &scaron;alies centrin\u0117je dalyje, Mazovijoje, prie Vyslos up\u0117s (1,7 mln. gyventoj\u0173). Var&scaron;uva yra Lenkijos politinis, ekonominis ir kult\u016brinis centras. \u010cia \u012fsik\u016brusios pagrindin\u0117s vald\u017eios \u012fstaigos \u2014 Lenkijos parlamento, prezidento ir centrin\u0117s vald\u017eios \u012fstaig\u0173 buvein\u0117s. Pirmoji \u012ftvirtinta gyvenviet\u0117 Brodno dabartin\u0117s Var&scaron;uvos teritorijoje buvo \u012fkurta IX a. 1596 m. \u012f Var&scaron;uv\u0105 buvo perkelta \u017de\u010dpospolitos sostin\u0117 \u2014 miestas tapo oficialia Lenkijos ir Lietuvos valdovo rezidencija. II Pasaulinio karo metu Var&scaron;uva beveik visi&scaron;kai buvo sugriauta \u2014 liko tik apie 20 % pastat\u0173. Beveik visas dabartinis senamiestis atstatytas po karo.<\/p>\n<p> <strong>Day 2<\/strong><\/p>\n<ul>\n<li>Pusry\u010diai vie&scaron;butyje.<\/li>\n<li>Vykstame \u012f Veli\u010dk\u0173 drusk\u0173 kasyklas (\u012f\u0117jimo bilietai apmokami pa\u010di\u0173 keliautoj\u0173).<\/li>\n<li>Vykstame \u012f Krokuv\u0105.<\/li>\n<li>ekskursija po Krokuvos senamiest\u012f.<\/li>\n<li>Po ekskursijos laisvas laikas mieste.<\/li>\n<li>Sugr\u012f\u017etame \u012f vie&scaron;but\u012f.<\/li>\n<li>Poilsis.<\/li>\n<li>Nakvyn\u0117 vie&scaron;butyje.<\/li>\n<\/ul>\n<p>Krokuva \u2013 tai tre\u010dias pagal dyd\u012f Lenkijos miestas, \u012fsik\u016br\u0119s piet\u0173 Lenkijoje (760 t\u016bkst. gyventoj\u0173). Nuo 1038 m. iki 1596 m. Krokuva buvo Lenkijos sostin\u0117, kuri v\u0117liau buvo perkelta \u012f Var&scaron;uv\u0105. Krokuva \u2013 gra\u017eus ir turist\u0173 itin m\u0117gstamas miestas, alsuojantis istorija. Miestas da\u017enai vadinamas \u201eLenkijos deimantu\u201c bei \u201eKarali\u0173 ir ba\u017eny\u010di\u0173 miestu\u201c. Dabartin\u0117je Vavelio kalvoje \u017emon\u0117s gyveno jau akmens am\u017eiuje. Nuo prie&scaron;istorini\u0173 laik\u0173 Krokuvos apylink\u0117se buvo kasama druska. Dar prie&scaron; susikuriant Lenkijos valstybei, Krokuva buvo vakar\u0173 slav\u0173 vysl\u0117n\u0173 genties sostin\u0117. Pasak legendos, &scaron;ios genties kunigaik&scaron;tis Krakas gudrumu \u012fveik\u0117 Vavelio kalvoje gyvenus\u012f slibin\u0105, kur\u012f jau daugyb\u0117 riteri\u0173 nes\u0117kmingai band\u0117 nugal\u0117ti, ir \u010dia \u012fk\u016br\u0117 Krokuv\u0105. 966 m. Krokuva buvo pirm\u0105 kart\u0105 pamin\u0117ta ra&scaron;ytiniuose &scaron;altiniuose \u2013 \u017eyd\u0173 keliautojas Abrahamas ben Jakobas savo kelioni\u0173 apra&scaron;ymuose pamin\u0117jo Krokuv\u0105, kaip svarb\u0173 prekybin\u012f centr\u0105. 1257 m. Krokuvai buvo suteiktos Magdeburgo teis\u0117s, o 1386 m. \u010dia buvo pakrik&scaron;tytas Jogaila, mieste \u012fvyko ir jo vestuv\u0117s su karalaite Jadvyga. <br \/> Netoli Krokuvos esan\u010dioje senojoje druskos kasykloje Vieli\u010dkose \u012frengta \u012fdomi ekspozicija, supa\u017eindinanti su druskos kas\u0117j\u0173 kasdienybe bei po\u017eeminiu pasauliu. Tai \u2013 2,5 km ilgio ekskursij\u0173 trasa, vedanti tuneliais, esan\u010diais 64-135 m gylyje po \u017eeme. Viena \u012fdomiausi\u0173 kasyklos viet\u0173 \u2013 po \u017eeme \u012frengta koply\u010dia, kurioje visos detal\u0117s yra i&scaron;dro\u017ein\u0117tos i&scaron; druskos. Bendras druskos kasykl\u0173 labirinto, i&scaron;sid\u0117s\u010diusio net 9 lygiais, ilgis \u2013 apie 300 km.<\/p>\n<p> <strong>Day 3<\/strong><\/p>\n<ul>\n<li>Pusry\u010diai vie&scaron;butyje.<\/li>\n<li>Laisvas laikas Krokuvos mieste.<\/li>\n<li>I&scaron;vykstame i&scaron; Krokuvos.<\/li>\n<li>Kelion\u0117 per Lenkijos teritorij\u0105.<\/li>\n<li>Gr\u012f\u017eimas \u012f Lietuv\u0105.<\/li>\n<\/ul>\n<hr \/>\n<p><strong>\u012e kelion\u0117s kain\u0105 \u012fskai\u010diuota:<\/strong><\/p>\n<hr \/>\n<ul>\n<li>Travel by bus<\/li>\n<li>2 nakvyn\u0117s vie&scaron;butyje su pusry\u010diais.<\/li>\n<li>Kelion\u0117s vadovo-gido paslaugos.<\/li>\n<li>Ekskursija Var&scaron;uvoje.<\/li>\n<li>Ekskursija Krokuvoje.<\/li>\n<li>Perve\u017eimas \u012f Veli\u010dk\u0173 drusk\u0173 kasykl\u0105.<\/li>\n<li>Kelion\u0117s dokument\u0173 sutvarkymas.<\/li>\n<\/ul>\n<hr \/>\n<p><strong>\u012e kelion\u0117s kain\u0105 ne\u012fskai\u010diuota:<\/strong><\/p>\n<hr \/>\n<ul>\n<li>\u012e\u0117jimo bilietai \u012f mokamas lankytinas vietas (muziejus\/ba\u017eny\u010dias ir pan.).<\/li>\n<li>50 \u20ac\/asm. priemoka u\u017e vienviet\u012f kambar\u012f, jei keliaujate vienas\/-a (jei keliaujate trise, persp\u0117kite kelioni\u0173 agent\u016br\u0105, kad pasir\u016bpint\u0173 papildoma lova J\u016bs\u0173 dvivie\u010diame kambaryje).<\/li>\n<li>Sveikatos draudimas kelion\u0117s metu.<\/li>\n<\/ul>\n<hr \/>\n<p><strong>Pastabos:<\/strong><\/p>\n<hr \/>\n<ul>\n<li>Kelion\u0117s i&scaron;vykimo, atvykimo ir kiti laikai gali keistis \u2013 patikslinta informacija atsiun\u010diama \u012f elektronin\u012f pa&scaron;t\u0105 (2-3 dienas prie&scaron; kelion\u0119).<\/li>\n<li>Kelionei reikalingas pasas\/asmens tapatyb\u0117s kortel\u0117 (dokumentas turi galioti ne trumpiau nei 3 m\u0117n. po kelion\u0117s gr\u012f\u017eimo).<\/li>\n<li>U\u017e ekskursijas ar ekskursines i&scaron;vykas ir kitas papildomai mokamas paslaugas galite atsiskaityti kelioni\u0173 organizatoriaus biure arba kelion\u0117s metu kelion\u0117s vadovui. Apmok\u0117ti kelion\u0117s organizatoriui biure galima ne v\u0117liau nei likus 10 dien\u0173 iki kelion\u0117s.<\/li>\n<li>Lagaminas kuris dedamas \u012f autobuso baga\u017ein\u0119, neturi sverti daugiau nei 25 kg. <\/li>\n<li>Visos ekskursijos vedamos rus\u0173 arba lietuvi\u0173 kalba (pasitikslinti galite kelioni\u0173 agent\u016broje);<\/li>\n<li>Objekt\u0173 lankymo tvarka, skai\u010dius ir \u012f\u0117jimo biliet\u0173 kaina gali keistis.<\/li>\n<li>Muziejuose, ba\u017eny\u010diose ir kituose mokamuose objektuose kelion\u0117s vadovas ekskursij\u0173 neveda.<\/li>\n<li>\u012e\u0117jimo bilietai \u012f mokamas lankytinas vietas n\u0117ra \u012fskai\u010diuoti \u012f kelion\u0117s kain\u0105.<\/li>\n<li>Kelion\u0117s vadovas gali keisti programos eig\u0105.<\/li>\n<li>Kelion\u0117s vadovas (lydintis visos kelion\u0117s metu) informacij\u0105 pateikia lietuvi\u0173 kalba (pasitikslinti galite kelioni\u0173 agent\u016broje).<\/li>\n<\/ul>","protected":false},"excerpt":{"rendered":"<p>1 diena Anksti ryte i&scaron;vykstame i&scaron; j\u016bs\u0173 pasirinkto miesto. Kelion\u0117 per Lenkijos teritorij\u0105. Atvykstame \u012f Var&scaron;uv\u0105. Ekskursija po Var&scaron;u&#8230;<\/p>","protected":false},"featured_media":11923,"comment_status":"open","ping_status":"closed","template":"","meta":{"om_disable_all_campaigns":false,"_monsterinsights_skip_tracking":false,"_monsterinsights_sitenote_active":false,"_monsterinsights_sitenote_note":"","_monsterinsights_sitenote_category":0},"product_brand":[],"product_cat":[669],"product_tag":[],"class_list":{"0":"post-12688","1":"product","2":"type-product","3":"status-publish","4":"has-post-thumbnail","6":"product_cat-keliones","8":"first","9":"instock","10":"virtual","11":"taxable","12":"product-type-simple"},"aioseo_notices":[],"_links":{"self":[{"href":"https:\/\/www.atravel.lt\/en\/wp-json\/wp\/v2\/product\/12688","targetHints":{"allow":["GET"]}}],"collection":[{"href":"https:\/\/www.atravel.lt\/en\/wp-json\/wp\/v2\/product"}],"about":[{"href":"https:\/\/www.atravel.lt\/en\/wp-json\/wp\/v2\/types\/product"}],"replies":[{"embeddable":true,"href":"https:\/\/www.atravel.lt\/en\/wp-json\/wp\/v2\/comments?post=12688"}],"wp:featuredmedia":[{"embeddable":true,"href":"https:\/\/www.atravel.lt\/en\/wp-json\/wp\/v2\/media\/11923"}],"wp:attachment":[{"href":"https:\/\/www.atravel.lt\/en\/wp-json\/wp\/v2\/media?parent=12688"}],"wp:term":[{"taxonomy":"product_brand","embeddable":true,"href":"https:\/\/www.atravel.lt\/en\/wp-json\/wp\/v2\/product_brand?post=12688"},{"taxonomy":"product_cat","embeddable":true,"href":"https:\/\/www.atravel.lt\/en\/wp-json\/wp\/v2\/product_cat?post=12688"},{"taxonomy":"product_tag","embeddable":true,"href":"https:\/\/www.atravel.lt\/en\/wp-json\/wp\/v2\/product_tag?post=12688"}],"curies":[{"name":"wp","href":"https:\/\/api.w.org\/{rel}","templated":true}]}}