{"id":12685,"date":"2026-03-21T15:44:51","date_gmt":"2026-03-21T13:44:51","guid":{"rendered":"https:\/\/www.atravel.lt\/produktas\/kruizas-talinas-stokholmas-talinas-aplankant-ryga\/"},"modified":"2026-03-21T15:44:52","modified_gmt":"2026-03-21T13:44:52","slug":"kruizas-talinas-stokholmas-talinas-aplankant-ryga","status":"publish","type":"product","link":"https:\/\/www.atravel.lt\/en\/product\/kruizas-talinas-stokholmas-talinas-aplankant-ryga\/","title":{"rendered":"KRUIZAS: TALINAS &#8211; STOKHOLMAS &#8211; TALINAS (aplankant RYG\u0104)"},"content":{"rendered":"<p><strong>1 day <\/strong><\/p>\n<ul>\n<li>Labai ankstyvas i&scaron;vykimas i&scaron; Lietuvos (i&scaron; j\u016bs\u0173 pasirinkto miesto).<\/li>\n<li>Kelion\u0117 per Latvijos ir Estijos teritorijas.<\/li>\n<li>Atvykstame \u012f Talin\u0105.<\/li>\n<li>Ekskursija po Talino senamiest\u012f p\u0117s\u010diomis.<\/li>\n<li>Vykstame \u012f Talino j\u016br\u0173 uost\u0105.<\/li>\n<li>~ 16:30 registracija \u012f kelt\u0105.<\/li>\n<li>~ 18:00 i&scaron;plaukia \u012f Stokholm\u0105.<\/li>\n<li>Pramogos kelte (nemokamai).<\/li>\n<li>Vakarien\u0117 kelte (u\u017e papildom\u0105 mokest\u012f, \u012f kain\u0105 \u012fskai\u010diuotas neribotas alus ir vynas).<\/li>\n<li>Plaukiame link Stokholmo.<\/li>\n<li>Nakvyn\u0117 keturviet\u0117se kelto kajut\u0117se<\/li>\n<\/ul>\n<p>(B klas\u0117s kajut\u0117s). Talino senamiestis yra \u012ftrauktas \u012f UNESCO pasaulio paveldo s\u0105ra&scaron;\u0105 1997 m. Mieste medini\u0173 pastat\u0173 nedaug, taigi nenuniokotas gaisr\u0173 senamiestis i&scaron;saugojo sen\u0105j\u0105 dvasi\u0105. I&scaron;lik\u0119 nema\u017eai viduram\u017eiais statyt\u0173 ba\u017eny\u010di\u0173, pirkli\u0173 rezidencij\u0173, akmenimis gr\u012fstos siauros gatvel\u0117s. Talinas da\u017enai vadinamas \u201eMuziejumi po atviru dangumi\u201c. Senasis Talinas apraizgytas, apipintas legendomis. Kiekvienas jo pastatas mena t\u016bkstan\u010dius nutikim\u0173, kiekviename grindinio akmenyje aidi &scaron;imtamet\u0117 istorija. &Scaron;ios ekskursijos metu nevargins J\u016bs\u0173 \u201esausais\u201c faktais \u2013 pasakojama taip, kaip pasakoja legendos.<\/p>\n<p> <strong>Day 2<\/strong><\/p>\n<ul>\n<li>Pusry\u010diai kelte (papildomas mokestis).<\/li>\n<li>~10:00 atplaukiame \u012f Stokholm\u0105.<\/li>\n<li>Ekskursija p\u0117s\u010diomis po Stokholm\u0105.<\/li>\n<li>Free time.<\/li>\n<li>~ 16:30 gr\u012f\u017etame \u012f kelt\u0105.<\/li>\n<li>~ 17:30 i&scaron;plaukia \u012f Talin\u0105.<\/li>\n<li>Poilsis.<\/li>\n<li>Pramogos kelte (nemokamai).<\/li>\n<li>Vakarien\u0117 kelte (u\u017e papildom\u0105 mokest\u012f, \u012f kain\u0105 \u012fskai\u010diuotas neribotas alus ir vynas).<\/li>\n<li>Nakvyn\u0117 keturviet\u0117se kajut\u0117se<\/li>\n<\/ul>\n<p>(B klas\u0117s kajut\u0117s). Pa\u017eintis su Stokholmu prasid\u0117s nuo senamies\u010dio: vaik&scaron;\u010diosite senove alsuojan\u010diomis gatvel\u0117mis, g\u0117r\u0117sit\u0117s miesto \u012f\u017eymyb\u0117mis, karali&scaron;kais r\u016bmais. Stokholmas \u2013 tai Karali\u0173 miestas!<br \/> Laisvu laiku gal\u0117site apsilankyti suvenyr\u0173 parduotuv\u0117se, paragauti &scaron;vedi&scaron;kos virtuv\u0117s &scaron;edevr\u0173 kavin\u0117se bei restoranuose arba pa\u017ei\u016br\u0117ti apsaugos pasikeitim\u0105 prie karali&scaron;kos rezidencijos. Taip pat gal\u0117site nuvykti \u012f Vaza muziej\u0173, kuris saugo \u012fsp\u016bding\u0105 eksponat\u0105 \u2013 did\u017eiausi\u0105 ir prabangiausi\u0105 XVI am\u017eiuje laiv\u0105 Vaza, kuris nuskendo pirmosios kelion\u0117s prad\u017eioje ir po vandeniu i&scaron;buvo net 300 met\u0173.<\/p>\n<p> <strong>Day 3<\/strong><\/p>\n<ul>\n<li>Pusry\u010diai kelte (papildomas mokestis).<\/li>\n<li>~ 10:00 atplaukiame \u012f Talin\u0105.<\/li>\n<li>T\u0119siame kelion\u0119 ir vykstame \u012f Ryg\u0105.<\/li>\n<li>Ekskursija po Rygos senamiest\u012f p\u0117s\u010diomis.<\/li>\n<li>Free time.<\/li>\n<li>I&scaron;vykstame atgal \u012f Lietuv\u0105.<\/li>\n<li>Nakt\u012f gr\u012f\u017eimas \u012f Panev\u0117\u017e\u012f\/Kaun\u0105\/Vilni\u0173.<\/li>\n<\/ul>\n<p>Ap\u017evalgin\u0117 ekskursija p\u0117s\u010diomis po Latvijos sostin\u0117s Rygos senamiest\u012f: pilis, statyta 1330 metais, istorijos b\u0117gyje ne kart\u0105 nuniokota, o 1991m., Latvijai atgavus nepriklausomyb\u0119, joje \u012fkurta Latvijos prezidento rezidencija, Domo katedra ir aik&scaron;t\u0117 &#8211; istorinis ir geografinis miesto centras, &Scaron;v. Petro ba\u017eny\u010dia &#8211; pati seniausia ir auk&scaron;\u010diausia Rygoje, paminklas garsiesiems Bremeno muzikantams, iki &scaron;iolei pildantiems slap\u010diausius norus, Juodagalvi\u0173 riteri\u0173 r\u016bmai, laikomi pa\u010diu puo&scaron;niausiu pastatu Rygoje, Laisv\u0117s paminklas &#8211; latvi\u0173 tautos laisv\u0117s ir vienyb\u0117s simbolis. Pageidaujantieji laisvu metu gal\u0117s pakilti \u012f &Scaron;v. Petro ba\u017eny\u010dios bok&scaron;te esan\u010di\u0105 ap\u017evalgos aik&scaron;tel\u0119 ir pasig\u0117r\u0117ti miesto panorama.<\/p>\n<hr \/>\n<p><strong>\u012e kelion\u0117s kain\u0105 \u012fskai\u010diuota:<\/strong><\/p>\n<hr \/>\n<ul>\n<li>Kelto bilietas Talinas \u2013 Stokholmas \u2013 Talinas.<\/li>\n<li>2 nakvyn\u0117s B KLAS\u0116S kelto kajut\u0117je (keturviet\u0117, su WC ir du&scaron;u).<\/li>\n<li>Vakarin\u0117 &scaron;ou programa kelte.<\/li>\n<li>Kelion\u0117s dokument\u0173 sutvarkymas.<\/li>\n<\/ul>\n<hr \/>\n<p><strong>\u012e kelion\u0117s kain\u0105 ne\u012fskai\u010diuota:<\/strong><\/p>\n<hr \/>\n<p>Ekskursij\u0173 paketas kur\u012f sudaro:<\/p>\n<ul>\n<li>Ap\u017evalgin\u0117 ekskursija Taline.<\/li>\n<li>Ap\u017evalgin\u0117 ekskursija Stokholme.<\/li>\n<li>Ap\u017evalgin\u0117 ekskursija Rygoje.<\/li>\n<li>Perve\u017eimai i&scaron; Lietuvos (Vilnius, Kaunas, Panev\u0117\u017eys) \u2013 Talinas (Estija) \u2013 Lietuva (Vilnius, Kaunas, Panev\u0117\u017eys).<\/li>\n<li>Kelion\u0117s vadovo paslaugos.<\/li>\n<li>Turisto mokes\u010diai.<\/li>\n<\/ul>\n<hr \/>\n<p><strong>Pageidaujant:<\/strong><\/p>\n<hr \/>\n<p>Maitinimas kelte: Talinas \u2013 Stokholmas \u2013 Talinas (u\u017esakant i&scaron; anksto, d\u0117l tiksli\u0173 priemok\u0173 kain\u0173 teirautis kelioni\u0173 organizatoriaus):<\/p>\n<ul>\n<li>~18 \u20ac\/asm.\/suaugusiam vieni pusry\u010diai. (u\u017esakant kelte ~ 20 \u20ac)<\/li>\n<li>~9 \u20ac\/asm.\/vaikui nuo 12 iki 17 m. vieni pusry\u010diai. (u\u017esakant kelte ~ 10 \u20ac)<\/li>\n<li>~7 \u20ac\/asm.\/vaikui nuo 6 iki 11 m. vieni pusry\u010diai. (u\u017esakant kelte ~ 8 \u20ac)<\/li>\n<li>Nemokama pusry\u010diai kelte nuo 0 iki 5 m. (u\u017esakant bent 1 suaugusiam)<\/li>\n<li>~39 \u20ac\/asm.\/suaugusiam viena vakarien\u0117. (u\u017esakant kelte ~ 42 \u20ac)<\/li>\n<li>~18 \u20ac\/asm.\/vaikui nuo 12 iki 17 m. viena vakarien\u0117. (u\u017esakant kelte ~ 20 \u20ac)<\/li>\n<li>~14 \u20ac\/asm.\/vaikui nuo 6 iki 11 m. viena vakarien\u0117. (u\u017esakant kelte ~ 15 \u20ac)<\/li>\n<li>Nemokama vakarien\u0117 kelte nuo 0 iki 5 m. (u\u017esakant bent 1 suaugusiam)<\/li>\n<\/ul>\n<hr \/>\n<ul>\n<li>Perve\u017eimas i&scaron; Vilniaus, Kauno, Panev\u0117\u017eio \u012f Estij\u0105 ir atgal (NEPERKANT EKSKURSIJ\u0172 PAKETO)<\/li>\n<li>Konkreti vieta autobuse &#8211; 15 \u20ac\/asm.<\/li>\n<li>Ausinukai ekskursij\u0173 metu.<\/li>\n<li>\u012e\u0117jimo bilietai \u012f lankomus objektus ~ 25 \u20ac\/asm.<\/li>\n<\/ul>\n<hr \/>\n<p><strong>Kaju\u010di\u0173 klas\u0117s ir j\u0173 priemokos:<\/strong><\/p>\n<table class=\"Table\" style=\"border-collapse:collapse;border:none\" width=\"548\">\n<tbody>\n<tr>\n<td style=\"border-bottom:1px solid black;width:30px;padding:0cm 7px 0cm 7px;height:17px;border-top:1px solid black;border-right:1px solid black;border-left:1px solid black\" valign=\"top\">\n<p align=\"center\" style=\"text-align:center\">\n<\/td>\n<td style=\"border-bottom:1px solid black;width:128px;padding:0cm 7px 0cm 7px;height:17px;border-top:1px solid black;border-right:1px solid black;border-left:none\" valign=\"top\">\n<p align=\"center\" style=\"text-align:center\"><span style=\"font-size:10pt\"><span><b><span style=\"font-size:9.0pt\"><span>Vienviet\u0117<\/span><\/span><\/b><\/span><\/span><\/p>\n<\/td>\n<td style=\"border-bottom:1px solid black;width:113px;padding:0cm 7px 0cm 7px;height:17px;border-top:1px solid black;border-right:1px solid black;border-left:none\" valign=\"top\">\n<p align=\"center\" style=\"text-align:center\"><span style=\"font-size:10pt\"><span><b><span style=\"font-size:9.0pt\"><span>Dviviet\u0117<\/span><\/span><\/b><\/span><\/span><\/p>\n<\/td>\n<td style=\"border-bottom:1px solid black;width:110px;padding:0cm 7px 0cm 7px;height:17px;border-top:1px solid black;border-right:1px solid black;border-left:none\" valign=\"top\">\n<p align=\"center\" style=\"text-align:center\"><span style=\"font-size:10pt\"><span><b><span style=\"font-size:9.0pt\"><span>Triviet\u0117<\/span><\/span><\/b><\/span><\/span><\/p>\n<\/td>\n<td style=\"border-bottom:1px solid black;width:168px;padding:0cm 7px 0cm 7px;height:17px;border-top:1px solid black;border-right:1px solid black;border-left:none\" valign=\"top\">\n<p align=\"center\" style=\"text-align:center\"><span style=\"font-size:10pt\"><span><b><span style=\"font-size:9.0pt\"><span>Keturviet\u0117<\/span><\/span><\/b><\/span><\/span><\/p>\n<\/td>\n<\/tr>\n<tr>\n<td style=\"border-bottom:1px solid black;width:30px;padding:0cm 7px 0cm 7px;height:17px;border-top:none;border-right:1px solid black;border-left:1px solid black\" valign=\"top\">\n<p align=\"center\" style=\"text-align:center\"><span style=\"font-size:10pt\"><span><b><span style=\"font-size:9.0pt\"><span>B<\/span><\/span><\/b><\/span><\/span><\/p>\n<\/td>\n<td style=\"border-bottom:1px solid black;width:128px;padding:0cm 7px 0cm 7px;height:17px;border-top:none;border-right:1px solid black;border-left:none\" valign=\"top\">\n<p align=\"center\" style=\"text-align:center\"><span style=\"font-size:10pt\"><span><span style=\"font-size:9.0pt\"><span>Nuo 110 \u20ac<\/span><\/span><\/span><\/span><\/p>\n<\/td>\n<td style=\"border-bottom:1px solid black;width:113px;padding:0cm 7px 0cm 7px;height:17px;border-top:none;border-right:1px solid black;border-left:none\" valign=\"top\">\n<p align=\"center\" style=\"text-align:center\"><span style=\"font-size:10pt\"><span><span style=\"font-size:9.0pt\"><span>Nuo 40 \u20ac<\/span><\/span><\/span><\/span><\/p>\n<\/td>\n<td style=\"border-bottom:1px solid black;width:110px;padding:0cm 7px 0cm 7px;height:17px;border-top:none;border-right:1px solid black;border-left:none\" valign=\"top\">\n<p align=\"center\" style=\"text-align:center\"><span style=\"font-size:10pt\"><span><span style=\"font-size:9.0pt\"><span>Nuo 20 \u20ac<\/span><\/span><\/span><\/span><\/p>\n<\/td>\n<td style=\"border-bottom:1px solid black;width:168px;padding:0cm 7px 0cm 7px;height:17px;border-top:none;border-right:1px solid black;border-left:none\" valign=\"top\">\n<p align=\"center\" style=\"text-align:center\"><span style=\"font-size:10pt\"><span><b><span style=\"font-size:9.0pt\"><span>\u012eeina \u012f kain\u0105<\/span><\/span><\/b><\/span><\/span><\/p>\n<\/td>\n<\/tr>\n<tr>\n<td style=\"border-bottom:1px solid black;width:30px;padding:0cm 7px 0cm 7px;height:17px;border-top:none;border-right:1px solid black;border-left:1px solid black\" valign=\"top\">\n<p align=\"center\" style=\"text-align:center\"><span style=\"font-size:10pt\"><span><b><span style=\"font-size:9.0pt\"><span>A<\/span><\/span><\/b><\/span><\/span><\/p>\n<\/td>\n<td style=\"border-bottom:1px solid black;width:128px;padding:0cm 7px 0cm 7px;height:17px;border-top:none;border-right:1px solid black;border-left:none\" valign=\"top\">\n<p align=\"center\" style=\"text-align:center\"><span style=\"font-size:10pt\"><span><span style=\"font-size:9.0pt\"><span>Nuo 150 \u20ac<\/span><\/span><\/span><\/span><\/p>\n<\/td>\n<td style=\"border-bottom:1px solid black;width:113px;padding:0cm 7px 0cm 7px;height:17px;border-top:none;border-right:1px solid black;border-left:none\" valign=\"top\">\n<p align=\"center\" style=\"text-align:center\"><span style=\"font-size:10pt\"><span><span style=\"font-size:9.0pt\"><span>Nuo 60 \u20ac<\/span><\/span><\/span><\/span><\/p>\n<\/td>\n<td style=\"border-bottom:1px solid black;width:110px;padding:0cm 7px 0cm 7px;height:17px;border-top:none;border-right:1px solid black;border-left:none\" valign=\"top\">\n<p align=\"center\" style=\"text-align:center\"><span style=\"font-size:10pt\"><span><span style=\"font-size:9.0pt\"><span>Nuo 35 \u20ac<\/span><\/span><\/span><\/span><\/p>\n<\/td>\n<td style=\"border-bottom:1px solid black;width:168px;padding:0cm 7px 0cm 7px;height:17px;border-top:none;border-right:1px solid black;border-left:none\" valign=\"top\">\n<p align=\"center\" style=\"text-align:center\"><span style=\"font-size:10pt\"><span><span style=\"font-size:9.0pt\"><span>Nuo 20 \u20ac<\/span><\/span><\/span><\/span><\/p>\n<\/td>\n<\/tr>\n<\/tbody>\n<\/table>\n<hr \/>\n<p><strong>Pastabos:<\/strong><\/p>\n<hr \/>\n<ul>\n<li>*Kelion\u0117s i&scaron;vykimo, atvykimo ir kiti laikai gali keistis \u2013 patikslinta informacija atsiun\u010diama \u012f elektronin\u012f pa&scaron;t\u0105 (2-3 dienas prie&scaron; kelion\u0119).<\/li>\n<li>Kelionei reikalingas pasas\/asmens tapatyb\u0117s kortel\u0117 (dokumentas turi galioti ne trumpiau nei 3 m\u0117n. po gr\u012f\u017eimo i&scaron; kelion\u0117s).<\/li>\n<li>U\u017e ekskursijas, ekskursines i&scaron;vykas ir kitas papildomai mokamas paslaugas turite atsiskaityti kelioni\u0173 organizatoriaus biure, ne v\u0117liau nei 30 dien\u0173 iki kelion\u0117s prad\u017eios.<\/li>\n<li>D\u0116MESIO! Kelion\u0117s be ekskursij\u0173 paketo viet\u0173 skai\u010dius yra ribotas! Teirautis kelioni\u0173 organizatoriaus biure.<\/li>\n<li>Lagaminas kuris dedamas \u012f autobuso baga\u017ein\u0119, neturi sverti daugiau nei 25 kg.<\/li>\n<li>Neatvykus \u012f kelt\u0105 ar pav\u0117lavus \u012f autobus\u0105 \u2013 i&scaron;laidas, susijusias su gr\u012f\u017eimu taip pat u\u017e papildomai praleist\u0105 laik\u0105 u\u017esienio &scaron;alyje, apmoka pats keliautojas.<\/li>\n<li>Ekskursij\u0173 tvarka gali keistis. Visos ekskursijos vedamos lietuvi\u0173 kalba.<\/li>\n<li>Objekt\u0173 lankymo tvarka, skai\u010dius ir \u012f\u0117jimo biliet\u0173 kaina gali keistis.<\/li>\n<li>Muziejuose, ba\u017eny\u010diose ir kituose mokamuose objektuose kelion\u0117s vadovas ekskursij\u0173 neveda.<\/li>\n<li>\u012e\u0117jimo bilietai \u012f mokamas lankytinas vietas n\u0117ra \u012fskai\u010diuoti \u012f kelion\u0117s kain\u0105.<\/li>\n<li>Kelion\u0117s vadovas gali keisti programos eig\u0105.<\/li>\n<\/ul>","protected":false},"excerpt":{"rendered":"<p>1 diena Labai ankstyvas i&scaron;vykimas i&scaron; Lietuvos (i&scaron; j\u016bs\u0173 pasirinkto miesto). Kelion\u0117 per Latvijos ir Estijos teritorijas. Atvykstame \u012f Talin\u0105&#8230;<\/p>","protected":false},"featured_media":11920,"comment_status":"open","ping_status":"closed","template":"","meta":{"om_disable_all_campaigns":false,"_monsterinsights_skip_tracking":false,"_monsterinsights_sitenote_active":false,"_monsterinsights_sitenote_note":"","_monsterinsights_sitenote_category":0},"product_brand":[],"product_cat":[669],"product_tag":[],"class_list":{"0":"post-12685","1":"product","2":"type-product","3":"status-publish","4":"has-post-thumbnail","6":"product_cat-keliones","8":"first","9":"instock","10":"virtual","11":"taxable","12":"product-type-simple"},"aioseo_notices":[],"_links":{"self":[{"href":"https:\/\/www.atravel.lt\/en\/wp-json\/wp\/v2\/product\/12685","targetHints":{"allow":["GET"]}}],"collection":[{"href":"https:\/\/www.atravel.lt\/en\/wp-json\/wp\/v2\/product"}],"about":[{"href":"https:\/\/www.atravel.lt\/en\/wp-json\/wp\/v2\/types\/product"}],"replies":[{"embeddable":true,"href":"https:\/\/www.atravel.lt\/en\/wp-json\/wp\/v2\/comments?post=12685"}],"wp:featuredmedia":[{"embeddable":true,"href":"https:\/\/www.atravel.lt\/en\/wp-json\/wp\/v2\/media\/11920"}],"wp:attachment":[{"href":"https:\/\/www.atravel.lt\/en\/wp-json\/wp\/v2\/media?parent=12685"}],"wp:term":[{"taxonomy":"product_brand","embeddable":true,"href":"https:\/\/www.atravel.lt\/en\/wp-json\/wp\/v2\/product_brand?post=12685"},{"taxonomy":"product_cat","embeddable":true,"href":"https:\/\/www.atravel.lt\/en\/wp-json\/wp\/v2\/product_cat?post=12685"},{"taxonomy":"product_tag","embeddable":true,"href":"https:\/\/www.atravel.lt\/en\/wp-json\/wp\/v2\/product_tag?post=12685"}],"curies":[{"name":"wp","href":"https:\/\/api.w.org\/{rel}","templated":true}]}}