{"id":12683,"date":"2026-03-21T15:44:51","date_gmt":"2026-03-21T13:44:51","guid":{"rendered":"https:\/\/www.atravel.lt\/produktas\/siaures-lenkija\/"},"modified":"2026-03-21T15:44:51","modified_gmt":"2026-03-21T13:44:51","slug":"siaures-lenkija","status":"publish","type":"product","link":"https:\/\/www.atravel.lt\/en\/product\/siaures-lenkija\/","title":{"rendered":"\u0160IAUR\u0116S LENKIJA"},"content":{"rendered":"<p><strong>1 day <\/strong><\/p>\n<p>\u2022 I&scaron;vykstame i&scaron; j\u016bs\u0173 pasirinkto miesto.<br \/> - Travelling through Poland.<br \/> \u2022 Atvykstame \u012f \u201eVilko guol\u012f\u201c (\u012f\u0117jimo bilietai apmokami pa\u010di\u0173 keliautoj\u0173).<br \/> \u2022 Vykstame \u012f Gdansk\u0105.<br \/> \u2022 Ekskursija po Gdansko senamiest\u012f.<br \/> \u2022 Vykstame link vie&scaron;bu\u010dio.<br \/> \u2022 \u012esik\u016brimas vie&scaron;butyje.<br \/> - Recreation.<br \/> \u2022 Nakvyn\u0117 vie&scaron;butyje. <\/p>\n<p>\u201eVilko guolis\u201c \u2013 Antrojo pasaulinio karo metu buvusi\u0105 Hitlerio b\u016bstin\u0119. Gierlo\u017eo mi&scaron;ke &scaron;i pagrindin\u0117 Hitlerio b\u016bstin\u0117 buvo prad\u0117ta statyti 1940 m. Per kar\u0105 Hitleris Europoje tur\u0117jo apie 20 karini\u0173 b\u016bstini\u0173, bet Vilko guolis buvo viena svarbiausi\u0173. Dabar \u010dia i&scaron;lik\u0119 apie 200 \u012fvairios paskirties pastat\u0173 liekan\u0173 \u2013 barak\u0173, bunkeri\u0173 ir kt. B\u016bstin\u0117je buvo netgi elektrin\u0117, gele\u017einkelio stotis ir du aerodromai.<\/p>\n<p>Gdanskas &#8211; tai vienas seniausi\u0173 &Scaron;iaur\u0117s Lenkijos miest\u0173 su \u017eavingu senamies\u010diu, kuriame gausu siaur\u0173 gatveli\u0173 bei XII-XVIII a. pastat\u0173. Dauguma j\u0173 yra atstatyti po Antrojo pasaulinio karo bombardavim\u0173, po kuri\u0173 i&scaron;liko tik apie tre\u010ddalis miesto pastat\u0173. Aplankysime miesto simbol\u012f \u2013 Nept\u016bno fontan\u0105, &Scaron;v\u010d. Mergel\u0117s Marijos katedr\u0105*, miesto rotu&scaron;\u0119, Turgaus aik&scaron;t\u0119, Arsenal\u0105, miesto vartus.<\/p>\n<p><strong>Day 2<\/strong><\/p>\n<p>\u2022 Pusry\u010diai vie&scaron;butyje.<br \/> \u2022 Vykstame \u012f Sopot\u0105.<br \/> \u2022 Pakeliui aplankoma Olivos katedra.<br \/> \u2022 Ekskursija po Sopot\u0105.<br \/> \u2022 V\u0117liau vykstame \u012f Marienburg\u0105 (\u012f\u0117jimo bilietus apmoka patys keliautojai).<br \/> \u2022 I&scaron;vykstame nam\u0173 link.<br \/> \u2022 Kelion\u0117 per Lenkij\u0105.<br \/> \u2022 Nakt\u012f sugr\u012f\u017etame \u012f namus. <\/p>\n<p>Pakeliui link Sopot\u0105. plankysime tyl\u0173, gra\u017e\u0173 Gdansko rajon\u0105, kur yra garsioji Olivos katedra &#8211; apdainuota garsiojo keliautojo Aleksandro fon Humbolto, kaip tre\u010dioji gra\u017eiausia vieta pasaulyje. Gotikin\u0117 Olivos katedra &#8211; vienas seniausi\u0173 ir labiausiai lankom\u0173 objekt\u0173 Gdansko regione. Atvykstame \u012f Sopot\u0105. Tai populiarus Lenkijos paj\u016brio kurortas, gars\u0117jantis vasaros estrada ir ilgiausiu (515 m) Baltijos j\u016bros molu. Vykstame \u012f Marienburg\u0105 &#8211; vien\u0105 did\u017eiausi\u0173 Europoje viduram\u017ei\u0173 pili\u0173. Pilies kompleks\u0105 supa tvirta gynybin\u0117 siena, puo&scaron;iama gausyb\u0117s bok&scaron;teli\u0173. Pilies viduje galima ap\u017ei\u016br\u0117ti gyvenamuosius apartamentus, koply\u010di\u0105, sarg\u0173 steb\u0117jimo postus ir koridorius, Vasaros, \u017diemos menes bei kitas patalpas. Muziejuje eksponuojami viduram\u017ei\u0173 ginklai, amatinink\u0173 dirbiniai, skulpt\u016bros, gintaro papuo&scaron;alai. Auk&scaron;tutin\u0117je pilyje kadaise buvo ir kal\u0117jimas, kuriame buvo kalinami ypatingi belaisviai, vienas i&scaron; j\u0173 buvo Lietuvos didysis kunigaik&scaron;tis K\u0119stutis.<\/p>\n<hr \/>\n<p>\u012e kelion\u0117s kain\u0105 \u012fskai\u010diuota:<\/p>\n<hr \/>\n<p>\u2022 Kelion\u0117 autobusu<br \/> \u2022 1 nakvyn\u0117s vie&scaron;butyje su pusry\u010diais.<br \/> \u2022 Kelion\u0117s vadovo-gido paslaugos.<br \/> \u2022 Ekskursin\u0117 programa<br \/> \u2022 Kelion\u0117s dokument\u0173 sutvarkymas.<\/p>\n<hr \/>\n<p>\u012e kelion\u0117s kain\u0105 ne\u012fskai\u010diuota:<\/p>\n<hr \/>\n<p>\u2022 \u012e\u0117jimo bilietai \u012f mokamas lankytinas vietas (muziejus\/ba\u017eny\u010dias ir pan.).<br \/> \u2022 35 \u20ac\/asm. priemoka u\u017e vienviet\u012f kambar\u012f, jei keliaujate vienas\/-a (jei keliaujate trise, persp\u0117kite kelioni\u0173 agent\u016br\u0105, kad pasir\u016bpint\u0173 papildoma lova J\u016bs\u0173 dvivie\u010diame kambaryje).<br \/> \u2022 Sveikatos draudimas kelion\u0117s metu.<\/p>\n<hr \/>\n<p>Pastabos:<\/p>\n<hr \/>\n<p>\u2022 Kelion\u0117s i&scaron;vykimo, atvykimo ir kiti laikai gali keistis \u2013 patikslinta informacija atsiun\u010diama \u012f elektronin\u012f pa&scaron;t\u0105 (2-3 dienas prie&scaron; kelion\u0119).<br \/> \u2022 Kelionei reikalingas pasas\/asmens tapatyb\u0117s kortel\u0117 (dokumentas turi galioti ne trumpiau nei 3 m\u0117n. po kelion\u0117s gr\u012f\u017eimo).<br \/> \u2022 U\u017e ekskursijas ar ekskursines i&scaron;vykas ir kitas papildomai mokamas paslaugas galite atsiskaityti kelioni\u0173 organizatoriaus biure arba kelion\u0117s metu kelion\u0117s vadovui. Apmok\u0117ti kelion\u0117s organizatoriui biure galima ne v\u0117liau nei likus 10 dien\u0173 iki kelion\u0117s.<br \/> \u2022 Lagaminas kuris dedamas \u012f autobuso baga\u017ein\u0119, neturi sverti daugiau nei 25 kg. <br \/> \u2022 Visos ekskursijos vedamos rus\u0173 arba lietuvi\u0173 kalba (pasitikslinti galite kelioni\u0173 agent\u016broje);<br \/> \u2022 Objekt\u0173 lankymo tvarka, skai\u010dius ir \u012f\u0117jimo biliet\u0173 kaina gali keistis.<br \/> \u2022 Muziejuose, ba\u017eny\u010diose ir kituose mokamuose objektuose kelion\u0117s vadovas ekskursij\u0173 neveda.<br \/> \u2022 \u012e\u0117jimo bilietai \u012f mokamas lankytinas vietas n\u0117ra \u012fskai\u010diuoti \u012f kelion\u0117s kain\u0105.<br \/> \u2022 Kelion\u0117s vadovas gali keisti programos eig\u0105.<br \/> \u2022 Kelion\u0117s vadovas (lydintis visos kelion\u0117s metu) informacij\u0105 pateikia lietuvi\u0173 kalba (pasitikslinti galite kelioni\u0173 agent\u016broje).<\/p>","protected":false},"excerpt":{"rendered":"<p>1 diena \u2022 I&scaron;vykstame i&scaron; j\u016bs\u0173 pasirinkto miesto. \u2022 Kelion\u0117 per Lenkijos teritorij\u0105. \u2022 Atvykstame \u012f \u201eVilko guol\u012f\u201c (\u012f\u0117jimo bilietai apmokami pa\u010di\u0173 ke&#8230;<\/p>","protected":false},"featured_media":11918,"comment_status":"open","ping_status":"closed","template":"","meta":{"om_disable_all_campaigns":false,"_monsterinsights_skip_tracking":false,"_monsterinsights_sitenote_active":false,"_monsterinsights_sitenote_note":"","_monsterinsights_sitenote_category":0},"product_brand":[],"product_cat":[669],"product_tag":[],"class_list":{"0":"post-12683","1":"product","2":"type-product","3":"status-publish","4":"has-post-thumbnail","6":"product_cat-keliones","8":"first","9":"instock","10":"virtual","11":"taxable","12":"product-type-simple"},"aioseo_notices":[],"_links":{"self":[{"href":"https:\/\/www.atravel.lt\/en\/wp-json\/wp\/v2\/product\/12683","targetHints":{"allow":["GET"]}}],"collection":[{"href":"https:\/\/www.atravel.lt\/en\/wp-json\/wp\/v2\/product"}],"about":[{"href":"https:\/\/www.atravel.lt\/en\/wp-json\/wp\/v2\/types\/product"}],"replies":[{"embeddable":true,"href":"https:\/\/www.atravel.lt\/en\/wp-json\/wp\/v2\/comments?post=12683"}],"wp:featuredmedia":[{"embeddable":true,"href":"https:\/\/www.atravel.lt\/en\/wp-json\/wp\/v2\/media\/11918"}],"wp:attachment":[{"href":"https:\/\/www.atravel.lt\/en\/wp-json\/wp\/v2\/media?parent=12683"}],"wp:term":[{"taxonomy":"product_brand","embeddable":true,"href":"https:\/\/www.atravel.lt\/en\/wp-json\/wp\/v2\/product_brand?post=12683"},{"taxonomy":"product_cat","embeddable":true,"href":"https:\/\/www.atravel.lt\/en\/wp-json\/wp\/v2\/product_cat?post=12683"},{"taxonomy":"product_tag","embeddable":true,"href":"https:\/\/www.atravel.lt\/en\/wp-json\/wp\/v2\/product_tag?post=12683"}],"curies":[{"name":"wp","href":"https:\/\/api.w.org\/{rel}","templated":true}]}}