{"id":12682,"date":"2026-03-21T15:44:51","date_gmt":"2026-03-21T13:44:51","guid":{"rendered":"https:\/\/www.atravel.lt\/produktas\/savaitgalis-krokuvoje\/"},"modified":"2026-03-21T15:44:51","modified_gmt":"2026-03-21T13:44:51","slug":"savaitgalis-krokuvoje","status":"publish","type":"product","link":"https:\/\/www.atravel.lt\/en\/product\/savaitgalis-krokuvoje\/","title":{"rendered":"SAVAITGALIS KROKUVOJE"},"content":{"rendered":"<p><strong>1 day<\/strong><\/p>\n<p>\u2022 I&scaron;vykstame i&scaron; j\u016bs\u0173 pasirinkto miesto.<br \/> \u2022 Kelion\u0117 autobusu per Lenkijos teritorij\u0105.<br \/> \u2022 Atvykstame \u012f Krokuv\u0105.<br \/> \u2022 Ekskursija p\u0117s\u010diomis po Krokuvos senamiest\u012f (lietuvi\u0173 arba rus\u0173 kalba).<br \/> - Free time after the tour.<br \/> \u2022 Nakvyn\u0117 vie&scaron;butyje.<\/p>\n<p>Krokuva \u2013 tai tre\u010dias pagal dyd\u012f Lenkijos miestas, \u012fsik\u016br\u0119s piet\u0173 Lenkijoje (760 t\u016bkst. gyventoj\u0173). Nuo 1038 m. iki 1596 m. Krokuva buvo Lenkijos sostin\u0117, kuri v\u0117liau buvo perkelta \u012f Var&scaron;uv\u0105. Krokuva \u2013 gra\u017eus ir turist\u0173 itin m\u0117gstamas miestas, alsuojantis istorija. Miestas da\u017enai vadinamas \u201eLenkijos deimantu\u201c bei \u201eKarali\u0173 ir ba\u017eny\u010di\u0173 miestu\u201c. Dabartin\u0117je Vavelio kalvoje \u017emon\u0117s gyveno jau akmens am\u017eiuje. Nuo prie&scaron;istorini\u0173 laik\u0173 Krokuvos apylink\u0117se buvo kasama druska. Dar prie&scaron; susikuriant Lenkijos valstybei, Krokuva buvo vakar\u0173 slav\u0173 vysl\u0117n\u0173 genties sostin\u0117. Pasak legendos, &scaron;ios genties kunigaik&scaron;tis Krakas gudrumu \u012fveik\u0117 Vavelio kalvoje gyvenus\u012f slibin\u0105, kur\u012f jau daugyb\u0117 riteri\u0173 nes\u0117kmingai band\u0117 nugal\u0117ti, ir \u010dia \u012fk\u016br\u0117 Krokuv\u0105. 966 m. Krokuva buvo pirm\u0105 kart\u0105 pamin\u0117ta ra&scaron;ytiniuose &scaron;altiniuose \u2013 \u017eyd\u0173 keliautojas Abrahamas ben Jakobas savo kelioni\u0173 apra&scaron;ymuose pamin\u0117jo Krokuv\u0105, kaip svarb\u0173 prekybin\u012f centr\u0105. 1257 m. Krokuvai buvo suteiktos Magdeburgo teis\u0117s, o 1386 m. \u010dia buvo pakrik&scaron;tytas Jogaila, mieste \u012fvyko ir jo vestuv\u0117s su karalaite Jadvyga.<\/p>\n<p><strong>Day 2<\/strong><\/p>\n<p>\u2022 Pusry\u010diai vie&scaron;butyje.<br \/> \u2022 Perve\u017eimas \u012f Veli\u010dkos drusk\u0173 kasykl\u0105, u\u017e \u012f\u0117jimo biliet\u0105 \u012f kasykl\u0105 moka patys keliautojai.<br \/> \u2022 Laisvas laikas Krokuvos mieste apsipirkimui.<br \/> \u2022 ~16:00 val. i&scaron;vykstame link Lietuvos.<br \/> \u2022 Pary\u010diais sugr\u012f\u017etame \u012f namus.<\/p>\n<p>Netoli Krokuvos esan\u010dioje senojoje druskos kasykloje Veli\u010dkose \u012frengta \u012fdomi ekspozicija, supa\u017eindinanti su druskos kas\u0117j\u0173 kasdienybe bei po\u017eeminiu pasauliu. Tai \u2013 2,5 km ilgio ekskursij\u0173 trasa, vedanti tuneliais, esan\u010diais 64-135 m gylyje po \u017eeme. Viena \u012fdomiausi\u0173 kasyklos viet\u0173 \u2013 po \u017eeme \u012frengta koply\u010dia, kurioje visos detal\u0117s yra i&scaron;dro\u017ein\u0117tos i&scaron; druskos. Bendras druskos kasykl\u0173 labirinto, i&scaron;sid\u0117s\u010diusio net 9 lygiais, ilgis \u2013 apie 300 km.<\/p>\n<hr \/>\n<p>\u012e kelion\u0117s kain\u0105 \u012fskai\u010diuota:<\/p>\n<hr \/>\n<p>\u2022 Kelion\u0117 autobusu.<br \/> \u2022 1 nakvyn\u0117 vie&scaron;butyje (su pusry\u010diais).<br \/> \u2022 Kelion\u0117s vadovo-gido paslaugos.<br \/> \u2022 Kelion\u0117s dokument\u0173 sutvarkymas.<\/p>\n<hr \/>\n<p>\u012e kelion\u0117s kain\u0105 ne\u012fskai\u010diuota:<\/p>\n<hr \/>\n<p>Ekskursij\u0173 ir perve\u017eim\u0173 paketas 15 \u20ac\/asm., \u012f kur\u012f \u012fskai\u010diuota:<\/p>\n<p>\u2022 Ekskursija po Krokuv\u0105.<br \/> \u2022 Perve\u017eimas \u012f Veli\u010dkos drusk\u0173 kasykl\u0105, u\u017e \u012f\u0117jimo biliet\u0105 \u012f kasykl\u0105 apmoka patys keliautojai ~95 PLN (~23 \u20ac)<\/p>\n<p>Pageidaujant:<\/p>\n<p>\u2022 \u012e\u0117jimo bilietai \u012f mokamas lankytinas vietas (muziejus\/ba\u017eny\u010dias ir pan.).<br \/> \u2022 Jei keliaujate vienas (-a), tuomet u\u017e vienviet\u012f kambar\u012f bus taikomas papildomas mokestis &#8211; 25 \u20ac\/asm.<\/p>\n<hr \/>\n<p>Pastabos:<\/p>\n<hr \/>\n<p>\u2022 KELION\u0116S DIEN\u0172 PROGRAMA GALI B\u016aTI KEI\u010cIAMA VIETOMIS D\u0116L VELI\u010cKOS DRUSK\u0172 KASYKL\u0172 REZERVACIJOS LAIKO.<br \/> \u2022 Kelion\u0117s i&scaron;vykimo, atvykimo ir kiti laikai gali keistis \u2013 patikslinta informacija atsiun\u010diama \u012f elektronin\u012f pa&scaron;t\u0105 (2-3 dienas prie&scaron; kelion\u0119 \u012f J\u016bs\u0173 elektronin\u012f pa&scaron;to adres\u0105, kuriuo registravot\u0117s \u012f kelion\u0119).<br \/> \u2022 Kelionei reikalingas pasas arba asmens tapatyb\u0117s kortel\u0117 (dokumentas turi galioti ne trumpiau nei 3 m\u0117n. po gr\u012f\u017eimo i&scaron; kelion\u0117s).<br \/> \u2022 U\u017e ekskursijas ar ekskursines i&scaron;vykas ir kitas papildomai mokamas paslaugas galite atsiskaityti kelioni\u0173 organizatoriaus biure arba kelion\u0117s metu kelion\u0117s vadovui. Sumok\u0117ti kelion\u0117s organizatoriui biure galima ne v\u0117liau nei likus 30 dien\u0173 iki kelion\u0117s.<br \/> \u2022 Lagaminas, kuris dedamas \u012f autobuso baga\u017ein\u0119, neturi sverti daugiau nei 25 kg.<br \/> \u2022 Visos ekskursijos vedamos rus\u0173 arba lietuvi\u0173 kalba (pasitikslinti galite kelioni\u0173 agent\u016broje).<br \/> \u2022 Objekt\u0173 lankymo tvarka, skai\u010dius ir \u012f\u0117jimo biliet\u0173 kaina gali keistis.<br \/> \u2022 Muziejuose, ba\u017eny\u010diose ir kituose mokamuose objektuose kelion\u0117s vadovas ekskursij\u0173 neveda.<br \/> \u2022 \u012e\u0117jimo bilietai \u012f mokamus objektus, degustacijos, vakarien\u0117s, piet\u016bs ir kt. papildomos paslaugos n\u0117ra \u012fskai\u010diuoti \u012f kelion\u0117s kain\u0105.<br \/> \u2022 Ekskursij\u0173 po miest\u0105 metu ap\u017ei\u016brimi objektai tik i&scaron; i&scaron;or\u0117s.<br \/> \u2022 Kelion\u0117s vadovas gali keisti programos eig\u0105.<br \/> \u2022 Kelion\u0117s vadovas (lydintis visos kelion\u0117s metu) informacij\u0105 pateikia lietuvi\u0173 kalba (pasitikslinti galite kelioni\u0173 agent\u016broje).<\/p>","protected":false},"excerpt":{"rendered":"<p>1 diena \u2022 I&scaron;vykstame i&scaron; j\u016bs\u0173 pasirinkto miesto. \u2022 Kelion\u0117 autobusu per Lenkijos teritorij\u0105. \u2022 Atvykstame \u012f Krokuv\u0105. \u2022 Ekskursija p\u0117s\u010diomis po Krok&#8230;<\/p>","protected":false},"featured_media":11917,"comment_status":"open","ping_status":"closed","template":"","meta":{"om_disable_all_campaigns":false,"_monsterinsights_skip_tracking":false,"_monsterinsights_sitenote_active":false,"_monsterinsights_sitenote_note":"","_monsterinsights_sitenote_category":0},"product_brand":[],"product_cat":[669],"product_tag":[],"class_list":{"0":"post-12682","1":"product","2":"type-product","3":"status-publish","4":"has-post-thumbnail","6":"product_cat-keliones","8":"first","9":"instock","10":"virtual","11":"taxable","12":"product-type-simple"},"aioseo_notices":[],"_links":{"self":[{"href":"https:\/\/www.atravel.lt\/en\/wp-json\/wp\/v2\/product\/12682","targetHints":{"allow":["GET"]}}],"collection":[{"href":"https:\/\/www.atravel.lt\/en\/wp-json\/wp\/v2\/product"}],"about":[{"href":"https:\/\/www.atravel.lt\/en\/wp-json\/wp\/v2\/types\/product"}],"replies":[{"embeddable":true,"href":"https:\/\/www.atravel.lt\/en\/wp-json\/wp\/v2\/comments?post=12682"}],"wp:featuredmedia":[{"embeddable":true,"href":"https:\/\/www.atravel.lt\/en\/wp-json\/wp\/v2\/media\/11917"}],"wp:attachment":[{"href":"https:\/\/www.atravel.lt\/en\/wp-json\/wp\/v2\/media?parent=12682"}],"wp:term":[{"taxonomy":"product_brand","embeddable":true,"href":"https:\/\/www.atravel.lt\/en\/wp-json\/wp\/v2\/product_brand?post=12682"},{"taxonomy":"product_cat","embeddable":true,"href":"https:\/\/www.atravel.lt\/en\/wp-json\/wp\/v2\/product_cat?post=12682"},{"taxonomy":"product_tag","embeddable":true,"href":"https:\/\/www.atravel.lt\/en\/wp-json\/wp\/v2\/product_tag?post=12682"}],"curies":[{"name":"wp","href":"https:\/\/api.w.org\/{rel}","templated":true}]}}