{"id":12680,"date":"2026-03-21T15:44:51","date_gmt":"2026-03-21T13:44:51","guid":{"rendered":"https:\/\/www.atravel.lt\/produktas\/kulinarinio-paveldo-keliais-zydisku-patiekalu-degustacija\/"},"modified":"2026-03-21T15:44:51","modified_gmt":"2026-03-21T13:44:51","slug":"kulinarinio-paveldo-keliais-zydisku-patiekalu-degustacija","status":"publish","type":"product","link":"https:\/\/www.atravel.lt\/en\/product\/kulinarinio-paveldo-keliais-zydisku-patiekalu-degustacija\/","title":{"rendered":"Kulinarinio paveldo keliais + \u017eydi\u0161k\u0173 patiekal\u0173 degustacija"},"content":{"rendered":"<p><strong>1 day<\/strong><\/p>\n<p>\u2022 I&scaron;vykstame i&scaron; j\u016bs\u0173 pasirinkto miesto.<br \/> \u2022 Kelion\u0117 link K\u0117daini\u0173.<br \/> \u2022 \u017dydi&scaron;k\u0173 patiekal\u0173 degustacija (papildomas mokestis).<br \/> \u2022 Ap\u017evalgin\u0117 ekskursija po K\u0117daini\u0173 senamiest\u012f.<br \/> \u2022 V\u0117liau vykstame \u012f midaus, lietuvi&scaron;ko s\u016brio ir medaus su lifolizuotomis uogomis bei \u017eolel\u0117mis edukacij\u0105 &#8211; degustacij\u0105. Dalyvausite degustacin\u0117je \u2013 pa\u017eintin\u0117je programoje \u201eMIDAUS UP\u0116S TEK\u0116JO\u2026\u201c (papildomas mokestis).<br \/> \u2022 Gr\u012f\u017etame atgal \u012f namus iki vidurnak\u010dio.<\/p>\n<p>Tikriausiai visi \u017einome, kad K\u0116DAINIAI yra agurk\u0173 kra&scaron;tas. Sakoma, kad juos \u010dia prad\u0117jo auginti atsik\u0117l\u0119 \u017eydai.<\/p>\n<p>Tod\u0117l pa\u017eint\u012f su K\u0117dainiais prad\u0117sime nuo istorijos apie \u017eydus K\u0117dainiuose ir nuo \u017eydi&scaron;k\u0173 patiekal\u0173 degustacijos.<\/p>\n<p>K\u0117daini\u0173 vardas pirm\u0105 kart\u0105 minimas dar 1372m. Nuo XIVa. vid. jie priklaus\u0117 Radviloms. 1590m. K\u0117dainiai gavo Magdeburgo teises. K\u0117daini\u0173 senamiestis \u2013 architekt\u016brinis ir archeologinis paminklas. \u010cia yra svarbiausi miesto statiniai: gotikin\u0117 &Scaron;v. Jurgio ba\u017eny\u010dia, rotu&scaron;\u0117, rektori\u0173 namai, evangelik\u0173 reformat\u0173 bei evangelik\u0173 liuteron\u0173 ba\u017eny\u010dios, karmelit\u0173 vienuolynas ir kt.<\/p>\n<p>K\u0117dainiai yra vienas i&scaron; 7 Lietuvos miest\u0173, turintis unikal\u0173 senamiest\u012f.<\/p>\n<p>V\u0117liau so\u010diai pavalg\u0119 keliausime \u012f midaus darykl\u0105.<\/p>\n<p>Ten pasi\u016blysime Jums susipa\u017einti su seniausio lietuvi\u0173 alkoholinio g\u0117rimo istorija, vartojimo papro\u010diais ir gamybos ypatumais.<\/p>\n<p>Jos metu m\u016bs\u0173 keliautojai :<br \/> &#8211; susipa\u017eins su midininku, jo &scaron;eima, midaus istorija, vartojimo tradicijomis,<br \/> &#8211; degustuos 9 skirtingas midaus r\u016b&scaron;is,<br \/> &#8211; vai&scaron;insis medumi, \u012fvairiais medaus mi&scaron;iniais (su \u012fvairiomis \u017eolel\u0117mis bei lifolizuotomis uogomis) su naminiu s\u016briu (turime savo bityn\u0105),<br \/> &#8211; dalyvaus viktorinoje, kurios nugal\u0117toj\u0173 lauks netik\u0117ti prizai.<\/p>\n<p>Midus &#8211; tai nat\u016bralios fermentacijos, nespirituotas alkoholinis g\u0117rimas. Midus gaminamas i&scaron; bi\u010di\u0173 medaus. Ir J\u016bs tur\u0117sime galimyb\u0119 juo pasim\u0117gauti ir apie j\u012f daugiau su\u017einoti bei \u012fsigyti lauktuv\u0117ms.<br \/> &Scaron;eimininkai u\u017e ger\u0105 kain\u0105 Jums parduos savo gamybos midaus lauktuv\u0117ms \uf04a<\/p>\n<p>I&scaron; midininko sodybos lauktuvi\u0173 parsive&scaron;ite nuostabaus kvapo ir skonio Europoje apdovanojimais \u012fvertinto midaus.<\/p>\n<hr \/>\n<p><strong>\u012e kelion\u0117s kain\u0105 \u012fskai\u010diuota:<\/strong><\/p>\n<hr \/>\n<p>\u2022 Kelion\u0117 autobusu.<br \/> \u2022 Kelion\u0117s vadovo-gido paslaugos.<br \/> \u2022 Kelion\u0117s dokument\u0173 sutvarkymas.<br \/> \u2022 Ekskursija po K\u0117daini\u0173 senamiest\u012f ir kelion\u0117s metu.<br \/> \u2022 Perve\u017eimai visos kelion\u0117s metu.<\/p>\n<hr \/>\n<p><strong>\u012e kelion\u0117s kain\u0105 ne\u012fskai\u010diuota:<\/strong><\/p>\n<hr \/>\n<p>\u2022 \u012e\u0117jimo bilietai \u012f mokamas lankytinas vietas (dvarus\/muziejus\/ba\u017eny\u010dias ir pan.).<br \/> \u2022 Sveikatos draudimas kelion\u0117s metu.<br \/> \u2022 \u017dydi&scaron;k\u0173 patiekal\u0173 degustacija &#8230; \u20ac\/asm.<br \/> \u2022 Degustacin\u0117 \u2013 pa\u017eintin\u0117 programa \u201eMIDAUS UP\u0116S TEK\u0116JO\u201c \u2013 &#8230; \u20ac\/asm.<\/p>\n<hr \/>\n<p><strong>Pastabos:<\/strong><\/p>\n<hr \/>\n<p>\u2022 Kelion\u0117s i&scaron;vykimo, atvykimo ir kiti laikai gali keistis \u2013 patikslinta informacija atsiun\u010diama \u012f elektronin\u012f pa&scaron;t\u0105 (2-3 dienas prie&scaron; kelion\u0119).<br \/> \u2022 Visos ekskursijos vedamos lietuvi\u0173 kalba.<br \/> \u2022 Objekt\u0173 lankymo tvarka, skai\u010dius ir \u012f\u0117jimo biliet\u0173 kaina gali keistis.<br \/> \u2022 Muziejuose, ba\u017eny\u010diose ir kituose mokamuose objektuose kelion\u0117s vadovas ekskursij\u0173 neveda.<br \/> \u2022 \u012e\u0117jimo bilietai \u012f mokamas lankytinas vietas (dvarus\/muziejus\/ba\u017eny\u010dias ir pan.) n\u0117ra \u012fskai\u010diuoti \u012f kelion\u0117s kain\u0105.<br \/> \u2022 Kelion\u0117s vadovas gali keisti programos eig\u0105.<br \/> \u2022 Nepamir&scaron;kite \u012f kelion\u0119 pasiimti paso\/asmens tapatyb\u0117s kortel\u0117s, galiojan\u010dio\/-s ne trumpiau nei 3 m\u0117nesius po gr\u012f\u017eimo i&scaron; kelion\u0117s datos.<\/p>","protected":false},"excerpt":{"rendered":"<p>1 diena \u2022 I&scaron;vykstame i&scaron; j\u016bs\u0173 pasirinkto miesto. \u2022 Kelion\u0117 link K\u0117daini\u0173. \u2022 \u017dydi&scaron;k\u0173 patiekal\u0173 degustacija (papildomas mokestis). \u2022 Ap\u017evalgin&#8230;<\/p>","protected":false},"featured_media":11915,"comment_status":"open","ping_status":"closed","template":"","meta":{"om_disable_all_campaigns":false,"_monsterinsights_skip_tracking":false,"_monsterinsights_sitenote_active":false,"_monsterinsights_sitenote_note":"","_monsterinsights_sitenote_category":0},"product_brand":[],"product_cat":[669],"product_tag":[],"class_list":{"0":"post-12680","1":"product","2":"type-product","3":"status-publish","4":"has-post-thumbnail","6":"product_cat-keliones","8":"first","9":"instock","10":"virtual","11":"taxable","12":"product-type-simple"},"aioseo_notices":[],"_links":{"self":[{"href":"https:\/\/www.atravel.lt\/en\/wp-json\/wp\/v2\/product\/12680","targetHints":{"allow":["GET"]}}],"collection":[{"href":"https:\/\/www.atravel.lt\/en\/wp-json\/wp\/v2\/product"}],"about":[{"href":"https:\/\/www.atravel.lt\/en\/wp-json\/wp\/v2\/types\/product"}],"replies":[{"embeddable":true,"href":"https:\/\/www.atravel.lt\/en\/wp-json\/wp\/v2\/comments?post=12680"}],"wp:featuredmedia":[{"embeddable":true,"href":"https:\/\/www.atravel.lt\/en\/wp-json\/wp\/v2\/media\/11915"}],"wp:attachment":[{"href":"https:\/\/www.atravel.lt\/en\/wp-json\/wp\/v2\/media?parent=12680"}],"wp:term":[{"taxonomy":"product_brand","embeddable":true,"href":"https:\/\/www.atravel.lt\/en\/wp-json\/wp\/v2\/product_brand?post=12680"},{"taxonomy":"product_cat","embeddable":true,"href":"https:\/\/www.atravel.lt\/en\/wp-json\/wp\/v2\/product_cat?post=12680"},{"taxonomy":"product_tag","embeddable":true,"href":"https:\/\/www.atravel.lt\/en\/wp-json\/wp\/v2\/product_tag?post=12680"}],"curies":[{"name":"wp","href":"https:\/\/api.w.org\/{rel}","templated":true}]}}