{"id":12679,"date":"2026-03-21T15:44:51","date_gmt":"2026-03-21T13:44:51","guid":{"rendered":"https:\/\/www.atravel.lt\/produktas\/klasikine-ryga-1-d\/"},"modified":"2026-03-21T15:44:51","modified_gmt":"2026-03-21T13:44:51","slug":"klasikine-ryga-1-d","status":"publish","type":"product","link":"https:\/\/www.atravel.lt\/en\/product\/klasikine-ryga-1-d\/","title":{"rendered":"Klasikin\u0117 Ryga 1 d."},"content":{"rendered":"<p><strong>1 day<\/strong><\/p>\n<p>\u2022 I&scaron;vykstame i&scaron; j\u016bs\u0173 pasirinkto miesto.<br \/> \u2022 Kelion\u0117 per Lietuvos ir Latvijos teritorij\u0105.<br \/> \u2022 Pasirinkimui si\u016blome: apsilankyti Rundal\u0117s dvare (\u012f\u0117jimo biliet\u0105 ir gido paslaugas apmoka pats keliautojas) arba ekskursija po Bausk\u0119.<br \/> \u2022 T\u0119siame kelion\u0119 ir vykstame link Rygos.<br \/> \u2022 Ekskursija po Rygos senamiest\u012f.<br \/> \u2022 Laisvas laikas Rygos mieste.<br \/> \u2022 V\u0117lai vakare gr\u012f\u017etame namo.<\/p>\n<p>Rundal\u0117 \u2013 senosiose \u017diemgalos \u017eem\u0117se, pa\u010diame Lietuvos \u2013 Latvijos pasienyje. R\u016bm\u0173 ansamblis pla\u010diai pasaulyje \u017einomas ir kitu pavadinimu \u2013 Baltijos Versalis. Rundal\u0117s dvaras, vienas \u017eymiausi\u0173 baroko ir rokoko architekt\u016bros stiliaus paminklas Latvijoje, buvo statomas 1736 m.-1740 m. R\u016bmai buvo statomi pagal ital\u0173 architekto Bartalom\u0117jaus Fran\u010desko Rastrelio projekt\u0105 kaip Kur\u017eem\u0117s hercogo, Rusijos carien\u0117s Anos Joanovnos favorito Ernesto Johano Birono vasaros rezidencija.<\/p>\n<p>Bausk\u0117 \u2013 tai Latvijos miestelis, alsuojantis istorija. M\u016b&scaron;os ir Nemun\u0117lio santakos pusiasalyje kalavijuo\u010diai 1456m. pastat\u0117 pil\u012f, kuri\u0105 pavadino Boszenborchu, o v\u0117liau \u012fsik\u016brusi\u0105 gyvenviet\u0119, pavadint\u0105 Bauskenburgu. Ilgus am\u017eius Bausk\u0119 niokojo karai ir maro epidemijos. Per Bausk\u0119 \u0117jo preki\u0173 mainai tarp Vilniaus, Kauno ir Rygos.<\/p>\n<p>Ryga \u2013 tai ne tik, Latvijos, bet ir visos Baltijos perlas. &Scaron;is miestas \u2013 viena gra\u017eiausi\u0173 Europos sostini\u0173. Ryga \u012ftraukta \u012f UNESCO Pasaulio kult\u016bros ir gamtos paveldo s\u0105ra&scaron;\u0105. Ji \u012fsik\u016brusi &scaron;alies centre, Rygos \u012flankos piet\u0173 pakra&scaron;tyje, Dauguvos up\u0117s deltoje. Miestas skai\u010diuoja jau daugiau kaip 800 met\u0173. Senoji Ryga &#8211; jauki\u0173 senamies\u010dio galveli\u0173, aik&scaron;\u010di\u0173, ba\u017eny\u010di\u0173 miestas. Jame yra nuostabaus gro\u017eio Rygos katedra, kurios statyba prasid\u0117jo XIII a., o taip pat gotikin\u0117 &Scaron;v. Petro ba\u017eny\u010dia, &Scaron;v. Jok\u016bbo katedra, kurioje yra Romos katalik\u0173 ba\u017eny\u010dios kardinolo rezidencija, &Scaron;v. Juro ba\u017eny\u010dia, vadinta Balt\u0105ja akmenine pilimi, gra\u017eioji Senosios Rygos sinagoga, &Scaron;v. Dvasios konvento kiemas, Danen&scaron;terno namas, gyvenam\u0173j\u0173 nam\u0173 kompleksas \u201eTrys broliai\u201c, Rygos pilis ir kt.<\/p>\n<p>Viduram\u017eiais Ryga buvo galingas Hanzos s\u0105jungos, vienijusios Baltijos regiono ir &Scaron;iaur\u0117s Vokietijos pirklius, uostamiestis. Hanzos epoch\u0105 primena istorin\u0117s Did\u017eioji ir Ma\u017eoji gildijos, taip pat rekonstruoti Melngalvi\u0173 r\u016bmai. &Scaron;iuos pastatus anuomet augan\u010diame mieste pastat\u0117 amatinink\u0173 ir meninink\u0173 gildijos. Senoji Ryga \u2013 tai architekt\u016bros ir senov\u0117s &scaron;edevras, prisitaik\u0119s prie XXI a. turist\u0173 sraut\u0173: \u010dia \u012fsik\u016br\u0119 patog\u016bs vie&scaron;bu\u010diai, daugyb\u0117 restoran\u0173 ir poilsio viet\u0173.<\/p>\n<hr \/>\n<p>\u012e kelion\u0117s kain\u0105 \u012fskai\u010diuota:<\/p>\n<hr \/>\n<p>\u2022 Kelion\u0117 autobusu.<br \/> \u2022 Kelion\u0117s vadovo-gido paslaugos.<br \/> \u2022 Ekskursija po Rygos senamiest\u012f.<br \/> \u2022 Apsilankymas Rundal\u0117s dvare arba ekskursija po Bausk\u0119.<br \/> \u2022 Kelion\u0117s dokument\u0173 sutvarkymas.<\/p>\n<hr \/>\n<p>\u012e kelion\u0117s kain\u0105 ne\u012fskai\u010diuota:<\/p>\n<hr \/>\n<p>\u2022 \u012e\u0117jimo bilietai \u012f mokamas lankytinas vietas (muziejus\/ba\u017eny\u010dias ir pan.).<br \/> \u2022 Sveikatos draudimas kelion\u0117s metu.<\/p>\n<hr \/>\n<p>Pastabos:<\/p>\n<hr \/>\n<p>\u2022 *Kelion\u0117s i&scaron;vykimo, atvykimo ir kiti laikai gali keistis \u2013 patikslinta informacija atsiun\u010diama (2-3 dienas prie&scaron; kelion\u0119).<br \/> \u2022 Visos ekskursijos vedamos rus\u0173 kalba.<br \/> \u2022 Objekt\u0173 lankymo tvarka, skai\u010dius ir \u012f\u0117jimo biliet\u0173 kaina gali keistis.<br \/> \u2022 Muziejuose, ba\u017eny\u010diose ir kituose mokamuose objektuose kelion\u0117s vadovas ekskursij\u0173 neveda.<br \/> \u2022 \u012e\u0117jimo bilietai \u012f mokamas lankytinas vietas (muziejus\/ba\u017eny\u010dias ir pan.) n\u0117ra \u012fskai\u010diuoti \u012f kelion\u0117s kain\u0105.<br \/> \u2022 Kelion\u0117s vadovas gali keisti programos eig\u0105.<br \/> \u2022 Nepamir&scaron;kite \u012f kelion\u0119 pasiimti paso\/asmens tapatyb\u0117s kortel\u0117s, galiojan\u010dio\/-s ne trumpiau nei 3\/6 m\u0117nesius po gr\u012f\u017eimo i&scaron; kelion\u0117s datos.<\/p>","protected":false},"excerpt":{"rendered":"<p>1 diena \u2022 I&scaron;vykstame i&scaron; j\u016bs\u0173 pasirinkto miesto. \u2022 Kelion\u0117 per Lietuvos ir Latvijos teritorij\u0105. \u2022 Pasirinkimui si\u016blome: apsilankyti Rundal\u0117s dvare&#8230;<\/p>","protected":false},"featured_media":11914,"comment_status":"open","ping_status":"closed","template":"","meta":{"om_disable_all_campaigns":false,"_monsterinsights_skip_tracking":false,"_monsterinsights_sitenote_active":false,"_monsterinsights_sitenote_note":"","_monsterinsights_sitenote_category":0},"product_brand":[],"product_cat":[669],"product_tag":[],"class_list":{"0":"post-12679","1":"product","2":"type-product","3":"status-publish","4":"has-post-thumbnail","6":"product_cat-keliones","8":"first","9":"instock","10":"virtual","11":"taxable","12":"product-type-simple"},"aioseo_notices":[],"_links":{"self":[{"href":"https:\/\/www.atravel.lt\/en\/wp-json\/wp\/v2\/product\/12679","targetHints":{"allow":["GET"]}}],"collection":[{"href":"https:\/\/www.atravel.lt\/en\/wp-json\/wp\/v2\/product"}],"about":[{"href":"https:\/\/www.atravel.lt\/en\/wp-json\/wp\/v2\/types\/product"}],"replies":[{"embeddable":true,"href":"https:\/\/www.atravel.lt\/en\/wp-json\/wp\/v2\/comments?post=12679"}],"wp:featuredmedia":[{"embeddable":true,"href":"https:\/\/www.atravel.lt\/en\/wp-json\/wp\/v2\/media\/11914"}],"wp:attachment":[{"href":"https:\/\/www.atravel.lt\/en\/wp-json\/wp\/v2\/media?parent=12679"}],"wp:term":[{"taxonomy":"product_brand","embeddable":true,"href":"https:\/\/www.atravel.lt\/en\/wp-json\/wp\/v2\/product_brand?post=12679"},{"taxonomy":"product_cat","embeddable":true,"href":"https:\/\/www.atravel.lt\/en\/wp-json\/wp\/v2\/product_cat?post=12679"},{"taxonomy":"product_tag","embeddable":true,"href":"https:\/\/www.atravel.lt\/en\/wp-json\/wp\/v2\/product_tag?post=12679"}],"curies":[{"name":"wp","href":"https:\/\/api.w.org\/{rel}","templated":true}]}}