{"id":12678,"date":"2026-03-21T15:44:51","date_gmt":"2026-03-21T13:44:51","guid":{"rendered":"https:\/\/www.atravel.lt\/produktas\/seliu-kulturinis-paveldas\/"},"modified":"2026-03-21T15:44:51","modified_gmt":"2026-03-21T13:44:51","slug":"seliu-kulturinis-paveldas","status":"publish","type":"product","link":"https:\/\/www.atravel.lt\/en\/product\/seliu-kulturinis-paveldas\/","title":{"rendered":"S\u0117li\u0173 kult\u016brinis paveldas"},"content":{"rendered":"<p><strong>1 day<\/strong><\/p>\n<p>\u2022 I&scaron;vykstame i&scaron; j\u016bs\u0173 pasirinkto miesto.<br \/> \u2022 Kelion\u0117 link Sart\u0173 regioninio parko.<br \/> \u2022 ~11.00 val. atvykstame \u012f Dusetas.<br \/> \u2022 Ekskursin\u0117s i&scaron;vykos po Sart\u0173 regionin\u012f park\u0105 ( Dusetos, Antazav\u0117, Bobri&scaron;kis, Tarnava ).<br \/> \u2022 Laisvas laikas prie Sart\u0173 e\u017eero arba si\u016b- lome ekskursij\u0105 \u012f Roki&scaron;k\u012f ir Obelius ( u\u017e papildom\u0105 mokest\u012f ).<br \/> \u2022 Apie 18.00 val. vykstame link Vilniaus.<br \/> \u2022 21.00 val. gr\u012f\u017etame \u012f Vilni\u0173.<\/p>\n<p>Sart\u0173 regioninis parkas \u012fsteigtas 1992m. siekiant i&scaron;saugoti unikalioje dubakloni\u0173 sankirtoje susiformavus\u012f Sart\u0173 e\u017eero kra&scaron;tovaizd\u012f, jo gamtin\u0119 ekosistem\u0105 bei kult\u016bros paveldo vertybes. Regioninio parko plotas 12 107 ha.<\/p>\n<p>Parko teritorijoje gausu unikali\u0173 vertybi\u0173, atspindin\u010di\u0173 &scaron;io kra&scaron;to kult\u016brin\u012f palikim\u0105 nuo akmens am\u017eiaus laik\u0173. Archeologiniai radiniai byloja, kad Ryt\u0173 Auk&scaron;taitijoje \u017emon\u0117s apsigyveno IX \u2013 IV a. pr. Kr. Pirmieji gyventojai buvo suomi\u0173 \u2013 ugr\u0173 klajokliai ir \u017evejai. Balt\u0173 prot\u0117viai &scaron;iame kra&scaron;te apsigyveno naujajame akmens am\u017eiuje \u2013 tai s\u0117liai.<\/p>\n<p>I&scaron; architekt\u016bros vertybi\u0173 i&scaron;siskiria ba\u017enytiniu dail\u0117s palikimu turtinga Duset\u0173 &Scaron;v. Trejyb\u0117s ba\u017eny\u010dia ir baroko stiliaus m\u016brin\u0117 keturi\u0173 auk&scaron;t\u0173 varpin\u0117. 18 a. pab. architekt\u016bros paminklas \u2013 medin\u0117, t\u0105&scaron;yt\u0173 r\u0105st\u0173, pastatyta nenaudojant vini\u0173 Antazav\u0117s ,Dievo Apvaizdos ba\u017eny\u010dia, pagal Stuokos-Gucevi\u010diaus projekt\u0105 grafo Liudviko Pliaterio 18 a. pab. pastatyti m\u016briniai, iki dabarties i&scaron;silaik\u0119 Antazav\u0117s dvaro r\u016bmai. Dar vienas \u012fdomus medinis kult\u016bros paveldo objektas \u2013 Bobri&scaron;kio sentiki\u0173 cerkv\u0117. 19 a. pr. caro vald\u017eiai suintensyvinus sentiki\u0173 persekiojim\u0105, Bobri&scaron;kis tapo svarbiausiu religijos centru &Scaron;iaur\u0117s Lietuvoje. Dar vienas paminklas \u2013 Tarnavos dvaras.<\/p>\n<p>ROKI&Scaron;KIO dvaras minimas 1499 m. \u010cia 17 a. pr. buvo pastatyta m\u016brin\u0117 pilait\u0117. Bok&scaron;tas i&scaron;lik\u0119s miesto rytin\u0117je dalyje. Roki&scaron;kio valdytojas I. Tyzenhauzas 1801 m. pastatydino dvaro r\u016bmus. Kita miesto \u012f\u017eymyb\u0117 \u2013 neogotikin\u0117 raudon\u0173 plyt\u0173 ba\u017eny\u010dia su 60m auk&scaron;\u010dio bok&scaron;tu. Tai viena \u012fsp\u016bdingiausi\u0173 Lietuvos ba\u017eny\u010di\u0173. Mieste yra R. Antinio 1931 m. sukurtas Laisv\u0117s paminklas.<\/p>\n<p>Obeli\u0173 dvaras minimas 1509m. Miestelis priklaus\u0117 did\u017eiajam kunigaik&scaron;\u010diui. 1877m. veik\u0117 slapta lietuvi\u0173 mokykla, buvo knygne&scaron;i\u0173. 1918-1919m. raudonarmie\u010di\u0173 padedama \u010dia aktyviai k\u016br\u0117si soviet\u0173 vald\u017eia. Hitlerininkai miestelyje nu\u017eud\u0117 apie 1100 \u017eyd\u0173. Obeli\u0173 e\u017e. \u2013 vandens pauk&scaron;\u010di\u0173 draustinis.<\/p>\n<hr \/>\n<p>\u012e kelion\u0117s kain\u0105 \u012fskai\u010diuota:<\/p>\n<hr \/>\n<p>\u2022 Kelion\u0117 autobusu.<br \/> \u2022 Kelion\u0117s vadovo-gido paslaugos.<br \/> \u2022 Ekskursija po Sart\u0173 regionin\u012f park\u0105.<br \/> \u2022 Kelion\u0117s dokument\u0173 sutvarkymas.<\/p>\n<hr \/>\n<p>\u012e kelion\u0117s kain\u0105 ne\u012fskai\u010diuota:<\/p>\n<hr \/>\n<p>\u2022 \u012e\u0117jimo bilietai \u012f mokamas lankytinas vietas (muziejus\/ba\u017eny\u010dias ir pan.).<br \/> \u2022 Sveikatos draudimas kelion\u0117s metu.<\/p>\n<hr \/>\n<p>Pastabos:<\/p>\n<hr \/>\n<p>\u2022 *Kelion\u0117s i&scaron;vykimo, atvykimo ir kiti laikai gali keistis \u2013 patikslinta informacija atsiun\u010diama (2-3 dienas prie&scaron; kelion\u0119).<br \/> \u2022 Visos ekskursijos vedamos lietuvi\u0173 kalba.<br \/> \u2022 Objekt\u0173 lankymo tvarka, skai\u010dius ir \u012f\u0117jimo biliet\u0173 kaina gali keistis.<br \/> \u2022 Muziejuose, ba\u017eny\u010diose ir kituose mokamuose objektuose kelion\u0117s vadovas ekskursij\u0173 neveda.<br \/> \u2022 \u012e\u0117jimo bilietai \u012f mokamas lankytinas vietas (muziejus\/ba\u017eny\u010dias ir pan.) n\u0117ra \u012fskai\u010diuoti \u012f kelion\u0117s kain\u0105.<br \/> \u2022 Kelion\u0117s vadovas gali keisti programos eig\u0105.<br \/> \u2022 Nepamir&scaron;kite \u012f kelion\u0119 pasiimti paso\/asmens tapatyb\u0117s kortel\u0117s, galiojan\u010dio\/-s ne trumpiau nei 3\/6 m\u0117nesius po gr\u012f\u017eimo i&scaron; kelion\u0117s datos.<\/p>","protected":false},"excerpt":{"rendered":"<p>1 diena \u2022 I&scaron;vykstame i&scaron; j\u016bs\u0173 pasirinkto miesto. \u2022 Kelion\u0117 link Sart\u0173 regioninio parko. \u2022 ~11.00 val. atvykstame \u012f Dusetas. \u2022 Ekskursin\u0117s i&scaron;&#8230;<\/p>","protected":false},"featured_media":11913,"comment_status":"open","ping_status":"closed","template":"","meta":{"om_disable_all_campaigns":false,"_monsterinsights_skip_tracking":false,"_monsterinsights_sitenote_active":false,"_monsterinsights_sitenote_note":"","_monsterinsights_sitenote_category":0},"product_brand":[],"product_cat":[669],"product_tag":[],"class_list":{"0":"post-12678","1":"product","2":"type-product","3":"status-publish","4":"has-post-thumbnail","6":"product_cat-keliones","8":"first","9":"instock","10":"virtual","11":"taxable","12":"product-type-simple"},"aioseo_notices":[],"_links":{"self":[{"href":"https:\/\/www.atravel.lt\/en\/wp-json\/wp\/v2\/product\/12678","targetHints":{"allow":["GET"]}}],"collection":[{"href":"https:\/\/www.atravel.lt\/en\/wp-json\/wp\/v2\/product"}],"about":[{"href":"https:\/\/www.atravel.lt\/en\/wp-json\/wp\/v2\/types\/product"}],"replies":[{"embeddable":true,"href":"https:\/\/www.atravel.lt\/en\/wp-json\/wp\/v2\/comments?post=12678"}],"wp:featuredmedia":[{"embeddable":true,"href":"https:\/\/www.atravel.lt\/en\/wp-json\/wp\/v2\/media\/11913"}],"wp:attachment":[{"href":"https:\/\/www.atravel.lt\/en\/wp-json\/wp\/v2\/media?parent=12678"}],"wp:term":[{"taxonomy":"product_brand","embeddable":true,"href":"https:\/\/www.atravel.lt\/en\/wp-json\/wp\/v2\/product_brand?post=12678"},{"taxonomy":"product_cat","embeddable":true,"href":"https:\/\/www.atravel.lt\/en\/wp-json\/wp\/v2\/product_cat?post=12678"},{"taxonomy":"product_tag","embeddable":true,"href":"https:\/\/www.atravel.lt\/en\/wp-json\/wp\/v2\/product_tag?post=12678"}],"curies":[{"name":"wp","href":"https:\/\/api.w.org\/{rel}","templated":true}]}}