{"id":12677,"date":"2026-03-21T15:44:51","date_gmt":"2026-03-21T13:44:51","guid":{"rendered":"https:\/\/www.atravel.lt\/produktas\/edukacine-ekskursija-po-birstona\/"},"modified":"2026-03-21T15:44:51","modified_gmt":"2026-03-21T13:44:51","slug":"edukacine-ekskursija-po-birstona","status":"publish","type":"product","link":"https:\/\/www.atravel.lt\/en\/product\/edukacine-ekskursija-po-birstona\/","title":{"rendered":"Edukacin\u0117 ekskursija po Bir\u0161ton\u0105"},"content":{"rendered":"<p><strong>1 day <\/strong><\/p>\n<p>\u2022 Anksti ryte i&scaron;vykstame i&scaron; j\u016bs\u0173 pasirinkto miesto.<br \/> \u2022 SRAIGI\u0172 \u016aKIS<br \/> \u2022 STAKLI&Scaron;K\u0116S<br \/> \u2022 BIR&Scaron;TONAS<br \/> \u2022 BIR&Scaron;TONO CENTRINIS PARKAS<br \/> \u2022 VYTAUTO PARKAS-KALNAS<br \/> \u2022 KURHAUZAS<br \/> \u2022 &Scaron;K\u0116VONI\u0172 ATODANGA<br \/> \u2022 \u017dV\u0116RIN\u010cIAUS MI&Scaron;KAS<br \/> \u2022 BIR&Scaron;TONO MUZIEJUS<br \/> \u2022 BIR&Scaron;TONO NEMUNO KRANTIN\u0116<br \/> \u2022 VYTAUTO DI\u017dIOJO SKULPT\u016aROS PARKAS<br \/> \u2022 MINERALINIO VANDENS PAVILJONAS \u201cBIRUT\u0116S VILA\u201d<br \/> \u2022 DRUSKUPIS-MINERALINIO VANDENS GARINIMO STATINYS<br \/> \u2022 KNEIPO SODAS<br \/> \u2022 NEMUNO KILP\u0172 REGIONINIS PARKAS<br \/> \u2022 BIR&Scaron;TONO AP\u017dVALGOS BOK&Scaron;TAS<br \/> \u2022 SOFIJOS &Scaron;ALTINIS<br \/> \u2022 VYTAUTAS MINERAL SPA BIBLIOTEKA<br \/> \u2022 LITO IR EURO PAMINKLAI<br \/> \u2022 NEMUNO VINGI\u0172 TAKAS(PARKAS)<br \/> \u2022 JODIN\u0116JIMAS \u017dIRGAIS<\/p>\n<p>Neatrastasis Bir&scaron;tonas \u2013 edukacija \u012f sraigi\u0173 \u016bk\u012f. Aplankysime sraigi\u0173 \u016bk\u012f, kur ekskursijos metu su\u017einosite apie sraigi\u0173 gyvenimo ypatumus, j\u0173 m\u0117sos maistines savybes bei istorinius faktus, susipa\u017einsite su sraigi\u0173 auginimo ypatumais. Programos pabaig\u0105 vainikuoja \u201cSraigi\u0173 burgundi&scaron;kai\u201d, paruo&scaron;t\u0173 \u017eidinyje, degustacija. <\/p>\n<p>Toliau keliaujame \u012f Stakli&scaron;kes (galimyb\u0117 mokytojams dalyvauti midaus degustacijoje). Po ekskursijos keliausite \u012f Bir&scaron;ton\u0105, susipa\u017einsite su Bir&scaron;tono miestelio istorija, i&scaron;bandysite KNEIP proced\u016bras po atviru dangumi, paragausite Vytauto mineralinio vandens. <br \/> Yra galimyb\u0117 pavalgyti pietus ir susipa\u017einti su \u201eEgl\u0117s\u201c sanatorija. \u201ePuponaut\u0173 namelyje\u201c gal\u0117site pakv\u0117puoti druskomis prisotintu oru.<\/p>\n<p>Vytauto kalnas yra vienas i&scaron; \u017einomiausi\u0173 ir auk&scaron;\u010diausi\u0173 piliakalni\u0173 Lietuvoje. \u010cia stov\u0117jo medin\u0117 pilis, saugojusi Trak\u0173 kunigaik&scaron;tyst\u0119 nuo kry\u017eiuo\u010di\u0173 puldin\u0117jim\u0173. Atvyk\u0119 \u012f Bir&scaron;ton\u0105 b\u016btinai \u012fkopkite \u012f Vytauto kaln\u0105. \u012eveik\u0119 laiptais 40 m auk&scaron;\u010dio &scaron;lait\u0105 gal\u0117site atsikv\u0117pti puikiai sutvarkytoje aik&scaron;tel\u0117je. Nuo jos atsiveria nuostabi panorama \u012f Bir&scaron;tono miestel\u012f ir Nemuno ving\u012f. Vaizdas gra\u017eus visais met\u0173 laikais, tod\u0117l lipimas \u012f Vytauto kaln\u0105 tapo Bir&scaron;tono sve\u010di\u0173 ritualu. Be to, tai m\u0117gstamiausia ir asmenuki\u0173 m\u0117g\u0117j\u0173, ir dailinink\u0173 vieta visame kurorte.<\/p>\n<p>Kurhauzo viduje rasite dail\u0117s parod\u0105 ir istorines pastato nuotraukas, kurias galite palyginti su dabartiniu vaizdu. Pastatas atlaik\u0117 karus, buvo tausojamas net sovietme\u010diu, tod\u0117l jo i&scaron;vaizda per pastaruosius 150 met\u0173 nedaug tepasikeit\u0117. Pasak architekt\u0173, kurhauzas suprojektuotas derinant modernistin\u012f stili\u0173 su tautiniais motyvais. 2006 m. pripa\u017eintas valstybin\u0117s reik&scaron;m\u0117s architekt\u016bros paveldu.<\/p>\n<p>&Scaron;k\u0117voni\u0173 atodanga yra viena \u017einomiausi\u0173 kvartero am\u017eiaus uolien\u0173 atodang\u0173 Nemuno sl\u0117nio &scaron;laituose. Ji \u012ftraukta ir \u012f vertingiausi\u0173 &Scaron;iaur\u0117s Vakar\u0173 Europoje geologini\u0173 objekt\u0173 s\u0105ra&scaron;\u0105. Daugiau nei pus\u0119 kilometro besit\u0119sianti, iki 33 m auk&scaron;\u010dio atodanga \u2013 unikalaus &Scaron;k\u0117voni\u0173 g\u016bbrio pj\u016bvis, su ry&scaron;kiais dviej\u0173 paskutini\u0173j\u0173 ledynme\u010di\u0173 ir tarpledynme\u010dio nuogul\u0173 sluoksniais. Siauriausioje vietoje g\u016bbrio plotis ma\u017eiau nei 100 m, o pla\u010diausioje \u2013 kiek daugiau kaip 400 m.<\/p>\n<p>Oficialiai \u017dv\u0117rin\u010diaus sveikatingumo takas prasideda ties Turizmo informacijos centru &scaron;alia Vytauto parko, tuomet sveikatingumo takas pailg\u0117ja iki 15 km. Mi&scaron;k\u0105 puo&scaron;ia \u012fsp\u016bdingos med\u017eio skulpt\u016bros ir gamtos paminklai. \u010cia rasite legendomis apipint\u0105 \u0105\u017euol\u0105, po kuriuo neva s\u0117d\u0117dav\u0119s pats Lietuvos didysis kunigaik&scaron;tis Vytautas. Tiesa 2005 m. pra\u016b\u017eus uraganui gali\u016bnas i&scaron;virto, tad j\u012f galima pamatyti gulint\u012f pama\u017eu dengiam\u0105 saman\u0173 sluoksnio. Visai &scaron;alia \u2013 vos keliose vietose Lietuvoje terandama pu&scaron;is su sijon\u0117lius primenan\u010diomis \u201eapykakl\u0117mis\u201c.<\/p>\n<p>Bir&scaron;tono muziejuje did\u017eiausia ekspozicijos dalis skirta kurortiniam Bir&scaron;tono laikotarpiui nuo caro laik\u0173 iki m\u016bs\u0173 dien\u0173. &Scaron;iek tiek eskponat\u0173 mena viduram\u017eius ir karali&scaron;kos rezidencijos laikus. Tai \u2013 aplinkini\u0173 piliakalni\u0173 archeologiniai radiniai, buvusios pilies vizualizacija. Ypatingo d\u0117mesio vertas bent trij\u0173 &scaron;imt\u0173 met\u0173 senumo luotas, skirtas persik\u0117limui per Nemun\u0105.<\/p>\n<p>Krantin\u0117je \u012frengti suolai poilsiui ir pasim\u0117gavimui tyla, \u017evelgiant \u012f up\u0117s t\u0117km\u0119. Vienas i&scaron; j\u0173 pavadintas Svajoni\u0173 suoleliu. Ties Birut\u0117s vila Vytauto parke &scaron;iltuoju sezonu nuo krantin\u0117s galima keltuku persikelti \u012f Alksniakiemio kaim\u0105 kitame krante. Pa\u0117jus toliau nuo Vytauto kalno rasite Bir&scaron;tono prieplauk\u0105. Nuo gegu\u017e\u0117s iki rugs\u0117jo \u010dia galima s\u0117sti \u012f laiv\u0105 ir plaukti pasigro\u017e\u0117ti Nemuno pakrant\u0117mis iki Verkn\u0117s up\u0117s \u017eio\u010di\u0173 ar net iki Verkn\u0117s piliakalnio.<\/p>\n<p>Bir&scaron;tono kurorte, Vytauto parke prad\u0117jo veikti naujas turizmo objektas \u2013 mineralinio vandens paviljonas \u201eBirut\u0117s vila\u201c. Jame galima rasti mineralinio vandens basein\u0105, fontan\u0105, vandens garinimo sien\u0105. Naujuose sveikatingumo namuose visi norintys gali kv\u0117puoti sveikatai naudingu mineralinio vandens prisotintu oru, ils\u0117tis, atgauti j\u0117gas, mank&scaron;tintis, daryti jogos pratimus, gurk&scaron;noti vaista\u017eoli\u0173 arbat\u0105. Naujasis paviljonas \u2013 ne komercinis objektas, \u012f\u0117jimas \u012f j\u012f yra nemokamas. Paviljonas \u201eBirut\u0117s vila\u201c yra u\u017edaras, tod\u0117l jame lankytis galima visais met\u0173 laikais. Ant paviljone esan\u010di\u0173 gult\u0173 ir prie staleli\u0173 vienu metu gali \u012fsitaisyti pus&scaron;imtis \u017emoni\u0173.<\/p>\n<p>Druskupis. Kurorte gyvenantys \u017emon\u0117s ir atvykstantys miesto sve\u010diai gali i&scaron;bandyti inhaliacijas po atviru dangumi, stiprinti sveikat\u0105 ir gr\u016bdinti organizm\u0105 &scaron;viesos terapija. Centriniame miesto parke, atvirame originalios architekt\u016bros mineralinio vandens garinimo bok&scaron;te-paviljone su mineralinio vandens fontan\u0117liu ir drusk\u0173 galerija, garintuvo sienomis tekantis mineralinis vanduo, veikiamas saul\u0117s ir v\u0117jo, savaime garuoja pa\u010diame bok&scaron;te bei net 50\u201380 m spinduliu aplink j\u012f leid\u017eia kv\u0117puoti sveikatai nauding\u0173 mineral\u0173 prisodrintu, \u201ej\u016brinio efekto\u201c oru. Mineralinio vandens la&scaron;\u0173 prisodrintas oras turi tok\u012f pat\u012f poveik\u012f kaip ir kv\u0117pavimas j\u016bros oru, tad pasijusite tarsi vaik&scaron;\u010diodami j\u016bros pakrante.<\/p>\n<p>Holistinis sveikatos gerinimas pagal Sebastian\u0105 Kneip\u0105 remiasi 5 element\u0173 sistema: vandens terapija, jud\u0117jimo terapija, vaista\u017eoli\u0173 terapija, harmonijos terapija, sveika mityba. Pagal Kneipo rekomendacijas \u010dia \u012frengtas Kneipo sodas, skirtas proced\u016broms su &scaron;altu vandeniu organizmo gr\u016bdinimui, imunin\u0117s sistemos stiprinimui.<\/p>\n<p>Vytautas Mineral SPA\u201c bibliotekos \u2013 tai unikali vieta, su ne\u012fprasta akustika bei vaizdais \u2013 pa\u017ei\u016br\u0117jus \u012f kupolo formos lubas pamatysite \u012fsp\u016bdingus \u017einomo tapytojo Petro Lincevi\u010diaus kartu su komanda nutapytus pie&scaron;inius, kurie Jus nukels \u012f m\u0117nul\u012f. &Scaron;i vieta Jums suteiks galimyb\u0119 pasidaryti vien\u0105 geriausi\u0173 \u201easmenuki\u0173\u201c.<\/p>\n<p>Netoli Bir&scaron;tono galime rasti \u201ePaminkl\u0105 Litui ir Eurui\u201c.<br \/> Nemuno vingi\u0173 takas \u2013 takas, atkartojantis garsi\u0105sias Nemuno kilpas, apsuptas nuostabios gamtos gro\u017eio. &Scaron;is takas i&scaron;sidriek\u0119s per vis\u0105 Bir&scaron;tono centrin\u012f kurorto park\u0105. Tako ilgis \u2013 2 km.<\/p>\n<hr \/>\n<p>\u012e kelion\u0117s kain\u0105 \u012fskai\u010diuota:<\/p>\n<hr \/>\n<p>\u2022 Kelion\u0117 autobusu.<br \/> \u2022 Kelion\u0117s vadovo-gido paslaugos.<br \/> \u2022 Kelion\u0117s dokument\u0173 sutvarkymas.<\/p>\n<hr \/>\n<p>\u012e kelion\u0117s kain\u0105 ne\u012fskai\u010diuota:<\/p>\n<hr \/>\n<p>\u2022 Edukaciniai u\u017esi\u0117mimai<br \/> \u2022 \u012e\u0117jimo bilietai \u012f mokamas lankytinas vietas (muziejus\/ba\u017eny\u010dias ir pan.).<br \/> \u2022 Sveikatos draudimas kelion\u0117s metu.<\/p>\n<hr \/>\n<p>Pastabos:<\/p>\n<hr \/>\n<p>\u2022 Kelion\u0117s i&scaron;vykimo, atvykimo ir kiti laikai gali keistis \u2013 patikslinta informacija atsiun\u010diama (2-3 dienas prie&scaron; kelion\u0119).<br \/> \u2022 Visos ekskursijos vedamos lietuvi\u0173 kalba.<br \/> \u2022 Objekt\u0173 lankymo tvarka, skai\u010dius ir \u012f\u0117jimo biliet\u0173 kaina gali keistis.<br \/> \u2022 Muziejuose, ba\u017eny\u010diose ir kituose mokamuose objektuose kelion\u0117s vadovas ekskursij\u0173 neveda.<br \/> \u2022 Kelion\u0117s vadovas gali keisti programos eig\u0105.<br \/> \u2022 Prisiminkite \u012f kelion\u0119 pasiimti paso\/asmens tapatyb\u0117s kortel\u0117s, galiojan\u010dia\/-s ne trumpiau nei 3\/6 m\u0117nesius po gr\u012f\u017eimo i&scaron; kelion\u0117s datos.<\/p>","protected":false},"excerpt":{"rendered":"<p>1 diena \u2022 Anksti ryte i&scaron;vykstame i&scaron; j\u016bs\u0173 pasirinkto miesto. \u2022 SRAIGI\u0172 \u016aKIS \u2022 STAKLI&Scaron;K\u0116S \u2022 BIR&Scaron;TONAS \u2022 BIR&Scaron;TONO CENTRINIS PARK&#8230;<\/p>","protected":false},"featured_media":11912,"comment_status":"open","ping_status":"closed","template":"","meta":{"om_disable_all_campaigns":false,"_monsterinsights_skip_tracking":false,"_monsterinsights_sitenote_active":false,"_monsterinsights_sitenote_note":"","_monsterinsights_sitenote_category":0},"product_brand":[],"product_cat":[669],"product_tag":[],"class_list":{"0":"post-12677","1":"product","2":"type-product","3":"status-publish","4":"has-post-thumbnail","6":"product_cat-keliones","8":"first","9":"instock","10":"virtual","11":"taxable","12":"product-type-simple"},"aioseo_notices":[],"_links":{"self":[{"href":"https:\/\/www.atravel.lt\/en\/wp-json\/wp\/v2\/product\/12677","targetHints":{"allow":["GET"]}}],"collection":[{"href":"https:\/\/www.atravel.lt\/en\/wp-json\/wp\/v2\/product"}],"about":[{"href":"https:\/\/www.atravel.lt\/en\/wp-json\/wp\/v2\/types\/product"}],"replies":[{"embeddable":true,"href":"https:\/\/www.atravel.lt\/en\/wp-json\/wp\/v2\/comments?post=12677"}],"wp:featuredmedia":[{"embeddable":true,"href":"https:\/\/www.atravel.lt\/en\/wp-json\/wp\/v2\/media\/11912"}],"wp:attachment":[{"href":"https:\/\/www.atravel.lt\/en\/wp-json\/wp\/v2\/media?parent=12677"}],"wp:term":[{"taxonomy":"product_brand","embeddable":true,"href":"https:\/\/www.atravel.lt\/en\/wp-json\/wp\/v2\/product_brand?post=12677"},{"taxonomy":"product_cat","embeddable":true,"href":"https:\/\/www.atravel.lt\/en\/wp-json\/wp\/v2\/product_cat?post=12677"},{"taxonomy":"product_tag","embeddable":true,"href":"https:\/\/www.atravel.lt\/en\/wp-json\/wp\/v2\/product_tag?post=12677"}],"curies":[{"name":"wp","href":"https:\/\/api.w.org\/{rel}","templated":true}]}}