{"id":12676,"date":"2026-03-21T15:44:51","date_gmt":"2026-03-21T13:44:51","guid":{"rendered":"https:\/\/www.atravel.lt\/produktas\/edukacine-ekskursija-po-akmene\/"},"modified":"2026-03-21T15:44:51","modified_gmt":"2026-03-21T13:44:51","slug":"edukacine-ekskursija-po-akmene","status":"publish","type":"product","link":"https:\/\/www.atravel.lt\/en\/product\/edukacine-ekskursija-po-akmene\/","title":{"rendered":"Edukacin\u0117 ekskursija po Akmen\u0119"},"content":{"rendered":"<p><strong>1 day <\/strong><\/p>\n<p>\u2022 Anksti ryte i&scaron;vykstame i&scaron; j\u016bs\u0173 pasirinkto miesto.<br \/> \u2022 S.Daukanto ir Lazdyn\u0173 Pel\u0117dos muziejai<br \/> \u2022 Kaman\u0173 draustinis<br \/> \u2022 Ventos regioninis parkas<br \/> \u2022 Viek&scaron;n\u0173 vaistin\u0117<br \/> \u2022 Salti&scaron;ki\u0173 molio karjeras<br \/> \u2022 Karp\u0117n\u0173 klin\u010di\u0173 karjeras<br \/> \u2022 Men\u010di\u0173 klin\u010di\u0173 karjeras<br \/> \u2022 Akmen\u0117s kra&scaron;to muziejus<br \/> \u2022 Papil\u0117s I ir II piliakalnis<br \/> \u2022 Luokavos piliakalnis<br \/> \u2022 Juros periodo atodanga-Jurakalnio griovos atodanga ir atragis<br \/> \u2022 Raudonskard\u017eio atodanga<br \/> \u2022 Jurakalnio ap\u017evalgos bok&scaron;tas<br \/> \u2022 Akmen\u0117s gamtos ir kult\u016bros parkas<br \/> \u2022 Augustai\u010di\u0173 vandens mal\u016bnas<br \/> \u2022 Papartyn\u0117s vandens mal\u016bnas<br \/> \u2022 Alpak\u0173 \u016bkis<\/p>\n<p>Lietuvos ra&scaron;ytoj\u0173 klasik\u0173 S. Daukanto ir Lazdyn\u0173 Pel\u0117dos muziejai. Unikal\u016bs pelki\u0173 vaizdai Kaman\u0173 draustinyje. <\/p>\n<p>O Viek&scaron;niuose pabuvosime seniausioje vaistin\u0117je Lietuvoje. Mars\u0105 primenantis Salti&scaron;ki\u0173 molio karjeras. Alpak\u0173 \u016bkyje pasid\u017eiaugsime ypatingais gyv\u016bnais. Pamatysite lietuvi&scaron;kus bonsus. Aplankysime Ventos regionin\u012f park\u0105, kuriame pamatysite juod\u0105j\u012f gandr\u0105.<\/p>\n<p>Akemen\u0117s kra&scaron;to muziejuje i&scaron;vusite drugeli\u0173, pa&scaron;to \u017eenkl\u0173 ir fosilij\u0173 ekspozicij\u0105. Yra galimyb\u0117 u\u017esakyti menin\u0119 edukacin\u0119 veikl\u0105 vitra\u017ein\u012f pie&scaron;im\u0105 ant stiklo. <\/p>\n<p>Edukacin\u0119 program\u0105 supa\u017eindinama su patefono ir vinilin\u0117s plok&scaron;tel\u0117s atsiradimo istorija, aptariama nesintetinio garso nauda \u017emogaus psichikai ir sveikatai, taip pat pristatomas vinilini\u0173 plok&scaron;teli\u0173 klausymosi ritualas ir aplinka. <\/p>\n<p>1. Edukacinis u\u017esi\u0117mimas ,,Drugeli\u0173 s\u0105skrydis\u201d. Edukacinis u\u017esi\u0117mimas ,,Dinozaur\u0173 p\u0117dsakais\u201d. <br \/> 2. Edukacinis u\u017esi\u0117mimas ,,Vilna, vilnele, parink drugel\u012f\u201d, 1,5val.<br \/> 3. Edukacinis u\u017esi\u0117mimas ,,Margi ra&scaron;tai m\u016bs\u0173 kra&scaron;to\u201d, 1,5 val. Edukacinis u\u017esi\u0117mimas ,,Rie&scaron;ini\u0173 mezgimo prad\u017eia\u201d, 1,5 val.<\/p>\n<p>Tik Papil\u0117s apylink\u0117se atsiveria \u017eem\u0117s pavir&scaron;iuje, gausu to meto smulki\u0173 gyv\u016bn\u0173 liekan\u0173, vadinam\u0173 fosilijomis. Pagrindinis vandenyje gyvenusi\u0173 dinozaur\u0173 (ichtiozaur\u0173) maistas buvo belemnitai, j\u0173 skelet\u0173 fragment\u0173 da\u017enai aptinkama Papil\u0117s atodangose. Taip pat randama amonit\u0173, dvigeld\u017ei\u0173 ir kitoki\u0173 moliusk\u0173 kiaukut\u0173. I&scaron; viso Papil\u0117s atodangose mokslininkai aptiko ir apra&scaron;\u0117 apie 300 Juros periodo gyv\u016bn\u0173 liekan\u0173 bei fragment\u0173. Ventos up\u0117s sl\u0117niu prie atodangos veda pus\u0117s kilometro p\u0117s\u010di\u0173j\u0173 takas. <\/p>\n<p>Svarbiausios Ventos regioninio parko vertyb\u0117s \u2013 tai unikalios juros periodo uolien\u0173 atodangos. Jurakalnio atragis \u2013 tai tipi&scaron;ka linijin\u0117s erozijos suformuota reljefo forma. \u010cIA akivaizd\u017eiai matomas linijin\u0117s erozijos procesas ir jo padariniai \u2013 pats erozinis atragis, raguvos bei griovos, kuriose randasi ir tryk&scaron;ta &scaron;altiniai. Geologi&scaron;kai vertingiausia \u2013 tai juros periodo uolien\u0173 atodangos, d\u0117l intensyvios erozijos nat\u016braliai prieinamos tyrimams. Nuo ap\u017evalgos bok&scaron;telio atsiveria puikus vaizdas \u012f Ventos sl\u0117n\u012f, jo terasas.<\/p>\n<p>Raudonskard\u017eio atodangoje yra matomi paskutiniojo ledlaikio metu susiformav\u0119 ledyniniai dariniai \u2013 rusvaspalv\u0117s morenos sluoksniai. Nuo Raudonskard\u017eio atsiveria sl\u0117nio panorama, kurioje matyti keli\u0173 teras\u0173 lygmenys. Atodangos auk&scaron;tis iki 20 m. Ji atidengia iki pat morenin\u0117s lygumos pavir&scaron;iaus vir&scaron;utini\u0173 kvartero nuogul\u0173 sluoksni\u0173, apatiniai yra pasl\u0117pti po deliuviu.<br \/> Papartyn\u0117je yra dirbtin\u0117 juros geologinio periodo atodanga. Juros periodas \u2013 vidurinis mezozojaus eros periodas, tai \u017dem\u0117s vystymosi laikotarpis, prasid\u0117j\u0119s prie&scaron; 205 mln. met\u0173 ir baig\u0119sis prie&scaron; 145 mln. met\u0173. Juros periodas buvo &scaron;iltas ir dr\u0117gnas. B\u016bdinga augmenija \u2013 papar\u010diai ir plikas\u0117kliai. Bet visiems jis labiausiai \u017einomas kaip mil\u017eini&scaron;k\u0173 ropli\u0173 (dinozaur\u0173) atsiradimo ir vystymosi laikotarpis. Tuomet atsirado skraidantys ropliai ir pirmieji pauk&scaron;\u010diai. Belemnitai buvo pagrindinis vandens dinozaur\u0173 \u2013 ichtiozaur\u0173 \u2013 maistas. Juros periodo pabaigoje pasirod\u0117 pirmieji gaubtas\u0117kliai augalai. <\/p>\n<p>&Scaron;alia Jurakalnio geologin\u0117s atodangos ir atragio stovi 15 m ap\u017evalgos bok&scaron;tas. Nuo jo atsiveria nuostabus vaizdas \u012f i&scaron;rai&scaron;king\u0105 Ventos up\u0117s sl\u0117n\u012f, Papil\u0117s miestel\u012f bei lankytinus objektus: Jurakalnio geologin\u0119 atodang\u0105 ir atrag\u012f, Papil\u0117s I ir II piliakalnius, &Scaron;v. Juozapo ba\u017eny\u010di\u0105, Penkiolikakamien\u0119 liep\u0105 ir kt.<\/p>\n<hr \/>\n<p>\u012e kelion\u0117s kain\u0105 \u012fskai\u010diuota:<\/p>\n<hr \/>\n<p>\u2022 Kelion\u0117 autobusu.<br \/> \u2022 Kelion\u0117s vadovo-gido paslaugos.<br \/> \u2022 Kelion\u0117s dokument\u0173 sutvarkymas.<\/p>\n<hr \/>\n<p>\u012e kelion\u0117s kain\u0105 ne\u012fskai\u010diuota:<\/p>\n<hr \/>\n<p>\u2022 Edukaciniai u\u017esi\u0117mimai<br \/> \u2022 \u012e\u0117jimo bilietai \u012f mokamas lankytinas vietas (muziejus\/ba\u017eny\u010dias ir pan.).<br \/> \u2022 Sveikatos draudimas kelion\u0117s metu.<\/p>\n<hr \/>\n<p>Pastabos:<\/p>\n<hr \/>\n<p>\u2022 Kelion\u0117s i&scaron;vykimo, atvykimo ir kiti laikai gali keistis \u2013 patikslinta informacija atsiun\u010diama (2-3 dienas prie&scaron; kelion\u0119).<br \/> \u2022 Visos ekskursijos vedamos lietuvi\u0173 kalba.<br \/> \u2022 Objekt\u0173 lankymo tvarka, skai\u010dius ir \u012f\u0117jimo biliet\u0173 kaina gali keistis.<br \/> \u2022 Muziejuose, ba\u017eny\u010diose ir kituose mokamuose objektuose kelion\u0117s vadovas ekskursij\u0173 neveda.<br \/> \u2022 Kelion\u0117s vadovas gali keisti programos eig\u0105.<br \/> \u2022 Nepamir&scaron;kite \u012f kelion\u0119 pasiimti paso\/asmens tapatyb\u0117s kortel\u0117s, galiojan\u010dias ne trumpiau nei 3\/6 m\u0117nesius po gr\u012f\u017eimo i&scaron; kelion\u0117s datos.<\/p>","protected":false},"excerpt":{"rendered":"<p>1 diena \u2022 Anksti ryte i&scaron;vykstame i&scaron; j\u016bs\u0173 pasirinkto miesto. \u2022 S.Daukanto ir Lazdyn\u0173 Pel\u0117dos muziejai \u2022 Kaman\u0173 draustinis \u2022 Ventos regioninis parka&#8230;<\/p>","protected":false},"featured_media":11911,"comment_status":"open","ping_status":"closed","template":"","meta":{"om_disable_all_campaigns":false,"_monsterinsights_skip_tracking":false,"_monsterinsights_sitenote_active":false,"_monsterinsights_sitenote_note":"","_monsterinsights_sitenote_category":0},"product_brand":[],"product_cat":[669],"product_tag":[],"class_list":{"0":"post-12676","1":"product","2":"type-product","3":"status-publish","4":"has-post-thumbnail","6":"product_cat-keliones","8":"first","9":"instock","10":"virtual","11":"taxable","12":"product-type-simple"},"aioseo_notices":[],"_links":{"self":[{"href":"https:\/\/www.atravel.lt\/en\/wp-json\/wp\/v2\/product\/12676","targetHints":{"allow":["GET"]}}],"collection":[{"href":"https:\/\/www.atravel.lt\/en\/wp-json\/wp\/v2\/product"}],"about":[{"href":"https:\/\/www.atravel.lt\/en\/wp-json\/wp\/v2\/types\/product"}],"replies":[{"embeddable":true,"href":"https:\/\/www.atravel.lt\/en\/wp-json\/wp\/v2\/comments?post=12676"}],"wp:featuredmedia":[{"embeddable":true,"href":"https:\/\/www.atravel.lt\/en\/wp-json\/wp\/v2\/media\/11911"}],"wp:attachment":[{"href":"https:\/\/www.atravel.lt\/en\/wp-json\/wp\/v2\/media?parent=12676"}],"wp:term":[{"taxonomy":"product_brand","embeddable":true,"href":"https:\/\/www.atravel.lt\/en\/wp-json\/wp\/v2\/product_brand?post=12676"},{"taxonomy":"product_cat","embeddable":true,"href":"https:\/\/www.atravel.lt\/en\/wp-json\/wp\/v2\/product_cat?post=12676"},{"taxonomy":"product_tag","embeddable":true,"href":"https:\/\/www.atravel.lt\/en\/wp-json\/wp\/v2\/product_tag?post=12676"}],"curies":[{"name":"wp","href":"https:\/\/api.w.org\/{rel}","templated":true}]}}