{"id":12675,"date":"2026-03-21T15:44:51","date_gmt":"2026-03-21T13:44:51","guid":{"rendered":"https:\/\/www.atravel.lt\/produktas\/kelione-i-ventes-raga\/"},"modified":"2026-03-21T15:44:51","modified_gmt":"2026-03-21T13:44:51","slug":"kelione-i-ventes-raga","status":"publish","type":"product","link":"https:\/\/www.atravel.lt\/en\/product\/kelione-i-ventes-raga\/","title":{"rendered":"Kelion\u0117 \u012f Vent\u0117s rag\u0105"},"content":{"rendered":"<p><strong>Ekskursija po Raudondvario pil\u012f-dvar\u0105 &nbsp;,,Vaiduoklio beie&scaron;kant&rdquo;.<\/strong> Lankome Raudondvario dvaro ansambl\u012f. Jame \u012fsik\u016br\u0119s muziejus &ndash; kompozitoriaus Juozo Naujalio atminimo kambarius, aplankome dvaro po\u017eemius. Raudondvario dvaro kompleksas tampa vis stipresniu traukos centru. I&scaron;siai&scaron;kinsime vis\u0173 pastat\u0173 paskirt\u012f. Keliautojas F. Novakovskis 1857 metais pabr\u0117\u017e\u0117, kad &bdquo;kas tik va\u017eiuoja pro Kaun\u0105, nepamir&scaron;ta u\u017esukti \u012f Raudondvar\u012f, nes \u010dia visiems svetingai atveriami vartai&ldquo; &ndash; taip u\u017ekoduodamas ateities kartoms i&scaron;saugoti ir puosel\u0117ti bendravimo ir svetingumo vertybes.<\/p>\n<p><strong>Apsilankymas Raudon\u0117je.<\/strong> Raudon\u0117s pilis &ndash; veikianti mokykla, i&scaron; pilies bok&scaron;to Nemuno panoramos steb\u0117jimas. Garsieji Lietuvos didikai, j\u0173 kult\u016brinis palikimas Lietuvoje. Graf\u0173 tradicijos ir papro\u010diai.<\/p>\n<p><strong>Pa\u017eintin\u0117 programa apie reprezentacini\u0173 pili\u0173 reik&scaron;m\u0119 Lietuvai.<\/strong> Panemun\u0117s pili\u0173 reprezentacij\u0105 baigia Skirsnemun\u0117s pilis, tur\u0117jusi daug valdytoj\u0173. Nusikaltimai ir bausm\u0117s viduram\u017eiais. Pilies kal\u0117jimas, men\u0117s, po\u017eemiai. Lankydami Raudon\u0117s pilies bok&scaron;t\u0105, Skirsnemun\u0117s pil\u012f mokiniai atranda skirtumus tarp gynybin\u0117s ir reprezentacin\u0117s pilies, su\u017eino istorijas, legendas.<\/p>\n<p><strong>Rambyno kalnas<\/strong> (45,4 m vir&scaron; j\u016bros lygio) yra 2 km \u012f pietus nuo Lump\u0117n\u0173, Pag\u0117gi\u0173 savivaldyb\u0117je, de&scaron;iniajame Nemuno krante. Rambyno regioninis parkas yra viena i&scaron; Lietuvos saugom\u0173 teritorij\u0173, esanti Europos S\u0105jungos pasienyje su Kaliningrado sritimi. Legendomis ir padavimais gars\u0117jantis Rambyno kalnas vasar\u0105 sulaukia t\u016bkstan\u010di\u0173 turist\u0173, susipa\u017e\u012fstan\u010di\u0173 su Panemun\u0117s \u012f\u017eymyb\u0117mis. Lankytojus \u010dia traukia nuo kalno ap\u017evalgos aik&scaron;teli\u0173 atsiverianti panorama \u012f Nemuno \u017eemup\u012f ir pla\u010dias jo pakrantes bei kitapus tolumoje kylan\u010dius Til\u017e\u0117s (dabartinio Sovetsko) miesto bok&scaron;tus.<\/p>\n<p><strong>Apsilankymas Vent\u0117s rage.<\/strong> Vent\u0117s ragas ilgai buvo laikomas pa\u010dia pavojingiausia mari\u0173 vieta: ten skendo laivai ir \u017emon\u0117s. Dabar \u010dia pavasar\u012f ir ruden\u012f ant auk&scaron;t\u0173 stulp\u0173 i&scaron;keliami did\u017eiuliai tinklai pauk&scaron;\u010diams gaudyti. Ornitologijos stotyje yra gamtos muziejus. 1950 m. \u010dia \u012fkurta hidrobiologijos stotis, tirianti \u017euv\u0173 gyvenim\u0105. Gamtininkai Vent\u0117s rage sodina special\u0173 uogakr\u016bmi\u0173 park\u0105 praskrendantiems pauk&scaron;\u010diams maitinti.<\/p>\n<p><strong>Kult\u016brin\u0117 programa laivu ,,MING\u0116S EGZOTIKA.<\/strong> &nbsp;<strong>Ap\u017evalgin\u0117 ekskursija po Nemuno deltos unikalias vietoves.<\/strong> Nemuno delta &ndash; vienas i&scaron; originaliausi\u0173 Lietuvos kra&scaron;tovaizd\u017ei\u0173. \u010cia viskas greitai kinta. Kei\u010dia \u017emon\u0117s. Kei\u010dia ir Nemunas. Minijos kaimas &ndash; archit. p. \u010cia pagrindin\u0117 &ldquo;gatv\u0117&rdquo; &ndash; Minijos up\u0117. Plauksime su laivu NEPT\u016aNU, kuris talpina 50 \u017emoni\u0173, jis yra u\u017edaras, gerai nuo lietaus pasisl\u0117pti, saugesnis vaikams. Bet galima imti ir du ma\u017eesnius laivelius MINIJA, jis atviras, aplink yra visur kur vaikams sus\u0117sti, atviras vaizdas \u012f plaukim\u0105, bet n\u0117ra taip saugu, ta\u010diau geras vaizdas ir tinka geru oru, kai nelyja. Arba galima rinktis pasiplaukiojim\u0105 vandens dvira\u010diais.<br \/>\n&nbsp;<\/p>","protected":false},"excerpt":{"rendered":"<p>Ekskursija po Raudondvario pil\u012f-dvar\u0105 &nbsp;,,Vaiduoklio beie&scaron;kant&rdquo;. Lankome Raudondvario dvaro ansambl\u012f. Jame \u012fsik\u016br\u0119s muziejus &ndash; kompozitor&#8230;<\/p>","protected":false},"featured_media":11910,"comment_status":"open","ping_status":"closed","template":"","meta":{"om_disable_all_campaigns":false,"_monsterinsights_skip_tracking":false,"_monsterinsights_sitenote_active":false,"_monsterinsights_sitenote_note":"","_monsterinsights_sitenote_category":0},"product_brand":[],"product_cat":[669],"product_tag":[],"class_list":{"0":"post-12675","1":"product","2":"type-product","3":"status-publish","4":"has-post-thumbnail","6":"product_cat-keliones","8":"first","9":"instock","10":"virtual","11":"taxable","12":"product-type-simple"},"aioseo_notices":[],"_links":{"self":[{"href":"https:\/\/www.atravel.lt\/en\/wp-json\/wp\/v2\/product\/12675","targetHints":{"allow":["GET"]}}],"collection":[{"href":"https:\/\/www.atravel.lt\/en\/wp-json\/wp\/v2\/product"}],"about":[{"href":"https:\/\/www.atravel.lt\/en\/wp-json\/wp\/v2\/types\/product"}],"replies":[{"embeddable":true,"href":"https:\/\/www.atravel.lt\/en\/wp-json\/wp\/v2\/comments?post=12675"}],"wp:featuredmedia":[{"embeddable":true,"href":"https:\/\/www.atravel.lt\/en\/wp-json\/wp\/v2\/media\/11910"}],"wp:attachment":[{"href":"https:\/\/www.atravel.lt\/en\/wp-json\/wp\/v2\/media?parent=12675"}],"wp:term":[{"taxonomy":"product_brand","embeddable":true,"href":"https:\/\/www.atravel.lt\/en\/wp-json\/wp\/v2\/product_brand?post=12675"},{"taxonomy":"product_cat","embeddable":true,"href":"https:\/\/www.atravel.lt\/en\/wp-json\/wp\/v2\/product_cat?post=12675"},{"taxonomy":"product_tag","embeddable":true,"href":"https:\/\/www.atravel.lt\/en\/wp-json\/wp\/v2\/product_tag?post=12675"}],"curies":[{"name":"wp","href":"https:\/\/api.w.org\/{rel}","templated":true}]}}