{"id":12673,"date":"2026-03-21T15:44:50","date_gmt":"2026-03-21T13:44:50","guid":{"rendered":"https:\/\/www.atravel.lt\/produktas\/pietu-vietnamas-su-poilsiu-prie-juros-16-dienu-skrydis-is-rygos\/"},"modified":"2026-03-21T15:44:50","modified_gmt":"2026-03-21T13:44:50","slug":"pietu-vietnamas-su-poilsiu-prie-juros-16-dienu-skrydis-is-rygos","status":"publish","type":"product","link":"https:\/\/www.atravel.lt\/en\/product\/pietu-vietnamas-su-poilsiu-prie-juros-16-dienu-skrydis-is-rygos\/","title":{"rendered":"Piet\u0173 Vietnamas su poilsiu prie j\u016bros 16 dien\u0173 (skrydis i\u0161 Rygos)"},"content":{"rendered":"<h3 style=\"text-align: center\"><strong><span style=\"color:#e74c3c\">\u012e Vietnam\u0105 vykstantiems LR pilie\u010diams reikalinga el. viza (vizos mokestis ~25 $\/asm), kuria keliautojai r\u016bpinasi savaranki&scaron;kai! Nor\u0117dami u\u017epildyti spauskite<\/span> <a href=\"https:\/\/evisa.xuatnhapcanh.gov.vn\/trang-chu-ttdt\"><span style=\"color:#2980b9\">\u010cIA<\/span><\/a><span style=\"color:#e74c3c\">.<\/span><\/strong><\/h3>\n<hr \/>\n<p><strong>1 day <\/strong><\/p>\n<p>- Arrival at Riga Airport.<br \/> \u2022 Skrydis: Ryga &#8211; Stambulas (~20:00-23:25). <br \/> - We arrive in Istanbul. <\/p>\n<p><strong>Day 2 <\/strong><\/p>\n<p>\u2022 Skrydis: Stambulas &#8211; Ho&scaron;iminas (~01:50-16:10).<br \/> \u2022 Atvykstame \u012f Ho&scaron;imin\u0105.<br \/> \u2022 Vykstame \u012f vie&scaron;but\u012f.<br \/> \u2022 \u012esik\u016brimas vie&scaron;butyje.<br \/> \u2022 Nakvyn\u0117 vie&scaron;butyje. <\/p>\n<p><strong>Day 3 <\/strong><\/p>\n<p>\u2022 Pusry\u010diai vie&scaron;butyje (perkant ekskursij\u0173 paket\u0105 pusry\u010diai \u012fskai\u010diuoti). <br \/> \u2022 Ap\u017evalgin\u0117 ekskursija po Ho&scaron;imin\u0105 (papildomai apmokami \u012f\u0117jimo bilietai ~5 \u20ac\/asm.).<br \/> \u2022 Pageidaujantiems si\u016blome aplankyti l\u0117li\u0173 teatr\u0105 ant vandens (papildomas mokestis ~25 \u20ac\/asm., u\u017esakoma i&scaron; anksto, apmokama kelion\u0117s metu).<br \/> \u2022 Sugr\u012f\u017etame \u012f vie&scaron;but\u012f.<br \/> \u2022 Nakvyn\u0117 vie&scaron;butyje. <\/p>\n<p>Ho&scaron;iminas &#8211; anks\u010diau \u017einomas kaip Saigonas, pavadintas pagal to paties pavadinimo up\u0119, ant kurios kranto jis yra \u012fsik\u016br\u0119s. &Scaron;is miestas yra energingos prekybos ir originalios kult\u016bros centras, taip pat &scaron;alies vystymosi varomoji j\u0117ga. &Scaron;iuolaikinis Saigonas \u2013 triuk&scaron;mingas ir saul\u0117tas miestas su daugybe parduotuvi\u0173, restoran\u0173 ir kavini\u0173, motocikl\u0173. <\/p>\n<p>Aplankysime Susijungimo r\u016bmus ir Centrin\u012f pa&scaron;t\u0105. Tada trumpai pasivaik&scaron;\u010diosime Dong Hoi prekybos gatve, kuri prasideda nuo Dievo Motinos katedros iki savivaldyb\u0117s teatro. T\u0119sdami pasivaik&scaron;\u010diojim\u0105 po Binh Tei turg\u0173, aplankysime Tien Hau pagod\u0105 (kin\u0173 j\u016bros deiv\u0117s Mazu &scaron;ventykl\u0105). <\/p>\n<p>Pageidaujantiems, si\u016blome aplankyti vandens l\u0117li\u0173 teatr\u0105 &#8211; vien\u0105 \u012fsp\u016bdingiausi\u0173 Hanojaus lankytin\u0173 viet\u0173 (papildomas mokestis ~25 \u20ac\/asm.).<\/p>\n<p><strong>Day 4 <\/strong><\/p>\n<p>\u2022 Pusry\u010diai vie&scaron;butyje (perkant ekskursij\u0173 paket\u0105 pusry\u010diai \u012fskai\u010diuoti). <br \/> \u2022 Ekskursin\u0117 i&scaron;vyka \u201eMekongo up\u0117s delta\u201c (papildomai apmokami laivelio bilietai ir piet\u016bs \u2013 30 \u20ac\/asm.).<br \/> \u2022 Sugr\u012f\u017etame \u012f vie&scaron;but\u012f.<br \/> \u2022 Nakvyn\u0117 vie&scaron;butyje. <\/p>\n<p>Pakeliui \u012f prieplauk\u0105 aplankysime gyva\u010di\u0173 ferm\u0105, kurioje pamatysime daug medikament\u0173 ir vaist\u0173, sukurt\u0173 i&scaron; gyva\u010di\u0173 nuod\u0173.<\/p>\n<p>Viena i&scaron; pagrindini\u0173 Vietnamo vizitini\u0173 korteli\u0173 yra Mekongo delta. Tai dalis pietvakari\u0173 &scaron;alies regiono, kur up\u0117 \u012fteka \u012f Piet\u0173 Kinijos j\u016br\u0105. &Scaron;ios up\u0117s ypatumas tas, kad prie&scaron; susijungdama su j\u016bros vandenimis ji padalinama net \u012f devynias at&scaron;akas.<\/p>\n<p>Atrasime gyvyb\u0117s dvelksm\u0105 Mekongo deltoje ir pamatysime vaizdingas did\u017eiausios Vietnamo up\u0117s deltos vietas.<\/p>\n<p>\u010cia sutelkta viskas, kas susij\u0119 su Azija: ry\u017ei\u0173 laukai, &scaron;iaudin\u0117s l\u016b&scaron;nos, vaismed\u017ei\u0173 sodai, senovin\u0117s &scaron;ventyklos ir nameliai su savo unikalia atmosfera ir kult\u016bra.<br \/> Toliau vyksime pas svetingus amatininkus, kurie parodys kokosini\u0173 saldaini\u0173 gamybos proces\u0105, vai&scaron;ins vaisiais, m\u0117gausim\u0117s tradicine vietnamieti&scaron;ka muzika.<\/p>\n<p><strong>Day 5 <\/strong><\/p>\n<p>\u2022 Pusry\u010diai vie&scaron;butyje (perkant ekskursij\u0173 paket\u0105 pusry\u010diai \u012fskai\u010diuoti). <br \/> \u2022 I&scaron;siregistravimas i&scaron; vie&scaron;bu\u010dio.<br \/> \u2022 Vykstame \u012f Mui Ne.<br \/> \u2022 \u012esik\u016brimas vie&scaron;butyje.<br \/> \u2022 Nakvyn\u0117 vie&scaron;butyje. <\/p>\n<p>Mui Ne \u2013 Vietnamo turist\u0173 sostin\u0117, esanti &scaron;alies pietry\u010diuose ir besidriekianti palei Piet\u0173 Kinijos j\u016br\u0105 iki Phan Thieu. Tai 15 kilometr\u0173 vie&scaron;bu\u010di\u0173, restoran\u0173 ir turistini\u0173 parduotuvi\u0173 pakrant\u0117s juosta. Sniego baltumo sm\u0117lio papl\u016bdimiai, vir&scaron; kranto kaban\u010dios p\u016bkuotos palm\u0117s, romanti&scaron;kos \u017evej\u0173 val\u010di\u0173 &scaron;viesos saul\u0117lyd\u017eio metu, l\u016b\u017etan\u010di\u0173 bang\u0173 putos ir ry&scaron;kios aitvar\u0173 bur\u0117s \u2013 tai viskas, k\u0105 apie j\u012f reikia \u017einoti. Tai v\u0117jingiausias Azijos kurortas, kur\u012f pam\u0117go j\u0117gos aitvarininkai ir burlentininkai.<\/p>\n<p>Gyventojai daugiausia susideda i&scaron; tradicini\u0173 vietnamie\u010di\u0173 tautybi\u0173 \u2013 viet, Hoai Cham. J\u0173 pagrindin\u0117 veikla &#8211; \u017evejyba, ta\u010diau pastaraisiais metais paslaug\u0173 sektorius \u012fgauna vis didesn\u012f populiarum\u0105.<\/p>\n<p><strong>Day 6 <\/strong><\/p>\n<p>\u2022 Pusry\u010diai vie&scaron;butyje (perkant ekskursij\u0173 paket\u0105 pusry\u010diai \u012fskai\u010diuoti). <br \/> \u2022 Ekskursija po Mui Ne miest\u0105 (papildomai apmokamas \u012f\u0117jimo bilietas \u012f muziej\u0173 ~10 \u20ac\/asm.).<br \/> \u2022 Sugr\u012f\u017etame \u012f vie&scaron;but\u012f.<br \/> \u2022 Antroje dienos pus\u0117je poilsis prie j\u016bros.<br \/> \u2022 Nakvyn\u0117 vie&scaron;butyje. <\/p>\n<p>Pasivaik&scaron;\u010diosime po Pasaki&scaron;kas kopas. Aplink Mui Ne yra sm\u0117lio kop\u0173 juosta, kurios stebina unikaliais ir patraukliais kra&scaron;tovaizd\u017eiais. Ma\u017eos Raudonos kopos ir pla\u010dios &#8211; Baltos, j\u0173 pagrindinis skirtumas yra sm\u0117lio atspalvis. &Scaron;ios nuostabios kopos juda su v\u0117ju ir sukuria nepakartojam\u0105 regin\u012f.<\/p>\n<p>Toliau vyksime \u012f \u017evej\u0173 kaimel\u012f. <br \/> Mui Ne buvo \u017einomas d\u0117l savo \u017evejybos pramon\u0117s nuo pat \u012fk\u016brimo. &Scaron;is nuostabus kaimas, \u017einomas d\u0117l savo gyvybingos \u017evejybos kult\u016bros ir kvap\u0105 gniau\u017eian\u010diais nuostabiais vaizdais: pla\u010dios pakrant\u0117s su si\u016bbuojan\u010diomis palm\u0117mis ir pri&scaron;vartuoti \u017evej\u0173 laiveliai, sukuria rami\u0105 atmosfer\u0105 &scaron;iame kaime. <\/p>\n<p>Ekskursijos pabaigoje apsilankysite \u017duvies pada\u017eo muziejuje (Lang Chai xua). Meno galerijos erdv\u0117 ir miniati\u016brinis muziejus, atkuriantis seno \u017evej\u0173 kaimelio dal\u012f, skirtas vietnamie\u010di\u0173 virtuv\u0117s siela laikomam \u017euvies pada\u017eui. Su\u017einosime 300 met\u0173 trunkan\u010di\u0105 Phan Thiet \u017evej\u0173 kaimelio istorij\u0105 nuo Champa ir Nguyen dinastij\u0173 iki Pranc\u016bzijos kolonijinio laikotarpio.<\/p>\n<p><strong>Day 7 <\/strong><\/p>\n<p>\u2022 Pusry\u010diai vie&scaron;butyje (perkant ekskursij\u0173 paket\u0105 pusry\u010diai \u012fskai\u010diuoti).<br \/> - Free time, relax by the sea.<br \/> \u2022 I&scaron;siregistravimas i&scaron; vie&scaron;bu\u010dio.<br \/> \u2022 Antroje dienos pus\u0117je vykstame \u012f Nha Trang.<br \/> \u2022 Vakare atvykstame \u012f Nha Trang.<br \/> \u2022 \u012esik\u016brimas vie&scaron;butyje.<br \/> \u2022 Nakvyn\u0117 vie&scaron;butyje. <\/p>\n<p>Nha Trang tradici&scaron;kai laikomas viena geriausi\u0173 Vietnamo papl\u016bdimio vietovi\u0173. Smaragdin\u0117s kalvos, 8 km ilgio papl\u016bdimys atogr\u0105\u017e\u0173 salos \u012flankos viduryje ir modernus miestas \u2013 visa tai susipina su senovin\u0117mis &scaron;ventyklomis ir azijie\u010di\u0173 turgumis.<\/p>\n<p><strong>Day 8 <\/strong><\/p>\n<p>\u2022 Pusry\u010diai vie&scaron;butyje (perkant ekskursij\u0173 paket\u0105 pusry\u010diai \u012fskai\u010diuoti).<br \/> - Relax by the sea.<br \/> \u2022 Ekskursija po Nha Trang (papildomai apmokami \u012f\u0117jimo bilietai ~10 \u20ac\/asm.).<br \/> \u2022 Sugr\u012f\u017etame \u012f vie&scaron;but\u012f.<br \/> \u2022 Nakvyn\u0117 vie&scaron;butyje. <\/p>\n<p>Ekskursijos metu po Nha Trang aplankysime kelet\u0105 pagrindini\u0173 lankytin\u0173 viet\u0173. Ponagar Cham bok&scaron;tai &#8211; vis dar veikiantis seniausias religinis pastatas. Iki &scaron;i\u0173 dien\u0173 i&scaron;liko tik 4 bok&scaron;tai, kuri\u0173 kiekvienas skirtas garbinti tam tikr\u0105 dievyb\u0119. Pamatysime gra\u017eiausi\u0105 Long Son apygardos pagod\u0105, kuri yra did\u017eiausia veikianti budist\u0173 &scaron;ventykla visoje Khanh Hoa provincijoje su \u012fsp\u016bdingomis gulin\u010dio ir s\u0117din\u010dio Budos statulomis. Aplankysime Okeanografijos institut\u0105 (\u012f\u0117jimo bilietai apmokami papildomai ~3 \u20ac\/asm.), kuriame yra did\u017eiulis akvariumas ir muziejus su pagrindiniu eksponatu \u2013 banginio skeletu.<\/p>\n<p><strong>Day 9 <\/strong><\/p>\n<p>\u2022 Pusry\u010diai vie&scaron;butyje (perkant ekskursij\u0173 paket\u0105 pusry\u010diai \u012fskai\u010diuoti).<br \/> - Free day.<br \/> - Relax by the sea.<br \/> \u2022 Nakvyn\u0117 vie&scaron;butyje. <\/p>\n<p><strong>Day 10 <\/strong><\/p>\n<p>\u2022 Pusry\u010diai vie&scaron;butyje (perkant ekskursij\u0173 paket\u0105 pusry\u010diai \u012fskai\u010diuoti).<br \/> - Relax by the sea.<br \/> \u2022 Pageidaujantiems si\u016blome ekskursin\u0119 i&scaron;vyk\u0105 \u012f Dalat\u0105 (papildomas mokestis \u2013 65 \u20ac\/asm., \u012f kain\u0105 \u012fskai\u010diuoti \u012f\u0117jimo bilietai ir piet\u016bs, u\u017esakoma i&scaron; anksto, apmokama kelion\u0117s metu).<br \/> \u2022 Sugr\u012f\u017etame \u012f vie&scaron;but\u012f.<br \/> \u2022 Nakvyn\u0117 vie&scaron;butyje. <\/p>\n<p>Dalatas &#8211; kaln\u0173 kurortas, vos apie 3 val. kelio nuo Nha Trango, kuris da\u017enai vadinamas \u201ema\u017euoju Pary\u017eiumi\u201c arba \u201epranc\u016bzi&scaron;ka &Scaron;veicarija\u201c. J\u012f pra\u0117jusio am\u017eiaus prad\u017eioje pastat\u0117 pranc\u016bz\u0173 kolonistai. Dalatas \u012fsik\u016br\u0119s 1500 metr\u0173 auk&scaron;tyje vir&scaron; j\u016bros lygio ir jame vyrauja &scaron;velnus klimatas.<\/p>\n<p>Ekskursijos metu aplankysime vien\u0105 i&scaron; garsi\u0173 Dalato apylink\u0117se esan\u010di\u0173 kriokli\u0173 \u2013 Datanla kriokl\u012f. Toliau vyksime \u012f budist\u0173 kompleks\u0105 Truc Lam, esant\u012f ant kalno pu&scaron;yno viduryje. Aplankysime Linh Phuoc pagod\u0105, kuri\u0105 vietnamie\u010diai vadina sudu\u017eusio stiklo &scaron;ventykla. Taip pat aplankysime Crazy House \u2013 ne\u012fprastos architekt\u016bros nam\u0105, vien\u0105 i&scaron; de&scaron;imties ne\u012fpras\u010diausi\u0173 pastat\u0173 pasaulyje.<\/p>\n<p><strong>Day 11 <\/strong><\/p>\n<p>\u2022 Pusry\u010diai vie&scaron;butyje (perkant ekskursij\u0173 paket\u0105 pusry\u010diai \u012fskai\u010diuoti).<br \/> - Free day.<br \/> - Relax by the sea.<br \/> \u2022 Nakvyn\u0117 vie&scaron;butyje. <\/p>\n<p><strong>Day 12 <\/strong><\/p>\n<p>\u2022 Pusry\u010diai vie&scaron;butyje (perkant ekskursij\u0173 paket\u0105 pusry\u010diai \u012fskai\u010diuoti). <br \/> - Free day.<br \/> - Relax by the sea.<br \/> \u2022 Nakvyn\u0117 vie&scaron;butyje. <\/p>\n<p><strong>Day 13 <\/strong><\/p>\n<p>\u2022 Pusry\u010diai vie&scaron;butyje (perkant ekskursij\u0173 paket\u0105 pusry\u010diai \u012fskai\u010diuoti). <br \/> - Free day.<br \/> - Relax by the sea.<br \/> \u2022 Nakvyn\u0117 vie&scaron;butyje. <\/p>\n<p><strong>Day 14 <\/strong><\/p>\n<p>\u2022 Pusry\u010diai vie&scaron;butyje (perkant ekskursij\u0173 paket\u0105 pusry\u010diai \u012fskai\u010diuoti). <br \/> \u2022 I&scaron;siregistravimas i&scaron; vie&scaron;bu\u010dio.<br \/> \u2022 Vykstame \u012f Nha Trang oro uost\u0105.<br \/> - Check-in.<br \/> \u2022 Vidinis skrydis: Nha Trangas &#8211; Ho&scaron;iminas.<br \/> \u2022 Atvykstame \u012f Ho&scaron;imin\u0105.<br \/> \u2022 Perve\u017eimas \u012f vie&scaron;but\u012f.<br \/> \u2022 \u012esik\u016brimas vie&scaron;butyje.<br \/> \u2022 Nakvyn\u0117 vie&scaron;butyje. <\/p>\n<p><strong>Day 15 <\/strong><\/p>\n<p>\u2022 Pusry\u010diai vie&scaron;butyje (perkant ekskursij\u0173 paket\u0105 pusry\u010diai \u012fskai\u010diuoti). <br \/> \u2022 I&scaron;siregistravimas i&scaron; vie&scaron;bu\u010dio.<br \/> \u2022 Laisvas laikas Ho&scaron;imine.<br \/> \u2022 Vakare vykstame \u012f Ho&scaron;imino oro uost\u0105.<br \/> - Check-in.<br \/> \u2022 Skrydis: Ho&scaron;iminas &#8211; Stambulas (~22:05-04:50*). <\/p>\n<p><strong>16 diena <\/strong><\/p>\n<p>- We arrive in Istanbul.<br \/> \u2022 Skrydis: Stambulas &#8211; Ryga (~06:55-10:00).<br \/> \u2022 Atvykimas \u012f Ryg\u0105. <\/p>","protected":false},"excerpt":{"rendered":"<p>\u012e Vietnam\u0105 vykstantiems LR pilie\u010diams reikalinga el. viza (vizos mokestis ~25 $\/asm), kuria keliautojai r\u016bpinasi savaranki&scaron;kai! Nor\u0117dami u\u017epildyti spausk&#8230;<\/p>","protected":false},"featured_media":11908,"comment_status":"open","ping_status":"closed","template":"","meta":{"om_disable_all_campaigns":false,"_monsterinsights_skip_tracking":false,"_monsterinsights_sitenote_active":false,"_monsterinsights_sitenote_note":"","_monsterinsights_sitenote_category":0},"product_brand":[],"product_cat":[669],"product_tag":[],"class_list":{"0":"post-12673","1":"product","2":"type-product","3":"status-publish","4":"has-post-thumbnail","6":"product_cat-keliones","8":"first","9":"instock","10":"virtual","11":"taxable","12":"purchasable","13":"product-type-simple"},"aioseo_notices":[],"_links":{"self":[{"href":"https:\/\/www.atravel.lt\/en\/wp-json\/wp\/v2\/product\/12673","targetHints":{"allow":["GET"]}}],"collection":[{"href":"https:\/\/www.atravel.lt\/en\/wp-json\/wp\/v2\/product"}],"about":[{"href":"https:\/\/www.atravel.lt\/en\/wp-json\/wp\/v2\/types\/product"}],"replies":[{"embeddable":true,"href":"https:\/\/www.atravel.lt\/en\/wp-json\/wp\/v2\/comments?post=12673"}],"wp:featuredmedia":[{"embeddable":true,"href":"https:\/\/www.atravel.lt\/en\/wp-json\/wp\/v2\/media\/11908"}],"wp:attachment":[{"href":"https:\/\/www.atravel.lt\/en\/wp-json\/wp\/v2\/media?parent=12673"}],"wp:term":[{"taxonomy":"product_brand","embeddable":true,"href":"https:\/\/www.atravel.lt\/en\/wp-json\/wp\/v2\/product_brand?post=12673"},{"taxonomy":"product_cat","embeddable":true,"href":"https:\/\/www.atravel.lt\/en\/wp-json\/wp\/v2\/product_cat?post=12673"},{"taxonomy":"product_tag","embeddable":true,"href":"https:\/\/www.atravel.lt\/en\/wp-json\/wp\/v2\/product_tag?post=12673"}],"curies":[{"name":"wp","href":"https:\/\/api.w.org\/{rel}","templated":true}]}}