{"id":12670,"date":"2026-03-21T15:44:50","date_gmt":"2026-03-21T13:44:50","guid":{"rendered":"https:\/\/www.atravel.lt\/produktas\/klasikine-ryga-2-d\/"},"modified":"2026-03-21T15:44:50","modified_gmt":"2026-03-21T13:44:50","slug":"klasikine-ryga-2-d","status":"publish","type":"product","link":"https:\/\/www.atravel.lt\/en\/product\/klasikine-ryga-2-d\/","title":{"rendered":"KLASIKIN\u0116 RYGA 2 d."},"content":{"rendered":"<p><strong>1 day<\/strong><\/p>\n<p>\u2022 I&scaron;vykstame i&scaron; j\u016bs\u0173 pasirinkto miesto.<br \/> \u2022 Kelion\u0117 per Lietuvos ir Latvijos teritorij\u0105.<br \/> \u2022 Trumpam sustosime Rundal\u0117s dvare (\u012f\u0117jimo biliet\u0105 ir gido paslaugas apmoka pats keliautojas).<br \/> \u2022 T\u0119siame kelion\u0119 ir vykstame link Rygos.<br \/> \u2022 Ekskursija po Rygos senamiest\u012f (pageidaujant).<br \/> \u2022 Piet\u016bs LIDO restorane (pageidaujant).<br \/> \u2022 \u012esik\u016brimas vie&scaron;butyje.<br \/> \u2022 Nakvyn\u0117 vie&scaron;butyje. <\/p>\n<p>Rundal\u0117 \u2013 senosiose \u017diemgalos \u017eem\u0117se, pa\u010diame Lietuvos \u2013 Latvijos pasienyje. R\u016bm\u0173 ansamblis pla\u010diai pasaulyje \u017einomas ir kitu pavadinimu \u2013 Baltijos Versalis. Rundal\u0117s dvaras, vienas \u017eymiausi\u0173 baroko ir rokoko architekt\u016bros stiliaus paminklas Latvijoje, buvo statomas 1736 m.-1740 m. R\u016bmai buvo statomi pagal ital\u0173 architekto Bartalom\u0117jaus Fran\u010desko Rastrelio projekt\u0105 kaip Kur\u017eem\u0117s hercogo, Rusijos carien\u0117s Anos Joanovnos favorito Ernesto Johano Birono vasaros rezidencija.<\/p>\n<p>Ryga \u2013 tai ne tik, Latvijos, bet ir visos Baltijos perlas. &Scaron;is miestas \u2013 viena gra\u017eiausi\u0173 Europos sostini\u0173. Ryga \u012ftraukta \u012f UNESCO Pasaulio kult\u016bros ir gamtos paveldo s\u0105ra&scaron;\u0105. Ji \u012fsik\u016brusi &scaron;alies centre, Rygos \u012flankos piet\u0173 pakra&scaron;tyje, Dauguvos up\u0117s deltoje.<\/p>\n<p><strong>Day 2<\/strong><\/p>\n<p>\u2022 Pusry\u010diai vie&scaron;butyje.<br \/> \u2022 I&scaron;siregistravimas i&scaron; vie&scaron;bu\u010dio.<br \/> \u2022 Laisvas laikas Rygoje.<br \/> \u2022 Pageidaujantiems si\u016blome ekskursin\u0119 i&scaron;vyk\u0105 \u012f J\u016brmal\u0105 arba \u012f Siguld\u0105, Gaujos nacionalin\u012f park\u0105 + Turaidos pilies lankymas (papildomas mokestis &#8211; 15 \u20ac\/asm.).<br \/> \u2022 Vykstame link Lietuvos.<br \/> \u2022 V\u0117lai vakare atvykstame \u012f Lietuv\u0105. <\/p>\n<p>J\u016brmala &#8211; \u201eLatvijos perlas\u201c ir did\u017eiausias Baltijos &scaron;ali\u0173 kurortinis miestas. Ekskursijos p\u0117s\u010diomis metu mes eisime pro \u017eymiausias miesto vietas ir ap\u017ei\u016br\u0117sime visas jo lankytinas vietas: papl\u016bdim\u012f ir gars\u0173j\u012f Rygos paj\u016br\u012f, Dzintari koncert\u0173 sal\u0119, Jomaso p\u0117s\u010di\u0173j\u0173 gatv\u0119. Gidas supa\u017eindins jus su kurorto istorija, gal\u0117site pasivaik&scaron;\u010dioti Rygos \u012flankos pakrante, m\u0117gaudamiesi gydomuoju J\u016brmalos oru.<\/p>\n<p>Sigulda \u2013 Gaujos nacionalinio parko centras. &Scaron;\u012f miest\u0105 dar vadina Latvijos &Scaron;veicarija. \u010cia nuostabaus gro\u017eio gamta, paslaptingos olos ir, \u017einoma, nepakartojama Gaujos up\u0117.<\/p>\n<p>Kaimynin\u0117je Latvijoje i&scaron;lik\u0119 nema\u017eai skirtingo laikme\u010dio ir stiliaus pili\u0173. Gaujos nacionalinio parko rezervate st\u016bkso senoji ankstyvosios gotikos stiliaus Turaidos pilis, pastatyta dar 1214 m. sunaikintos medin\u0117s lyvi\u0173 pilies vietoje. &Scaron;imtamet\u0117s sienos ar griuv\u0117siai pasakoja ne tik \u017eymi\u0173 m\u016b&scaron;i\u0173, prie&scaron;\u0173 antpuoli\u0173, bet ir meil\u0117s istorijas bei legendas.<\/p>\n<hr \/>\n<p>\u012e kelion\u0117s kain\u0105 \u012fskai\u010diuota:<\/p>\n<hr \/>\n<p>\u2022 Kelion\u0117 autobusu.<br \/> \u2022 1 nakvyn\u0117 3* vie&scaron;butyje.<br \/> \u2022 Kelion\u0117s vadovo-gido paslaugos.<br \/> \u2022 Kelion\u0117s dokument\u0173 sutvarkymas.<\/p>\n<hr \/>\n<p>\u012e kelion\u0117s kain\u0105 ne\u012fskai\u010diuota:<\/p>\n<hr \/>\n<p>Pageidaujant:<br \/> \u2022 Ekskursin\u0117 i&scaron;vyka \u012f J\u016brmal\u0105 arba \u012f Siguld\u0105 \u2013 20\u20ac\/asm. <br \/> \u2022 Piet\u016bs LIDO restorane.<br \/> \u2022 \u012e\u0117jimo bilietai \u012f mokamas lankytinas vietas (muziejus\/ba\u017eny\u010dias\/pilis ir pan.).<br \/> \u2022 \u012e\u0117jimo bilietai \u012f mokamas lankytinas vietas (muziejus\/ba\u017eny\u010dias ir pan.).<br \/> \u2022 \u20ac25\/asm. priemoka u\u017e vienviet\u012f kambar\u012f, jei keliaujate vienas\/-a (jei keliaujate trise, persp\u0117kite kelioni\u0173 agent\u016br\u0105, kad pasir\u016bpint\u0173 papildoma lova J\u016bs\u0173 dvivie\u010diame kambaryje).<br \/> \u2022 Sveikatos draudimas kelion\u0117s metu.<\/p>\n<hr \/>\n<p>Pastabos:<\/p>\n<hr \/>\n<p>\u2022 *Kelion\u0117s i&scaron;vykimo, atvykimo ir kiti laikai gali keistis \u2013 patikslinta informacija atsiun\u010diama (2-3 dienas prie&scaron; kelion\u0119).<br \/> \u2022 Visos ekskursijos vedamos rus\u0173 kalba.<br \/> \u2022 Objekt\u0173 lankymo tvarka, skai\u010dius ir \u012f\u0117jimo biliet\u0173 kaina gali keistis.<br \/> \u2022 Muziejuose, ba\u017eny\u010diose ir kituose mokamuose objektuose kelion\u0117s vadovas ekskursij\u0173 neveda.<br \/> \u2022 \u012e\u0117jimo bilietai \u012f mokamas lankytinas vietas (muziejus\/ba\u017eny\u010dias ir pan.) n\u0117ra \u012fskai\u010diuoti \u012f kelion\u0117s kain\u0105.<br \/> \u2022 Kelion\u0117s vadovas gali keisti programos eig\u0105.<br \/> \u2022 Nepamir&scaron;kite \u012f kelion\u0119 pasiimti paso\/asmens tapatyb\u0117s kortel\u0117s, galiojan\u010dio\/-s ne trumpiau nei 3\/6 m\u0117nesius po gr\u012f\u017eimo i&scaron; kelion\u0117s datos. <\/p>","protected":false},"excerpt":{"rendered":"<p>1 diena \u2022 I&scaron;vykstame i&scaron; j\u016bs\u0173 pasirinkto miesto. \u2022 Kelion\u0117 per Lietuvos ir Latvijos teritorij\u0105. \u2022 Trumpam sustosime Rundal\u0117s dvare (\u012f\u0117jimo biliet\u0105&#8230;<\/p>","protected":false},"featured_media":11905,"comment_status":"open","ping_status":"closed","template":"","meta":{"om_disable_all_campaigns":false,"_monsterinsights_skip_tracking":false,"_monsterinsights_sitenote_active":false,"_monsterinsights_sitenote_note":"","_monsterinsights_sitenote_category":0},"product_brand":[],"product_cat":[669],"product_tag":[],"class_list":{"0":"post-12670","1":"product","2":"type-product","3":"status-publish","4":"has-post-thumbnail","6":"product_cat-keliones","8":"first","9":"instock","10":"virtual","11":"taxable","12":"product-type-simple"},"aioseo_notices":[],"_links":{"self":[{"href":"https:\/\/www.atravel.lt\/en\/wp-json\/wp\/v2\/product\/12670","targetHints":{"allow":["GET"]}}],"collection":[{"href":"https:\/\/www.atravel.lt\/en\/wp-json\/wp\/v2\/product"}],"about":[{"href":"https:\/\/www.atravel.lt\/en\/wp-json\/wp\/v2\/types\/product"}],"replies":[{"embeddable":true,"href":"https:\/\/www.atravel.lt\/en\/wp-json\/wp\/v2\/comments?post=12670"}],"wp:featuredmedia":[{"embeddable":true,"href":"https:\/\/www.atravel.lt\/en\/wp-json\/wp\/v2\/media\/11905"}],"wp:attachment":[{"href":"https:\/\/www.atravel.lt\/en\/wp-json\/wp\/v2\/media?parent=12670"}],"wp:term":[{"taxonomy":"product_brand","embeddable":true,"href":"https:\/\/www.atravel.lt\/en\/wp-json\/wp\/v2\/product_brand?post=12670"},{"taxonomy":"product_cat","embeddable":true,"href":"https:\/\/www.atravel.lt\/en\/wp-json\/wp\/v2\/product_cat?post=12670"},{"taxonomy":"product_tag","embeddable":true,"href":"https:\/\/www.atravel.lt\/en\/wp-json\/wp\/v2\/product_tag?post=12670"}],"curies":[{"name":"wp","href":"https:\/\/api.w.org\/{rel}","templated":true}]}}