{"id":12669,"date":"2026-03-21T15:44:50","date_gmt":"2026-03-21T13:44:50","guid":{"rendered":"https:\/\/www.atravel.lt\/produktas\/varsuva-koperniko-muziejus\/"},"modified":"2026-03-21T15:44:50","modified_gmt":"2026-03-21T13:44:50","slug":"varsuva-koperniko-muziejus","status":"publish","type":"product","link":"https:\/\/www.atravel.lt\/en\/product\/varsuva-koperniko-muziejus\/","title":{"rendered":"VAR\u0160UVA &#8211; KOPERNIKO MUZIEJUS"},"content":{"rendered":"<p><strong>1 day<\/strong><\/p>\n<p>\u2022 I&scaron;vykstame i&scaron; j\u016bs\u0173 pasirinkto miesto.<br \/> \u2022 Kelion\u0117 autobusu per Lenkijos teritorij\u0105.<br \/> \u2022 Pakeliui sustojame pietauti (papildomas mokestis).<br \/> \u2022 Atvykstame \u012f Var&scaron;uv\u0105.<br \/> \u2022 Ekskursija p\u0117s\u010diomis po Var&scaron;uvos senamiest\u012f (lietuvi\u0173 kalba).<br \/> - Free time after the tour. <br \/> \u2022 Vykstame link vie&scaron;bu\u010dio (Var&scaron;uvos apylink\u0117se).<br \/> \u2022 \u012esik\u016brimas ir poilsis.<br \/> \u2022 Nakvyn\u0117 vie&scaron;butyje. <\/p>\n<p>Atvykstame \u012f Lenkijos sostin\u0119 Var&scaron;uv\u0105. M\u016bs\u0173 laukia ap\u017evalgin\u0117 ekskursija p\u0117s\u010diomis po senamiest\u012f, kuris yra \u012ftrauktas \u012f UNESCO Pasaulio paveldo s\u0105ra&scaron;\u0105. Aplankysime senamies\u010dio &scaron;ird\u012f \u2013 Karali\u0173 r\u016bmus ir &scaron;alia j\u0173 esan\u010di\u0105 aik&scaron;t\u0119, kurioje da\u017enai organizuojamos \u012fvairios &scaron;vent\u0117s, min\u0117jimai bei mug\u0117s. Pamatysime senojo turgaus aik&scaron;tes, kurios yra apsuptos nedideli\u0173 spalving\u0173 nam\u0173, su juose \u012fsik\u016brusiais restoranais, vie&scaron;bu\u010diais, galerijomis, Barbakano gynybin\u0117mis sienomis. Pamatysime ir Var&scaron;uvos simbol\u012f \u2013 Undin\u0117l\u0117s fontan\u0105. Aplankysime &Scaron;v. Jono krik&scaron;tytojo katedr\u0105, kurioje palaidoti paskutinieji Moz\u016brijos kunigaik&scaron;\u010diai, &Scaron;v. Kry\u017eiaus ba\u017eny\u010di\u0105, kurioje palaidota \u017eymaus lenk\u0173 kompozitoriaus Frederiko &Scaron;openo &scaron;irdis.<\/p>\n<p><strong>Day 2<\/strong><\/p>\n<p>\u2022 Pusry\u010diai vie&scaron;butyje.<br \/> \u2022 I&scaron;siregistruojame i&scaron; vie&scaron;bu\u010dio.<br \/> \u2022 Vykstame \u012f Koperniko muziej\u0173 (\u012f\u0117jimo bilietas ~21 zl\/asm.)<br \/> \u2022 Laisvas laikas muziejaus lankymui.<br \/> \u2022 Vykstame link Lietuvos.<br \/> \u2022 Pakeliui sustojame valgyti (papildomas mokestis).<br \/> \u2022 V\u0117lai vakare atvykstame \u012f Vilni\u0173. <\/p>\n<p>Vykstame \u012f gars\u0173j\u012f Koperniko muziej\u0173. Jame m\u016bs\u0173 laukia interaktyvi pa\u017eintis su &scaron;viesa, optin\u0117mis iliuzijomis, mus supan\u010diais rei&scaron;kiniais. Muziejuje galima groti lazerine gitara, tyrin\u0117ti \u017emogaus k\u016bno dalis, apsilankyti planetariume, susipa\u017einti su stichiniais gamtos rei&scaron;kiniais \u2013 \u010dia galima praleisti kone vis\u0105 dien\u0105! Verta u\u017esukti \u012f kambar\u012f, kuris yra \u017eem\u0117s dreb\u0117jimo zonoje, pab\u016bti sk\u0119stan\u010dio laivo kapitonu arba pakilti vir&scaron; \u017eem\u0117s ant skraidan\u010dio kilimo\u2026<\/p>\n<p>Muziejus u\u017eima 20 t\u016bkst. kvadratini\u0173 metr\u0173 teritorij\u0105, kur n\u0117ra joki\u0173 gid\u0173 ar popierini\u0173 buklet\u0173. Prie kiekvieno eksponato kabo instrukcija. Pa\u017einti j\u012f prival\u0117site patys, liesdami, klausydamiesi, ragaudami, matydami\u2026 Tikrai bus labai \u012fdomu ir neu\u017emir&scaron;tama!<\/p>\n<hr \/>\n<p>\u012e kelion\u0117s kain\u0105 \u012fskai\u010diuota:<\/p>\n<hr \/>\n<p>\u2022 Kelion\u0117 autobusu.<br \/> \u2022 1 nakvyn\u0117 3* vie&scaron;butyje su pusry\u010diais (dvivie\u010diai kambariai).<br \/> \u2022 Kelion\u0117s vadovo &#8211; gido paslaugos.<br \/> \u2022 Kelion\u0117s dokument\u0173 sutvarkymas.<br \/> \u2022 Ekskursija po Var&scaron;uv\u0105.<br \/> \u2022 Perve\u017eimas \u012f Koperniko muziej\u0173 (u\u017e \u012f\u0117jimo biliet\u0105 \u012f muziej\u0173 keliautojai moka patys ~21zl\/asm.).<\/p>\n<hr \/>\n<p>\u012e kelion\u0117s kain\u0105 ne\u012fskai\u010diuota:<\/p>\n<hr \/>\n<p>\u2022 \u012e\u0117jimo bilietai \u012f mokamas lankytinas vietas (muziejus\/ba\u017eny\u010dias ir pan.).<br \/> \u2022 Sveikatos draudimas kelion\u0117s metu.<br \/> \u2022 Piet\u016bs ir vakarien\u0117s.<br \/> \u2022 25\u20ac\/asm. priemoka u\u017e vienviet\u012f kambar\u012f yra privaloma, jei keliaujate vienas\/-a.<\/p>\n<hr \/>\n<p>Pastabos:<\/p>\n<hr \/>\n<p>\u2022 Pinigai: tur\u0117ti smulki\u0173 pinig\u0173 (tualetui, g\u0117rimams ir kt.). <br \/> \u2022 Mokamiems objektams reik\u0117t\u0173 tur\u0117ti gryn\u0173 pinig\u0173 ~ 20 PLN. Asmenin\u0117ms i&scaron;laidoms ~ 40 PLN. <br \/> \u2022 Lenkijoje: piet\u016bs ~ 10-20 PLN; kava\/arbata \u2013 4-6 PLN. <br \/> \u2022 Mokami objektai (biliet\u0173 kaina gali kisti):<br \/> \u2022 Karali&scaron;kieji r\u016bmai (lankomi laisvo laiko metu) ~ 30 PLN suaug. ~20 PLN, vaikams ir pensininkams. Audiogidas ~17 PLN <br \/> \u2022 Kelion\u0117s i&scaron;vykimo, atvykimo ir kiti laikai gali keistis \u2013 patikslinta informacija atsiun\u010diama \u012f elektronin\u012f pa&scaron;t\u0105 (2-3 dienas prie&scaron; kelion\u0119 \u012f J\u016bs\u0173 elektronin\u012f pa&scaron;to adres\u0105 kuriuo registravot\u0117s \u012f kelion\u0119).<br \/> \u2022 Kelionei reikalingas pasas arba asmens tapatyb\u0117s kortel\u0117 (dokumentas turi galioti ne trumpiau nei 3 m\u0117n. po kelion\u0117s gr\u012f\u017eimo).<br \/> \u2022 U\u017e ekskursijas ar ekskursines i&scaron;vykas ir kitas papildomai mokamas paslaugas galite atsiskaityti kelioni\u0173 organizatoriaus biure ne v\u0117liau nei likus 30 dien\u0173 iki kelion\u0117s.<br \/> \u2022 Lagaminas kuris dedamas \u012f autobuso baga\u017ein\u0119, neturi sverti daugiau nei 25 kg.<br \/> \u2022 Visos ekskursijos vedamos rus\u0173 arba lietuvi\u0173 kalba (pasitikslinti galite kelioni\u0173 agent\u016broje).<br \/> \u2022 Objekt\u0173 lankymo tvarka, skai\u010dius ir \u012f\u0117jimo biliet\u0173 kaina gali keistis.<br \/> \u2022 Muziejuose, ba\u017eny\u010diose ir kituose mokamuose objektuose kelion\u0117s vadovas ekskursij\u0173 neveda.<br \/> \u2022 \u012e\u0117jimo bilietai \u012f mokamus objektus, degustacijos, vakarien\u0117s, piet\u016bs ir kt. papildomos paslaugos n\u0117ra \u012fskai\u010diuoti \u012f kelion\u0117s kain\u0105.<br \/> \u2022 Ekskursij\u0173 po miest\u0105 metu ap\u017ei\u016brimi objektai tik i&scaron; i&scaron;or\u0117s.<br \/> \u2022 Kelion\u0117s vadovas gali keisti programos eig\u0105.<br \/> \u2022 Kelion\u0117s vadovas (lydintis visos kelion\u0117s metu) informacij\u0105 pateikia lietuvi\u0173 arba rus\u0173 kalba (pasitikslinti galite kelioni\u0173 agent\u016broje).<\/p>","protected":false},"excerpt":{"rendered":"<p>1 diena \u2022 I&scaron;vykstame i&scaron; j\u016bs\u0173 pasirinkto miesto. \u2022 Kelion\u0117 autobusu per Lenkijos teritorij\u0105. \u2022 Pakeliui sustojame pietauti (papildomas mokestis). \u2022&#8230;<\/p>","protected":false},"featured_media":11904,"comment_status":"open","ping_status":"closed","template":"","meta":{"om_disable_all_campaigns":false,"_monsterinsights_skip_tracking":false,"_monsterinsights_sitenote_active":false,"_monsterinsights_sitenote_note":"","_monsterinsights_sitenote_category":0},"product_brand":[],"product_cat":[669],"product_tag":[],"class_list":{"0":"post-12669","1":"product","2":"type-product","3":"status-publish","4":"has-post-thumbnail","6":"product_cat-keliones","8":"first","9":"instock","10":"virtual","11":"taxable","12":"product-type-simple"},"aioseo_notices":[],"_links":{"self":[{"href":"https:\/\/www.atravel.lt\/en\/wp-json\/wp\/v2\/product\/12669","targetHints":{"allow":["GET"]}}],"collection":[{"href":"https:\/\/www.atravel.lt\/en\/wp-json\/wp\/v2\/product"}],"about":[{"href":"https:\/\/www.atravel.lt\/en\/wp-json\/wp\/v2\/types\/product"}],"replies":[{"embeddable":true,"href":"https:\/\/www.atravel.lt\/en\/wp-json\/wp\/v2\/comments?post=12669"}],"wp:featuredmedia":[{"embeddable":true,"href":"https:\/\/www.atravel.lt\/en\/wp-json\/wp\/v2\/media\/11904"}],"wp:attachment":[{"href":"https:\/\/www.atravel.lt\/en\/wp-json\/wp\/v2\/media?parent=12669"}],"wp:term":[{"taxonomy":"product_brand","embeddable":true,"href":"https:\/\/www.atravel.lt\/en\/wp-json\/wp\/v2\/product_brand?post=12669"},{"taxonomy":"product_cat","embeddable":true,"href":"https:\/\/www.atravel.lt\/en\/wp-json\/wp\/v2\/product_cat?post=12669"},{"taxonomy":"product_tag","embeddable":true,"href":"https:\/\/www.atravel.lt\/en\/wp-json\/wp\/v2\/product_tag?post=12669"}],"curies":[{"name":"wp","href":"https:\/\/api.w.org\/{rel}","templated":true}]}}