{"id":12668,"date":"2026-03-21T15:44:50","date_gmt":"2026-03-21T13:44:50","guid":{"rendered":"https:\/\/www.atravel.lt\/produktas\/savaitgalis-varsuvoje-nakvyne-intercontinental-warszawa-5-viesbutyje\/"},"modified":"2026-03-21T15:44:50","modified_gmt":"2026-03-21T13:44:50","slug":"savaitgalis-varsuvoje-nakvyne-intercontinental-warszawa-5-viesbutyje","status":"publish","type":"product","link":"https:\/\/www.atravel.lt\/en\/product\/savaitgalis-varsuvoje-nakvyne-intercontinental-warszawa-5-viesbutyje\/","title":{"rendered":"SAVAITGALIS VAR\u0160UVOJE (nakvyn\u0117 INTERCONTINENTAL WARSZAWA 5* vie\u0161butyje)"},"content":{"rendered":"<p><strong>1 day<\/strong><\/p>\n<p>\u2022 I&scaron;vykstame i&scaron; j\u016bs\u0173 pasirinkto miesto.<br \/> \u2022 Vykstame link Var&scaron;uvos.<br \/> \u2022 Ekskursija po Var&scaron;uvos senamiest\u012f.<br \/> - Free time.<br \/> \u2022 \u012esik\u016brimas \u201eInterContinental Warszawa 5*\u201c vie&scaron;butyje. <br \/> \u2022 Poilsis vie&scaron;bu\u010dio SPA zonoje.<br \/> \u2022 Nakvyn\u0117 vie&scaron;butyje. <\/p>\n<p>Ap\u017evalgin\u0117s ekskursijos po Var&scaron;uv\u0105 metu ap\u017ei\u016br\u0117sime Pilies aik&scaron;t\u0119 su \u017dygimanto III Vasos kolona. Pilies aik&scaron;t\u0117 yra viduram\u017ei\u0173 senamiestyje, gars\u0117jan\u010diame nuostabiais pastatais ir siauromis gatvel\u0117mis. Aik&scaron;t\u0117 tapo tradicine masini\u0173 rengini\u0173 ir did\u017ei\u0173j\u0173 koncert\u0173 vieta. Pagrindin\u0119 viet\u0105 Var&scaron;uvos pilies aik&scaron;t\u0117je u\u017eima Karali&scaron;koji pilis, kuri yra nacionalin\u0117s kult\u016bros paminklas, nuolatini\u0173 ir laikin\u0173 senov\u0117s meno parod\u0173 ekspozicij\u0173, taip pat oficiali\u0173 susitikim\u0173, koncert\u0173, simpozium\u0173 vieta. Toliau aplankysime turgaus aik&scaron;t\u0119, kur viskas paruo&scaron;ta turistams: menininkai si\u016blo savo paveikslus, koncertuoja gatv\u0117s muzikantai ir aktoriai, kursuoja senasis transportas. Turgaus aik&scaron;t\u0117je yra undin\u0117s skulpt\u016bra \u2013 tai pagrindinis miesto simbolis. Var&scaron;uva yra viena i&scaron; nedaugelio Europos sostini\u0173, kur vis dar i&scaron;saugotos miesto sienos. Dviguba miesto sien\u0173 eil\u0117 buvo pastatyta nuo XIV am\u017eiaus pirmosios pus\u0117s iki XVI am\u017eiaus vidurio. Juos sutvirtino bok&scaron;tai ir fortai. Seniausias i&scaron;lik\u0119s \u012ftvirtinim\u0173 elementas yra Barbakanas, kur\u012f sen\u0173j\u0173 miesto vart\u0173 vietoje pastat\u0117 Venecijos meistras Janbattista, nor\u0117damas apginti Naujuosius vartus. &Scaron;iaurin\u0117 Barbikano dalis yra i&scaron;likusi kaip rotu&scaron;\u0117s i&scaron;orin\u0117 siena. Ji yra sustiprinta keturiais puslankiu bok&scaron;tais. Po Antrojo pasaulinio karo niokojimo Barbakano ir dalis miesto sienos buvo atstatyti. Toliau pamatysime &Scaron;v. Jono katedros ba\u017eny\u010di\u0105 ir &Scaron;v. Onos ba\u017eny\u010di\u0105.<\/p>\n<p>INTERCONTINENTAL WARSZAWA- vienas prabangiausi\u0173 5 \u017evaig\u017eu\u010di\u0173 vie&scaron;bu\u010di\u0173 ir yra pa\u010diame miesto centre.<\/p>\n<p>Vie&scaron;bu\u010dio teikiamais SPA malonumais gal\u0117site m\u0117gautis gro\u017e\u0117damiesi visa miesto panorama \u2013 pasirodo, tai auk&scaron;\u010diausias (net 43 auk&scaron;te \u012fsik\u016br\u0119s) SPA centras Europoje!!!<br \/> Tai vienas i&scaron; auk&scaron;\u010diausi\u0173 ir Var&scaron;uvos pastat\u0173. <\/p>\n<p>SPA centras, esantis 44\u201345 vie&scaron;bu\u010dio auk&scaron;tuose, kuriame yra sporto sal\u0117, s\u016bkurin\u0117 vonia, sauna, garin\u0117 pirtis, taip pat baseinas, i&scaron; kurio atsiveria nuostabus vaizdas \u012f miest\u0105 ir Kult\u016bros ir mokslo r\u016bmus. <\/p>\n<p>Erdviuose vie&scaron;bu\u010dio kambariuose rasite oro kondicionierius, plok&scaron;\u010diaekranius TV, mini bar\u0105, seif\u0105, kavos bei arbatos ruo&scaron;imo rinkinius, chalatus. Vonios kambaryje yra du&scaron;o kabina ir vonia, plauk\u0173 d\u017eiovintuvas, rank&scaron;luos\u010diai. Wi-Fi internetas visuose kambariuose nemokamas. J\u0117gas galima atgauti 43-iame auk&scaron;te esan\u010diame SPA centre. Jame galima lankytis neribotai viso apsilankymo metu, \u012f\u0117jimas nemokamas. Dirba nuo 7.00 val. ryto iki 22.00 val. vakaro. Dvi pirtys, s\u016bkurin\u0117 vonia, sporto klubas, baseinas. Dviejuose vie&scaron;bu\u010dio restoranuose puiki galimyb\u0117 paragauti tradicini\u0173 lenk\u0173 virtuv\u0117s patiekal\u0173 bei pasim\u0117gauti gero vyno taure.<\/p>\n<p>&Scaron;alia vie&scaron;bu\u010dio, esan\u010diame senamiestyje gal\u0117site apsilankyti nacionaliniame muziejuje, dideliame prekybos centre bei kituose lankytinuose objektuose.<\/p>\n<p><strong>Day 2<\/strong><\/p>\n<p>\u2022 Pusry\u010diai vie&scaron;butyje. Gaus\u016bs, auk&scaron;\u010diausio lygio pusry\u010diai su putojan\u010dio vyno taure !!! (putojan\u010dio vyno ir\/ar arbatos, kavos, sul\u010di\u0173 reikia papra&scaron;yti padav\u0117jo) (papildoma priemoka)<br \/> \u2022 Prie&scaron; ar po pusry\u010di\u0173 yra galimyb\u0117 naudotis vie&scaron;bu\u010dio SPA zona.<br \/> \u2022 ~11.00 i&scaron;siregistravimas i&scaron; vie&scaron;bu\u010dio.<br \/> \u2022 Perve\u017eimas \u012f Koperniko mokslo centr\u0105 arba laisvas laikas Var&scaron;uvoje.<br \/> \u2022 V\u0117lai vakare atvykstame \u012f Lietuv\u0105. <\/p>\n<p>Koperniko mokslo centras tai tikr\u0173 tikriausias \u017eini\u0173 lobynas. \u010cia kiekvienas lankytojas, nepriklausomai nuo savo am\u017eiaus, atras ka\u017ek\u0105 naujo. Koperniko mokslo centre galite apsilankyti parodose, kuriose daugel\u012f \u201eeksponat\u0173\u201c galima paliesti ir, tikr\u0105ja &scaron;io \u017eod\u017eio prasme, i&scaron;bandyti patiems. Centre taip pat galite apsilankyti Robot\u0173 teatro bei Auk&scaron;tos \u012ftampos teatro spektakliuose arba sudalyvauti moksliniuose eksperimentuose. J\u016bs\u0173 taip pat laukia mini dirbtuv\u0117s centro laboratorijose bei kvap\u0105 gniau\u017eiantys poj\u016b\u010diai viename moderniausi\u0173 planetarium\u0173 Lenkijoje.<\/p>\n<p>Koperniko mokslo centre \u2013 interaktyvi pa\u017eintis su &scaron;viesa, optin\u0117mis iliuzijomis bei mus supan\u010diais rei&scaron;kiniais. Muziejuje galima groti lazerine gitara, tyrin\u0117ti \u017emogaus k\u016bno dalis, apsilankyti planetariume* (planetariumo lankymas \u012f kelion\u0117s kain\u0105 ne\u012fskai\u010diuotas, bilietais reikia pasir\u016bpinti savaranki&scaron;kai), susipa\u017einti su stichiniais gamtos rei&scaron;kiniais \u2013 \u010dia galima praleisti kone vis\u0105 dien\u0105! Verta u\u017esukti \u012f kambar\u012f, kuris yra \u017eem\u0117s dreb\u0117jimo zonoje, pab\u016bti sk\u0119stan\u010dio laivo kapitonu, arba pakilti vir&scaron; \u017eem\u0117s ant skraidan\u010dio kilimo\u2026<\/p>\n<p>Centras u\u017eima 20 t\u016bkst. kvadratini\u0173 metr\u0173 teritorij\u0105, kur n\u0117ra joki\u0173 gid\u0173 ar popierini\u0173 buklet\u0173. Prie kiekvieno eksponato kabo instrukcija. Pa\u017einti j\u012f prival\u0117site patys, liesdami, klausydamiesi, ragaudami, matydami\u2026 Tikrai bus labai \u012fdomu ir neu\u017emir&scaron;tama!<\/p>\n<p>Pails\u0117ti po gausyb\u0117s \u012fsp\u016bd\u017ei\u0173 galite centre esan\u010dioje valgykloje, kavin\u0117je arba poilsio zonoje.<\/p>\n<p>Mokslo krautuv\u0117l\u0117je rasite \u012fdomi\u0173 \u201emokslini\u0173\u201c suvenyr\u0173, o i&scaron; ant Koperniko mokslo centro esan\u010dio sodo gal\u0117site pasigro\u017e\u0117ti Vyslos, bulvar\u0173, Var&scaron;uvos senamies\u010dio panorama bei miesto centre st\u016bgsan\u010diais dangorai\u017eiais.<\/p>\n<hr \/>\n<p>\u012e kelion\u0117s kain\u0105 \u012fskai\u010diuota:<\/p>\n<hr \/>\n<p>\u2022 Kelion\u0117 autobusu.<br \/> \u2022 1 nakvyn\u0117 InterContinental Warszawa 5 *vie&scaron;butyje be pusry\u010di\u0173.<br \/> \u2022 SPA paslaugos vie&scaron;butyje.<br \/> \u2022 Kelion\u0117s dokument\u0173 sutvarkymas.<\/p>\n<hr \/>\n<p>\u012e kelion\u0117s kain\u0105 ne\u012fskai\u010diuota:<\/p>\n<hr \/>\n<p>Ekskursij\u0173 paketas 20 \u20ac\/asm., kur\u012f sudaro:<br \/> \u2022 Ap\u017evalgin\u0117 ekskursija po Var&scaron;uv\u0105.<br \/> \u2022 Kelion\u0117s vadovo-gido paslaugos.<br \/> \u2022 Perve\u017eimai kelion\u0117s metu.<br \/> \u2022 Perve\u017eimas \u012f Koperniko mokslo centr\u0105.<\/p>\n<p>Pageidaujant:<br \/> \u2022 \u012e\u0117jimo bilietai \u012f mokamas lankytinas vietas (muziejus\/ba\u017eny\u010dias\/pilis ir pan.).<br \/> \u2022 Pageidaujantys gali u\u017esisakyti pusry\u010dius vie&scaron;butyje &#8211; papildomas mokestis \u2013 15\u20ac\/asm.<br \/> \u2022 Pageidaujantys gali u\u017esisakyti vakarien\u0119.<br \/> \u2022 Bilietas \u012f Koperniko mokslo centr\u0105 11\u20ac.<br \/> \u2022 Priemoka u\u017e vienviet\u012f kambar\u012f, jei keliaujate vienas\/-a \u2013 30\u20ac\/asm.<br \/> \u2022 Sveikatos draudimas kelion\u0117s metu.<\/p>\n<hr \/>\n<p>Pastabos:<\/p>\n<hr \/>\n<p>\u2022 Kelion\u0117s i&scaron;vykimo, atvykimo ir kiti laikai gali keistis \u2013 patikslinta informacija atsiun\u010diama \u012f elektronin\u012f pa&scaron;t\u0105 2-3 dienos prie&scaron; kelion\u0119 \u012f J\u016bs\u0173 elektronin\u012f pa&scaron;to adres\u0105 kuriuo registravot\u0117s \u012f kelion\u0119.<br \/> \u2022 Fiksuota vieta autobuse \u2013 15 \u20ac\/asm.<br \/> \u2022 D\u0116MESIO! Kelion\u0117s be ekskursij\u0173 paketo viet\u0173 skai\u010dius yra ribotas! Teirautis kelioni\u0173 organizatoriaus biure.<br \/> \u2022 Objekt\u0173 lankymo tvarka, skai\u010dius ir \u012f\u0117jimo biliet\u0173 kaina gali keistis.<br \/> \u2022 Muziejuose, ba\u017eny\u010diose ir kituose mokamuose objektuose kelion\u0117s vadovas ekskursij\u0173 neveda.<br \/> \u2022 \u012e\u0117jimo bilietai \u012f mokamus objektus, degustacijos, vakarien\u0117s, piet\u016bs ir kt. papildomos paslaugos n\u0117ra \u012fskai\u010diuoti \u012f kelion\u0117s kain\u0105.<br \/> \u2022 Ekskursij\u0173 po miest\u0105 metu ap\u017ei\u016brimi objektai tik i&scaron; i&scaron;or\u0117s.<br \/> \u2022 Kelion\u0117s vadovas gali keisti programos eig\u0105.<br \/> \u2022 Visos ekskursijos vedamos lietuvi\u0173 kalba.<br \/> \u2022 Objekt\u0173 lankymo tvarka, skai\u010dius ir \u012f\u0117jimo biliet\u0173 kaina gali keistis.<br \/> \u2022 Muziejuose, ba\u017eny\u010diose ir kituose mokamuose objektuose kelion\u0117s vadovas ekskursij\u0173 neveda.<br \/> \u2022 \u012e\u0117jimo bilietai \u012f mokamas lankytinas vietas (muziejus\/ba\u017eny\u010dias\/pilis ir pan.) n\u0117ra \u012fskai\u010diuoti \u012f kelion\u0117s kain\u0105.<br \/> \u2022 Kelion\u0117s vadovas gali keisti programos eig\u0105.<br \/> \u2022 Nepamir&scaron;kite \u012f kelion\u0119 pasiimti paso\/asmens tapatyb\u0117s kortel\u0117s, galiojan\u010dio\/-s ne trumpiau nei 6 m\u0117nesius po gr\u012f\u017eimo i&scaron; kelion\u0117s datos.<\/p>","protected":false},"excerpt":{"rendered":"<p>1 diena \u2022 I&scaron;vykstame i&scaron; j\u016bs\u0173 pasirinkto miesto. \u2022 Vykstame link Var&scaron;uvos. \u2022 Ekskursija po Var&scaron;uvos senamiest\u012f. \u2022 Laisvas laikas. \u2022 \u012e&#8230;<\/p>","protected":false},"featured_media":11903,"comment_status":"open","ping_status":"closed","template":"","meta":{"om_disable_all_campaigns":false,"_monsterinsights_skip_tracking":false,"_monsterinsights_sitenote_active":false,"_monsterinsights_sitenote_note":"","_monsterinsights_sitenote_category":0},"product_brand":[],"product_cat":[669],"product_tag":[],"class_list":{"0":"post-12668","1":"product","2":"type-product","3":"status-publish","4":"has-post-thumbnail","6":"product_cat-keliones","8":"first","9":"instock","10":"virtual","11":"taxable","12":"product-type-simple"},"aioseo_notices":[],"_links":{"self":[{"href":"https:\/\/www.atravel.lt\/en\/wp-json\/wp\/v2\/product\/12668","targetHints":{"allow":["GET"]}}],"collection":[{"href":"https:\/\/www.atravel.lt\/en\/wp-json\/wp\/v2\/product"}],"about":[{"href":"https:\/\/www.atravel.lt\/en\/wp-json\/wp\/v2\/types\/product"}],"replies":[{"embeddable":true,"href":"https:\/\/www.atravel.lt\/en\/wp-json\/wp\/v2\/comments?post=12668"}],"wp:featuredmedia":[{"embeddable":true,"href":"https:\/\/www.atravel.lt\/en\/wp-json\/wp\/v2\/media\/11903"}],"wp:attachment":[{"href":"https:\/\/www.atravel.lt\/en\/wp-json\/wp\/v2\/media?parent=12668"}],"wp:term":[{"taxonomy":"product_brand","embeddable":true,"href":"https:\/\/www.atravel.lt\/en\/wp-json\/wp\/v2\/product_brand?post=12668"},{"taxonomy":"product_cat","embeddable":true,"href":"https:\/\/www.atravel.lt\/en\/wp-json\/wp\/v2\/product_cat?post=12668"},{"taxonomy":"product_tag","embeddable":true,"href":"https:\/\/www.atravel.lt\/en\/wp-json\/wp\/v2\/product_tag?post=12668"}],"curies":[{"name":"wp","href":"https:\/\/api.w.org\/{rel}","templated":true}]}}