{"id":12666,"date":"2026-03-21T15:44:50","date_gmt":"2026-03-21T13:44:50","guid":{"rendered":"https:\/\/www.atravel.lt\/produktas\/balstoge-augustavas-seiniai-vygriai\/"},"modified":"2026-03-21T15:44:50","modified_gmt":"2026-03-21T13:44:50","slug":"balstoge-augustavas-seiniai-vygriai","status":"publish","type":"product","link":"https:\/\/www.atravel.lt\/en\/product\/balstoge-augustavas-seiniai-vygriai\/","title":{"rendered":"BALSTOG\u0116 &#8211; AUGUSTAVAS &#8211; SEINIAI &#8211; VYGRIAI"},"content":{"rendered":"<p><strong>1 day<\/strong><\/p>\n<p>\u2022 I&scaron;vykstame i&scaron; j\u016bs\u0173 pasirinkto miesto.<br \/> \u2022 Kelion\u0117 per Lietuvos ir Lenkijos teritorij\u0105.<br \/> \u2022 Atvykstame \u012f BALSTOG\u0116.<br \/> \u2022 Ekskursija po Balstog\u0117s senamiest\u012f.<br \/> \u2022 Registracija vie&scaron;butyje.<br \/> - Recreation.<br \/> \u2022 Nakvyn\u0117 3* vie&scaron;butyje.<\/p>\n<p>Palenk\u0117s vaivadijos sostin\u0117 Balstog\u0117 \u2014 \u017eali\u0173 lank\u0173 apsuptyje dunksantis did\u017eiausias miestas &scaron;iaur\u0117s ryt\u0173 Lenkijoje. Aplankykite v\u0117lyvosios gotikos miesto rotu&scaron;\u0119, &Scaron;v. Roko ba\u017eny\u010di\u0105, &Scaron;v. Mergel\u0117s Marijos dangun \u0117mimo bazilik\u0105 \u2014 Balstog\u0117s katedr\u0105, sta\u010diatiki\u0173 ba\u017eny\u010di\u0105, pasivaik&scaron;\u010diokite centrine p\u0117s\u010di\u0173j\u0173 gatve. Toliau \u2014 XVIII a. Balstog\u0117s \u012f\u017eymyb\u0117 \u2014 didik\u0173 Branicki\u0173 &scaron;eimos r\u016bmai vadinami \u201e&Scaron;iaur\u0117s Versaliu&#8221;, apsupti nuostabaus gro\u017eio pranc\u016bzi&scaron;ko stiliaus parko su fontanais. Gal\u0117site aplankyti Balstog\u0117s istorijos muziej\u0173 arba meninink\u0173 Sledzinski\u0173 galerij\u0105. Visus &scaron;iuos objektus supa daugiau nei 200 parduotuvi\u0173, kurios si\u016blo plat\u0173 preki\u0173 ir paslaug\u0173 pasirinkim\u0105, kartu sudarydami kult\u016bros ir poilsio centr\u0105.<\/p>\n<p><strong>Day 2<\/strong><\/p>\n<p>\u2022 Pusry\u010diai vie&scaron;butyje.<br \/> \u2022 I&scaron;siregistravimas i&scaron; vie&scaron;bu\u010dio.<br \/> \u2022 Vykstame link Augustavo.<br \/> \u2022 Ekskrusija po miest\u0105.<br \/> \u2022 Pageidaujantiems si\u016blome pasiplaukiojim\u0105 kanalais (papildomas mokestis).<br \/> \u2022 Vykstame link Vigri\u0173 ir Seini\u0173.<br \/> \u2022 Ekskursijos po miestus.<br \/> \u2022 Vykstame link Lietuvos.<br \/> \u2022 V\u0117lai vakare atvykstame \u012f Lietuv\u0105.<\/p>\n<p>Augustavas \u2013 Lenkijos \u201e&Scaron;iaur\u0117s Venecija&#8221;. Vienas i&scaron; svarbiausi\u0173 gamtos ir istorijos paminkl\u0173 mieste yra 1824-1839 m. nutiestas Augustavo kanalas, jungiantis Vyslos ir Nemuno upes. Miesto centre yra i&scaron;likusi\u0173 v\u0117lyvojo klasicizmo ir eklektikos stiliaus pastat\u0173.<\/p>\n<p>Vykstame \u012f Vygri\u0173 kamalduli\u0173 vienuolyn\u0105*. Kadaise &scaron;iuose kra&scaron;tuose m\u0117go med\u017eioti Vytautas Didysis, Jogaila ir \u017dygimantas Augustas. Pasivaik&scaron;\u010diojimo po vienuolyn\u0105 metu apeisime Vygri\u0173 e\u017eer\u0105 ir vienuolyno eremitorium\u0105, u\u017edar\u0105 kamalduli\u0173 nameli\u0173 kompleks\u0105 nuo varpin\u0117s bok&scaron;to, ap\u017ei\u016brint vienuoli\u0173 palaidojimo kriptas ir turting\u0105 ba\u017eny\u010dios interjer\u0105.<\/p>\n<p>Gr\u012f\u017etant u\u017esuksime \u012f Seinus, kur lankome Sein\u0173 Katedr\u0105, kurios vyskupu 1897 &#8211; 1902m. buvo Antanas Baranauskas. \u010cia jis pirmasis i&scaron; vyskup\u0173 \u012f \u017emones prabilo lietuvi&scaron;kai. Sein\u0173 Katedros Mergel\u0117s Marijos koply\u010dios r\u016bsyje ilsisi vyskupo palaikai. Greta ba\u017eny\u010dios pastatytas paminklas vyskupui ir poetui.<\/p>\n<hr \/>\n<p>\u012e kelion\u0117s kain\u0105 \u012fskai\u010diuota:<\/p>\n<hr \/>\n<p>\u2022 Kelion\u0117 autobusu.<br \/> \u2022 1 nakvyn\u0117 vie&scaron;butyje su pusry\u010diais.<br \/> \u2022 Kelion\u0117s vadovo-gido paslaugos.<br \/> \u2022 Ekskursija po Balstog\u0119.<br \/> \u2022 Ekskursija po Augustav\u0105, Vyrius, Seinius.<br \/> \u2022 Kelion\u0117s dokument\u0173 sutvarkymas.<\/p>\n<hr \/>\n<p>\u012e kelion\u0117s kain\u0105 ne\u012fskai\u010diuota:<\/p>\n<hr \/>\n<p>\u2022 *Kamalduli\u0173 vienuolymas u\u017esakomas i&scaron; anksto, jei po planuojamu kelion\u0117s metu vienuolynas rezervuotas ir viduje aplankyti jo ne\u012fmanoma, tuomet ap\u017ei\u016brima i&scaron; i&scaron;or\u0117s.<br \/> \u2022 \u012e\u0117jimo bilietai \u012f mokamas lankytinas vietas (muziejus\/ba\u017eny\u010dias ir pan.).<br \/> \u2022 Vygri\u0173 vienuolyno lankymas: ~12 zlot\u0173\/asm.<br \/> \u2022 Sein\u0173 dominikon\u0173 vienuolyno lankymas: ~6 zlotai\/asm.<br \/> \u2022 \u20ac20\/asm. priemoka u\u017e vienviet\u012f kambar\u012f, jei keliaujate vienas\/-a (jei keliaujate trise, persp\u0117kite kelioni\u0173 agent\u016br\u0105, kad pasir\u016bpint\u0173 papildoma lova J\u016bs\u0173 dvivie\u010diame kambaryje).<br \/> \u2022 Sveikatos draudimas kelion\u0117s metu.<\/p>\n<hr \/>\n<p>Pastabos:<\/p>\n<hr \/>\n<p>\u2022 *Kelion\u0117s i&scaron;vykimo, atvykimo ir kiti laikai gali keistis \u2013 patikslinta informacija atsiun\u010diama (2-3 dienas prie&scaron; kelion\u0119).<br \/> \u2022 Visos ekskursijos vedamos rus\u0173 kalba.<br \/> \u2022 Objekt\u0173 lankymo tvarka, skai\u010dius ir \u012f\u0117jimo biliet\u0173 kaina gali keistis.<br \/> \u2022 Muziejuose, ba\u017eny\u010diose ir kituose mokamuose objektuose kelion\u0117s vadovas ekskursij\u0173 neveda.<br \/> \u2022 \u012e\u0117jimo bilietai \u012f mokamas lankytinas vietas (muziejus\/ba\u017eny\u010dias ir pan.) n\u0117ra \u012fskai\u010diuoti \u012f kelion\u0117s kain\u0105.<br \/> \u2022 Kelion\u0117s vadovas gali keisti programos eig\u0105.<br \/> \u2022 Nepamir&scaron;kite \u012f kelion\u0119 pasiimti paso\/asmens tapatyb\u0117s kortel\u0117s, galiojan\u010dio\/-s ne trumpiau nei 3\/6 m\u0117nesius po gr\u012f\u017eimo i&scaron; kelion\u0117s datos.<\/p>","protected":false},"excerpt":{"rendered":"<p>1 diena \u2022 I&scaron;vykstame i&scaron; j\u016bs\u0173 pasirinkto miesto. \u2022 Kelion\u0117 per Lietuvos ir Lenkijos teritorij\u0105. \u2022 Atvykstame \u012f BALSTOG\u0116. \u2022 Ekskursija po Balstog\u0117s&#8230;<\/p>","protected":false},"featured_media":11901,"comment_status":"open","ping_status":"closed","template":"","meta":{"om_disable_all_campaigns":false,"_monsterinsights_skip_tracking":false,"_monsterinsights_sitenote_active":false,"_monsterinsights_sitenote_note":"","_monsterinsights_sitenote_category":0},"product_brand":[],"product_cat":[669],"product_tag":[],"class_list":{"0":"post-12666","1":"product","2":"type-product","3":"status-publish","4":"has-post-thumbnail","6":"product_cat-keliones","8":"first","9":"instock","10":"virtual","11":"taxable","12":"product-type-simple"},"aioseo_notices":[],"_links":{"self":[{"href":"https:\/\/www.atravel.lt\/en\/wp-json\/wp\/v2\/product\/12666","targetHints":{"allow":["GET"]}}],"collection":[{"href":"https:\/\/www.atravel.lt\/en\/wp-json\/wp\/v2\/product"}],"about":[{"href":"https:\/\/www.atravel.lt\/en\/wp-json\/wp\/v2\/types\/product"}],"replies":[{"embeddable":true,"href":"https:\/\/www.atravel.lt\/en\/wp-json\/wp\/v2\/comments?post=12666"}],"wp:featuredmedia":[{"embeddable":true,"href":"https:\/\/www.atravel.lt\/en\/wp-json\/wp\/v2\/media\/11901"}],"wp:attachment":[{"href":"https:\/\/www.atravel.lt\/en\/wp-json\/wp\/v2\/media?parent=12666"}],"wp:term":[{"taxonomy":"product_brand","embeddable":true,"href":"https:\/\/www.atravel.lt\/en\/wp-json\/wp\/v2\/product_brand?post=12666"},{"taxonomy":"product_cat","embeddable":true,"href":"https:\/\/www.atravel.lt\/en\/wp-json\/wp\/v2\/product_cat?post=12666"},{"taxonomy":"product_tag","embeddable":true,"href":"https:\/\/www.atravel.lt\/en\/wp-json\/wp\/v2\/product_tag?post=12666"}],"curies":[{"name":"wp","href":"https:\/\/api.w.org\/{rel}","templated":true}]}}