{"id":12664,"date":"2026-03-21T15:44:49","date_gmt":"2026-03-21T13:44:49","guid":{"rendered":"https:\/\/www.atravel.lt\/produktas\/juodkalnija-kroatija-albanija-skrydis-is-vilniaus-grupe-tik-is-lietuvos\/"},"modified":"2026-03-21T15:44:49","modified_gmt":"2026-03-21T13:44:49","slug":"juodkalnija-kroatija-albanija-skrydis-is-vilniaus-grupe-tik-is-lietuvos","status":"publish","type":"product","link":"https:\/\/www.atravel.lt\/en\/product\/juodkalnija-kroatija-albanija-skrydis-is-vilniaus-grupe-tik-is-lietuvos\/","title":{"rendered":"JUODKALNIJA &#8211; KROATIJA &#8211; ALBANIJA (skrydis i\u0161 Vilniaus) GRUP\u0116 TIK I\u0160 LIETUVOS!"},"content":{"rendered":"<h3 style=\"text-align: center\"><span style=\"color:#e74c3c\"><strong>D\u0116MESIO! Nuo 2024 m. liepos m\u0117n. Juodkalnijoje ir Kroatijoje grupini\u0173 ekskursij\u0173 metu turistai privalo tur\u0117ti radijo imtuvus.<br \/> J\u0173 turistams neturint &#8211; gali b\u016bti skiriamos pinigin\u0117s baudos!<\/strong><\/span><\/h3>\n<hr \/>\n<p><strong>1 day <\/strong><\/p>\n<p>- Arrival at Vilnius Airport.<br \/> - Check-in.<br \/> \u2022 Skrydis: Vilnius \u2013 Podgorica (~20:00-21:25).<br \/> \u2022 Atskridimas \u012f Juodkalnij\u0105.<br \/> <span style=\"color:#2980b9\"><strong>TIK 2026.09.24-10.01<\/strong><\/span><br \/> - <span style=\"color:#2980b9\"> Skrydis: Vilnius \u2013 Tiran\u0105 (~13:25-15:00).<\/span><br \/> - <span style=\"color:#2980b9\">Atskridimas \u012f Albanij\u0105.<\/span><br \/> \u2022 Vykstame \u012f apartamentus Budvos Riviera regione.<br \/> \u2022 Atvykstame \u012f Budv\u0105.<br \/> \u2022 \u012esik\u016brimas apartamentuose.<br \/> - Recreation.<br \/> - Overnight in apartment. <\/p>\n<p><strong>Day 2 <\/strong><\/p>\n<p>\u2022 Ekskursin\u0117 i&scaron;vyka \u012f Kotoro \u012flank\u0105.<br \/> - Free time.<br \/> \u2022 Po ekskursijos gr\u012f\u017etame \u012f apartamentus.<br \/> - Relax by the sea.<br \/> - Overnight in apartment. <\/p>\n<p>Kotoro \u012flanka \u2013 pats vaizdingiausias Juodkalnijos kampelis. J\u016bs susipa\u017einsite su nuostabiais Vidur\u017eemio j\u016bros miesteliais. Kotoras \u012ftrauktas \u012f UNESCO pasaulio paveldo s\u0105ra&scaron;\u0105 kaip miestas turintis bene geriausiai i&scaron;silaikius\u012f viduram\u017ei\u0173 senamiest\u012f &scaron;ioje Europos dalyje. Miest\u0105 vald\u0117 skirtingos imperij\u0173, ta\u010diau did\u017eiausi\u0105 \u012ftak\u0105 architekt\u016brai tur\u0117jo Venecijos respublika, vald\u017eiusi Kotor\u0105 nuo XV a. iki XVII a. (papildomai apmokami \u012f\u0117jimo bilietai ~ 8 \u20ac\/asm. ir turistinis mokestis \u2013 1 \u20ac\/asm.).<\/p>\n<p>Perastas \u012fkurtas dar ilyr\u0173, kurie \u010dia gyveno prie&scaron; slavus. Tai miestas \u2013 muziejus, kuris suklest\u0117jo 17-18 am\u017eiuose. Dvarai ir ba\u017eny\u010dios pastatytos Venecijieti&scaron;ko baroko stiliumi. Nuo Perasto atsiveria nepakartojama panorama \u012f vis\u0105 Kotoro \u012flank\u0105.<\/p>\n<p>Tivatas \u2013 &scaron;iuolaikinis miestas su puikia krantine. Viename i&scaron; priemies\u010di\u0173 Porto Montenegro J\u016bs gal\u0117site pasigro\u017e\u0117ti sniego baltumo jachtomis nuo ma\u017eiausi\u0173 iki did\u017eiausi\u0173 liuks klas\u0117s. Antros tokios vietos Adrijos pakrant\u0117je nerasite.<\/p>\n<p><strong>Day 3 <\/strong><\/p>\n<p>\u2022 Ekskursin\u0117 i&scaron;vyka \u201eJuodkalnijos turas\u201c.<br \/> - Free time.<br \/> \u2022 Po ekskursijos gr\u012f\u017etame \u012f apartamentus.<br \/> - Relax by the sea.<br \/> - Overnight in apartment. <\/p>\n<p>Ekskursija prasid\u0117s kaln\u0173 keliu Budva-Cetin\u0117; nuo ap\u017evalgos aik&scaron;tel\u0117s J\u016bs gal\u0117site steb\u0117ti kiekvien\u0105 Budvos Rivjeros miestel\u012f. Atvyk\u0119 \u012f Cetin\u0119 pateksite \u012f kit\u0105 klimato zon\u0105 \u2013 miestelis yra i&scaron;sid\u0117st\u0119s 900 metr\u0173 vir&scaron; j\u016bros lygio, tad J\u016bs\u0173 nekamuos kar&scaron;tis ir turist\u0173 srautai. &Scaron;is miestas \u2013 tai Juodkalnijos kult\u016bros sostin\u0117, lankydamiesi \u010dia gal\u0117site susipa\u017einti su kadaise regione gyvavusios ma\u017eos, bet did\u017eios, \u012fstrigusios kalnuose kunigaik&scaron;tyst\u0117s istorija (papildomai apmokamas turistinis mokestis &#8211; 1 \u20ac\/asm.).<\/p>\n<p>Pakeliui aplankysime Lipos urv\u0105 \u2013 garsiausi\u0105 Juodkalnijos karstin\u012f urv\u0105 (papildomai apmokamas \u012f\u0117jimo bilietas: suaugusiems &#8211; 15 \u20ac\/asm., vaikams 5-15 met\u0173 &#8211; 9 \u20ac\/asm. ir vaikams iki 5 met\u0173 &#8211; 2 \u20ac\/asm.). Atkreipiame d\u0117mes\u012f, kad urve oro temperat\u016bra siekia ~14\u00b0C, tod\u0117l vykstant \u012f ekskursij\u0105 si\u016blome pasiimti &scaron;iltus drabu\u017eius.<\/p>\n<p>Cetin\u0117 \u2013 miestelis, prisiglaud\u0119s kaln\u0173 pap\u0117d\u0117je. Pageidaujantys gal\u0117s apsilankyti Karaliaus Nikolo muziejuje (\u012f\u0117jimo bilietus apmoka patys keliautojai), kuriame yra puikiai i&scaron;saugotas karali\u0173 r\u016bm\u0173 interjeras su baldais, indais, paveikslais, asmeniniais karali\u0173 daiktais, kit\u0173 Europos monarch\u0173 dovanomis ir t.t. Cetin\u0117je taip pat aplankysime ir &Scaron;v. Petro ortodoks\u0173 vienuolyn\u0105, kuriame yra saugoma ne\u012fkainojama relikvija \u2013 &Scaron;v. Jono Krik&scaron;tytojo de&scaron;inioji ranka.<\/p>\n<p>T\u0119siant ekskursij\u0105 tur\u0117site galimyb\u0119 pakilti dar auk&scaron;\u010diau \u012f kalnus \u2013 \u012f Negu&scaron;io miestel\u012f, da\u017enai laikomu Juodkalnijos monarch\u0173 lop&scaron;iu, o &scaron;iandien neretai tituluojamu ir kaip delikates\u0173 sostine. \u010cia gal\u0117site pasim\u0117gauti gaiviu kaln\u0173 oru ir nepakartojama miestelio panorama.<\/p>\n<p>Laisvu laiku tur\u0117site galimyb\u0119 paragauti tiek vietin\u0117s gamybos delikatesus, tiek vyn\u0105 bei rakij\u0105 (papildomas mokestis &#8211; 15 \u20ac\/asm.).<\/p>\n<p><strong>Day 4 <\/strong><\/p>\n<p>\u2022 Ekskursin\u0117 i&scaron;vyka \u201eJuodkalnijos &scaron;iaur\u0117\u201c (\u012f\u0117jimo bilietai \u012f nacionalin\u012f park\u0105 ~4 \u20ac\/asm. apmokami papildomai, vaikams iki 15 met\u0173 nemokamai).<br \/> - Free time.<br \/> \u2022 Po ekskursijos gr\u012f\u017etame \u012f apartamentus.<br \/> - Relax by the sea.<br \/> - Overnight in apartment. <\/p>\n<p>Moracos vienuolyno lankymas (papildomas \u012f\u0117jimo mokestis ~3 \u20ac\/asm.). Juodkalnijos &scaron;iaur\u0117 visai nepana&scaron;i \u012f jos pakrant\u0119. Morakos up\u0117s kanjonas gilus ir uol\u0117tas, did\u017eiausias jo gylis \u2013 beveik 1 kilometras. Ant Morocha up\u0117s krant\u0173 yra viduram\u017ei\u0173 vienuolynas su senovin\u0117mis freskomis.<\/p>\n<p>Kalnuose, auk&scaron;tuose Taros up\u0117s krantuose, stovi vietini\u0173 gyventoj\u0173 namai. Kai kurie i&scaron; j\u0173 yra pa\u010diame giliausio Europoje Taros kanjono krantuose.<\/p>\n<p>Biogradska Gora nacionalinis parkas yra ma\u017eiausias ir jaukiausias Juodkalnijoje. Alpi\u0173 e\u017eer\u0105 supa relikt\u0173 mi&scaron;kas. D\u0117l ypatingos vietos ten v\u0117siau nei paj\u016bryje ir galima pails\u0117ti nuo vasaros kar&scaron;\u010di\u0173.<\/p>\n<p><strong>Day 5 <\/strong><\/p>\n<p>- Free day.<br \/> \u2022 Pageidaujantiems si\u016blome ekskursin\u0119 i&scaron;vyk\u0105 \u012f Dubrovnik\u0105 (papildomas mokestis &#8211; 60 \u20ac\/asm.).<br \/> - Overnight in apartment. <\/p>\n<p>Dubrovnikas pana&scaron;us \u012f pasak\u0173 karalyst\u0119. Kad apsigint\u0173 nuo prie&scaron;\u0173, miestas buvo apsuptas storomis gynybin\u0117mis sienomis, kurios beveik nepakitusios i&scaron;liko iki m\u016bs\u0173 dien\u0173. Gotika, renesansas ir barokas paliko p\u0117dsakus miesto architekt\u016broje. Miestas gyvas: vaikai \u017eaid\u017eia prie \u012ftvirtinim\u0173, siaurose gatv\u0117se d\u017ei\u016bsta r\u016bbai, o senukai neskub\u0117dami \u017evejoja.<br \/> Miestas reguliariai tampa dekoracija kino filmams: tai jis viduram\u017ei\u0173 miestas, tai fantastini\u0173, i&scaron;galvot\u0173 pasauli\u0173 dalis.<\/p>\n<p><strong>Day 6 <\/strong><\/p>\n<p>- Relax by the sea.<br \/> \u2022 Pageidaujantiems si\u016blome ekskursin\u0119 i&scaron;vyk\u0105 prie Skadaro e\u017eero ir pasiplaukiojim\u0105 laivu (papildomas mokestis \u2013 25 \u20ac + Nacionalinio parko mokestis ~5 \u20ac).<br \/> \u2022 Piet\u016bs (papildomas mokestis ~10 \u20ac\/asm.).<br \/> \u2022 Sugr\u012f\u017etame \u012f apartamentus.<br \/> - Recreation.<br \/> - Overnight in apartment. <\/p>\n<p><strong>Day 7 <\/strong><\/p>\n<p>- Relax by the sea.<br \/> \u2022 Ekskursin\u0117 i&scaron;vyka \u012f &Scaron;kodr\u0105.<br \/> \u2022 Sugr\u012f\u017etame \u012f apartamentus.<br \/> - Recreation.<br \/> - Overnight in apartment. <\/p>\n<p>Prava\u017eiav\u0119 pas\u0173 kontrol\u0119, keliaujame \u012f &Scaron;kodr\u0105. <br \/> &Scaron;kodra &#8211; tai seniausias miestas, \u012fkurtas 6a. pr. Kr. Jame gyvena 120 000 gyventoj\u0173 ir laikomas tre\u010diu miestu pagal dyd\u012f Albanijoje. Aplankysime Rozafos tvirtov\u0119, kuri pastatyta 4a. pr. Kr. Ir yra viena i&scaron; dviej\u0173 did\u017eiausi\u0173 tvirtovi\u0173 Albanijoje. Taip pat u\u017eeisime \u012f Romos katalik\u0173 &Scaron;v. Stefano ba\u017eny\u010di\u0105. Lankysim\u0117s kauki\u0173 gamykloje, kur per metus pagaminama apie 20 000 kauki\u0173 ir 80% i&scaron; j\u0173 eksportuojamos \u012f Venecij\u0105. Pasivaik&scaron;\u010diosime siauromis miesto gatvel\u0117mis, apstatytomis 2-3 auk&scaron;t\u0173 18a. namukais. Patyrin\u0117j\u0119 maldos namus, suprasime, kad Albanijoje puikiai sutaria musulmonai, sta\u010diatikiai ir katalikai (papildomai apmokami \u012f\u0117jimo bilietai ~10 \u20ac\/asm.).<br \/> Apsilankymas Venecijos kauki\u0173 gamykloje (Venice Art Mask Factory) (papildomai apmokamas \u012f\u0117jimo bilietas ~3 \u20ac\/asm.).<br \/> \u012e\u0117jimo bilietams reikia tur\u0117ti ~10,50 \u20ac\/asm.<\/p>\n<p><strong>Day 8 <\/strong><\/p>\n<p>\u2022 I&scaron;siregistravimas i&scaron; apartament\u0173.<br \/> - Free time.<br \/> \u2022 Vykstame \u012f Podgoricos oro uost\u0105.<br \/> - Check-in.<br \/> \u2022 Skrydis: Podgorica \u2013 Vilnius (~22:00-01:25*).<br \/> \u2022 Atskridimas \u012f Vilni\u0173 kit\u0105 dien\u0105.<\/p>","protected":false},"excerpt":{"rendered":"<p>D\u0116MESIO! Nuo 2024 m. liepos m\u0117n. Juodkalnijoje ir Kroatijoje grupini\u0173 ekskursij\u0173 metu turistai privalo tur\u0117ti radijo imtuvus. J\u0173 turistams neturint &#8211; gali b\u016bti&#8230;<\/p>","protected":false},"featured_media":11899,"comment_status":"open","ping_status":"closed","template":"","meta":{"om_disable_all_campaigns":false,"_monsterinsights_skip_tracking":false,"_monsterinsights_sitenote_active":false,"_monsterinsights_sitenote_note":"","_monsterinsights_sitenote_category":0},"product_brand":[],"product_cat":[669],"product_tag":[],"class_list":{"0":"post-12664","1":"product","2":"type-product","3":"status-publish","4":"has-post-thumbnail","6":"product_cat-keliones","8":"first","9":"instock","10":"virtual","11":"taxable","12":"purchasable","13":"product-type-simple"},"aioseo_notices":[],"_links":{"self":[{"href":"https:\/\/www.atravel.lt\/en\/wp-json\/wp\/v2\/product\/12664","targetHints":{"allow":["GET"]}}],"collection":[{"href":"https:\/\/www.atravel.lt\/en\/wp-json\/wp\/v2\/product"}],"about":[{"href":"https:\/\/www.atravel.lt\/en\/wp-json\/wp\/v2\/types\/product"}],"replies":[{"embeddable":true,"href":"https:\/\/www.atravel.lt\/en\/wp-json\/wp\/v2\/comments?post=12664"}],"wp:featuredmedia":[{"embeddable":true,"href":"https:\/\/www.atravel.lt\/en\/wp-json\/wp\/v2\/media\/11899"}],"wp:attachment":[{"href":"https:\/\/www.atravel.lt\/en\/wp-json\/wp\/v2\/media?parent=12664"}],"wp:term":[{"taxonomy":"product_brand","embeddable":true,"href":"https:\/\/www.atravel.lt\/en\/wp-json\/wp\/v2\/product_brand?post=12664"},{"taxonomy":"product_cat","embeddable":true,"href":"https:\/\/www.atravel.lt\/en\/wp-json\/wp\/v2\/product_cat?post=12664"},{"taxonomy":"product_tag","embeddable":true,"href":"https:\/\/www.atravel.lt\/en\/wp-json\/wp\/v2\/product_tag?post=12664"}],"curies":[{"name":"wp","href":"https:\/\/api.w.org\/{rel}","templated":true}]}}