{"id":12663,"date":"2026-03-21T15:44:49","date_gmt":"2026-03-21T13:44:49","guid":{"rendered":"https:\/\/www.atravel.lt\/produktas\/kino-miestelis-cinevilla-1-d\/"},"modified":"2026-03-21T15:44:49","modified_gmt":"2026-03-21T13:44:49","slug":"kino-miestelis-cinevilla-1-d","status":"publish","type":"product","link":"https:\/\/www.atravel.lt\/en\/product\/kino-miestelis-cinevilla-1-d\/","title":{"rendered":"Kino miestelis &#8222;CINEVILLA&#8221; (1 d.)"},"content":{"rendered":"<p>\u2022 I&scaron;vykstame i&scaron; j\u016bs\u0173 pasirinkto miesto.<br \/> \u2022 ~ 09:00 apsilankysime Latvijos nacionaliniu lobiu laikom\u0105 saldumyn\u0173 ir m\u0117gstam\u0173 saldaini\u0173 &#8222;Skr\u012bveru Goti\u0146a&#8221; fabrik\u0105 Skr\u012bveru Saldumi.<br \/> Saldainiai gaminami pagal senovin\u012f recept\u0105, laikantis t\u0173 pa\u010di\u0173 tradicij\u0173 ir kokyb\u0117s. Ekskursijos trukm\u0117 ~1,5val. Pamatysime saldumyn\u0173 gamybos proces\u0105, su\u017einosime daug \u012fdomybi\u0173 apie saldumyn\u0173 kilm\u0119, j\u0173 gamybos paslaptis, paragausime g\u0117rybi\u0173.<br \/> \u2022 Toliau vyksime \u012f Cinevilla Studio kino miestel\u012f.<br \/> \u2022 ~12:30 piet\u016bs kino miestelyje Cinevilla.<br \/> \u2022 14.00 Ekskursija (trukm\u0117 ~2val.). Kino miestelyje galima pajusti pra\u0117jusio am\u017eiaus miest\u0173 dvasi\u0105. Filmavimo aik&scaron;tel\u0117je pasijuskite kaip tikri aktoriai. \u017di\u016br\u0117sime speciali\u0173j\u0173 efekt\u0173 &scaron;ou. Re\u017eisierius supa\u017eindins su paslaptingu speciali\u0173j\u0173 efekt\u0173 pasauliu, kiekvienas gal\u0117sime i&scaron;bandyti savo j\u0117gas kuriant specialiuosius efektus. Norintieji gal\u0117s nusifotografuoti su senoviniais drabu\u017eiais, senovin\u0117se apylink\u0117se ir namo parsine&scaron;ti nuotrauk\u0105 kaip atminim\u0105 ir \u012f\u017eiebt\u0105 vilt\u012f: gal dar ne v\u0117lu tapti \u201e\u017evaig\u017ede\u201c&#8230; \u012esp\u016bdingi gatvi\u0173 ir nam\u0173 fasadai i&scaron;saugotas po filmo \u201eRygos sargas\u201c.<br \/> \u2022 ~16:00 i&scaron;vykimas link Lietuvos. Pakeliui J\u016bs\u0173 laukia vakarinis pasivaik&scaron;\u010diojimas po Jelgavos miest\u0105.<br \/> 1578\u20131795 m. Jelgava, tuomet tur\u0117jusi Mitavos vard\u0105, buvo ne tik Kur&scaron;o kunigaik&scaron;tyst\u0117s sostin\u0117, bet ir politinio gyvenimo centras. Pasivaik&scaron;\u010diojimo metu pamatysime Mitavos r\u016bmus \u2013 paties Rastrelli k\u016bryb\u0105. R\u016bmai buvo pastatyti kunigaik&scaron;\u010dio Ernsto Birono u\u017esakymu kaip \u017eiemos rezidencija, &scaron;iandien Jelgavos r\u016bmai yra did\u017eiausi baroko stiliaus r\u016bmai Baltijos &scaron;alyse, pasivaik&scaron;\u010diokite parke. Toliau vyksime \u012f Petrinos akademij\u0105, kur kadaise buvo atidaryta pirmoji Latvijoje auk&scaron;toji mokykla. Eisime ilgiausiu p\u0117s\u010di\u0173j\u0173 tiltu ir eisime prie vietos \u012f\u017eymyb\u0117s skulpt\u016bros &#8211; Jelgavos student\u0173 fontano, kuris Jelgavoje buvo \u012frengtas 2013 met\u0173 rugs\u0117jo 2 dien\u0105.<br \/> \u2022 V\u0117lai vakare atvykimas \u012f Vilni\u0173.<\/p>\n<hr \/>\n<p><strong>\u012e kelion\u0117s kain\u0105 \u012fskai\u010diuota:<\/strong><\/p>\n<hr \/>\n<p>\u2022 Kelion\u0117 autobusu.<br \/> \u2022 Ekskursija saldaini\u0173 fabrike Skr\u012bveru Saldumi (\u012f\u0117jimo bilietai irgi \u012fskai\u010diuoti).<br \/> \u2022 Ekskursija kino miestelyje Cinevilla (\u012f\u0117jimo bilietai irgi \u012fskai\u010diuoti).<br \/> \u2022 Ekskursija Jelgavoje.<br \/> \u2022 Kelion\u0117s vadovo-gido paslaugos.<br \/> \u2022 Kelion\u0117s dokument\u0173 sutvarkymas.<br \/> \u2022 Perve\u017eimai ekskursij\u0173 metu<\/p>\n<hr \/>\n<p><strong>\u012e kelion\u0117s kain\u0105 ne\u012fskai\u010diuota:<\/strong><\/p>\n<hr \/>\n<p>\u2022 Piet\u016bs<br \/> \u2022 Dar\u017eovi\u0173 sriuba su m\u0117sa<br \/> \u2022 Vi&scaron;tienos file su gruzdintomis bulvyt\u0117mis<br \/> \u2022 Vaisi\u0173 ir grietin\u0117l\u0117s desertas<br \/> \u2022 G\u0117rimas \u201eMors\u201c<\/p>","protected":false},"excerpt":{"rendered":"<p>\u2022 I&scaron;vykstame i&scaron; j\u016bs\u0173 pasirinkto miesto. \u2022 ~ 09:00 apsilankysime Latvijos nacionaliniu lobiu laikom\u0105 saldumyn\u0173 ir m\u0117gstam\u0173 saldaini\u0173 &#8222;Skr\u012bveru Goti&#8230;<\/p>","protected":false},"featured_media":11898,"comment_status":"open","ping_status":"closed","template":"","meta":{"om_disable_all_campaigns":false,"_monsterinsights_skip_tracking":false,"_monsterinsights_sitenote_active":false,"_monsterinsights_sitenote_note":"","_monsterinsights_sitenote_category":0},"product_brand":[],"product_cat":[669],"product_tag":[],"class_list":{"0":"post-12663","1":"product","2":"type-product","3":"status-publish","4":"has-post-thumbnail","6":"product_cat-keliones","8":"first","9":"instock","10":"virtual","11":"taxable","12":"product-type-simple"},"aioseo_notices":[],"_links":{"self":[{"href":"https:\/\/www.atravel.lt\/en\/wp-json\/wp\/v2\/product\/12663","targetHints":{"allow":["GET"]}}],"collection":[{"href":"https:\/\/www.atravel.lt\/en\/wp-json\/wp\/v2\/product"}],"about":[{"href":"https:\/\/www.atravel.lt\/en\/wp-json\/wp\/v2\/types\/product"}],"replies":[{"embeddable":true,"href":"https:\/\/www.atravel.lt\/en\/wp-json\/wp\/v2\/comments?post=12663"}],"wp:featuredmedia":[{"embeddable":true,"href":"https:\/\/www.atravel.lt\/en\/wp-json\/wp\/v2\/media\/11898"}],"wp:attachment":[{"href":"https:\/\/www.atravel.lt\/en\/wp-json\/wp\/v2\/media?parent=12663"}],"wp:term":[{"taxonomy":"product_brand","embeddable":true,"href":"https:\/\/www.atravel.lt\/en\/wp-json\/wp\/v2\/product_brand?post=12663"},{"taxonomy":"product_cat","embeddable":true,"href":"https:\/\/www.atravel.lt\/en\/wp-json\/wp\/v2\/product_cat?post=12663"},{"taxonomy":"product_tag","embeddable":true,"href":"https:\/\/www.atravel.lt\/en\/wp-json\/wp\/v2\/product_tag?post=12663"}],"curies":[{"name":"wp","href":"https:\/\/api.w.org\/{rel}","templated":true}]}}