{"id":12662,"date":"2026-03-21T15:44:49","date_gmt":"2026-03-21T13:44:49","guid":{"rendered":"https:\/\/www.atravel.lt\/produktas\/siaures-italija-turinas-milanas-gardos-madzores-ir-komo-ezeras-skrydis-is-vilniaus-arba-rygos\/"},"modified":"2026-03-21T15:44:49","modified_gmt":"2026-03-21T13:44:49","slug":"siaures-italija-turinas-milanas-gardos-madzores-ir-komo-ezeras-skrydis-is-vilniaus-arba-rygos","status":"publish","type":"product","link":"https:\/\/www.atravel.lt\/en\/product\/siaures-italija-turinas-milanas-gardos-madzores-ir-komo-ezeras-skrydis-is-vilniaus-arba-rygos\/","title":{"rendered":"\u0160iaur\u0117s Italija (Turinas &#8211; Milanas + Gardos, Mad\u017eor\u0117s ir Komo e\u017eeras) (skrydis i\u0161 Vilniaus arba Rygos)"},"content":{"rendered":"<h3 style=\"text-align: center\"><span style=\"color:#e74c3c\"><strong>Kelion\u0117 organizuojama reisiniais skryd\u017eiais, tod\u0117l d\u0117l l\u0117ktuvo biliet\u0173 pabrangimo, organizatorius gali atmesti rezervacij\u0105 arba pasi\u016blyti keliautojui priemok\u0105.<\/strong><\/span><\/h3>\n<hr \/>\n<p><strong>1 day<\/strong><\/p>\n<p>- Arrival at Vilnius or Riga Airport.<br \/> \u2022 Skrydis: Vilnius &#8211; Bergamo (Milanas) arba Ryga &#8211; Bergamo (Milanas).<br \/> \u2022 Vykstame \u012f Bergamo.<br \/> \u2022 Pageidaujantiems si\u016blome ekskursij\u0105 po Bergamo (papildomas mokestis &#8211; 40 \u20ac\/asm.).<br \/> \u2022 Perve\u017eimas \u012f vie&scaron;but\u012f.<br \/> \u2022 \u012esik\u016brimas vie&scaron;butyje.<br \/> - Recreation.<br \/> \u2022 Nakvyn\u0117 vie&scaron;butyje.<\/p>\n<p>Bergamas &#8211; unikalus miestas, turintis turting\u0105 &scaron;imtme\u010di\u0173 istorij\u0105. \u010cia gim\u0117 daug \u017einom\u0173 kompozitori\u0173, architekt\u0173, generol\u0173 ir meninink\u0173. \u010cia gal\u0117site vienu metu m\u0117gautis Italijos Alpi\u0173 ir Padano lygumos vaizdais (papildomai apmokami funikulieriaus bilietai ~ 5 \u20ac\/asm.). Tai rom\u0117ni&scaron;kas ir kelti&scaron;kas &scaron;aknis turintis miestas, kurio d\u0117ka buvo i&scaron;saugoti pastar\u0173j\u0173 2500 met\u0173 istoriniai paminklai. Be to, Bergamo miestas taip pat \u017einomas d\u0117l savo s\u0117kming\u0173 &scaron;ilko gamintoj\u0173 ir prekybinink\u0173. D\u0117l to \u010dia buvo pastatyta daug prabangi\u0173 r\u016bm\u0173, katedr\u0173 ir miesto aik&scaron;\u010di\u0173.<\/p>\n<p><strong>Day 2 <\/strong><\/p>\n<p>\u2022 Pusry\u010diai vie&scaron;butyje (perkant ekskursij\u0173 paket\u0105 pusry\u010diai \u012fskai\u010diuoti).<br \/> \u2022 Ekskursin\u0117 i&scaron;vyka prie Mad\u017eor\u0117s e\u017eero.<br \/> \u2022 Vykstame \u012f vie&scaron;but\u012f.<br \/> - Recreation.<br \/> \u2022 Nakvyn\u0117 vie&scaron;butyje.<\/p>\n<p>Mad\u017eor\u0117s e\u017eeras yra ma\u017eiau \u017einomas tarp savo koleg\u0173. Nors b\u016btent &scaron;is e\u017eeras vadinamas ir ver\u010diamas kaip \u201eDid\u017eiausias\u201c. E\u017eeras esantis i&scaron; karto dviejose valstyb\u0117se: Italijoje ir &Scaron;veicarijoje. B\u016btent \u010dia yra vietos, \u012fkv\u0117pusios did\u017eiuosius ra&scaron;ytojus ir poetus.<\/p>\n<p>B\u016btent ant &scaron;io e\u017eero kranto Ernestas Hemingv\u0117jus para&scaron;\u0117 savo pirm\u0105j\u012f roman\u0105 \u201eAtsisveikinimas su ginklais\u201c ir b\u016btent ant jo krant\u0173 atsiskleid\u017eia &scaron;io k\u016brinio siu\u017eetas.<\/p>\n<p>Ta\u010diau svarbiausia, kad b\u016btent &scaron;is e\u017eeras ir pasipuo&scaron;ia garsiausiomis e\u017eer\u0173 salomis Italijoje: Pescatori sala, Bella ir Madre. Pirmasis i&scaron; j\u0173 \u017einomas d\u0117l autenti&scaron;k\u0173 kvartal\u0173 ir restoran\u0173. Antrieji \u2013 d\u0117l Borromeo &scaron;eimos r\u016bm\u0173 ir ne\u012ftik\u0117tino interjero. Kadaise \u010dia lank\u0117si Napoleonas su \u017emona Josephine, Benito Mussolini ir kt. Pamatysime abi &scaron;ias salas. Pasiplaukiosime laiveliu ir m\u0117gausim\u0117s vandens panoramomis (papildomas mokestis ~ 20 \u20ac\/asm., apmokama kelion\u0117s metu). Tur\u0117sime laiko pietums, Bellos salos muziejaus lankymui ir, \u017einoma, laiko spalvingoms nuotraukoms.<\/p>\n<p>Aplank\u0119 dvi salas plauksime laivu \u012f kurortin\u012f aristokrat\u0173 i&scaron; Pjemonto miest\u0105 ir tuo pa\u010diu \u012f Italijos ilgame\u010di\u0173 miest\u0105. B\u016btent \u010dia gyveno ir mir\u0117 visame pasaulyje \u017einoma ital\u0117 Emma Morano, sulaukusi net 117 met\u0173.<\/p>\n<p><strong>Day 3 <\/strong><\/p>\n<p>\u2022 Pusry\u010diai vie&scaron;butyje (perkant ekskursij\u0173 paket\u0105 pusry\u010diai \u012fskai\u010diuoti).<br \/> \u2022 Ekskursin\u0117 i&scaron;vyka \u012f Turin\u0105 ir vynuogyn\u0173 lankymas.<br \/> \u2022 Pageidaujantiems si\u016blome degustacij\u0105 + piet\u016bs u\u017e papildom\u0105 mokest\u012f &#8211; 30 \u20ac\/asm. (apmokama kelion\u0117s metu).<br \/> \u2022 Vykstame \u012f vie&scaron;but\u012f.<br \/> - Recreation.<br \/> \u2022 Nakvyn\u0117 vie&scaron;butyje.<\/p>\n<p>Nedaug \u017emoni\u0173 \u017eino, kad Turinas &#8211; pirmoji &scaron;iuolaikin\u0117s Italijos sostin\u0117. Aplink &scaron;\u012f miest\u0105 susik\u016br\u0117 moderni valstyb\u0117. Ir tai yra tikroji valstyb\u0117s sostin\u0117.<\/p>\n<p>\u010cia yra nuostabi\u0173 al\u0117j\u0173 su r\u016bmais ir &scaron;ventyklomis. Turtingos aik&scaron;t\u0117s, papuo&scaron;tos paminklais, atskleid\u017eian\u010diais Italijos istorijos puslapius. \u010cia yra didingos Po up\u0117s krantin\u0117 \u2013 ilgiausia Italijoje.<\/p>\n<p>Bet svarbiausia, kad Turinas, be to, yra viena i&scaron; svarbiausi\u0173 religini\u0173 viet\u0173 m\u016bs\u0173 planetoje, nes b\u016btent \u010dia saugoma tokia relikvija kaip \u201eTurino drobul\u0117\u201c ir mes gal\u0117sime aplankyti &scaron;ventykl\u0105, kurioje ji pasl\u0117pta.<\/p>\n<p>Turinas taip pat yra Pjemonto regiono sostin\u0117, kuri savo ruo\u017etu gars\u0117ja savo karali&scaron;kaisiais vynais. \u010cia gim\u0117 pirmieji puik\u016bs &scaron;alies vynai ir b\u016btent \u010dia pirm\u0105 kart\u0105 pasirod\u0117 pirmieji &scaron;alies putojantys vynai. Pagrindinis \u2013 neprilygstamas \u201eAsti\u201c.<\/p>\n<p>Antrosios ekskursijos dalies metu va\u017eiuosime per brangiausius Italijos vynuogynus, kuriuose gimsta garsioji Nebbiolo vynuogi\u0173 veisl\u0117. M\u016bs\u0173 laukia unikalus apsilankymas miestelyje, u\u017edarytame nuo smalsi\u0173 aki\u0173. Mus pasitiks &scaron;eimynin\u0117je vynin\u0117je, pajusime Italijos \u017eemdirbyst\u0117s dvasi\u0105 ir ragausime ne tik vynus, bet ir tradici&scaron;kiausius &scaron;i\u0173 viet\u0173 patiekalus Degustacija su pietumis (papildomas mokestis \u2013 30 \u20ac\/asm., apmokama kelion\u0117s metu).<\/p>\n<p><strong>Day 4 <\/strong><\/p>\n<p>\u2022 Pusry\u010diai vie&scaron;butyje (perkant ekskursij\u0173 paket\u0105 pusry\u010diai \u012fskai\u010diuoti).<br \/> - Free day.<br \/> \u2022 Pageidaujantiems si\u016blome ekskursin\u0119 i&scaron;vyk\u0105 prie Komo e\u017eero (papildomas mokestis 50 \u20ac\/asm. + ~15 \u20ac kelto bilietas).<br \/> \u2022 Vykstame \u012f vie&scaron;but\u012f.<br \/> - Recreation.<br \/> \u2022 Nakvyn\u0117 vie&scaron;butyje.<\/p>\n<p>Pamatyti &scaron;\u012f e\u017eer\u0105 rei&scaron;kia pamatyti garsiausi\u0173 m\u016bs\u0173 planetos atstov\u0173: Madonos, Schumacherio, George&#039;o Clooney, Valentino buvein\u0119 \u2013 tai tik trumpas \u017evaig\u017ed\u017ei\u0173 s\u0105ra&scaron;as, kurie savo poilsiui nuo aktyvios veiklos pasirinko b\u016btent &scaron;ias vietas. Jau nuo rom\u0117n\u0173 laik\u0173 \u010dia \u012fsik\u016br\u0117 patricij\u0173 vilos, tam \u012ftakos turi ir gamtos gro\u017eis, ir klimatas.<\/p>\n<p>Per &scaron;imtme\u010dius \u010dia formavosi jauk\u016bs, mieli miesteliai, \u017einomi tiek savo vilomis ir sodais, tiek \u017evejybos tradicijomis.<\/p>\n<p>Pasivaik&scaron;\u010diosime gra\u017eiausi\u0173 e\u017eero miesteli\u0173 krantin\u0117mis. Pa\u017evelgsime \u012f &scaron;ventyklas su ne\u012ftik\u0117tinai turtingu paveldu \u2013 ikonomis, statulomis ir mozaikomis.<br \/> Tur\u0117sime laisvo laiko susipa\u017einti su &scaron;i\u0173 viet\u0173 gastronomin\u0117mis ypatyb\u0117mis.<\/p>\n<p><strong>Day 5 <\/strong><\/p>\n<p>\u2022 Pusry\u010diai vie&scaron;butyje (perkant ekskursij\u0173 paket\u0105 pusry\u010diai \u012fskai\u010diuoti).<br \/> \u2022 Ekskursin\u0117 i&scaron;vyka \u201ePja\u010dencos pilys\u201c.<br \/> \u2022 Vykstame \u012f vie&scaron;but\u012f.<br \/> - Recreation.<br \/> \u2022 Nakvyn\u0117 vie&scaron;butyje.<\/p>\n<p>Gastronomai visame pasaulyje vadina Parmigiano-Reggiano s\u016br\u012f \u201es\u016bri\u0173 karaliumi\u201c. O mes tur\u0117sime unikali\u0105 galimyb\u0119 ne tik paragauti &scaron;io s\u016brio, bet ir pamatyti &scaron;io Italijos \u017eem\u0117s \u016bkio &scaron;edevro gamybos ir brandinimo viet\u0105. Be to, gal\u0117sime degustuoti tokius vietinius patiekalus kaip Parmos kumpis ir geriausias saliamis Italijoje \u2013 i&scaron; Fellino. Degustacija su apsilankymu s\u016brio gamykloje (papildomas mokestis \u2013 nuo 23 \u20ac\/asm.).<\/p>\n<p>&Scaron;ios vietos gars\u0117ja ne tik maistu, bet ir pilimis&#8230; Visoje Europoje n\u0117ra reik&scaron;mingesn\u0117s pilies teritorijos u\u017e t\u0105, kuri yra aplink Pja\u010dencos miest\u0105. \u010cia yra beveik 50 pili\u0173, i&scaron; kuri\u0173 daugelis \u017einomos d\u0117l savo 1000 met\u0173 istorijos.<\/p>\n<p>Pasivaik&scaron;\u010diosime su jumis po miestel\u012f, \u012ftraukt\u0105 \u012f gra\u017eiausi\u0173 istorini\u0173 Italijos miest\u0173 s\u0105ra&scaron;\u0105&#8230; \u010cia surinkta visa &scaron;ios &scaron;alies istorija &#8211; nuo romanin\u0117s katedros, iki viduram\u017ei\u0173 komunos pastato, iki senovini\u0173 pilis, jau nekalbant apie jaukias viduram\u017ei\u0173 gatveles ir nepamir&scaron;tamas panoramas.<\/p>\n<p>Kelion\u0117s pabaigoje aplankysime visomis prasm\u0117mis unikal\u0173 kampel\u012f. Visas viduram\u017ei\u0173 amatinink\u0173 miestas, sukurtas vieno i&scaron; senov\u0117s ital\u0173 Visconti &scaron;eimos nario pra&scaron;ymu. \u010cia galima pamatyti ne tik \u201eideal\u0173 miest\u0105\u201c XIV-XV a., bet ir tai, kaip tais laikais vyko gyvenimas. Unikalios dirbtuv\u0117s, parduotuv\u0117s ir, svarbiausia &#8211; pati atmosfera.<\/p>\n<p><strong>Day 6<\/strong><\/p>\n<p>\u2022 Pusry\u010diai vie&scaron;butyje (perkant ekskursij\u0173 paket\u0105 pusry\u010diai \u012fskai\u010diuoti).<br \/> \u2022 Ekskursija po Milan\u0105 (papildomai apmokamas \u012fva\u017eiavimo mokestis ~ 5 \u20ac\/asm.).<br \/> \u2022 Vykstame \u012f vie&scaron;but\u012f.<br \/> - Recreation.<br \/> \u2022 Nakvyn\u0117 vie&scaron;butyje.<\/p>\n<p>Milanas &#8211; \u012fsp\u016bdingais istorijos paminklais nustebins tuos, kurie i&scaron; jo tikisi tik moderni\u0173 pastat\u0173 ir auk&scaron;t\u0173j\u0173 technologij\u0173. Sforzesco pilis, kurioje dirbo Leonardo da Vinci, Duomos katedra, kurioje saugoma svarbiausia krik&scaron;\u010dioni&scaron;kojo pasaulio relikvija \u2013 viena i&scaron; Vie&scaron;paties kry\u017eiaus vini\u0173; garsusis La Scala teatras \u2013 visa tai miestas kruop&scaron;\u010diai i&scaron;saugojo savo sve\u010diams. Be istorinio paveldo, Milane yra svarbiausias Europos ekonominis centras, mieste vyksta 2015 m. Pasaulin\u0117 paroda ir kasmetiniai auk&scaron;tosios mados sezonai. Milanas \u2013 miestas, kuriame rasite visus Italijos turtus: istorij\u0105, men\u0105, puiki\u0105 virtuv\u0119 ir madingas parduotuves.<\/p>\n<p><strong>Day 7 <\/strong><\/p>\n<p>\u2022 Pusry\u010diai vie&scaron;butyje (perkant ekskursij\u0173 paket\u0105 pusry\u010diai \u012fskai\u010diuoti).<br \/> \u2022 Ekskursin\u0117 i&scaron;vyka \u201eGardos e\u017eeras\u201c.<br \/> \u2022 Vykstame \u012f vie&scaron;but\u012f.<br \/> - Recreation.<br \/> \u2022 Nakvyn\u0117 vie&scaron;butyje.<\/p>\n<p>Daugelis &scaron;\u012f e\u017eer\u0105 vadina gra\u017eiausiu visoje Europoje. Ir sunku su tuo nesutikti \u2013 \u010dia galima i&scaron;vysti Toskan\u0105 primenan\u010dias kalvas ir iki 2000 metr\u0173 auk&scaron;\u010dio kalnus, primenan\u010dius Norvegijos fiordus ir stebuklingus e\u017eer\u0173 miestelius, kuri\u0173 kiekvienas turi savo istorij\u0105.<\/p>\n<p>Kai kuriems Gardos e\u017eeras yra Europos Baikalas, ir tai nenuostabu \u2013 nes jis yra vienas &scaron;variausi\u0173 m\u016bs\u0173 planetoje. Jo pakrant\u0117se n\u0117ra nei vienos gamyklos, be to, \u017evejyba \u010dia prakti&scaron;kai u\u017edrausta.<\/p>\n<p>Ta\u010diau patiems italams Gardos e\u017eeras yra spalving\u0173 \u012fsp\u016bd\u017ei\u0173 skrynia. \u010cia sujungti trys Italijos regionai: Venetas, Lombardija ir Trentino Alto Adid\u017e\u0117.<\/p>\n<p>M\u016bs\u0173 laukia nuostabus pasin\u0117rimas \u012f &scaron;i\u0173 viet\u0173 gro\u017e\u012f. Ekskursij\u0105 prad\u0117sime nuo &scaron;iaurin\u0117s e\u017eero dalies \u2013 labiau primenan\u010dios Norvegijos fiordus. Aplankysime vien\u0105 populiariausi\u0173 &Scaron;iaur\u0117s Italijos miesteli\u0173 \u2013 Malcesine su ne\u012ftik\u0117tina tvirtove, kylan\u010dia vir&scaron; viso e\u017eero. Pamatysime miest\u0105, nuo kurio prasideda viduram\u017ei\u0173 laisv\u0173j\u0173 Italijos miest\u0173 istorija. Panoraminiu laivu plauksime per pus\u0119 e\u017eero (papildomas mokestis ~ 23 \u20ac\/asm.). Pamatysime did\u017eiausi\u0105 &Scaron;iaur\u0117s Italijos archeologin\u0119 zon\u0105 \u2013 Villa Catullus, pamatysime viet\u0105, kur gimsta vienas vertingiausi\u0173 termini\u0173 &scaron;altini\u0173 Italijoje. Pa\u017evelgsime \u012f &scaron;iuolaikini\u0173 patricij\u0173 vilas ir skirsime laisvo laiko maudyn\u0117ms.<\/p>\n<p><strong>Day 8<\/strong><\/p>\n<p>\u2022 Anksti ryte i&scaron;siregistravimas i&scaron; vie&scaron;bu\u010dio.<br \/> - Going to the airport.<br \/> - Check-in.<br \/> \u2022 Skrydis: Bergamo (Milanas) &#8211; Vilnius arba Bergamo (Milanas) &#8211; Ryga.<br \/> \u2022 Atvykimas \u012f Vilniaus ar Rygos oro uost\u0105.<\/p>","protected":false},"excerpt":{"rendered":"<p>Kelion\u0117 organizuojama reisiniais skryd\u017eiais, tod\u0117l d\u0117l l\u0117ktuvo biliet\u0173 pabrangimo, organizatorius gali atmesti rezervacij\u0105 arba pasi\u016blyti keliautojui priemok\u0105&#8230;.<\/p>","protected":false},"featured_media":11897,"comment_status":"open","ping_status":"closed","template":"","meta":{"om_disable_all_campaigns":false,"_monsterinsights_skip_tracking":false,"_monsterinsights_sitenote_active":false,"_monsterinsights_sitenote_note":"","_monsterinsights_sitenote_category":0},"product_brand":[],"product_cat":[669],"product_tag":[],"class_list":{"0":"post-12662","1":"product","2":"type-product","3":"status-publish","4":"has-post-thumbnail","6":"product_cat-keliones","8":"first","9":"instock","10":"virtual","11":"taxable","12":"purchasable","13":"product-type-simple"},"aioseo_notices":[],"_links":{"self":[{"href":"https:\/\/www.atravel.lt\/en\/wp-json\/wp\/v2\/product\/12662","targetHints":{"allow":["GET"]}}],"collection":[{"href":"https:\/\/www.atravel.lt\/en\/wp-json\/wp\/v2\/product"}],"about":[{"href":"https:\/\/www.atravel.lt\/en\/wp-json\/wp\/v2\/types\/product"}],"replies":[{"embeddable":true,"href":"https:\/\/www.atravel.lt\/en\/wp-json\/wp\/v2\/comments?post=12662"}],"wp:featuredmedia":[{"embeddable":true,"href":"https:\/\/www.atravel.lt\/en\/wp-json\/wp\/v2\/media\/11897"}],"wp:attachment":[{"href":"https:\/\/www.atravel.lt\/en\/wp-json\/wp\/v2\/media?parent=12662"}],"wp:term":[{"taxonomy":"product_brand","embeddable":true,"href":"https:\/\/www.atravel.lt\/en\/wp-json\/wp\/v2\/product_brand?post=12662"},{"taxonomy":"product_cat","embeddable":true,"href":"https:\/\/www.atravel.lt\/en\/wp-json\/wp\/v2\/product_cat?post=12662"},{"taxonomy":"product_tag","embeddable":true,"href":"https:\/\/www.atravel.lt\/en\/wp-json\/wp\/v2\/product_tag?post=12662"}],"curies":[{"name":"wp","href":"https:\/\/api.w.org\/{rel}","templated":true}]}}