{"id":12661,"date":"2026-03-21T15:44:49","date_gmt":"2026-03-21T13:44:49","guid":{"rendered":"https:\/\/www.atravel.lt\/produktas\/singapuras-malaizija-su-galimybe-aplankyti-bruneju-15-d-skrydis-is-rygos\/"},"modified":"2026-03-21T15:44:49","modified_gmt":"2026-03-21T13:44:49","slug":"singapuras-malaizija-su-galimybe-aplankyti-bruneju-15-d-skrydis-is-rygos","status":"publish","type":"product","link":"https:\/\/www.atravel.lt\/en\/product\/singapuras-malaizija-su-galimybe-aplankyti-bruneju-15-d-skrydis-is-rygos\/","title":{"rendered":"Singap\u016bras &#8211; Malaizija su galimybe aplankyti Brun\u0117j\u0173 15 d. (skrydis i\u0161 Rygos)"},"content":{"rendered":"<h3 style=\"margin-bottom:8px;text-align:center\"><span style=\"font-size:20px !important\"><span><span style=\"font-weight:500\"><span style=\"line-height:1.2\"><span style=\"text-shadow:#000000 1px 1px 1px !important\"><span style=\"text-transform:uppercase !important\"><span style=\"color:#b58129 !important\"><span style=\"font-family:Nunito, sans-serif\"><span style=\"font-style:normal\"><span><span style=\"white-space:normal\"><span><span><span><span style=\"font-size:18px\"><span><span><span style=\"color:#e74c3c\"><strong style=\"font-weight:bolder\">D\u0116MESIO! REIKALAVIMAI VYKSTANT \u012e KELION\u0118:<\/strong><\/span><\/span><\/span><\/span><\/span><\/span><\/span><\/span><\/span><\/span><\/span><\/span><\/span><\/span><\/span><\/span><\/span><\/span><\/h3>\n<ol>\n<li>\n<p><span style=\"font-size:14px\"><span><span style=\"color:#e74c3c\"><span style=\"font-family:Nunito, sans-serif\"><span style=\"font-style:normal\"><span><span style=\"font-weight:400\"><span style=\"white-space:normal\"><span><span><span><span><strong style=\"font-weight:bolder\">Visi atvykstantys \u012f Singap\u016br\u0105, privalo ne anks\u010diau nei prie&scaron; 3 dienas iki atvykimo savaranki&scaron;kai u\u017epildyti ir pateikti elektronin\u0119 sveikatos deklaracij\u0105:<\/strong><\/span><\/span><\/span><\/span><\/span><\/span><\/span><\/span><\/span><\/span><span style=\"color:#212529\"><span style=\"font-family:Nunito, sans-serif\"><span style=\"font-style:normal\"><span><span style=\"font-weight:400\"><span style=\"white-space:normal\"><span><span><span><span><span style=\"color:#e74c3c\"><strong style=\"font-weight:bolder\"> <\/strong><\/span><\/span><\/span><\/span><\/span><\/span><\/span><\/span><\/span><\/span><\/span><span style=\"font-family:Nunito, sans-serif\"><span style=\"font-style:normal\"><span><span style=\"font-weight:400\"><span style=\"white-space:normal\"><span><span><span><span><span><span style=\"line-height:normal\"><span><span><span class=\"MsoHyperlink\"><span><span style=\"text-decoration:underline\"><span><span><span><a href=\"https:\/\/eservices.ica.gov.sg\/sgarrivalcard\/\" style=\"color:blue;text-decoration:underline\" target=\"_blank\"><span style=\"color:#2980b9\"><span><b style=\"font-weight:bolder\">https:\/\/eservices.ica.gov.sg\/sgarrivalcard\/<\/b><\/span><\/span><\/a><\/span><\/span><\/span><\/span><\/span><\/span><\/span><\/span><\/span><\/span><\/span><\/span><\/span><\/span><\/span><\/span><\/span><\/span><\/span><\/span><\/span><\/p>\n<\/li>\n<li>\n<p><span style=\"font-size:14px\"><strong><span style=\"color:#e74c3c\">Visi atvykstantys \u012f Malaizij\u0105 privalo u\u017epildyti atvykimo deklaracij\u0105 &#8211;<\/span><span style=\"color:#e74c3c\"><strong> <\/strong> <\/span><a href=\"https:\/\/imigresen-online.imi.gov.my\/mdac\/main\"><span style=\"color:#2980b9\">Malaysia Digital Arrival Card (MDAC)<\/span><\/a> <span style=\"color:#e74c3c\">(DEKLARACIJ\u0104 GALIMA PRAD\u0116TI PILDYTI LIKUS 3 DIENOMS IKI ATVYKIMO \u012e MALAIZIJ\u0104)<\/span><\/strong><\/span><\/p>\n<\/li>\n<li>\n<p><span style=\"font-size:14px\"><strong><span style=\"color:#e74c3c\">Visi atvykstantys \u012f Brun\u0117j\u0173 privalo u\u017esiregistruoti sistemoje ir u\u017epildyti atvykimo deklaracij\u0105<\/span><span style=\"color:#e74c3c\"> <\/span><a href=\"https:\/\/www.imm.gov.bn\/\"><span style=\"color:#2980b9\">E-Arrival Card<\/span><\/a><span style=\"color:#e74c3c\"> <\/span><span style=\"color:#e74c3c\">(aktualu tiems, kas vyksta \u012f papildom\u0105 ekskursij\u0105 \u012f Brun\u0117j\u0173)<\/span><\/strong><\/span><\/p>\n<\/li>\n<\/ol>\n<hr \/>\n<p><strong>1 day <\/strong><\/p>\n<p>- Arrival at Riga Airport.<br \/> - Check-in.<br \/> \u2022 Skrydis: Ryga &#8211; Stambulas (~11:40-15:55). <br \/> - Arrival in Istanbul. <br \/> \u2022 Skrydis: Stambulas \u2013 Singap\u016bras (~17:15-08:45*). <\/p>\n<p><strong>Day 2 <\/strong><\/p>\n<p>- Arrive in Singapore.<br \/> - Sightseeing tour of Singapore.<br \/> \u2022 Po ekskursijos vykstame \u012f vie&scaron;but\u012f.<br \/> \u2022 \u012esik\u016brimas vie&scaron;butyje.<br \/> \u2022 Nakvyn\u0117 vie&scaron;butyje. <\/p>\n<p>Singap\u016bras (pa\u017eod\u017eiui i&scaron;vertus &#8211; \u201eLi\u016bto miestas\u201c) u\u017eima 2 viet\u0105 pasaulyje pagal saugum\u0105 ir 1 viet\u0105 pagal miesto ap\u017eeldinim\u0105. Jis d\u017eiugina ak\u012f savo grynumu, gro\u017eiu ir puo&scaron;numu. \u010cia auk&scaron;\u010diausias gyvenimo lygis prilygsta komfortui ir pilie\u010di\u0173 r\u016bpinimuisi. Singap\u016bro istorija nuostabi, dabartis d\u017eiugina, o ateitis \u2013 intriguoja. &Scaron;is miestas-valstyb\u0117 \u012fsiver\u017eia \u012f gyvenim\u0105 kaip viesulas ir am\u017eiams lieka &scaron;irdyje.<\/p>\n<p><strong>Day 3 <\/strong><\/p>\n<p>\u2022 Pusry\u010diai vie&scaron;butyje (perkant ekskursij\u0173 paket\u0105 pusry\u010diai \u012fskai\u010diuoti).<br \/> \u2022 I&scaron;siregistravimas i&scaron; vie&scaron;bu\u010dio.<br \/> - We're on our way to Kuala Lumpur (Malaysia).<br \/> - Arrive in Kuala Lumpur.<br \/> \u2022 \u012esik\u016brimas vie&scaron;butyje.<br \/> \u2022 Nakvyn\u0117 vie&scaron;butyje. <\/p>\n<p><strong>Day 4 <\/strong><\/p>\n<p>\u2022 Pusry\u010diai vie&scaron;butyje (perkant ekskursij\u0173 paket\u0105 pusry\u010diai \u012fskai\u010diuoti).<br \/> - Sightseeing tour of Kuala Lumpur.<br \/> \u2022 Pageidaujantiems si\u016blome ekskursin\u0119 i&scaron;vyk\u0105 \u012f Kvala Selangor ir jonvabali\u0173 \u016bk\u012f bei be\u017ed\u017eioni\u0173 kaln\u0105 (papildomas mokestis 75 \u20ac\/asm. + \u012f\u0117jimo bilietai).<br \/> \u2022 Sugr\u012f\u017etame \u012f vie&scaron;but\u012f.<br \/> - Recreation.<br \/> \u2022 Nakvyn\u0117 vie&scaron;butyje. <\/p>\n<p>Ap\u017evalgin\u0117 ekskursija leis ne tik pa\u017einti ir pamatyti Kvala Lump\u016br\u0105 visame jo gro\u017eyje, bet ir atrasti Malaizijos finansinio klest\u0117jimo, socialinio ir politinio stabilumo paslaptis, susipa\u017einti su vietos papro\u010diais ir tradicijomis, o gurmanai tur\u0117s prog\u0105 atrasti subtiliausius malaj\u0173 virtuv\u0117s delikatesus.<\/p>\n<p>Me\u010det\u0117s, dangorai\u017eiai, bok&scaron;tai-mil\u017einai, televizijos bok&scaron;tas, ne\u012fsivaizduojamas \u017emoni\u0173 skai\u010dius i&scaron; viso pasaulio. Kvala Lump\u016bras yra ne\u012ftik\u0117tinas miestas, su kuriuo galima susipa\u017einti.<\/p>\n<p>We also offer a visit to Batu Rocks and a sightseeing trip to Kuala Selangor (to the Jonwabal Farm and Monkey Mountain) - 75 \u20ac\/person (boat trip and dinner included; entrance tickets to Batu Caves are at the travellers' own expense).<\/p>\n<p>Malaizijoje yra did\u017eiausi urvai pasaulyje (pro kai kuriuos gali praskristinet sraigtasparnis). Tur\u0117site unikali\u0105 galimyb\u0119 aplankyti vien\u0105 i&scaron; j\u0173 &#8211; gra\u017eiausi\u0105 gamtos paminkl\u0105 \u201eBatuKaves\u201c. Uolos viduje yra induist\u0173 &scaron;ventykla ir i&scaron;tisos laukini\u0173 be\u017ed\u017eioni\u0173 spie\u010dius.<\/p>\n<p>Toliau vyksime link Kvala Selangoro, kur senojo forto teritorijoje, esan\u010dio ant Malakos s\u0105siaurio kranto, \u012fsik\u016br\u0117 Bukit Melavati gamtos rezervatas. Patraukliausia forto lankymo dalis yra jame gyvenan\u010dios mielos be\u017ed\u017eion\u0117l\u0117s (sidabriniai lang\u016brai). &Scaron;i\u0173 juoking\u0173 gyv\u016bn\u0173 maitinimas taip pat yra ekskursijos programos dalis.<\/p>\n<p>Vertinga m\u016bs\u0173 ekskursijos pabaiga bus nepamir&scaron;tamas reginys jonvabali\u0173 rezervate. J\u016bs\u0173 laukia pasiplaukiojimas plaustais Kvala Selangoro upe, plaukiant, keli\u0105 tarsi girlianda ap&scaron;vies jonvabaliai. Tai i&scaron;ties nuostabus ir pasaki&scaron;kas reginys.<\/p>\n<p><strong>Day 5 <\/strong><\/p>\n<p>\u2022 Ankstyvas i&scaron;siregistravimas i&scaron; vie&scaron;bu\u010dio.<br \/> - Transfer to the airport.<br \/> \u2022 Vidinis skrydis: Kvala Lump\u016bras &#8211; Labuan sala (privalomas mokestis u\u017e vidinius skryd\u017eius Kvala Lump\u016bras \u2013 Labuan sala \/ Kota Kinabalu \u2013 Singap\u016bras \u2013 nuo 100 \u20ac\/asm.).<br \/> \u2022 Atskridimas \u012f Labuan sal\u0105.<br \/> \u2022 Perve\u017eimas \u012f vie&scaron;but\u012f.<br \/> \u2022 \u012esik\u016brimas vie&scaron;butyje.<br \/> - Recreation.<br \/> \u2022 Nakvyn\u0117 vie&scaron;butyje. <\/p>\n<p>Labuan sala (Malaizija) &#8211; atogr\u0105\u017e\u0173 sala, kuri\u0105 skalauja Piet\u0173 Kinijos j\u016bros vandenys. Vidutin\u0117 oro temperat\u016bra Labuan saloje i&scaron;tisus metus siekia + 30 laipsni\u0173. Sala vilioja turistus savo balto sm\u0117lio papl\u016bdimiais, nardymu ir nardymo sportu, taip pat nebrangiais apsipirkimais, nes yra neapmokestinama prekybos zona.<\/p>\n<p><strong>Day 6 <\/strong><\/p>\n<p>\u2022 Pusry\u010diai vie&scaron;butyje (perkant ekskursij\u0173 paket\u0105 pusry\u010diai \u012fskai\u010diuoti).<br \/> - Relax by the sea.<br \/> - In the second half of the day, take a tour of Labuan Island.<br \/> \u2022 Sugr\u012f\u017etame \u012f vie&scaron;but\u012f.<br \/> - Recreation.<br \/> \u2022 Nakvyn\u0117 vie&scaron;butyje. <\/p>\n<p>Ekskursijos po sal\u0105 metu aplankysime Labuan muziej\u0173, kuriame susipa\u017einsime su jo istorija ir kult\u016bra, vietin\u0117mis tradicijomis ir kasybos metodais; Taikos parkas, pastatytas kaip memorialas siekiant neu\u017emir&scaron;ti ko&scaron;mari&scaron;kus karo \u012fvykius. Jo teritorijoje yra piliakalnis, nedideli sodai ir pav\u0117sin\u0117s, tvenkiniai ir tiltai. <\/p>\n<p>Mes sustosime did\u017eiausioje neapmuitinam\u0173 preki\u0173 parduotuv\u0117je (Duty Free). Pa\u017evelksime \u012f \u201eKampung Air\u201c (kaim\u0105 ant vandens) &#8211; medini\u0173 nam\u0173, tilt\u0173 ir labirint\u0173 kompleks\u0105; Tur\u0117site galimyb\u0119 paklaid\u017eioti po juos ir pamatyti \u012fprast\u0105 malaizie\u010di\u0173 gyvenim\u0105.<\/p>\n<p><strong>Day 7 <\/strong><\/p>\n<p>\u2022 Pusry\u010diai vie&scaron;butyje (perkant ekskursij\u0173 paket\u0105 pusry\u010diai \u012fskai\u010diuoti).<br \/> - Free day.<br \/> \u2022 Pageidaujantiems si\u016blome ekskursin\u0119 i&scaron;vyk\u0105 \u012f Brun\u0117j\u0173 (papildomas mokestis \u2013 89 \u20ac\/asm. + ~40 \u20ac\/asm. u\u017e kelto biliet\u0105).<br \/> \u2022 Sugr\u012f\u017etame \u012f vie&scaron;but\u012f.<br \/> - Recreation.<br \/> \u2022 Nakvyn\u0117 vie&scaron;butyje. <\/p>\n<p>Brun\u0117jaus sultonatas &#8211; valstyb\u0117, esanti &scaron;iaurin\u0117je Borneo salos pakrant\u0117je ir u\u017eimanti apie 1% salos teritorijos. Piln\u0105 pavadinim\u0105 \u201eNegara-Brunei Darussalam\u201c galima i&scaron;versti kaip \u201eBrun\u0117jus &#8211; pasaulio buvein\u0117\u201c. D\u0117l dideli\u0173 naftos ir duj\u0173 atsarg\u0173 ir kompetentingos sultono politikos paskirstytos pajamos i&scaron; j\u0173 gamybos ir perdirbimo Brun\u0117jus u\u017eima vien\u0105 i&scaron; pirmaujan\u010di\u0173 viet\u0173 pagal gyvenimo lyg\u012f regione.<\/p>\n<p>Aplankysime sultonato sostin\u0119 Bandar-Seri-Begawan miest\u0105, kuriame gausu kult\u016brini\u0173 objekt\u0173. Tarp j\u0173 did\u017eiausia me\u010det\u0117 &scaron;alyje D\u017eeimso Asro Hassanalas Bolkiahas, pavadintas Brun\u0117jaus sultono vardu, kuris valdonuo 1967 m. ir iki &scaron;iol. Puik\u016bs marmuriniai minaretai ir auksiniai kupolai, kuri\u0173 yra 29 (sultono eil\u0117s numeris dinastijos hierarchijoje), yra matomi i&scaron; beveik bet kurios miesto vietos. Pamatysime IstanNurulIman &#8211; sultono r\u016bmus-rezidencij\u0105, paskendusius prabangoje. R\u016bm\u0173 dekoravimui architektai negail\u0117jo marmuro ir aukso: tauri\u0173j\u0173 metal\u0173 apdaila yra net ant pa\u010di\u0173 nereik&scaron;mingiausi\u0173 element\u0173, toki\u0173 kaip dur\u0173 rankenos, lifto mygtukai, lang\u0173 r\u0117mai. Valdovo rezidencija i&scaron;tisus metus yra u\u017edaryta turistams ir tik pasibaigus musulmon\u0173 &scaron;vent\u0117i &#8211; Ramadanui, sultonas atveria r\u016bm\u0173 duris. Aplankysime Omar Ali Sayfuddin me\u010det\u0119 &#8211; pagrindin\u0119 &scaron;alies me\u010det\u0119, pavadint\u0105 28-ojo Brunejaus sultono vardu. Tai yra pagrindinis valstyb\u0117s simbolis ir viena gra\u017eiausi\u0173 me\u010de\u010di\u0173 visame Azijos ir Ramiojo vandenyno regione. Be d\u0117mesio neliks ir pagrindinis Brun\u0117jaus muziejus &#8211; karali&scaron;k\u0173j\u0173 regalij\u0173 muziejus, kuriame surinkti eksponatai, susij\u0119 su karali&scaron;k\u0173j\u0173 ceremonij\u0173 rengimu.<\/p>\n<p><strong>Day 8 <\/strong><\/p>\n<p>\u2022 Pusry\u010diai vie&scaron;butyje (perkant ekskursij\u0173 paket\u0105 pusry\u010diai \u012fskai\u010diuoti).<br \/> \u2022 I&scaron;siregistravimas i&scaron; vie&scaron;bu\u010dio.<br \/> \u2022 Vykstame \u012f Kota Kinabalu (papildomai apmokamas perve\u017eimas autobusu ir kelto bilietas ~15 \u20ac\/asm.).<br \/> - Arrive in Kota Kinabalu.<br \/> \u2022 \u012esik\u016brimas vie&scaron;butyje.<br \/> - Recreation.<br \/> \u2022 Nakvyn\u0117 vie&scaron;butyje. <\/p>\n<p><strong>Day 9 <\/strong><\/p>\n<p>\u2022 Pusry\u010diai vie&scaron;butyje (perkant ekskursij\u0173 paket\u0105 pusry\u010diai \u012fskai\u010diuoti).<br \/> - Free time.<br \/> \u2022 Pageidaujantiems si\u016blome perve\u017eim\u0105 \u012f Manukan sal\u0105 (papildomas mokestis \u2013 nuo 25 \u20ac\/asm., kaina priklauso nuo norin\u010di\u0173j\u0173 skai\u010diaus).<br \/> - We return to Kota Kinabalu.<br \/> - Sightseeing tour of Kota Kinabalu.<br \/> \u2022 Sugr\u012f\u017etame \u012f vie&scaron;but\u012f.<br \/> \u2022 Nakvyn\u0117 vie&scaron;butyje. <\/p>\n<p>Manukan sala &#8211; viena i&scaron; 5 sal\u0173, sudaran\u010di\u0173 Tunka Abdul Rahman nacionalin\u012f j\u016br\u0173 park\u0105. Jis \u012fsik\u016br\u0119s vos 5 km nuo Kota Kinabalu prieplaukos ir yra populiarus tarp turist\u0173 ir vietini\u0173 gyventoj\u0173; ir nenuostabu, nes papl\u016bdimiai su palm\u0117mis ir baltu sm\u0117liu harmoningai derinami su skaidriu j\u016bros vandeniu, kuriame gyvena spalvingos \u012fvairi\u0173 spalv\u0173 ir dyd\u017ei\u0173 \u017euvys. Manukano sala yra puiki vieta maudytis &scaron;iltoje Piet\u0173 Kinijos j\u016broje ir degintis.<\/p>\n<p>Return to Kota Kinabalu. Sightseeing tour of the city.<\/p>\n<p>Kota Kinabalu (Malaizija) &#8211; Sabos sostin\u0117 ir pagrindinis uostamiestis, esantis Piet\u0173 Kinijos j\u016bros pakrant\u0117je, Borneo saloje. Miestas i&scaron;siskiria kontrastingumu ir \u012fvairove, nes jame yra malaj\u0173, kin\u0173 ir europieti&scaron;kos architekt\u016bros bruo\u017e\u0173.<\/p>\n<p>Ap\u017evalgin\u0117s ekskursijos metu i&scaron;vysime ne\u012fprast\u0105 112 metr\u0173 ilgio pastat\u0105, vadinam\u0105 Tun Mustafa bok&scaron;tu. Jis unikalus tuo, kad neturi atramos, ta\u010diau j\u012f laiko tik plieniniai strypai. I&scaron; keturi\u0173 pana&scaron;i\u0173 architekt\u016brini\u0173 statini\u0173 pasaulyje Tun Mustafa bok&scaron;tas yra auk&scaron;\u010diausias.<\/p>\n<p>Toliau aplankysime Poh Toh Szu &#8211; kin\u0173 budist\u0173 &scaron;ventykl\u0105, kurioje yra deiv\u0117s Kuan Yin statula, palaiminanti visus lankytojus, taip pat miesto me\u010det\u0119 Kota Kinabalu &#8211; modernios islamo architekt\u016bros pavyzd\u012f. Me\u010det\u0119 i&scaron; trij\u0173 pusi\u0173 supa vanduo, tod\u0117l ji buvo vadinama \u201epl\u016bduriuojan\u010diu me\u010dete-laivu\u201c.<\/p>\n<p>Apsilankysime valstybiniame Sabaho valstijos muziejuje (papildomai apmokami \u012f\u0117jimo bilietai ~3,5 \u20ac\/asm.), dekoruotame vietini\u0173 gen\u010di\u0173 nameli\u0173 pavidalu, kur susipa\u017einsime su valstyb\u0117s istorija, jos nacionalin\u0117mis tradicijomis, pamatysime archeologines ir mineralogines kolekcijas. Komplekse taip pat yra zoologijos sodas, etnografinis kaimas, botanikos sodas, \u012fvairios kavin\u0117s ir restoranai. <\/p>\n<p>We'll visit the local Handicraft Market, full of souvenirs, handicrafts and other goods.<\/p>\n<p><strong>Day 10 <\/strong><\/p>\n<p>\u2022 Pusry\u010diai vie&scaron;butyje (perkant ekskursij\u0173 paket\u0105 pusry\u010diai \u012fskai\u010diuoti).<br \/> \u2022 Ekskursin\u0117 i&scaron;vyka \u012f etnin\u012f kaim\u0105 d\u017eiungl\u0117se (papildomai apmokami \u012f\u0117jimo bilietai \u012f etnin\u012f kaim\u0105 ~27 \u20ac\/asm.).<br \/> - For those who wish, we offer a safari-cruise on the Garam River (additional fee - 35 \u20ac\/person).<br \/> \u2022 Sugr\u012f\u017etame \u012f vie&scaron;but\u012f.<br \/> - Recreation.<br \/> \u2022 Nakvyn\u0117 vie&scaron;butyje. Vyksime \u012f etnin\u012f kaim\u0105. Kadaise ten gyveno \u201egalv\u0173\u201c med\u017eiotojai, vietin\u0117s gentys tur\u0117jo siaubing\u0105 tradicij\u0105 nukirsti prie&scaron;inink\u0173 galvas ir kabinti jas aplink savo namus, kad \u012fbaugint\u0173 prie&scaron;us. &Scaron;ios \u017eavios kelion\u0117s metu susipa\u017einsite su genties gyvenimu ir kult\u016bra, aplankysite j\u0173 namus, &scaron;audysite i&scaron; ginkl\u0173, i&scaron;moksite gaminti tradicinius patiekalus, taip pat pasigaminti ugn\u012f i&scaron; bambuko lazdeli\u0173. T\u0119sdami pa\u017eint\u012f, rasite spalving\u0105 &scaron;oki\u0173 &scaron;ou, kuriame gal\u0117site sudalyvauti.<\/p>\n<p>Renginio pabaigoje j\u016bs\u0173 lauks piet\u016bs, gal\u0117site paragauti vi&scaron;tienos, m\u0117sos, ry\u017ei\u0173, dar\u017eovi\u0173 ir vaisi\u0173 patiekal\u0173.<\/p>\n<p>Pageidaujantiems, si\u016blome safar\u012f-kruiz\u0105 Garam upe (papildomas mokestis &#8211; 35 \u20ac).<\/p>\n<p>Mes plauksime motorine valtimi palei Garamos up\u0119, tekan\u010di\u0105 per d\u017eiungles. &Scaron;iose vietose gyvena Didnos\u0117s be\u017ed\u017eion\u0117s; pamatysime &scaron;iuos nuostabius gyv\u016bnus j\u0173 nat\u016bralioje aplinkoje ir i&scaron;girsime \u012fdomi\u0173 istorij\u0173 i&scaron; vadovo. Bet ne tik Didnos\u0117s be\u017ed\u017eion\u0117s gyvena up\u0117s krante, \u010dia taip pat galite rasti vandens buivol\u0173, makak\u0173 ir net krokodil\u0173.<\/p>\n<p>At the end of our tour, you'll have another short float down the river after dark.<\/p>\n<p><strong>Day 11 <\/strong><\/p>\n<p>\u2022 Pusry\u010diai vie&scaron;butyje (perkant ekskursij\u0173 paket\u0105 pusry\u010diai \u012fskai\u010diuoti).<br \/> \u2022 Ekskursin\u0117 i&scaron;vyka \u012f Kinabalu nacionalin\u012f park\u0105 (\u012f\u0117jimo bilietai ~20 \u20ac\/asm.). <br \/> \u2022 Sugr\u012f\u017etame \u012f vie&scaron;but\u012f.<br \/> \u2022 Nakvyn\u0117 vie&scaron;butyje. <\/p>\n<p>Kinabalu nacionalinis parkas &#8211; paplit\u0119s aplink to paties pavadinimo kaln\u0105, kurio auk&scaron;tis siekia ~4100 metr\u0173. Tai yra vienas auk&scaron;\u010diausi\u0173 ta&scaron;k\u0173 Pietry\u010di\u0173 Azijoje ir vienas i&scaron; pirm\u0173j\u0173 nacionalini\u0173 park\u0173 Malaizijoje. Kadangi didel\u0117je augal\u0173 ir gyv\u016bn\u0173 populiacijoje yra daugiau nei 4500 r\u016b&scaron;i\u0173 floros ir faunos, UNESCO \u012ftrauk\u0117 Kinabalu park\u0105 \u012f savo s\u0105ra&scaron;\u0105.<\/p>\n<p>Kelias \u012f park\u0105 truks apie 2 val., pakeliui sustosime Nebalu kaime, i&scaron; kurio atsiveria nuostab\u016bs vaizdai \u012f Kinabalu kaln\u0105. \u010cia gal\u0117site nusipirkti suvenyrus, kuriuos rankomis pagamino vietiniai meistrai.<\/p>\n<p>Pasivaik&scaron;\u010diojimas takais, nutiestais tarp d\u017eiungli\u0173, kartu su gaiviu kaln\u0173 oru ir gido pasakojimais apie keistus floros ir faunos atstovus, \u012fskaitant 50 cm ilgio mil\u017eini&scaron;kus kirminus, mus\u0117d\u017ei\u0173-lelij\u0173, ragasnapi\u0173 nieko nepaliks abejing\u0173. O pasivaik&scaron;\u010diojimas pakabintu tiltu, 30 metr\u0173 auk&scaron;tyje, \u012fkraus adrenalino ir prad\u017eiugins.<\/p>\n<p>Parke taip pat yra kar&scaron;t\u0173 &scaron;altini\u0173, kuriuose gausu vandenilio sulfido. Juos atrado Japonijos kari&scaron;kiai per Antr\u0105j\u012f pasaulin\u012f kar\u0105 ir jie buvo naudojami j\u0117goms atkurti po m\u016b&scaron;i\u0173. Dabar kiekvienas gali maudytis &scaron;iuose gydomuose vandenyse. Tur\u0117site galimyb\u0119 i&scaron;bandyti laisvu laiku.<\/p>\n<p>Ekskursijos pabaigoje pam\u0117ginsime parodyti jums nuostabiausi\u0105 parko gyventoj\u0105 &#8211; \u017eydin\u010di\u0105 rafflesia. Tai yra did\u017eiausia g\u0117l\u0117 planetoje, kai kuri\u0173 egzempliori\u0173 ilgis siekia 1 m. skersmens, o mas\u0117 yra daugiau nei 10 kg! Rafflesia neturi sezoni&scaron;kumo ir \u017eydi tik 4 dienas per metus, kad pamatytum\u0117te jos \u017eyd\u0117jim\u0105 jums turi labai pasisekti, ir visai tik\u0117tina, kad s\u0117km\u0117 mums nusi&scaron;ypsos.<\/p>\n<p><strong>Day 12 <\/strong><\/p>\n<p>\u2022 Pusry\u010diai vie&scaron;butyje (perkant ekskursij\u0173 paket\u0105 pusry\u010diai \u012fskai\u010diuoti).<br \/> \u2022 Laisvas diena.<br \/> \u2022 Nakvyn\u0117 vie&scaron;butyje. <\/p>\n<p><strong>Day 13 <\/strong><\/p>\n<p>\u2022 Pusry\u010diai vie&scaron;butyje (perkant ekskursij\u0173 paket\u0105 pusry\u010diai \u012fskai\u010diuoti).<br \/> \u2022 I&scaron;siregistravimas i&scaron; vie&scaron;bu\u010dio.<br \/> - Transfer to the airport.<br \/> - Check-in.<br \/> \u2022 Skrydis: Kota Kinabalu \u2013 Singap\u016bras (privalomas mokestis u\u017e vidinius skryd\u017eius Kvala Lump\u016bras \u2013 Labuan sala \/ Kota Kinabalu \u2013 Singap\u016bras \u2013 nuo 100 \u20ac\/asm.).<br \/> - Arrive in Singapore.<br \/> \u2022 Vykstame \u012f vie&scaron;but\u012f.<br \/> \u2022 \u012esik\u016brimas vie&scaron;butyje.<br \/> - Recreation.<br \/> \u2022 Nakvyn\u0117 vie&scaron;butyje. <\/p>\n<p><strong>Day 14 <\/strong><\/p>\n<p>\u2022 Pusry\u010diai vie&scaron;butyje (perkant ekskursij\u0173 paket\u0105 pusry\u010diai \u012fskai\u010diuoti).<br \/> - Free time.<br \/> \u2022 Pageidaujantiems si\u016blome vakarin\u0119 ekskursij\u0105 po Singap\u016br\u0105 (papildomas mokestis &#8211; 45 \u20ac\/asm.).<br \/> - Transfer to the airport.<br \/> - Check-in.<br \/> \u2022 Skrydis: Singap\u016bras \u2013 Stambulas (~23:25-06:05*). <\/p>\n<p><strong>Day 15 <\/strong><\/p>\n<p>\u2022 Atvykimas \u012f Stambul\u0105.<br \/> \u2022 Skrydis: Stambulas \u2013 Ryga (~08:30-10:45).<br \/> - Arrival in Riga. <\/p>","protected":false},"excerpt":{"rendered":"<p>D\u0116MESIO! REIKALAVIMAI VYKSTANT \u012e KELION\u0118: Visi atvykstantys \u012f Singap\u016br\u0105, privalo ne anks\u010diau nei prie&scaron; 3 dienas iki atvykimo savaranki&scaron;kai u\u017epildy&#8230;<\/p>","protected":false},"featured_media":11896,"comment_status":"open","ping_status":"closed","template":"","meta":{"om_disable_all_campaigns":false,"_monsterinsights_skip_tracking":false,"_monsterinsights_sitenote_active":false,"_monsterinsights_sitenote_note":"","_monsterinsights_sitenote_category":0},"product_brand":[],"product_cat":[669],"product_tag":[],"class_list":{"0":"post-12661","1":"product","2":"type-product","3":"status-publish","4":"has-post-thumbnail","6":"product_cat-keliones","8":"first","9":"instock","10":"virtual","11":"taxable","12":"purchasable","13":"product-type-simple"},"aioseo_notices":[],"_links":{"self":[{"href":"https:\/\/www.atravel.lt\/en\/wp-json\/wp\/v2\/product\/12661","targetHints":{"allow":["GET"]}}],"collection":[{"href":"https:\/\/www.atravel.lt\/en\/wp-json\/wp\/v2\/product"}],"about":[{"href":"https:\/\/www.atravel.lt\/en\/wp-json\/wp\/v2\/types\/product"}],"replies":[{"embeddable":true,"href":"https:\/\/www.atravel.lt\/en\/wp-json\/wp\/v2\/comments?post=12661"}],"wp:featuredmedia":[{"embeddable":true,"href":"https:\/\/www.atravel.lt\/en\/wp-json\/wp\/v2\/media\/11896"}],"wp:attachment":[{"href":"https:\/\/www.atravel.lt\/en\/wp-json\/wp\/v2\/media?parent=12661"}],"wp:term":[{"taxonomy":"product_brand","embeddable":true,"href":"https:\/\/www.atravel.lt\/en\/wp-json\/wp\/v2\/product_brand?post=12661"},{"taxonomy":"product_cat","embeddable":true,"href":"https:\/\/www.atravel.lt\/en\/wp-json\/wp\/v2\/product_cat?post=12661"},{"taxonomy":"product_tag","embeddable":true,"href":"https:\/\/www.atravel.lt\/en\/wp-json\/wp\/v2\/product_tag?post=12661"}],"curies":[{"name":"wp","href":"https:\/\/api.w.org\/{rel}","templated":true}]}}