{"id":12660,"date":"2026-03-21T15:44:49","date_gmt":"2026-03-21T13:44:49","guid":{"rendered":"https:\/\/www.atravel.lt\/produktas\/kelione-i-rumunija-bulgarija-su-poilsiu-prie-juros-auksiniu-kopu-kurorte-skrydis-is-rygos-su-airbaltic\/"},"modified":"2026-03-21T15:44:49","modified_gmt":"2026-03-21T13:44:49","slug":"kelione-i-rumunija-bulgarija-su-poilsiu-prie-juros-auksiniu-kopu-kurorte-skrydis-is-rygos-su-airbaltic","status":"publish","type":"product","link":"https:\/\/www.atravel.lt\/en\/product\/kelione-i-rumunija-bulgarija-su-poilsiu-prie-juros-auksiniu-kopu-kurorte-skrydis-is-rygos-su-airbaltic\/","title":{"rendered":"KELION\u0116 \u012e RUMUNIJA &#8211; BULGARIJA su poilsiu prie j\u016bros Auksini\u0173 kop\u0173 kurorte (skrydis i\u0161 Rygos su AirBaltic)"},"content":{"rendered":"<p><strong>1 day <\/strong><\/p>\n<p>- Arrival at Riga Airport.<br \/> - Check-in.<br \/> \u2022 Skrydis: Ryga &#8211; Bukare&scaron;tas.<br \/> \u2022 Atvykimas \u012f Bukare&scaron;t\u0105.<br \/> \u2022 Ekskursija po Bukare&scaron;t\u0105.<br \/> - Free time.<br \/> \u2022 Vykstame \u012f vie&scaron;but\u012f.<br \/> \u2022 \u012esik\u016brimas vie&scaron;butyje.<br \/> - Recreation.<br \/> \u2022 Nakvyn\u0117 vie&scaron;butyje.<\/p>\n<p>Susipa\u017einsime su Rumunijos sostine \u2013 Bukare&scaron;tu! Ekskursijos autobusu metu pamatysite \u012fdomiausias ir ikoni&scaron;kiausias vietas: pagrindin\u0119 senamies\u010dio gatv\u0119 \u2013 Viktorijos bulvar\u0105, Triumfo ark\u0105, Revoliucijos aik&scaron;t\u0119, Karali&scaron;kuosius ir Prezidento r\u016bmus, senovines ba\u017eny\u010dias, At\u0117n\u012f, Universiteto bibliotek\u0105, Istorijos muziej\u0173 ir daug daugiau. Taip pat sustosime pasivaik&scaron;\u010dioti bulvaru ir pasim\u0117gauti vandens \u017eaismu fontanuose. Po trumpos pertrauk\u0117l\u0117s fotosesijai vyksime \u012f miesto perl\u0105 \u2013 Curtea Veche kunigaik&scaron;\u010di\u0173 r\u016bmus, \u012fkurtus Vlado Tepeso, geriau \u017einomo kaip Vladas Drakula. Ap\u017ei\u016br\u0117sime ba\u017eny\u010di\u0105 &Scaron;v. Antonio, kur buvo kar\u016bnuoti visi Rumunijos valdovai, taip pat sustosime ap\u017ei\u016br\u0117ti legendinio Hanul Lui Manun \u2013 seniausio &scaron;alyje veikian\u010dio vie&scaron;bu\u010dio ir restorano, pasivaik&scaron;\u010diosime Romos aik&scaron;te ir aplankysime Stavropoleos vienuolyn\u0105.<\/p>\n<p><strong>Day 2 <\/strong><\/p>\n<p>\u2022 Pusry\u010diai vie&scaron;butyje (perkant ekskursij\u0173 paket\u0105 pusry\u010diai \u012fskai\u010diuoti).<br \/> \u2022 I&scaron;siregistravimas i&scaron; vie&scaron;bu\u010dio.<br \/> \u2022 Ekskursija po Rus\u0119.<br \/> \u2022 Vykstame prie j\u016bros, \u012f Auksini\u0173 kop\u0173 kurort\u0105.<br \/> \u2022 \u012esik\u016brimas vie&scaron;butyje.<br \/> - Relax by the sea.<br \/> \u2022 Nakvyn\u0117 vie&scaron;butyje.<\/p>\n<p>Centrin\u0117s Rus\u0117s miesto dalies architekt\u016bra \u2013 talenting\u0173 baroko, rokoko, neoklasicizmo, XIX am\u017eiaus pabaigos ir XX am\u017eiaus prad\u017eios secesijos Europos mokykl\u0173 autori\u0173 darbas. Rus\u0117 \u2013 miestas, turintis 23 am\u017ei\u0173 istorij\u0105 \u2013 trakie\u010di\u0173 gyvenviet\u0117, rom\u0117n\u0173 laikais \u2013 senovin\u0117 tvirtov\u0117 Sexaginta Prista \u201e60 laiv\u0173 prieplauka\u201c, dabar \u2013 muziejus. 2009 metais &scaron;is miestas gavo apdovanojim\u0105 \u201eGra\u017eiausias Bulgarijos miestas&#8221;.<\/p>\n<p> Eisime per p\u0117s\u010di\u0173j\u0173 miesto centr\u0105 \u2013 m\u016bs\u0173 mar&scaron;rutas drieksis nuo Istorijos muziejaus iki Operos teatro. Aplankysime centrin\u0119 miesto aik&scaron;t\u0119 \u2013 12 gatvi\u0173 sankirtoje pamatysime Laisv\u0117s paminkl\u0105, mokslo ir gamtos istorijos muziej\u0173, vien\u0105 ikoni&scaron;kiausi\u0173 miesto simboli\u0173 \u201eDohodno Zdanie\u201c, pirm\u0105j\u012f privat\u0173 Bulgarijos bank\u0105, Teismo kolegij\u0105. Aplankysime &Scaron;ven\u010diausiosios Trejyb\u0117s katedr\u0105, tai ne tik veikianti XVII a. &scaron;ventykla, bet ir valstybin\u0117s reik&scaron;m\u0117s kult\u016bros paminklas.<\/p>\n<p><strong>Day 3 <\/strong><\/p>\n<p>\u2022 Pusry\u010diai vie&scaron;butyje (perkant ekskursij\u0173 paket\u0105 pusry\u010diai \u012fskai\u010diuoti).<br \/> - Relax by the sea.<br \/> \u2022 Antroje dienos pus\u0117je vykstame \u012f Varn\u0105.<br \/> \u2022 Ap\u017evalgin\u0117 ekskursija po Varnos centr\u0105.<br \/> - Free time.<br \/> \u2022 Sugr\u012f\u017etame \u012f vie&scaron;but\u012f<br \/> \u2022 Nakvyn\u0117 vie&scaron;butyje.<\/p>\n<p>Varna &#8211; vienas gra\u017eiausi\u0173 ir svetingiausi\u0173 Bulgarijos miest\u0173, did\u017eiausias Bulgarijos Juodosios j\u016bros pakrant\u0117je, tod\u0117l vadinamas \u201eBulgarijos j\u016bros sostine\u201c, gars\u0117ja patogiu klimatu, idealiai tinkan\u010diu \u017emon\u0117ms, kurie netoleruoja kar&scaron;\u010dio. 26 &scaron;imtme\u010di\u0173 miesto istorija nuo Trakijos gyvenviet\u0117s ir graik\u0173 prekybos uostamies\u010dio Odeso, Romos-Bizantijos tvirtov\u0117s, Bulgarijos Karalyst\u0117s prekybos uosto, Osman\u0173 karin\u0117s tvirtov\u0117s iki i&scaron;laisvintos Varnos nuo XIX a. pabaigos. &Scaron;i\u0173 epoch\u0173 p\u0117dsakai paliko p\u0117dsakus &scaron;iuolaikinio miesto \u012fvaizdyje, siaurose istorini\u0173 kvartal\u0173 gatvel\u0117se, &scaron;ventyklose, teatruose, aik&scaron;t\u0117se ir paminkluose, p\u0117s\u010di\u0173j\u0173 centre.<\/p>\n<p>Toliau t\u0119sime pasivaik&scaron;\u010diojim\u0105 po centrin\u0119 istorin\u0119 miesto dal\u012f. Pamatysime Archeologijos muziej\u0173, kur\u012f gal\u0117site aplankyti (\u012f\u0117jimo bilietas apmokamas papildomai ~ 5 \u20ac\/asm.), Mergel\u0117s Marijos \u0116mimo \u012f dang\u0173 katedr\u0105, aplankysime Nepriklausomyb\u0117s aik&scaron;t\u0119, pasivaik&scaron;\u010diosime prie &Scaron;v. Nikolajaus J\u016br\u0173 &scaron;ventyklos, o palei Preslav gatv\u0119 \u2013 pagrindine parduotuvi\u0173 gatve nuo graik\u0173 ir rom\u0117n\u0173 Odesoso laik\u0173. Taip pat ekskursijos metu pamatysime Katalik\u0173 ba\u017eny\u010di\u0105 ir Bulgarijos karinio j\u016br\u0173 laivyno b\u016bstin\u0119, I-II a. rom\u0117n\u0173 pirtis ir seniausi\u0105 veikian\u010di\u0105 Mergel\u0117s Marijos ba\u017eny\u010di\u0105 nuo XVII a.<\/p>\n<p><strong>Day 4 <\/strong><\/p>\n<p>\u2022 Pusry\u010diai vie&scaron;butyje (perkant ekskursij\u0173 paket\u0105 pusry\u010diai \u012fskai\u010diuoti).<br \/> - Relax by the sea.<br \/> \u2022 Antroje dienos pus\u0117je ekskursin\u0117 i&scaron;vyka \u012f Bal\u010dik\u0105 (papildomai apmokami \u012f\u0117jimo bilietai \u012f Botanikos sod\u0105 ir r\u016bmus ~15 \u20ac).<br \/> - Free time.<br \/> \u2022 Sugr\u012f\u017etame \u012f vie&scaron;but\u012f<br \/> \u2022 Nakvyn\u0117 vie&scaron;butyje.<\/p>\n<p>Bal\u010dikas \u2013 miestas, \u012fkurtas VI am\u017eiuje prie&scaron; Krist\u0173 kaip uostamiestis, vadinamas Kruniu, v\u0117liau jis buvo pavadintas Dionisopoliu. Bal\u010dikas \u2013 miestas, savo gro\u017eiu paker\u0117j\u0119s daugyb\u0119 Romos poet\u0173 ir imperatori\u0173. Vyksime \u012f miesto Juodosios j\u016bros pakrant\u0119 aplankyti miesto perlo \u2013 Rumunijos karalien\u0117s Marijos r\u016bm\u0173, paskutinio romanti&scaron;kiausio dvide&scaron;imto am\u017eiaus valdovo prieglobs\u010dio.<\/p>\n<p>R\u016bm\u0173 architekt\u016brinis ir parko kompleksas yra vaizdingame kampelyje tarp kaln\u0173 ir j\u016bros. Gra\u017ei, unikali vieta, apipinta daugybe legend\u0173. J\u016bs\u0173 akis d\u017eiugins \u012fvairi architekt\u016bra, terasos, krioklys, botanikos sodas, ro\u017eynas su keliais t\u016bkstan\u010diais ro\u017ei\u0173, \u012fdomi kaktus\u0173 kolekcija \u2013 beje, antra pagal dyd\u012f po Monako. \u010cia taip pat yra restoranas \u201eKorona\u201c (liet. kar\u016bna), kuriame vai&scaron;indavo Jos Didenyb\u0117s sve\u010dius su nuostabiu panoraminiu vaizdu ir i&scaron;skirtiniu meniu. Pamatysime i&scaron;skirtin\u0119 ir tuo pa\u010diu kukli\u0105 vil\u0105 \u2013 karalien\u0117s r\u016bmus, karali&scaron;k\u0105j\u0105 vynin\u0119, vaizding\u0105 papl\u016bdim\u012f, Nymphaeum ir daug daugiau. Komplekse galima nemokamai degustuoti vynus i&scaron; vietini\u0173 &scaron;iaur\u0117s ryt\u0173 regiono vynuogyn\u0173, kuriuos galima \u012fsigyti.<\/p>\n<p><strong>Day 5 <\/strong><\/p>\n<p>\u2022 Pusry\u010diai vie&scaron;butyje (perkant ekskursij\u0173 paket\u0105 pusry\u010diai \u012fskai\u010diuoti).<br \/> - Free day.<br \/> - Relax by the sea.<br \/> \u2022 Pageidaujantiems antroje dienos pus\u0117je si\u016blome ekskursin\u0119 i&scaron;vyk\u0105 \u012f Madaros nacionalin\u012f istorin\u012f ir archeologin\u012f draustin\u012f (papildomas mokestis \u2013 25 \u20ac\/asm. + \u012f\u0117jimo bilietai ~7 \u20ac\/asm.).<br \/> - Free time.<br \/> \u2022 Sugr\u012f\u017etame \u012f vie&scaron;but\u012f.<br \/> \u2022 Nakvyn\u0117 vie&scaron;butyje.<\/p>\n<p>Vyksime \u012f vaizding\u0105 Madaros plynauk&scaron;t\u0119 (70 km nuo Varnos), &scaron;vent\u0105 viet\u0105, kurioje susijungia nepakartojami gamtos peiza\u017eai ir t\u016bkstantme\u010di\u0173 senumo istoriniai paminklai. \u010cia gal\u0117site pamatyti rom\u0117n\u0173 tvirtov\u0117s griuv\u0117sius, pagoni\u0173 &scaron;ventykl\u0105, Nimfos grot\u0105 ir urvus, \u017einomus visam senov\u0117s pasauliui. Saugomos teritorijos centras \u2013 uoloje esantis rai\u017einys \u201eMadara Horseman\u201c \u2013 unikalus raitelio bareljefas, kurio matmenys 3 x 3 metr\u0173, i&scaron;kaltas ant uolos 25 metr\u0173 auk&scaron;tyje vir&scaron; \u017eem\u0117s. Madaros u\u017era&scaron;ai Datyrano graik\u0173 kalba VII\u2013VIII a. Yra keletas mokslini\u0173 versij\u0173 apie paminklo kilm\u0119. \u201eMadara Horseman\u201c d\u0117l savo unikalumo ir istorin\u0117s reik&scaron;m\u0117s buvo \u012ftrauktas \u012f UNESCO pasaulio paveldo s\u0105ra&scaron;\u0105 1979 m. M\u0117gausim\u0117s nuostabia panorama ir pasiliksim nuostabias nuotraukas kaip suvenyr\u0105.<\/p>\n<p>Laisvas laikas pietums.<\/p>\n<p>\u201eAkmen\u0173 mi&scaron;kas\u201c arba \u201e\u012evaryti akmenys\u201c 18 km nuo Varnos &#8211; unikalus gamtos rei&scaron;kinys, turintis tik vien\u0105 vienintel\u012f analog\u0105 pasaulyje &#8211; Australijoje, tai miniati\u016brin\u0117 sm\u0117lio dykuma, visi&scaron;kai nus\u0117ta akmenin\u0117mis kolonomis, siekian\u010diomis 12 m auk&scaron;t\u012f. Ta\u010diau pavir&scaron;iuje matomi kolon\u0173 elementai yra ma\u017eesn\u0117 j\u0173 dalis, t.y. akmenys \u012fsmeigti \u012f \u017eem\u0119 iki 100 m gylio! Daugelis akmen\u0173 turi keist\u0173 form\u0173, daugelis turi vardus \u2013 garbei \u012f k\u0105 jie labiausiai pana&scaron;\u016bs: kupranugaris, &scaron;uo, vieni&scaron;as \u017emogus, ma\u017eas sostas, grybas, kareivis, vaisingumo akmuo, &scaron;eima, didelis sostas ir kt.<\/p>\n<p><strong>Day 6 <\/strong><\/p>\n<p>\u2022 Pusry\u010diai vie&scaron;butyje (perkant ekskursij\u0173 paket\u0105 pusry\u010diai \u012fskai\u010diuoti).<br \/> - Free day.<br \/> - Relax by the sea.<br \/> \u2022 Pageidaujantiems si\u016blome visos dienos ekskursin\u0119 i&scaron;vyk\u0105 \u012f Nesebar\u0105 ir Pomorie (papildomas mokestis \u2013 35 \u20ac\/asm. + \u012f\u0117jimo bilietai ~6 \u20ac\/asm.).<br \/> \u2022 Vakare sugr\u012f\u017etame \u012f vie&scaron;but\u012f.<br \/> \u2022 Nakvyn\u0117 vie&scaron;butyje.<\/p>\n<p>Pasivaik&scaron;\u010diosite po sen\u0105 istorin\u012f Nesebaro miest\u0105-muziej\u0173. Nesebaras yra Bulgarijos perlas, esantis uol\u0117tame pusiasalyje, \u012f &scaron;iaur\u0119 nuo Burgaso. B\u016btent Nesebaras laikomas viena seniausi\u0173 Juodosios j\u016bros pakrant\u0117s gyvenvie\u010di\u0173 \u2013 aktyvi prekyba \u010dia buvo vykdoma jau II am\u017eiuje prie&scaron; Krist\u0173. Nesebaras yra keturiasde&scaron;imties ba\u017eny\u010di\u0173 miestas. Visa miesto teritorija yra saugoma UNESCO d\u0117l senovini\u0173, gerai i&scaron;likusi\u0173 architekt\u016bros paminkl\u0173 gausos.<\/p>\n<p>Laisvas laikas pietums.<\/p>\n<p>Pomorie aplankysime unikal\u0173 kap\u0105 Trakijos kupolu po pilkapiu. Kapas datuojamas II\u2013IV m\u016bs\u0173 eros am\u017eiais. Manoma, kad jis tarnavo kaip turtingos Anchial &scaron;eimos mauzoliejus, kuriame buvo atliekami religiniai pagoni&scaron;ki ritualai. Jis buvo pastatytas rom\u0117n\u0173 laikais. Taip pat vienintelis veikiantis vyr\u0173 &Scaron;v. Jurgio vienuolynas pakrant\u0117je, nuostabus Renesanso architekt\u016bros paminklas. II-III am\u017ei\u0173 marmurinis reljefas, vaizduojantis Trakijos raitel\u012f, liudija, kad &scaron;ioje vietoje yra trakie\u010di\u0173 &scaron;ventov\u0117. VII am\u017eiuje, Bizantijos laikais, \u010dia buvo pastatytas krik&scaron;\u010dioni\u0173 vienuolynas.<\/p>\n<p>Aplankysime Druskos muziej\u0173 \u2013 vienintel\u012f specializuot\u0105 muziej\u0173 Bulgarijoje ir Balkan\u0173 pusiasalyje, kurio specializacija \u2013 druskos gamyba garinant j\u016bros vanden\u012f saul\u0117je. Aktyvios druskos keptuv\u0117s buvo i&scaron;saugotos pagal senovin\u0119 Anchial technologij\u0105. Su\u017einosime apie gydom\u0105sias Pomor\u0117s e\u017eer\u0173 dumblo savybes ir \u012fsigysime \u012fvairi\u0173 produkt\u0173 su vietin\u0117s gamtos dovanomis (druska-purvu).<\/p>\n<p><strong>Day 7 <\/strong><\/p>\n<p>\u2022 Pusry\u010diai vie&scaron;butyje (perkant ekskursij\u0173 paket\u0105 pusry\u010diai \u012fskai\u010diuoti).<br \/> - Free day by the sea.<br \/> \u2022 Nakvyn\u0117 vie&scaron;butyje.<\/p>\n<p><strong>Day 8 <\/strong><\/p>\n<p>\u2022 Pusry\u010diai vie&scaron;butyje (perkant ekskursij\u0173 paket\u0105 pusry\u010diai \u012fskai\u010diuoti).<br \/> \u2022 I&scaron;siregistravimas i&scaron; vie&scaron;bu\u010dio.<br \/> \u2022 Vykstame \u012f Bukare&scaron;t\u0105.<br \/> - Check-in.<br \/> \u2022 Skrydis: Bukare&scaron;tas \u2013 Ryga.<br \/> \u2022 Atvykimas \u012f Ryg\u0105.<\/p>","protected":false},"excerpt":{"rendered":"<p>1 diena \u2022 Atvykimas \u012f Rygos oro uost\u0105. \u2022 Registracija \u012f skryd\u012f. \u2022 Skrydis: Ryga &#8211; Bukare&scaron;tas. \u2022 Atvykimas \u012f Bukare&scaron;t\u0105. \u2022 Ekskursija po Bukare&#038;scar&#8230;<\/p>","protected":false},"featured_media":11895,"comment_status":"open","ping_status":"closed","template":"","meta":{"om_disable_all_campaigns":false,"_monsterinsights_skip_tracking":false,"_monsterinsights_sitenote_active":false,"_monsterinsights_sitenote_note":"","_monsterinsights_sitenote_category":0},"product_brand":[],"product_cat":[669],"product_tag":[],"class_list":{"0":"post-12660","1":"product","2":"type-product","3":"status-publish","4":"has-post-thumbnail","6":"product_cat-keliones","8":"first","9":"instock","10":"virtual","11":"taxable","12":"purchasable","13":"product-type-simple"},"aioseo_notices":[],"_links":{"self":[{"href":"https:\/\/www.atravel.lt\/en\/wp-json\/wp\/v2\/product\/12660","targetHints":{"allow":["GET"]}}],"collection":[{"href":"https:\/\/www.atravel.lt\/en\/wp-json\/wp\/v2\/product"}],"about":[{"href":"https:\/\/www.atravel.lt\/en\/wp-json\/wp\/v2\/types\/product"}],"replies":[{"embeddable":true,"href":"https:\/\/www.atravel.lt\/en\/wp-json\/wp\/v2\/comments?post=12660"}],"wp:featuredmedia":[{"embeddable":true,"href":"https:\/\/www.atravel.lt\/en\/wp-json\/wp\/v2\/media\/11895"}],"wp:attachment":[{"href":"https:\/\/www.atravel.lt\/en\/wp-json\/wp\/v2\/media?parent=12660"}],"wp:term":[{"taxonomy":"product_brand","embeddable":true,"href":"https:\/\/www.atravel.lt\/en\/wp-json\/wp\/v2\/product_brand?post=12660"},{"taxonomy":"product_cat","embeddable":true,"href":"https:\/\/www.atravel.lt\/en\/wp-json\/wp\/v2\/product_cat?post=12660"},{"taxonomy":"product_tag","embeddable":true,"href":"https:\/\/www.atravel.lt\/en\/wp-json\/wp\/v2\/product_tag?post=12660"}],"curies":[{"name":"wp","href":"https:\/\/api.w.org\/{rel}","templated":true}]}}