{"id":12659,"date":"2026-03-21T15:44:49","date_gmt":"2026-03-21T13:44:49","guid":{"rendered":"https:\/\/www.atravel.lt\/produktas\/unikalus-lietuvos-kampelis-dzukija-2-d-merkine-gruto-parkas-druskininkai\/"},"modified":"2026-03-21T15:44:49","modified_gmt":"2026-03-21T13:44:49","slug":"unikalus-lietuvos-kampelis-dzukija-2-d-merkine-gruto-parkas-druskininkai","status":"publish","type":"product","link":"https:\/\/www.atravel.lt\/en\/product\/unikalus-lietuvos-kampelis-dzukija-2-d-merkine-gruto-parkas-druskininkai\/","title":{"rendered":"Unikalus Lietuvos kampelis &#8211; DZ\u016aKIJA 2 d. (Merkin\u0117, Gr\u016bto parkas, Druskininkai)"},"content":{"rendered":"<p><strong>1 day<\/strong><\/p>\n<p>\u2022 I&scaron;vykstame i&scaron; j\u016bs\u0173 pasirinkto miesto.<br \/> \u2022 ~9:40-50 atvykstame \u012f Zervyn\u0173 etnografin\u012f kaim\u0105. <br \/> \u2022 Ekskursija + drevin\u0117 bitininkyst\u0117. (apie 1,5 val.) <br \/> \u2022 ~12:30 Gr\u016bto parko lankymas. <br \/> \u2022 Laisvas laikas pietums.<br \/> \u2022 Keltuvas ,,Lyn\u0173 kelias\u201c (MANOME, KAD TIKRAI NESP\u0116SITE \u012eVYKDYTI VIS\u0172 PROGRAM\u0172)<br \/> \u2022 Registracija \u012f vie&scaron;butyje. <\/p>\n<p>Zervyn\u0173 kaimas \u2013 tikras dz\u016bki&scaron;k\u0173 etnografini\u0173 kaim\u0173 brangakmenis, nors ir spar\u010diai nykstantis, nepaliks abejing\u0173: sodybos tebestovi tose pat vietose taip kaip ir prie&scaron; du su puse &scaron;imto met\u0173, o j\u0173 puo&scaron;yba atskleis Dz\u016bkijos \u017emoni\u0173 sielos subtilum\u0105. Senieji kaimo gyventojai vis dar gali jums papasakoti apie neb\u016btin grimztan\u010dio pasaulio tradicijas. Ar \u017einojote, kad 7 Zervyn\u0173 kry\u017eiai apri&scaron;ti prijuost\u0117mis? Kod\u0117l? Ogi jos simbolizuoja moter\u0173 nor\u0105 nesusilaukti nesantuokinio vaiko.<\/p>\n<p>Gr\u016bto parkas. Skulpt\u016br\u0173 ekspozicija, apsilankymas muziejuje pad\u0117s geriau suvokti penkis de&scaron;imtme\u010dius Lietuv\u0105 sl\u0117gusi\u0105 ideologij\u0105, naudotas propagandos priemones ir vyravusi\u0105 politik\u0105.<\/p>\n<p>Druskininkai &#8211; did\u017eiausias ir gra\u017eiausias Lietuvos kurortu, savo mineraliniais vandenimis gars\u0117jus\u012f jau XVII am\u017eiuje, o &scaron;iandien turint\u012f net 12 mineralinio vandens &scaron;altini\u0173. Skiriama valanda laisvo laiko, o pageidaujantys i&scaron;bandys lyn\u0173 keli\u0105. Tai vienintel\u0117 tokia pramoga Lietuvoje. Kelion\u0117s metu pro skaidrius keltuvo langus, tarsi i&scaron; ap\u017evalgos rato, i&scaron;vysime: \u012fsp\u016bdingus Druskinink\u0173 kurorto mi&scaron;kus, Nemuno up\u0117s vingius ir nuostabi\u0105 miesto panoram\u0105.<\/p>\n<p><strong>Day 2<\/strong><\/p>\n<p>\u2022 Pusry\u010diai vie&scaron;butyje.<br \/> \u2022 I&scaron;siregistravimas i&scaron; vie&scaron;bu\u010dio.<br \/> \u2022 ~ 12:00 edukacija &Scaron;ako\u010dio kepimas.<br \/> \u2022 Ekskursin\u0117 i&scaron;vyka \u012f Karolio Dineikos sveikatingumo park\u0105.<br \/> \u2022 Li&scaron;kiavos &Scaron;v. Trejyb\u0117s ba\u017eny\u010dia ir vienuolyno ansamblis lankymas. <br \/> \u2022 Ekskursin\u0117 i&scaron;vyka \u012f Merkin\u0117s piliakaln\u012f.<br \/> \u2022 Vykstame link nam\u0173.<\/p>\n<p>Sveikatingumo parkas. Karolio Dineikos parkas, kurio plotas apie 15 hektar\u0173, yra istorinio \u201eSaul\u0117s tako\u201c, Druskinink\u0173 urbanistin\u0117s strukt\u016bros bei kra&scaron;tovaizd\u017eio dalis. Parkas t\u0119sia gydymo oru, vandeniu bei saule tradicijas bei kvie\u010dia i&scaron;bandyti unikali\u0105sias sen\u0105sias proced\u016bras: pasivaik&scaron;\u010diojim\u0105 dozuotais vaik&scaron;\u010diojimo takais, maudym\u0105si kaskadin\u0117se maudykl\u0117se ir pirtyje, m\u0117gavim\u0105si jonoterapija, saule ir ramybe terasose, p\u0117d\u0173 masa\u017eu akupres\u016bros baseine. Parkas yra pritaikytas vis\u0173 am\u017eiaus grupi\u0173 ir \u012fvairi\u0173 poreiki\u0173 asmenims. Jame galima ne tik u\u017esiimti proced\u016bromis bet ir pasivaik&scaron;\u010dioti gryname ore.<\/p>\n<p>Li&scaron;kiava ra&scaron;ytiniuose &scaron;altiniuose prad\u0117ta min\u0117ti nuo 1044 met\u0173. \u017dmon\u0117s dabartin\u0117s Li&scaron;kiavos apylink\u0117se gyveno jau antrame t\u016bkstantmetyje prie&scaron; Krist\u0173. Pirmoji nedidel\u0117 medin\u0117 parapijos ba\u017eny\u010dia Li&scaron;kiavoje pastatyta 1450 m. Pabr\u0117\u017etina, kad dominikonams Li&scaron;kiavos parapija niekada nepriklaus\u0117. Vis\u0105 laik\u0105 parapija tur\u0117jo savo ba\u017eny\u010di\u0105 ir klebon\u0105. Li&scaron;kiava garsi savo architekt\u016bros paminklais: XIV \u2013 XV a. pilis, jo bok&scaron;to liekanos; XVII a. pabaigos sakralinis ansamblis (ba\u017eny\u010dia, buv\u0119s dominikon\u0173 vienuolynas, \u016bkinis pastatas); XVIII a. &scaron;ventoriaus tvora, laiptai \u012f &scaron;ventori\u0173; XIX a. varpin\u0117, paminklinis stulpas su &Scaron;v.Agotos skulpt\u016bra; daug dail\u0117s paminkl\u0173 i&scaron;likusi\u0173 ba\u017eny\u010dios viduje nuo XVII iki XX am\u017eiaus. Piliakalnyje buvusi medin\u0117 pilis VI a. pr. Kr.- IX a. po Kr. M\u016brin\u0117 pilis statyta XIV \u2013 XV am\u017ei\u0173 sand\u016broje ir jos statyba nutraukta po \u017dalgirio m\u016b&scaron;io (1410m.).<\/p>\n<p>Li&scaron;kiavoje yra 4 archeologijos paminklai: piliakalnis \u2013 alkakalnis, Ba\u017eny\u010dios kalnas, akmuo su jau\u010dio p\u0117da ir vadinamasis \u201eragan\u0173 akmuo\u201c.<\/p>\n<p>Merkin\u0117s piliakalnis bei nuo jo atsiverianti Nemuno ir Merkio santaka jau seniai tapo Dainavos kra&scaron;to simboliu. Ties Merkio ir Nemuno santaka, kairiajame Stang\u0117s upelio krante, nupjauto k\u016bgio formos kalvoje st\u016bkso piliakalnis. Kalv\u0105 i&scaron; trij\u0173 pusi\u0173 juosia Nemuno ir Stang\u0117s sl\u0117niai, o i&scaron; &scaron;iaur\u0117s j\u012f gilia dauba atskiria nuo gretim\u0173 auk&scaron;tum\u0173.Kalvos &scaron;laitai gana stat\u016bs, nuo Nemuno pus\u0117s iki 30 m auk&scaron;\u010dio. I&scaron;likusioje 5 x 7 m dyd\u017eio piliakalnio aik&scaron;tel\u0117s dalyje (didesn\u0117 jos dalis nuslinko \u012f Stang\u0117s sl\u0117n\u012f) pietiniame bei rytiniame kra&scaron;te yra iki 1,5 m auk&scaron;\u010dio nuo aik&scaron;tel\u0117s pavir&scaron;iaus pylimo liekan\u0173. Merkin\u0117s pilis grei\u010diausiai pastatyta XIII a. a. pus\u0117je. XIV a. \u2013 XV a. pr. tapo svarbiausiu panemun\u0117s kariniu \u2013 strateginiu centru kovose su Livonijos ordinu. Strateginis trikampis Vilnius \u2013 Kaunas \u2013 Merkin\u0117 tuo metu sudar\u0117 pagrindin\u0119 kra&scaron;to gynybos sistem\u0105. Nuo 1377 m. kry\u017eiuo\u010di\u0173 kronikos pil\u012f da\u017enai mini &#8222;Merkenpille&#8221; bei &#8222;Merkenpil&#8221; vardais<\/p>\n<hr \/>\n<p>\u012e kelion\u0117s kain\u0105 \u012fskai\u010diuota:<\/p>\n<hr \/>\n<p>\u2022 Kelion\u0117 autobusu.<br \/> \u2022 1 nakvyn\u0117 3* vie&scaron;butyje su pusry\u010diais.<br \/> \u2022 Kelion\u0117s vadovo-gido paslaugos.<br \/> \u2022 Kelion\u0117s dokument\u0173 sutvarkymas.<br \/> \u2022 Ekskursijos pagal kelion\u0117s program\u0105.<\/p>\n<hr \/>\n<p>\u012e kelion\u0117s kain\u0105 ne\u012fskai\u010diuota:<\/p>\n<hr \/>\n<p>\u2022 \u012e\u0117jimo bilietai \u012f mokamas lankytinas vietas (dvarus\/muziejus\/ba\u017eny\u010dias ir pan.).<br \/> \u2022 \u012e\u0117jimo bilietai \u012f Gr\u016bto park\u0105 ~ \u20ac\/asm.<br \/> \u2022 Lyn\u0173 kelias: ~ \u20ac\/asm. (\u012f vien\u0105 pus\u0119).<br \/> \u2022 Edukacija \u2013 &Scaron;ako\u010dio kepimas ~ \u20ac\/asm.<br \/> \u2022 Lydintis gidas muziejuose ir kituose mokamuose objektuose programos neveda.<br \/> \u2022 Lankom\u0173 objekt\u0173 tvarka ir kaina kelion\u0117s metu gali keistis.<\/p>\n<hr \/>\n<p>Pastabos:<\/p>\n<hr \/>\n<p>\u2022 *Kelion\u0117s i&scaron;vykimo, atvykimo ir kiti laikai gali keistis \u2013 patikslinta informacija atsiun\u010diama (2-3 dienas prie&scaron; kelion\u0119).<br \/> \u2022 Visos ekskursijos vedamos lietuvi\u0173 kalba. <br \/> \u2022 Objekt\u0173 lankymo tvarka, skai\u010dius ir \u012f\u0117jimo biliet\u0173 kaina gali keistis.<br \/> \u2022 Muziejuose, ba\u017eny\u010diose ir kituose mokamuose objektuose kelion\u0117s vadovas ekskursij\u0173 neveda.<br \/> \u2022 \u012e\u0117jimo bilietai \u012f mokamas lankytinas vietas (muziejus\/ba\u017eny\u010dias ir pan.) n\u0117ra \u012fskai\u010diuoti \u012f kelion\u0117s kain\u0105.<br \/> \u2022 Kelion\u0117s vadovas gali keisti programos eig\u0105.<br \/> \u2022 Nepamir&scaron;kite \u012f kelion\u0119 pasiimti paso\/asmens tapatyb\u0117s kortel\u0117s, galiojan\u010dio\/-s ne trumpiau nei 3\/6 m\u0117nesius po gr\u012f\u017eimo i&scaron; kelion\u0117s datos. <\/p>","protected":false},"excerpt":{"rendered":"<p>1 diena \u2022 I&scaron;vykstame i&scaron; j\u016bs\u0173 pasirinkto miesto. \u2022 ~9:40-50 atvykstame \u012f Zervyn\u0173 etnografin\u012f kaim\u0105. \u2022 Ekskursija + drevin\u0117 bitininkyst\u0117. (apie 1,5&#8230;<\/p>","protected":false},"featured_media":11894,"comment_status":"open","ping_status":"closed","template":"","meta":{"om_disable_all_campaigns":false,"_monsterinsights_skip_tracking":false,"_monsterinsights_sitenote_active":false,"_monsterinsights_sitenote_note":"","_monsterinsights_sitenote_category":0},"product_brand":[],"product_cat":[669],"product_tag":[],"class_list":{"0":"post-12659","1":"product","2":"type-product","3":"status-publish","4":"has-post-thumbnail","6":"product_cat-keliones","8":"first","9":"instock","10":"virtual","11":"taxable","12":"product-type-simple"},"aioseo_notices":[],"_links":{"self":[{"href":"https:\/\/www.atravel.lt\/en\/wp-json\/wp\/v2\/product\/12659","targetHints":{"allow":["GET"]}}],"collection":[{"href":"https:\/\/www.atravel.lt\/en\/wp-json\/wp\/v2\/product"}],"about":[{"href":"https:\/\/www.atravel.lt\/en\/wp-json\/wp\/v2\/types\/product"}],"replies":[{"embeddable":true,"href":"https:\/\/www.atravel.lt\/en\/wp-json\/wp\/v2\/comments?post=12659"}],"wp:featuredmedia":[{"embeddable":true,"href":"https:\/\/www.atravel.lt\/en\/wp-json\/wp\/v2\/media\/11894"}],"wp:attachment":[{"href":"https:\/\/www.atravel.lt\/en\/wp-json\/wp\/v2\/media?parent=12659"}],"wp:term":[{"taxonomy":"product_brand","embeddable":true,"href":"https:\/\/www.atravel.lt\/en\/wp-json\/wp\/v2\/product_brand?post=12659"},{"taxonomy":"product_cat","embeddable":true,"href":"https:\/\/www.atravel.lt\/en\/wp-json\/wp\/v2\/product_cat?post=12659"},{"taxonomy":"product_tag","embeddable":true,"href":"https:\/\/www.atravel.lt\/en\/wp-json\/wp\/v2\/product_tag?post=12659"}],"curies":[{"name":"wp","href":"https:\/\/api.w.org\/{rel}","templated":true}]}}