{"id":12657,"date":"2026-03-21T15:44:49","date_gmt":"2026-03-21T13:44:49","guid":{"rendered":"https:\/\/www.atravel.lt\/produktas\/tartu-talinas\/"},"modified":"2026-03-21T15:44:49","modified_gmt":"2026-03-21T13:44:49","slug":"tartu-talinas","status":"publish","type":"product","link":"https:\/\/www.atravel.lt\/en\/product\/tartu-talinas\/","title":{"rendered":"TARTU &#8211; TALINAS"},"content":{"rendered":"<p><strong>1 day<\/strong><\/p>\n<p>\u2022 I&scaron;vykstame i&scaron; j\u016bs\u0173 pasirinkto miesto.<br \/> \u2022 Kelion\u0117 per Lietuvos ir Latvijos teritorij\u0105.<br \/> \u2022 ~ 13:00 atvykstame \u012f Tartu.<br \/> \u2022 Ekskursija po Tartu<br \/> \u2022 ~15:00 Tartu AHHAA mokslo centras.<br \/> \u2022 Vykstame \u012f Talin\u0105.<br \/> \u2022 \u012esik\u016brimas 3* vie&scaron;butyje.<br \/> - Recreation.<br \/> \u2022 Nakvyn\u0117 vie&scaron;butyje. <\/p>\n<p>Tartu \u2013 senas universitetinis Estijos miestas dar V am\u017eiuje minimas kaip Tarbatu gyvenviet\u0117. Dabar tai &scaron;alies intelektual\u0173 ir kult\u016bros centras, jame yra seniausias Estijos universitetas. Ekskursijos metu aplankysime Rotu&scaron;\u0117s aik&scaron;t\u0119, pagrindin\u0119 miesto dal\u012f. Joje yra net trys Tartu simboliai \u2013 Rotu&scaron;\u0117s aik&scaron;t\u0117, Fontanas su skulpt\u016bra ir kreivasis namas. Paklaid\u017eiosime siauromis bei jaukiomis senamies\u010dio gatvel\u0117mis.<\/p>\n<p><strong>Day 2<\/strong><\/p>\n<p>\u2022 Pusry\u010diai vie&scaron;butyje.<br \/> \u2022 I&scaron;siregistravimas i&scaron; vie&scaron;bu\u010dio.<br \/> \u2022 Ekskursija Taline.<br \/> \u2022 ~12:00 J\u016br\u0173 muziejus Taline.<br \/> \u2022 Vykstame link Lietuvos.<br \/> \u2022 V\u0117lai vakare atvykstame \u012f Klaip\u0117d\u0105. <\/p>\n<p>Talino senamiestis yra \u012ftrauktas \u012f UNESCO pasaulio paveldo s\u0105ra&scaron;\u0105 1997 m. Mieste medini\u0173 pastat\u0173 nedaug, taigi nenuniokotas gaisr\u0173 senamiestis i&scaron;saugojo sen\u0105j\u0105 dvasi\u0105. I&scaron;lik\u0119 nema\u017eai viduram\u017eiais statyt\u0173 ba\u017eny\u010di\u0173, pirkli\u0173 rezidencij\u0173, akmenimis gr\u012fstos siauros gatvel\u0117s. Talinas da\u017enai vadinamas \u201eMuziejumi po atviru dangumi\u201c. Senasis Talinas apraizgytas, apipintas legendomis. Kiekvienas jo pastatas mena t\u016bkstan\u010dius nutikim\u0173, kiekviename grindinio akmenyje aidi &scaron;imtamet\u0117 istorija. &Scaron;ios ekskursijos metu nevargins J\u016bs\u0173 \u201esausais\u201c faktais \u2013 pasakojama taip, kaip pasakoja legendos.<\/p>\n<hr \/>\n<p>\u012e kelion\u0117s kain\u0105 \u012fskai\u010diuota:<\/p>\n<hr \/>\n<p>\u2022 Kelion\u0117 autobusu.<br \/> \u2022 1 nakvyn\u0117 su pusry\u010diais 3* vie&scaron;butyje.<br \/> \u2022 Kelion\u0117s vadovo-gido paslaugos.<br \/> \u2022 Kelion\u0117s dokument\u0173 sutvarkymas.<br \/> \u2022 Ekskursija Tartu.<br \/> \u2022 Ekskursija Taline.<\/p>\n<hr \/>\n<p>\u012e kelion\u0117s kain\u0105 ne\u012fskai\u010diuota:<\/p>\n<hr \/>\n<p>Pageidaujant:<\/p>\n<p>\u2022 Ausinukai visos kelion\u0117s metu \u2013 7\u20ac\/asm.<br \/> \u2022 \u012e\u0117jimo bilietas \u012f Tartu AHHAA mokslo centr\u0105 ~12\u20ac\/asm.<br \/> \u2022 \u012e\u0117jimo bilietas \u012f J\u016br\u0173 muziej\u0173 Taline ~8\u20ac\/asm.<br \/> \u2022 \u20ac20\/asm. priemoka u\u017e vienviet\u012f kambar\u012f.<\/p>\n<hr \/>\n<p>Pastabos:<\/p>\n<hr \/>\n<p>\u2022 *Kelion\u0117s i&scaron;vykimo, atvykimo ir kiti laikai gali keistis \u2013 patikslinta informacija atsiun\u010diama (2-3 dienas prie&scaron; kelion\u0119).<br \/> \u2022 Visos ekskursijos vedamos lietuvi\u0173 kalba.<br \/> \u2022 Objekt\u0173 lankymo tvarka, skai\u010dius ir \u012f\u0117jimo biliet\u0173 kaina gali keistis.<br \/> \u2022 Muziejuose, ba\u017eny\u010diose ir kituose mokamuose objektuose kelion\u0117s vadovas ekskursij\u0173 neveda.<br \/> \u2022 \u012e\u0117jimo bilietai \u012f mokamas lankytinas vietas (muziejus\/ba\u017eny\u010dias\/pilis ir pan.) n\u0117ra \u012fskai\u010diuoti \u012f kelion\u0117s kain\u0105.<br \/> \u2022 Kelion\u0117s vadovas gali keisti programos eig\u0105.<br \/> \u2022 Nepamir&scaron;kite \u012f kelion\u0119 pasiimti paso\/asmens tapatyb\u0117s kortel\u0117s, galiojan\u010dio\/-s ne trumpiau nei 3\/6 m\u0117nesius po gr\u012f\u017eimo i&scaron; kelion\u0117s datos.<\/p>","protected":false},"excerpt":{"rendered":"<p>1 diena \u2022 I&scaron;vykstame i&scaron; j\u016bs\u0173 pasirinkto miesto. \u2022 Kelion\u0117 per Lietuvos ir Latvijos teritorij\u0105. \u2022 ~ 13:00 atvykstame \u012f Tartu. \u2022 Ekskursija po Tartu&#8230;<\/p>","protected":false},"featured_media":11892,"comment_status":"open","ping_status":"closed","template":"","meta":{"om_disable_all_campaigns":false,"_monsterinsights_skip_tracking":false,"_monsterinsights_sitenote_active":false,"_monsterinsights_sitenote_note":"","_monsterinsights_sitenote_category":0},"product_brand":[],"product_cat":[669],"product_tag":[],"class_list":{"0":"post-12657","1":"product","2":"type-product","3":"status-publish","4":"has-post-thumbnail","6":"product_cat-keliones","8":"first","9":"instock","10":"virtual","11":"taxable","12":"product-type-simple"},"aioseo_notices":[],"_links":{"self":[{"href":"https:\/\/www.atravel.lt\/en\/wp-json\/wp\/v2\/product\/12657","targetHints":{"allow":["GET"]}}],"collection":[{"href":"https:\/\/www.atravel.lt\/en\/wp-json\/wp\/v2\/product"}],"about":[{"href":"https:\/\/www.atravel.lt\/en\/wp-json\/wp\/v2\/types\/product"}],"replies":[{"embeddable":true,"href":"https:\/\/www.atravel.lt\/en\/wp-json\/wp\/v2\/comments?post=12657"}],"wp:featuredmedia":[{"embeddable":true,"href":"https:\/\/www.atravel.lt\/en\/wp-json\/wp\/v2\/media\/11892"}],"wp:attachment":[{"href":"https:\/\/www.atravel.lt\/en\/wp-json\/wp\/v2\/media?parent=12657"}],"wp:term":[{"taxonomy":"product_brand","embeddable":true,"href":"https:\/\/www.atravel.lt\/en\/wp-json\/wp\/v2\/product_brand?post=12657"},{"taxonomy":"product_cat","embeddable":true,"href":"https:\/\/www.atravel.lt\/en\/wp-json\/wp\/v2\/product_cat?post=12657"},{"taxonomy":"product_tag","embeddable":true,"href":"https:\/\/www.atravel.lt\/en\/wp-json\/wp\/v2\/product_tag?post=12657"}],"curies":[{"name":"wp","href":"https:\/\/api.w.org\/{rel}","templated":true}]}}