{"id":12656,"date":"2026-03-21T15:44:48","date_gmt":"2026-03-21T13:44:48","guid":{"rendered":"https:\/\/www.atravel.lt\/produktas\/kelione-i-zakopane-aplankant-varsuva-ir-krokuva\/"},"modified":"2026-03-21T15:44:49","modified_gmt":"2026-03-21T13:44:49","slug":"kelione-i-zakopane-aplankant-varsuva-ir-krokuva","status":"publish","type":"product","link":"https:\/\/www.atravel.lt\/en\/product\/kelione-i-zakopane-aplankant-varsuva-ir-krokuva\/","title":{"rendered":"KELION\u0116 \u012e ZAKOPAN\u0118 APLANKANT VAR\u0160UV\u0104 IR KROKUV\u0104"},"content":{"rendered":"<p><strong>1 day<\/strong><\/p>\n<ul>\n<li>I&scaron;vykimas i&scaron; Lietuvos (i&scaron; j\u016bs\u0173 pasirinkto miesto).<\/li>\n<li>Kelion\u0117 autobusu per Lenkijos teritorij\u0105.<\/li>\n<li>Vykstame \u012f Var&scaron;uv\u0105.<\/li>\n<li>Ekskursija p\u0117s\u010diomis po Var&scaron;uvos senamiest\u012f.<\/li>\n<li>\u012esiregistravimas vie&scaron;butyje.<\/li>\n<li>Poilsis.<\/li>\n<li>Nakvyn\u0117 vie&scaron;butyje. <\/li>\n<\/ul>\n<p>Var&scaron;uva \u2014 tai Lenkijos sostin\u0117 ir did\u017eiausias miestas, \u012fsik\u016br\u0119s &scaron;alies centrin\u0117je dalyje, Mazovijoje, prie Vyslos up\u0117s (1,7 mln. gyventoj\u0173). Var&scaron;uva yra Lenkijos politinis, ekonominis ir kult\u016brinis centras. \u010cia \u012fsik\u016brusios pagrindin\u0117s vald\u017eios \u012fstaigos \u2014 Lenkijos parlamento, prezidento ir centrin\u0117s vald\u017eios \u012fstaig\u0173 buvein\u0117s. Pirmoji \u012ftvirtinta gyvenviet\u0117 Brodno dabartin\u0117s Var&scaron;uvos teritorijoje buvo \u012fkurta IX a. 1596 m. \u012f Var&scaron;uv\u0105 buvo perkelta \u017de\u010dpospolitos sostin\u0117 \u2014 miestas tapo oficialia Lenkijos ir Lietuvos valdovo rezidencija. II Pasaulinio karo metu Var&scaron;uva beveik visi&scaron;kai buvo sugriauta \u2014 liko tik apie 20 % pastat\u0173. Beveik visas dabartinis senamiestis atstatytas po karo.<\/p>\n<p> <strong>Day 2<\/strong><\/p>\n<ul>\n<li>Pusry\u010diai vie&scaron;butyje.<\/li>\n<li>I&scaron;siregistravimas i&scaron; vie&scaron;bu\u010dio.<\/li>\n<li>Po piet\u0173 va\u017eiuojame \u012f Krokuv\u0105.<\/li>\n<li>\u012esiregistravimas vie&scaron;butyje.<\/li>\n<li>Poilsis.<\/li>\n<li>Nakvyn\u0117 vie&scaron;butyje.<\/li>\n<\/ul>\n<p>Krokuva \u2013 tai antras pagal dyd\u012f Lenkijos miestas, \u012fsik\u016br\u0119s piet\u0173 Lenkijoje (766 t\u016bkst. gyventoj\u0173). Nuo 1038 m. iki 1596 m. Krokuva buvo Lenkijos sostin\u0117, kuri v\u0117liau buvo perkelta \u012f Var&scaron;uv\u0105. Krokuva \u2013 gra\u017eus ir turist\u0173 itin m\u0117gstamas miestas, alsuojantis istorija. Miestas da\u017enai vadinamas \u201eLenkijos deimantu\u201c bei \u201eKarali\u0173 ir ba\u017eny\u010di\u0173 miestu\u201c. Dabartin\u0117je Vavelio kalvoje \u017emon\u0117s gyveno jau akmens am\u017eiuje. Nuo prie&scaron;istorini\u0173 laik\u0173 Krokuvos apylink\u0117se buvo kasama druska. Dar prie&scaron; susikuriant Lenkijos valstybei, Krokuva buvo vakar\u0173 slav\u0173 vysl\u0117n\u0173 genties sostin\u0117. Pasak legendos, &scaron;ios genties kunigaik&scaron;tis Krakas gudrumu \u012fveik\u0117 Vavelio kalvoje gyvenus\u012f slibin\u0105, kur\u012f jau daugyb\u0117 riteri\u0173 nes\u0117kmingai band\u0117 nugal\u0117ti, ir \u010dia \u012fk\u016br\u0117 Krokuv\u0105. 966 m. Krokuva buvo pirm\u0105 kart\u0105 pamin\u0117ta ra&scaron;ytiniuose &scaron;altiniuose \u2013 \u017eyd\u0173 keliautojas Abrahamas ben Jakobas savo kelioni\u0173 apra&scaron;ymuose pamin\u0117jo Krokuv\u0105, kaip svarb\u0173 prekybin\u012f centr\u0105. 1257 m. Krokuvai buvo suteiktos Magdeburgo teis\u0117s, o 1386 m. \u010dia buvo pakrik&scaron;tytas Jogaila, mieste \u012fvyko ir jo vestuv\u0117s su karalaite Jadvyga.<\/p>\n<p> <strong>Day 3<\/strong><\/p>\n<ul>\n<li>Pusry\u010diai vie&scaron;butyje.<\/li>\n<li>Vykstame \u012f \u201eEnergylandia \u201e pramog\u0173 park\u0105.<\/li>\n<li>Ekskursija po Krokuvos senamiest\u012f.<\/li>\n<li>Poilsis.<\/li>\n<li>Nakvyn\u0117 vie&scaron;butyje.<\/li>\n<\/ul>\n<p>2014 m. atidarytame did\u017eiausiame Lenkijoje atrakcion\u0173 parke \u012frengtos trys pagrindin\u0117s zonos: Bajkolandia (skirta patiems ma\u017eiausiems), &Scaron;eimos ir Ekstremalioji. Patys ma\u017eiausi parko lankytojai gal\u0117s &scaron;\u0117lti daugyb\u0117je karuseli\u0173, traukinuk\u0173 ir kit\u0173 atrakcion\u0173. &Scaron;eimos zonoje \u012fkurtame Viking\u0173 kaimelyje susipa\u017einsite su viking\u0173 gyvenimu ir i&scaron;bandysite tikr\u0105 viking\u0173 laiv\u0105. Pa&scaron;\u0117lusia upe keliausite D\u017eiungli\u0173 nuotykio metu, l\u0117ksite Drakono ir Bumerango traukinukais, dalyvausite interaktyvioje monstr\u0173 atakoje. Atsip\u016bsti gal\u0117site &Scaron;veicarijos kaimelyje, kur susipa\u017einsite su &scaron;veicar\u0173 tradicijomis ir paragausite &scaron;veicari&scaron;k\u0173 patiekal\u0173. Ekstremaliojoje zonoje \u012frengti atrakcionai patiems dr\u0105siausiems \u2013 Mayan traukinuku pakilsite \u012f 33 metr\u0173 auk&scaron;t\u012f, Formul\u0117s 1 traukinuku l\u0117ksite 100 km\/h grei\u010diu, o Vandens traukinuku pakilsite \u012f 60 metr\u0173 auk&scaron;t\u012f IR l\u0117ksite 110 km\/h grei\u010diu. Parke rasite atrakcion\u0173, kuriuose kar&scaron;t\u0105 vasaros dien\u0105 atsigaivinsite apipilti vandeniu, o jei kam pritr\u016bkt\u0173 vandens pramog\u0173 \u2013 \u010dia \u012frengtas ir vandens parkas.<\/p>\n<p> <strong>Day 4<\/strong><\/p>\n<ul>\n<li>Pusry\u010diai vie&scaron;butyje.<\/li>\n<li>I&scaron;siregistravimas i&scaron; vie&scaron;bu\u010dio.<\/li>\n<li>Vykstame \u012f Veli\u010dk\u0173 drusk\u0173 kasyklas. <\/li>\n<li>V\u0117lai vakare atvykstame \u012f Lietuv\u0105.<\/li>\n<\/ul>\n<p>Netoli Krokuvos esan\u010dioje senojoje druskos kasykloje Veli\u010dkoje \u012frengta \u012fdomi ekspozicija, supa\u017eindinanti su druskos kas\u0117j\u0173 kasdienybe bei po\u017eeminiu pasauliu. Tai \u2013 2,5 km ilgio ekskursij\u0173 trasa, vedanti tuneliais, esan\u010diais 64-135 m gylyje po \u017eeme. Viena \u012fdomiausi\u0173 kasyklos viet\u0173 \u2013 po \u017eeme \u012frengta koply\u010dia, kurioje visos detal\u0117s yra i&scaron;dro\u017ein\u0117tos i&scaron; druskos. Bendras druskos kasykl\u0173 labirinto, i&scaron;sid\u0117s\u010diusio net 9 lygiais, ilgis \u2013 apie 300 km.<\/p>\n<hr \/>\n<p><strong>\u012e kelion\u0117s kain\u0105 \u012fskai\u010diuota:<\/strong><\/p>\n<hr \/>\n<ul>\n<li>Kelion\u0117 autobusu.<\/li>\n<li>3 nakvyn\u0117s vie&scaron;butyje su pusry\u010diais.<\/li>\n<li>Kelion\u0117s vadovo-gido paslaugos.<\/li>\n<li>Ekskursija Var&scaron;uvoje.<\/li>\n<li>Ekskursija Krokuvoje. <\/li>\n<li>Perve\u017eimas \u012f Veli\u010dk\u0173 drusk\u0173 kasykl\u0105.<\/li>\n<li>Kelion\u0117s dokument\u0173 sutvarkymas.<\/li>\n<\/ul>\n<hr \/>\n<p><strong>\u012e kelion\u0117s kain\u0105 ne\u012fskai\u010diuota:<\/strong><\/p>\n<hr \/>\n<ul>\n<li>\u012e\u0117jimo bilietai \u012f mokamas lankytinas vietas (muziejus\/ba\u017eny\u010dias ir pan.).<\/li>\n<li>\u012e\u0117jimo bilietas \u012f Energyland.<\/li>\n<li>\u012e\u0117jimo bilietas \u012f drusk\u0173 kasykl\u0105.<\/li>\n<li>Ausinuk\u0173 nuoma kelion\u0117s metu.<\/li>\n<li>Sveikatos draudimas kelion\u0117s metu.<\/li>\n<\/ul>\n<hr \/>\n<p><strong>Pastabos:<\/strong><\/p>\n<hr \/>\n<ul>\n<li>Kelion\u0117s i&scaron;vykimo, atvykimo ir kiti laikai gali keistis \u2013 patikslinta informacija atsiun\u010diama \u012f elektronin\u012f pa&scaron;t\u0105 (1-2 dienas prie&scaron; kelion\u0119 \u012f J\u016bs\u0173 elektronin\u012f pa&scaron;to adres\u0105 kuriuo registravot\u0117s \u012f kelion\u0119).<\/li>\n<li>Kelionei reikalingas pasas arba asmens tapatyb\u0117s kortel\u0117 (dokumentas turi galioti ne trumpiau nei 3 m\u0117n. po gr\u012f\u017eimo i&scaron; kelion\u0117s).<\/li>\n<li>U\u017e ekskursijas ar ekskursines i&scaron;vykas ir kitas papildomai mokamas paslaugas galite atsiskaityti kelioni\u0173 organizatoriaus biure arba kelion\u0117s metu kelion\u0117s vadovui. Apmok\u0117ti kelion\u0117s organizatoriui biure galima ne v\u0117liau nei likus 30 dien\u0173 iki kelion\u0117s.<\/li>\n<li>Lagaminas kuris dedamas \u012f autobuso baga\u017ein\u0119, neturi sverti daugiau nei 25 kg.<\/li>\n<li>Visos ekskursijos vedamos rus\u0173 arba lietuvi\u0173 kalba (pasitikslinti galite kelioni\u0173 agent\u016broje).<\/li>\n<li>Objekt\u0173 lankymo tvarka, skai\u010dius ir \u012f\u0117jimo biliet\u0173 kaina gali keistis.<\/li>\n<li>Muziejuose, ba\u017eny\u010diose ir kituose mokamuose objektuose kelion\u0117s vadovas ekskursij\u0173 neveda.<\/li>\n<li>\u012e\u0117jimo bilietai \u012f mokamus objektus, degustacijos, vakarien\u0117s, piet\u016bs ir kt. papildomos paslaugos n\u0117ra \u012fskai\u010diuoti \u012f kelion\u0117s kain\u0105.<\/li>\n<li>Ekskursij\u0173 po miest\u0105 metu ap\u017ei\u016brimi objektai tik i&scaron; i&scaron;or\u0117s.<\/li>\n<li>Kelion\u0117s vadovas gali keisti programos eig\u0105.<\/li>\n<li>Kelion\u0117s vadovas (lydintis visos kelion\u0117s metu) informacij\u0105 pateikia lietuvi\u0173 kalba (pasitikslinti galite kelioni\u0173 agent\u016broje).<\/li>\n<\/ul>","protected":false},"excerpt":{"rendered":"<p>1 diena I&scaron;vykimas i&scaron; Lietuvos (i&scaron; j\u016bs\u0173 pasirinkto miesto). Kelion\u0117 autobusu per Lenkijos teritorij\u0105. Vykstame \u012f Var&scaron;uv\u0105. Ekskursija&#8230;<\/p>","protected":false},"featured_media":11891,"comment_status":"open","ping_status":"closed","template":"","meta":{"om_disable_all_campaigns":false,"_monsterinsights_skip_tracking":false,"_monsterinsights_sitenote_active":false,"_monsterinsights_sitenote_note":"","_monsterinsights_sitenote_category":0},"product_brand":[],"product_cat":[669],"product_tag":[],"class_list":{"0":"post-12656","1":"product","2":"type-product","3":"status-publish","4":"has-post-thumbnail","6":"product_cat-keliones","8":"first","9":"instock","10":"virtual","11":"taxable","12":"product-type-simple"},"aioseo_notices":[],"_links":{"self":[{"href":"https:\/\/www.atravel.lt\/en\/wp-json\/wp\/v2\/product\/12656","targetHints":{"allow":["GET"]}}],"collection":[{"href":"https:\/\/www.atravel.lt\/en\/wp-json\/wp\/v2\/product"}],"about":[{"href":"https:\/\/www.atravel.lt\/en\/wp-json\/wp\/v2\/types\/product"}],"replies":[{"embeddable":true,"href":"https:\/\/www.atravel.lt\/en\/wp-json\/wp\/v2\/comments?post=12656"}],"wp:featuredmedia":[{"embeddable":true,"href":"https:\/\/www.atravel.lt\/en\/wp-json\/wp\/v2\/media\/11891"}],"wp:attachment":[{"href":"https:\/\/www.atravel.lt\/en\/wp-json\/wp\/v2\/media?parent=12656"}],"wp:term":[{"taxonomy":"product_brand","embeddable":true,"href":"https:\/\/www.atravel.lt\/en\/wp-json\/wp\/v2\/product_brand?post=12656"},{"taxonomy":"product_cat","embeddable":true,"href":"https:\/\/www.atravel.lt\/en\/wp-json\/wp\/v2\/product_cat?post=12656"},{"taxonomy":"product_tag","embeddable":true,"href":"https:\/\/www.atravel.lt\/en\/wp-json\/wp\/v2\/product_tag?post=12656"}],"curies":[{"name":"wp","href":"https:\/\/api.w.org\/{rel}","templated":true}]}}