{"id":12654,"date":"2026-03-21T15:44:48","date_gmt":"2026-03-21T13:44:48","guid":{"rendered":"https:\/\/www.atravel.lt\/produktas\/savarankiska-8-d-kelione-i-malta-be-keliones-vadovo-skrydis-is-vilniaus\/"},"modified":"2026-03-21T15:44:48","modified_gmt":"2026-03-21T13:44:48","slug":"savarankiska-8-d-kelione-i-malta-be-keliones-vadovo-skrydis-is-vilniaus","status":"publish","type":"product","link":"https:\/\/www.atravel.lt\/en\/product\/savarankiska-8-d-kelione-i-malta-be-keliones-vadovo-skrydis-is-vilniaus\/","title":{"rendered":"SAVARANKI\u0160KA 8 D. KELION\u0116 \u012e MALT\u0104 (be kelion\u0117s vadovo) (skrydis i\u0161 Vilniaus)"},"content":{"rendered":"<h3 style=\"text-align: center\"><span style=\"color:#27ae60\"><strong>GARANTUOTA NUO 2 KELIAUTOJ\u0172!<\/strong><\/span><\/h3>\n<hr \/>\n<h3 style=\"text-align: center\"><span style=\"color:#e74c3c\"><strong>Kelion\u0117 organizuojama individualiai, tod\u0117l d\u0117l l\u0117ktuvo biliet\u0173 ir vie&scaron;bu\u010dio kambari\u0173 pabrangimo, organizatorius gali atmesti rezervacij\u0105 arba pasi\u016blyti keliautojui priemok\u0105.<\/strong><\/span><\/h3>\n<hr \/>\n<p><strong>1 day <\/strong><\/p>\n<p>\u2022 Susitikimas Vilniaus oro uoste.<br \/> - Check-in.<br \/> \u2022 Skrydis Vilnius \u2013 Malta.<br \/> \u2022 Atvykimas \u012f Malt\u0105.<br \/> \u2022 Perve\u017eimas: oro uostas \u2013 vie&scaron;butis.<br \/> \u2022 \u012esik\u016brimas vie&scaron;butyje.<br \/> - Recreation.<br \/> \u2022 Nakvyn\u0117 vie&scaron;butyje.<\/p>\n<p><strong>Day 2 <\/strong><\/p>\n<p>\u2022 Pusry\u010diai vie&scaron;butyje (perkant ekskursij\u0173 paket\u0105 pusry\u010diai \u012fskai\u010diuoti).<br \/> \u2022 Ekskursij\u0105 po Valet\u0105, truks apie 4 val. (\u012f\u0117jimo bilietai \u012f lankomus objektus apmokami pa\u010di\u0173 keliautoj\u0173).<br \/> \u2022 Po ekskursijos laisvas laikas mieste.<br \/> \u2022 Sugr\u012f\u017etame \u012f vie&scaron;but\u012f.<br \/> - Recreation.<br \/> \u2022 Nakvyn\u0117 vie&scaron;butyje.<\/p>\n<p>Ekskursija skirta Maltos sostinei &#8211; Valetos miestui, pastatytam &Scaron;v. Jono ordino riteri\u0173 1566 m. Ordinas Maltoje karaliavo 268 metus ir paliko unikal\u0173 istorin\u012f bei kult\u016brin\u012f palikim\u0105, kurio ry&scaron;kus pavyzdys yra Valetos miestas. Gal\u0117site pasivaik&scaron;\u010dioti senosiomis gatvel\u0117mis vedan\u010diomis \u012f Barako vir&scaron;utinius sodus, i&scaron; kuri\u0173 atsiveria nuostab\u016bs vaizdai \u012f Did\u012fj\u012f uost\u0105. Ekskursijos metu aplankysite &Scaron;v. Jono katedr\u0105, kuri yra vienas did\u017eiausi\u0173 Maltos lobi\u0173, \u012fskaitant muziej\u0173, kuriame eksponuojamos did\u017eiojo Caravaggio drob\u0117s. Eidami pagrindine Respublikos gatve pamatysite &Scaron;v. Jurgio aik&scaron;t\u0119 ir Valdov\u0173 r\u016bmus.<\/p>\n<p><strong>Day 3 <\/strong><\/p>\n<p>\u2022 Pusry\u010diai vie&scaron;butyje (perkant ekskursij\u0173 paket\u0105 pusry\u010diai \u012fskai\u010diuoti).<br \/> \u2022 Ekskursija po Mdin\u0105 (truks apie 4 val.).<br \/> \u2022 Sugr\u012f\u017etame \u012f vie&scaron;but\u012f.<br \/> \u2022 Nakvyn\u0117 vie&scaron;butyje.<\/p>\n<p>Mdina &#8211; senov\u0117s Maltos sostin\u0117, kuri buvo pastatyta pirm\u0173j\u0173 gyvenvie\u010di\u0173 vietoje dar bronzos am\u017eiuje. Siauros puo&scaron;nios gatv\u0117s veda \u012f pylimus, i&scaron; kuri\u0173 atsiveria puikus panoraminis vaizdas \u012f Maltos platybes. J\u016bs pasivaik&scaron;\u010diosite po miest\u0105 pro \u012fvairius skirtingiems architekt\u016bros stiliams priklausan\u010dius pastatus, pamatysite viduram\u017ei\u0173 r\u016bmus ir &Scaron;v. Povilo katedr\u0105, kuri daugel\u012f am\u017ei\u0173 buvo pagrindin\u0117 Maltos arkivyskupo katedra ir jo tarnavimo vieta. Palikdami \u201etylos miest\u0105\u201c pro Graiki&scaron;kus vartus eisime prie Dingli uol\u0173, pasigro\u017e\u0117sime j\u016bros platyb\u0117mis ir sta\u010diomis uolomis, ekskursija baigsis apsilankymu &Scaron;v. Antano botanikos sode, esan\u010diame &scaron;alia Maltos prezidento vasaros rezidencijos.<\/p>\n<p><strong>Day 4 <\/strong><\/p>\n<p>\u2022 Pusry\u010diai vie&scaron;butyje (perkant ekskursij\u0173 paket\u0105 pusry\u010diai \u012fskai\u010diuoti).<br \/> \u2022 Ekskursin\u0117 i&scaron;vyka \u201eTrys miestai\u201c (truks apie 4 val.).<br \/> \u2022 Sugr\u012f\u017etame \u012f vie&scaron;but\u012f.<br \/> - Recreation.<br \/> \u2022 Nakvyn\u0117 vie&scaron;butyje.<\/p>\n<p>J\u016bs prava\u017eiuosite per tris senov\u0117s miestus, ne kart\u0105 atlaikiusius prie&scaron;\u0173 apgult\u012f: Senglea, Cospicua, Vittoriosa. &Scaron;ie miestai tapo pirmosiomis gyvenviet\u0117mis &Scaron;v. Jono ordino Maltoje 1530 m. Pasivaik&scaron;\u010diosite siauromis Vittoriosa gatvel\u0117mis, kuriose i&scaron;liko daugyb\u0117 sen\u0173 pastat\u0173, primenan\u010di\u0173 Maltos riteri\u0173 laikus, o nusileid\u0119 prie pakrant\u0117s pasiplaukiosime laiveliu po \u012flank\u0105. I&scaron; Senglea miesto sod\u0173 gal\u0117site m\u0117gautis \u012fsp\u016bdingais 360\u00b0 vaizdais \u012f Did\u012fj\u012f uost\u0105 &#8211; pagrindinius Maltos j\u016bros vartus ir Fort Sant Angelo fort\u0105, i&scaron; kurio didysis meistras La Valette vadovavo salos gynybai per Did\u012fj\u012f apgult\u012f 1565 m.<\/p>\n<p><strong>Day 5 <\/strong><\/p>\n<p>\u2022 Pusry\u010diai vie&scaron;butyje (perkant ekskursij\u0173 paket\u0105 pusry\u010diai \u012fskai\u010diuoti).<br \/> - Free day.<br \/> \u2022 Pageidaujantiems si\u016blome ekskursin\u0119 i&scaron;vyk\u0105 \u012f Gozo sal\u0105 \u2013 50 \u20ac\/asm. (papildomai apmokamas kelto bilietas ir \u012f\u0117jimo bilietai) (\u012fvyks susirinkus nuo 6 keliautoj\u0173).<br \/> \u2022 Nakvyn\u0117 vie&scaron;butyje.<\/p>\n<p>Po 20 minu\u010di\u0173 plaukimo keltu (kelto bilieto kaina ~ 5 \u20ac\/asm.) atsidursime tarsi kitame pasaulyje. Gozo \u2013 \u017ealesn\u0117 ir ramesn\u0117 sala, gyvenimas \u010dia teka saikingai, pagal seniai nusistov\u0117jusius papro\u010dius. Ta\u010diau Gozo lankytinos vietos niekuo nenusileid\u017eia Maltai! Ypatingo d\u0117mesio nusipelno Ta-Pinu ba\u017eny\u010dia, kurioje stovi stebuklingoji ikona, kuri &scaron;iandien yra ne tik maltie\u010di\u0173, bet ir daugelio lankytoj\u0173 piligrimyst\u0117s vieta. Kelion\u0117 \u012f Gozo neapsieit\u0173 neapsilankius toje vietoje, kur ne taip seniai buvo unikalus gamtos stebuklas \u2013 garsusis \u017eydrasis langas, kuris i&scaron;stov\u0117j\u0119s t\u016bkstan\u010dius met\u0173 2017 m. kovo 13 dien\u0105 sugriuvo. Pa\u017eintis su Gozo t\u0119sis salos sostin\u0117je Viktorijoje, kuri\u0105 vietiniai i&scaron; \u012fpro\u010dio vadina Rabatu, o vir&scaron;utin\u0119 \u012ftvirtint\u0105 dal\u012f \u2013 Citadella. Laisvu laiku \u010dia gal\u0117site paragauti tradicini\u0173 maltie\u010di\u0173 u\u017ekand\u017ei\u0173 \u2013 vietinio s\u016brio, tro&scaron;kintos triu&scaron;ienos, alyvuogi\u0173, duonos su pomidorais, kapar\u0117liais ir alyvuogi\u0173 aliejumi bei, \u017einoma, vis\u0105 tai u\u017egerti taure vietinio vyno.<\/p>\n<p><strong>Day 6 <\/strong><\/p>\n<p>\u2022 Pusry\u010diai vie&scaron;butyje (perkant ekskursij\u0173 paket\u0105 pusry\u010diai \u012fskai\u010diuoti).<br \/> \u2022 Laisva diena (Poilsis prie j\u016bros).<\/p>\n<p><strong>Day 7 <\/strong><\/p>\n<p>\u2022 Pusry\u010diai vie&scaron;butyje (perkant ekskursij\u0173 paket\u0105 pusry\u010diai \u012fskai\u010diuoti).<br \/> \u2022 Laisva diena (Poilsis prie j\u016bros).<\/p>\n<p><strong>Day 8 <\/strong><\/p>\n<p>\u2022 Pusry\u010diai vie&scaron;butyje (priklauso nuo atgalinio skryd\u017eio laiko) (perkant ekskursij\u0173 paket\u0105 pusry\u010diai \u012fskai\u010diuoti).<br \/> \u2022 Ankstyvas i&scaron;siregistravimas i&scaron; vie&scaron;bu\u010dio.<br \/> - Transfer to the airport.<br \/> - Check-in.<br \/> \u2022 Skrydis: Malta \u2013 Vilnius.<br \/> \u2022 Atvykimas \u012f Vilni\u0173.<\/p>","protected":false},"excerpt":{"rendered":"<p>GARANTUOTA NUO 2 KELIAUTOJ\u0172! Kelion\u0117 organizuojama individualiai, tod\u0117l d\u0117l l\u0117ktuvo biliet\u0173 ir vie&scaron;bu\u010dio kambari\u0173 pabrangimo, organizatorius gali atmesti&#8230;<\/p>","protected":false},"featured_media":11889,"comment_status":"open","ping_status":"closed","template":"","meta":{"om_disable_all_campaigns":false,"_monsterinsights_skip_tracking":false,"_monsterinsights_sitenote_active":false,"_monsterinsights_sitenote_note":"","_monsterinsights_sitenote_category":0},"product_brand":[],"product_cat":[669],"product_tag":[],"class_list":{"0":"post-12654","1":"product","2":"type-product","3":"status-publish","4":"has-post-thumbnail","6":"product_cat-keliones","8":"first","9":"instock","10":"virtual","11":"taxable","12":"purchasable","13":"product-type-simple"},"aioseo_notices":[],"_links":{"self":[{"href":"https:\/\/www.atravel.lt\/en\/wp-json\/wp\/v2\/product\/12654","targetHints":{"allow":["GET"]}}],"collection":[{"href":"https:\/\/www.atravel.lt\/en\/wp-json\/wp\/v2\/product"}],"about":[{"href":"https:\/\/www.atravel.lt\/en\/wp-json\/wp\/v2\/types\/product"}],"replies":[{"embeddable":true,"href":"https:\/\/www.atravel.lt\/en\/wp-json\/wp\/v2\/comments?post=12654"}],"wp:featuredmedia":[{"embeddable":true,"href":"https:\/\/www.atravel.lt\/en\/wp-json\/wp\/v2\/media\/11889"}],"wp:attachment":[{"href":"https:\/\/www.atravel.lt\/en\/wp-json\/wp\/v2\/media?parent=12654"}],"wp:term":[{"taxonomy":"product_brand","embeddable":true,"href":"https:\/\/www.atravel.lt\/en\/wp-json\/wp\/v2\/product_brand?post=12654"},{"taxonomy":"product_cat","embeddable":true,"href":"https:\/\/www.atravel.lt\/en\/wp-json\/wp\/v2\/product_cat?post=12654"},{"taxonomy":"product_tag","embeddable":true,"href":"https:\/\/www.atravel.lt\/en\/wp-json\/wp\/v2\/product_tag?post=12654"}],"curies":[{"name":"wp","href":"https:\/\/api.w.org\/{rel}","templated":true}]}}