{"id":12653,"date":"2026-03-21T15:44:48","date_gmt":"2026-03-21T13:44:48","guid":{"rendered":"https:\/\/www.atravel.lt\/produktas\/kelione-lektuvu-italija-rimini-8-d\/"},"modified":"2026-03-21T15:44:48","modified_gmt":"2026-03-21T13:44:48","slug":"kelione-lektuvu-italija-rimini-8-d","status":"publish","type":"product","link":"https:\/\/www.atravel.lt\/en\/product\/kelione-lektuvu-italija-rimini-8-d\/","title":{"rendered":"KELION\u0116 L\u0116KTUVU: ITALIJA &#8211; RIMINI 8 D."},"content":{"rendered":"<p><strong>1 day<\/strong><\/p>\n<ul>\n<li>Skrydis: Kaunas &ndash; Rimini.<\/li>\n<li>Transferis \u012f vie&scaron;but\u012f (Rimini).<\/li>\n<li>\u012esik\u016brimas vie&scaron;butyje.<\/li>\n<li>Poilsis.<\/li>\n<li>Nakvyn\u0117 vie&scaron;butyje.<\/li>\n<\/ul>\n<p><strong>Day 2<\/strong><\/p>\n<ul>\n<li>Pusry\u010diai vie&scaron;butyje.<\/li>\n<li>Laisvas laikas, poilsis prie j\u016bros.<\/li>\n<li>Antroje dienos pus\u0117je ekskursin\u0117 i&scaron;vyka \u012f Rimini.<\/li>\n<li>Sugr\u012f\u017eimas \u012f vie&scaron;but\u012f.<\/li>\n<li>Poilsis.<\/li>\n<li>Nakvyn\u0117 vie&scaron;butyje.<\/li>\n<\/ul>\n<p>Ma\u017eai kas \u017eino, kad Rimini &ndash; pa\u010diame populiariausiame Romanijos mieste &ndash; be plia\u017e\u0173 ir vie&scaron;bu\u010di\u0173 yra pati seniausia rom\u0117n\u0173 triumfo arka, pirmoji miesto biblioteka ir pirmoji Renesanso epochos &scaron;ventov\u0117. Ne kiekvienas Riminio gyventojas \u017eino, kad j\u0173 m\u0117gstamam Tiberijaus tiltui 2014 m. sukako 2000 met\u0173, o pagrindin\u0117je miesto gatv\u0117je gyveno ir mok\u0117si daugiausia titul\u0173 turintis XX a. re\u017eisierius Federikas Felinis.<br \/>\nRomanija &ndash; pati svetingiausia Italijos sritis. Prie&scaron; du t\u016bkstan\u010dius met\u0173 \u010dia suplaukdavo laivai i&scaron; visos Vidur\u017eemio j\u016bros, o viduram\u017eiais susirinkdavo maldininkai i&scaron; visos Europos. Na, o m\u016bs\u0173 laikais \u010dia ilsisi milijonai turist\u0173 i&scaron; viso pasaulio.<\/p>\n<p><strong>Muziejai Riminyje:<\/strong><br \/>\nMusei di Rimini http:\/\/www.museicomunalirimini.it\/<br \/>\nTempio Malatestiano<br \/>\nhttps:\/\/maps.app.goo.gl\/u6Y5H7kkGo3zMtg76<\/p>\n<p><strong>Day 3<\/strong><\/p>\n<ul>\n<li>Pusry\u010diai vie&scaron;butyje.<\/li>\n<li>Laisvas laikas, poilsis prie j\u016bros.<\/li>\n<li>Antroje dienos pus\u0117je ekskursin\u0117 i&scaron;vyka \u012f Sant Arkand\u017eel\u0105.<\/li>\n<li>Sugr\u012f\u017eimas \u012f vie&scaron;but\u012f.<\/li>\n<li>Poilsis.<\/li>\n<li>Nakvyn\u0117 vie&scaron;butyje.<\/li>\n<\/ul>\n<p>Sant Arkan\u017eelo di Romania &ndash; \u017eavus miestelis, esantis 10 km \u012f vakarus nuo Riminio. Jame gyvena 21 000 gyventoj\u0173. Per miest\u0105 teka dvi up\u0117s: Uzo ir Mareka. &nbsp;\u010cia saugomos senosios tradicijos ir miesto savitumas. Istoriniame centre nuolatos verda gyvenimas. Tvarkingi namai, nuostab\u016bs restoranai ir barai, siauros gatvel\u0117s, vedan\u010dios \u012f aik&scaron;tes, kuri\u0173 pagrindin\u0117 vadinama Ganganelio aik&scaron;te. Miestas taip pat turistus traukia ir gausybe savo \u012f\u017eymybi\u0173: Ganganelio Triumfo Arka, katedra, senieji miesto vartai, Etnografijos muziejus, Istorijos ir Archeologijos muziejus, paslaptingi tufo (vulkaniniai) urvai &ndash; tai dar ne visas \u012f\u017eymybi\u0173, kurias vert\u0117t\u0173 pamatyti, s\u0105ra&scaron;as. Pati seniausia miesto dalis yra ant Jupiterio kalvos &scaron;laito. \u010cia gerai matosi i&scaron;lik\u0119 viduram\u017ei\u0173 kaimo \u012ftvirtinimai, ant kuri\u0173 i&scaron;kilusi Malatestos tvirtov\u0117 nuo XIV a.<\/p>\n<p><strong>Muziejai Sant Arkand\u017eelo:<\/strong><br \/>\nMuseoSpecializzato<br \/>\nhttps:\/\/marcogore62.wixsite.com\/museodelbottone<\/p>\n<p><strong>Day 4<\/strong><\/p>\n<ul>\n<li>Pusry\u010diai vie&scaron;butyje.<\/li>\n<li>Laisvas laikas, poilsis prie j\u016bros.<\/li>\n<li>Antroje dienos pus\u0117je ekskursija \u012f San Marin\u0105.<\/li>\n<li>Sugr\u012f\u017eimas \u012f vie&scaron;but\u012f<\/li>\n<li>Poilsis.<\/li>\n<li>Nakvyn\u0117 vie&scaron;butyje<\/li>\n<\/ul>\n<p>&Scaron;alia Riminio esantis San Marinas &#8211; pati seniausia Europoje respublika, kurios valdymo strukt\u016bra &nbsp;\u012ftraukta \u012f UNESCO. Kasmet &scaron;al\u012f aplanko 500 000 turist\u0173, kurie \u010dia gali pasim\u0117gauti \u012f\u017eymiaisiais San Marino likeriais, apsipirkti vietin\u0117se krautuv\u0117l\u0117se ir \u012fsitikinti, kad San Marinas ne veltui vadinamas Europos balkonu, mat nuo 700 m auk&scaron;\u010dio kalvos &nbsp;atsiveria kvap\u0105 gniau\u017eiantys vaizdai. B\u016btent \u012f San Marin\u0105 suva\u017eiuoja maldininkai i&scaron; viso pasaulio, tarp j\u0173 Romos popie\u017eiai ir sta\u010diatiki\u0173 &scaron;ventikai, kad aplankyt\u0173 respublikos \u012fk\u016br\u0117jo &Scaron;v. Marino palaikus.<\/p>\n<p><strong>Muziejai San Marine:<\/strong><br \/>\nMuseo delle Cere diSan Marino<br \/>\nhttp:\/\/m.museodellecerersm.com\/<br \/>\nHome Museo<br \/>\nhttp:\/\/www.museodellecuriosita.sm\/<br \/>\nMuseum San Marino Srl<br \/>\nContrada S. Francesco, 2, 47890 San Marino di Urbino 0549 991215 https:\/\/g.co\/kgs\/HAj3Nw<br \/>\nIstituti Culturali di San Marono<br \/>\nhttps:\/\/www.museidistato.sm\/<\/p>\n<p><strong>Day 5<\/strong><\/p>\n<ul>\n<li>Pusry\u010diai vie&scaron;butyje.<\/li>\n<li>Laisva diena, poilsis prie j\u016bros.<\/li>\n<li>Poilsis.<\/li>\n<li>Nakvyn\u0117 vie&scaron;butyje.<\/li>\n<\/ul>\n<p><strong>Day 6<\/strong><\/p>\n<ul>\n<li>Pusry\u010diai vie&scaron;butyje.<\/li>\n<li>Laisvas laikas, poilsis prie j\u016bros.<\/li>\n<li>Antroje dienos pus\u0117je pageidaujantiems si\u016blome ekskursin\u0119 i&scaron;vyk\u0105 \u012f Florencij\u0105 &ndash; 45 &euro; (+5 &euro; vie&scaron;ojo transporto bilietai).<\/li>\n<li>Gr\u012f\u017eimas \u012f vie&scaron;but\u012f.<\/li>\n<li>Nakvyn\u0117 vie&scaron;butyje.<\/li>\n<\/ul>\n<p>Florencija &#8211; vienas gra\u017eiausi\u0173 Italijos miest\u0173 ir &bdquo;Europos kult\u016bros sostin\u0117&ldquo;. Botticelli &bdquo;Venera&ldquo;, Mikeland\u017eelo &bdquo;Dovydas&ldquo; ir daugyb\u0117 Renesanso epochos &nbsp;r\u016bm\u0173 &#8211; tai Florencijos vizitin\u0117s kortel\u0117s. &Scaron;is miestas atrodo kaip did\u017eiulis teatro peiza\u017eas, i&scaron;keltas prie&scaron; daugel\u012f &scaron;imtme\u010di\u0173, ta\u010diau jie niekada nesivargino jo i&scaron;ardyti. Pa\u017eym\u0117tina, kad Florencija yra svarbus ital\u0173 mados miestas ir pasaulio mados sostini\u0173 reitinge jam buvo skirta 31 vieta.<\/p>\n<p><strong>Muziejai Florencijoje:<\/strong><br \/>\nDuomo Firenze<br \/>\nhttps:\/\/duomo.firenze.it\/it\/home<br \/>\nGucci Garden Virtual Tour<br \/>\nhttps:\/\/guccigarden.gucci.com\/?y_source=1_MTU1OTM5NTQtNzE1LWxvY2F0aW9uLndlYnNpdGU%3D#\/it\/<br \/>\nFlorence museum<br \/>\nhttps:\/\/www.florence-museum.com\/it\/?gclid=CjwKCAjw79iaBhAJEiwAPYwoCFwmWdktmynvCnN6fOgm9Xow1oxWr9lOYE651dxskSkM-5pKDebeXhoCnb4QAvD_BwE&amp;gclid=CjwKCAjw79iaBhAJEiwAPYwoCFwmWdktmynvCnN6fOgm9Xow1oxWr9lOYE651dxskSkM-5pKDebeXhoCnb4QAvD_BwE<\/p>\n<p><strong>Day 7<\/strong><\/p>\n<ul>\n<li>Pusry\u010diai vie&scaron;butyje.<\/li>\n<li>Laisva diena, poilsis prie j\u016bros.<\/li>\n<li>Poilsis.<\/li>\n<li>Nakvyn\u0117 vie&scaron;butyje.<\/li>\n<\/ul>\n<p><strong>Day 8<\/strong><\/p>\n<ul>\n<li>Pusry\u010diai vie&scaron;butyje.<\/li>\n<li>I&scaron;siregistravimas i&scaron; vie&scaron;bu\u010dio.<\/li>\n<li>Free time.<\/li>\n<li>Perve\u017eimas \u012f oro uost\u0105.<\/li>\n<li>Skrydis: Rimini &ndash; Kaunas.<\/li>\n<\/ul>\n<hr \/>\n<p><strong>\u012e kelion\u0117s kain\u0105 \u012fskai\u010diuota:<\/strong><\/p>\n<hr \/>\n<ul>\n<li>Skrydis: Kaunas &ndash; Rimini &ndash; Kaunas (Ryanair).<\/li>\n<li>Rankinis baga\u017eas (40x20x25cm)<\/li>\n<li>7 nakvyn\u0117s 3* vie&scaron;butyje su pusry\u010diais (Fortuna sistema).<\/li>\n<li>Kelion\u0117s dokument\u0173 sutvarkymas.&nbsp;<\/li>\n<li>Transferis Oro uostas &ndash; Rimini &ndash; Oro uostas.<\/li>\n<li>Transporto paslaugos ekskursij\u0173 metu.<\/li>\n<li>Kelion\u0117s vadovo paslaugos.<\/li>\n<li>Ekskursija Sant Arkand\u017eelo miestelyje.<\/li>\n<li>Ekskursija po Rimini.<\/li>\n<li>Ekskursin\u0117 i&scaron;vyka \u012f San &ndash; Marino.<\/li>\n<\/ul>\n<hr \/>\n<p><strong>\u012e kelion\u0117s kain\u0105 ne\u012fskai\u010diuota:<\/strong><\/p>\n<hr \/>\n<ul>\n<li>Turisto mokestis Rimini kurortui &ndash; 2 &euro;\/asm.\/1 diena (privalomas kiekvienam keliautojui).<\/li>\n<li>Jei keliaujate vienas, tuomet bus u\u017e vienviet\u012f kambar\u012f papildomas 110&euro;\/asm. mokestis.<\/li>\n<\/ul>\n<hr \/>\n<p><strong>Pageidaujant:<\/strong><\/p>\n<hr \/>\n<ul>\n<li>Ekskursin\u0117 i&scaron;vyka \u012f Florencij\u0105 &nbsp;&#8211; 45 &euro;\/asm. + 5 &euro; vie&scaron;ojo transporto bilietai.<\/li>\n<li>Rankinis baga\u017eas (PRIORITY) iki 10 kg (55x40x20cm) &ndash; nuo 15 &euro;\/\u012f vien\u0105 pus\u0119.<\/li>\n<li>Registruotas baga\u017eas iki 10 kg (55x40x20cm) &ndash; nuo 25 &euro;\/\u012f vien\u0105 pus\u0119.&nbsp;<\/li>\n<li>Registruotas baga\u017eas iki 20 kg &ndash; nuo 35 &euro;\/\u012f vien\u0105 pus\u0119.&nbsp;<\/li>\n<\/ul>\n<hr \/>\n<p><strong>Pastabos:<\/strong><\/p>\n<hr \/>\n<ul>\n<li>U\u017e perve\u017eim\u0105 ir kitas papildomai mokamas paslaugas turite atsiskaityti kelioni\u0173 organizatoriaus biure, ne v\u0117liau nei 30 dien\u0173 iki kelion\u0117s prad\u017eios.<\/li>\n<li>Kelionei reikalingas PASAS arba KORTEL\u0116 (galiojantys ne trumpiau nei 6\/3 m\u0117nesius po gr\u012f\u017eimo i&scaron; kelion\u0117s).<\/li>\n<li>The tour is organised on scheduled flights, so the organiser may cancel the booking or offer a surcharge due to the cost of air tickets. If the traveller does not accept the surcharge, the money will be refunded.<\/li>\n<li>Jei l\u0117ktuvo bilietai nupirkti &#8211; kelion\u0117s at&scaron;aukimas NEGALIMAS, pinigai negr\u0105\u017einami.<\/li>\n<li>Keliautojo vardo ir pavard\u0117s keitimas kainuoja papildomai (~110 &euro;\/asm.).<\/li>\n<li>Skryd\u017eio laikas gali keistis priklausomai nuo skryd\u017eio bendrov\u0117s s\u0105lyg\u0173.<\/li>\n<li>Kelion\u0117s i&scaron;vykimo ir atvykimo laikai gali keistis &ndash; tiksli informacija atsiun\u010diama \u012f elektronin\u012f pa&scaron;t\u0105 likus 2-3 darbo dienoms iki kelion\u0117s prad\u017eios.<\/li>\n<li>Visi papildomi mokami \u012f\u0117jimo bilietai \u012f muziejus, ba\u017eny\u010dias ir pan. apmokami pa\u010di\u0173 keliautoj\u0173.<\/li>\n<li>Muziejuose, ba\u017eny\u010diose ir kituose mokamuose objektuose kelion\u0117s vadovas keliautoj\u0173 nelydi ir ekskursij\u0173 neveda.<\/li>\n<li>Ausinukai ekskursij\u0173 metu (pageidaujant) mokami papildomai.<\/li>\n<li>Kelion\u0117s vadovas gali keisti programos<\/li>\n<\/ul>","protected":false},"excerpt":{"rendered":"<p>1 diena Skrydis: Kaunas &ndash; Rimini. Transferis \u012f vie&scaron;but\u012f (Rimini). \u012esik\u016brimas vie&scaron;butyje. Poilsis. Nakvyn\u0117 vie&scaron;butyje. 2 diena Pusry\u010di&#8230;<\/p>","protected":false},"featured_media":11888,"comment_status":"open","ping_status":"closed","template":"","meta":{"om_disable_all_campaigns":false,"_monsterinsights_skip_tracking":false,"_monsterinsights_sitenote_active":false,"_monsterinsights_sitenote_note":"","_monsterinsights_sitenote_category":0},"product_brand":[],"product_cat":[669],"product_tag":[],"class_list":{"0":"post-12653","1":"product","2":"type-product","3":"status-publish","4":"has-post-thumbnail","6":"product_cat-keliones","8":"first","9":"instock","10":"virtual","11":"taxable","12":"product-type-simple"},"aioseo_notices":[],"_links":{"self":[{"href":"https:\/\/www.atravel.lt\/en\/wp-json\/wp\/v2\/product\/12653","targetHints":{"allow":["GET"]}}],"collection":[{"href":"https:\/\/www.atravel.lt\/en\/wp-json\/wp\/v2\/product"}],"about":[{"href":"https:\/\/www.atravel.lt\/en\/wp-json\/wp\/v2\/types\/product"}],"replies":[{"embeddable":true,"href":"https:\/\/www.atravel.lt\/en\/wp-json\/wp\/v2\/comments?post=12653"}],"wp:featuredmedia":[{"embeddable":true,"href":"https:\/\/www.atravel.lt\/en\/wp-json\/wp\/v2\/media\/11888"}],"wp:attachment":[{"href":"https:\/\/www.atravel.lt\/en\/wp-json\/wp\/v2\/media?parent=12653"}],"wp:term":[{"taxonomy":"product_brand","embeddable":true,"href":"https:\/\/www.atravel.lt\/en\/wp-json\/wp\/v2\/product_brand?post=12653"},{"taxonomy":"product_cat","embeddable":true,"href":"https:\/\/www.atravel.lt\/en\/wp-json\/wp\/v2\/product_cat?post=12653"},{"taxonomy":"product_tag","embeddable":true,"href":"https:\/\/www.atravel.lt\/en\/wp-json\/wp\/v2\/product_tag?post=12653"}],"curies":[{"name":"wp","href":"https:\/\/api.w.org\/{rel}","templated":true}]}}