{"id":12651,"date":"2026-03-21T15:44:48","date_gmt":"2026-03-21T13:44:48","guid":{"rendered":"https:\/\/www.atravel.lt\/produktas\/italija-apsigyvenant-rimini-kurorte-8-d\/"},"modified":"2026-03-21T15:44:48","modified_gmt":"2026-03-21T13:44:48","slug":"italija-apsigyvenant-rimini-kurorte-8-d","status":"publish","type":"product","link":"https:\/\/www.atravel.lt\/en\/product\/italija-apsigyvenant-rimini-kurorte-8-d\/","title":{"rendered":"ITALIJA, APSIGYVENANT RIMINI KURORTE 8 D."},"content":{"rendered":"<p><strong>1 day<\/strong><\/p>\n<ul>\n<li>I&scaron;vykstame i&scaron; j\u016bs\u0173 pasirinkto miesto.<\/li>\n<li>Kelion\u0117 per Lietuvos ir Lenkijos teritorij\u0105.<\/li>\n<li>Pakeliui sustosime papietauti (Lenkijoje).<\/li>\n<\/ul>\n<p><em>Ekskursija po \u010censtachov\u0105.<br \/> &Scaron;i ekskursija J\u016bs\u0173 grupei DOVANA, jeigu \u012f kelion\u0119 vyks ne ma\u017eiau 55 asmen\u0173.<\/em><\/p>\n<ul>\n<li>Atvykimas ir apgyvendinimas vie&scaron;butyje. <\/li>\n<li>Poilsis.<\/li>\n<li>Nakvyn\u0117 tranzitiniame vie&scaron;butyje.<\/li>\n<\/ul>\n<p>\u010censtachova (Cz\u0119stochowa) \u2013 tai miestas Lenkijos pietuose, Silezijoje. Miestas i&scaron;gars\u0117jo kaip katalik\u0173 piligrim\u0173 lankytina vieta.<\/p>\n<p>Bene \u017eymiausia vieta \u010censtachovoje yra Jasna Gora vienuolynas \u2013 tai &Scaron;v\u010d. Mergel\u0117s Marijos &scaron;ventov\u0117 Lenkijoje. &Scaron;iame vienuolyne saugomas stebulingasis Juodosios Madonos paveikslas. \u012e &scaron;i\u0105 viet\u0105 per \u012fvairias katalik\u0173 &scaron;ventes supl\u016bsta daugyb\u0117 piligrim\u0173.<\/p>\n<p> <strong>Day 2<\/strong><\/p>\n<ul>\n<li>Pusry\u010diai vie&scaron;butyje. <\/li>\n<li>I&scaron;siregistravimas i&scaron; vie&scaron;bu\u010dio.<\/li>\n<li>T\u0119siame kelion\u0119 ir vykstame \u012f \u012etalijos kurot\u0105 Rimin\u012f.<\/li>\n<li>Pakeliui sustosime papietauti.<\/li>\n<\/ul>\n<p><em>Ekskursija Brno.<\/em><br \/> <em>&Scaron;i ekskursija J\u016bs\u0173 grupei DOVANA, jeigu \u012f kelion\u0119 vyks ne ma\u017eiau 55 asmen\u0173.<\/em><\/p>\n<ul>\n<li>V\u0117lai vakare \u012fsik\u016brimas 3* vie&scaron;butyje Riminyje.<\/li>\n<li>Poilsis.<\/li>\n<li>Nakvyn\u0117 vie&scaron;butyje.<\/li>\n<\/ul>\n<p>Kelion\u0117s metu tur\u0117site galimyb\u0119 pasigro\u017e\u0117ti nuostabiais vaizdais, kuriuos pamatysite keliaudami autobusu. <br \/> Ryte pakeliui sustosime vienoje i&scaron; kavini\u0173, kur dar prie&scaron; atvykdami \u012f poilsio viet\u0105 gal\u0117sime prad\u0117ti pa\u017eint\u012f su ital\u0173 \u012fpro\u010diais.<\/p>\n<p>Brno gars\u0117ja ne tik savo gastronomija, bet ir modernia architekt\u016bra bei kult\u016brine scena . D\u0117l savo pasaulinio lygio pastat\u0173 miestas \u017einomas kaip moderniosios architekt\u016bros Meka.<\/p>\n<p> <strong>Day 3<\/strong><\/p>\n<ul>\n<li>Pusry\u010diai vie&scaron;butyje.<\/li>\n<li>Free time. <\/li>\n<li>Ekskursija po Rimin\u012f.<\/li>\n<li>Sugr\u012f\u017eimas \u012f vie&scaron;but\u012f.<\/li>\n<li>Poilsis.<\/li>\n<li>Vakarien\u0117 vie&scaron;butyje. <\/li>\n<li>Nakvyn\u0117 vie&scaron;butyje.<\/li>\n<\/ul>\n<p>Ma\u017eai kas \u017eino, kad Rimini &#8211; pa\u010diame populiariausiame Romanijos mieste &#8211; be plia\u017e\u0173 ir vie&scaron;bu\u010di\u0173 yra pati seniausia rom\u0117n\u0173 triumfo arka, pirmoji miesto biblioteka ir pirmoji Renesanso epochos &scaron;ventov\u0117. Ne kiekvienas Riminio gyventojas \u017eino, kad j\u0173 m\u0117gstamam Tiberijaus tiltui 2014 m. sukako 2000 met\u0173, o pagrindin\u0117je miesto gatv\u0117je gyveno ir mok\u0117si daugiausia titul\u0173 turintis XX a. re\u017eisierius Federikas Felinis. Na, o Romanija &#8211; pati svetingiausia Italijos sritis. Prie&scaron; du t\u016bkstan\u010dius met\u0173 \u010dia suplaukdavo laivai i&scaron; visos Vidur\u017eemio j\u016bros, o viduram\u017eiais susirinkdavo maldininkai i&scaron; visos Europos. Na, o m\u016bs\u0173 laikais \u010dia ilsisi milijonai turist\u0173 i&scaron; viso pasaulio. Tod\u0117l mielai supa\u017eindinsime Jus ne tik su tokiu garsiu ir tuo pa\u010diu netik\u0117tu Riminiu, bet ir aplankysime Fellini draugo ir kolegos, bei geriausio XX am\u017eiaus scenaristo Tonino Guerra t\u0117vyn\u0119. <\/p>\n<p><strong>Muziejai Riminyje:<\/strong><br \/> Musei di Rimini http:\/\/www.museicomunalirimini.it\/<br \/> Tempio Malatestiano<br \/> https:\/\/maps.app.goo.gl\/u6Y5H7kkGo3zMtg76<\/p>\n<p><strong>Day 4<\/strong><\/p>\n<ul>\n<li>Pusry\u010diai vie&scaron;butyje.<\/li>\n<li>Laisvas laikas, poilsis prie j\u016bros.<\/li>\n<li>Ekskursin\u0117 i&scaron;vyka \u012f Sant Arkand\u017eel\u0105.<\/li>\n<\/ul>\n<p><em>Ekskursija URBINO miestelyje.<br \/> &Scaron;i ekskursija J\u016bs\u0173 grupei DOVANA, jeigu \u012f kelion\u0119 vyks ne ma\u017eiau 55 asmen\u0173.<\/em><\/p>\n<ul>\n<li>Sugr\u012f\u017eimas \u012f vie&scaron;but\u012f.<\/li>\n<li>Poilsis.<\/li>\n<li>Vakarien\u0117 vie&scaron;butyje. <\/li>\n<li>Nakvyn\u0117 vie&scaron;butyje.<\/li>\n<\/ul>\n<p>Sant Arkan\u017eelo di Romania \u2013 \u017eavus miestelis, esantis 10 km \u012f vakarus nuo Riminio. Jame gyvena 21 000 gyventoj\u0173. Per miest\u0105 teka dvi up\u0117s: Uzo ir Mareka. \u010cia saugomos senosios tradicijos ir miesto savitumas. Istoriniame centre nuolatos verda gyvenimas. Tvarkingi namai, nuostab\u016bs restoranai ir barai, siauros gatvel\u0117s, vedan\u010dios \u012f aik&scaron;tes, kuri\u0173 pagrindin\u0117 vadinama Ganganelio aik&scaron;te. Miestas taip pat turistus traukia ir gausybe savo \u012f\u017eymybi\u0173: Ganganelio Triumfo Arka, katedra, senieji miesto vartai, Etnografijos muziejus, Istorijos ir Archeologijos muziejus, paslaptingi tufo (vulkaniniai) urvai \u2013 tai dar ne visas \u012f\u017eymybi\u0173, kurias vert\u0117t\u0173 pamatyti, s\u0105ra&scaron;as. Pati seniausia miesto dalis yra ant Jupiterio kalvos &scaron;laito. \u010cia gerai matosi i&scaron;lik\u0119 viduram\u017ei\u0173 kaimo \u012ftvirtinimai, ant kuri\u0173 i&scaron;kilusi Malatestos tvirtov\u0117 nuo XIV a.<\/p>\n<p> <strong>Muziejai Sant Arkand\u017eelo:<\/strong><br \/> MuseoSpecializzato<br \/> https:\/\/marcogore62.wixsite.com\/museodelbottone<\/p>\n<p>Nedidelis kalvotas Urbino miestelis Mark\u0117je XV am\u017eiuje i&scaron;gyveno didel\u012f kult\u016brin\u012f suklest\u0117jim\u0105, pritraukdamas menininkus ir mokslininkus i&scaron; visos Italijos ir u\u017e jos rib\u0173, ir darydamas \u012ftak\u0105 kult\u016bros raidai kitose Europos &scaron;alyse. D\u0117l ekonominio ir kult\u016brinio s\u0105stingio nuo XVI am\u017eiaus jis puikiai i&scaron;laik\u0117 savo renesansin\u0119 i&scaron;vaizd\u0105.<br \/> Ma\u017eas Italijos kalv\u0173 miestelis Urbino Renesanso epochoje trumpam tapo vienu i&scaron; pagrindini\u0173 Europos kult\u016bros centr\u0173. &Scaron;iandien istorin\u012f centr\u0105 apibr\u0117\u017eia renesansin\u0117s sienos, kurios i&scaron;likusios beveik nepaliestos ir su bastionais. Tarp &scaron;i\u0173 sien\u0173 buvo i&scaron;saugoti keli nepaprastos kokyb\u0117s pastatai, pavyzd\u017eiui, kunigaik&scaron;\u010di\u0173 r\u016bmai, katedra, Santa Chiara vienuolynas ir sud\u0117tinga oratorij\u0173 sistema.<\/p>\n<p> <strong>Day 5<\/strong><\/p>\n<ul>\n<li>Pusry\u010diai vie&scaron;butyje.<\/li>\n<li>Laisvas laikas, poilsis prie j\u016bros.<\/li>\n<li>Antroje dienos pus\u0117je ekskursija \u012f San Marin\u0105.<\/li>\n<li>Vyn\u0173 degustacija.<\/li>\n<li>Sugr\u012f\u017eimas \u012f vie&scaron;but\u012f<\/li>\n<li>Poilsis.<\/li>\n<li>Vakarien\u0117 vie&scaron;butyje. <\/li>\n<li>Nakvyn\u0117 vie&scaron;butyje<\/li>\n<\/ul>\n<p>&Scaron;alia Riminio esantis San Marinas &#8211; pati seniausia Europoje respublika, kurios valdymo strukt\u016bra \u012ftraukta \u012f UNESCO. Kasmet &scaron;al\u012f aplanko 500 000 turist\u0173, kurie \u010dia gali pasim\u0117gauti \u012f\u017eymiaisiais San Marino likeriais, apsipirkti vietin\u0117se krautuv\u0117l\u0117se ir \u012fsitikinti, kad San Marinas ne veltui vadinamas Europos balkonu, mat nuo 700 m auk&scaron;\u010dio kalvos atsiveria kvap\u0105 gniau\u017eiantys vaizdai. B\u016btent \u012f San Marin\u0105 suva\u017eiuoja maldininkai i&scaron; viso pasaulio, tarp j\u0173 Romos popie\u017eiai ir sta\u010diatiki\u0173 &scaron;ventikai, kad aplankyt\u0173 respublikos \u012fk\u016br\u0117jo &Scaron;v. Marino palaikus.<\/p>\n<p> <strong>Muziejai San Marine:<\/strong><br \/> Museo delle Cere diSan Marino<br \/> http:\/\/m.museodellecerersm.com\/<br \/> Home Museo<br \/> http:\/\/www.museodellecuriosita.sm\/<br \/> Museum San Marino Srl<br \/> Contrada S. Francesco, 2, 47890 San Marino di Urbino 0549 991215 https:\/\/g.co\/kgs\/HAj3Nw<br \/> Istituti Culturali di San Marono<br \/> https:\/\/www.museidistato.sm\/<\/p>\n<p> <strong>Day 6<\/strong><\/p>\n<ul>\n<li>Pusry\u010diai vie&scaron;butyje.<\/li>\n<li>Laisvas laikas, poilsis prie j\u016bros.<\/li>\n<li>Antroje dienos pus\u0117je pageidaujantiems si\u016blome ekskursin\u0119 i&scaron;vyk\u0105 \u012f Florencij\u0105 \u2013 45\u20ac (+5\u20ac vie&scaron;ojo transporto bilietai).<\/li>\n<li>Gr\u012f\u017eimas \u012f vie&scaron;but\u012f.<\/li>\n<li>Poilsis.<\/li>\n<li>Vakarien\u0117 vie&scaron;butyje. <\/li>\n<li>Nakvyn\u0117 vie&scaron;butyje.<\/li>\n<\/ul>\n<p>Florencija &#8211; vienas gra\u017eiausi\u0173 Italijos miest\u0173 ir \u201eEuropos kult\u016bros sostin\u0117\u201c. Botticelli \u201eVenera\u201c, Mikeland\u017eelo \u201eDovydas\u201c ir daugyb\u0117 Renesanso epochos r\u016bm\u0173 &#8211; tai Florencijos vizitin\u0117s kortel\u0117s. &Scaron;is miestas atrodo kaip did\u017eiulis teatro peiza\u017eas, i&scaron;keltas prie&scaron; daugel\u012f &scaron;imtme\u010di\u0173, ta\u010diau jie niekada nesivargino jo i&scaron;ardyti. Pa\u017eym\u0117tina, kad Florencija yra svarbus ital\u0173 mados miestas ir pasaulio mados sostini\u0173 reitinge jam buvo skirta 31 vieta.<\/p>\n<p> <strong>Muziejai Florencijoje:<\/strong><br \/> Duomo Firenze<br \/> https:\/\/duomo.firenze.it\/it\/home<br \/> Gucci Garden Virtual Tour<br \/> https:\/\/guccigarden.gucci.com\/?y_source=1_MTU1OTM5NTQtNzE1LWxvY2F0aW9uLndlYnNpdGU%3D#\/it\/<br \/> Florence museum<br \/> https:\/\/www.florence-museum.com\/it\/?gclid=CjwKCAjw79iaBhAJEiwAPYwoCFwmWdktmynvCnN6fOgm9Xow1oxWr9lOYE651dxskSkM-5pKDebeXhoCnb4QAvD_BwE&amp;gclid=CjwKCAjw79iaBhAJEiwAPYwoCFwmWdktmynvCnN6fOgm9Xow1oxWr9lOYE651dxskSkM-5pKDebeXhoCnb4QAvD_BwE<\/p>\n<p> <strong>Day 7<\/strong><\/p>\n<ul>\n<li>Pusry\u010diai vie&scaron;butyje. <\/li>\n<li>I&scaron;siregistravimas i&scaron; vie&scaron;bu\u010dio.<\/li>\n<\/ul>\n<p><em>Ekskursija po Venecij\u0105.<br \/> &Scaron;i ekskursija J\u016bs\u0173 grupei DOVANA, jeigu \u012f kelion\u0119 vyks ne ma\u017eiau kaip 55 asmen\u0173.<br \/> (15 eur\u0173 papildomas mokestis u\u017e persik\u0117lim\u0105 laivu)<\/em><\/p>\n<ul>\n<li>\u012esik\u016brimas tranzitiniame vie&scaron;butyje.<\/li>\n<li>Poilsis.<\/li>\n<li>Nakvyn\u0117 vie&scaron;butyje.<\/li>\n<\/ul>\n<p>\u012e UNESCO paveldo s\u0105ra&scaron;\u0105 \u012ftraukta Venecija jau daugel\u012f met\u0173 yra viena populiariausi\u0173 traukos objekt\u0173 ne tik Italijoje, bet ir visoje Europoje. Siauros miesto gatvel\u0117s, po visas saleles vinguriuojantys kanalai, unikal\u016bs ma\u017ei tilteliai, po vis\u0105 miest\u0105 plaukiojan\u010dios \u012fsp\u016bdingos gondolos Venecij\u0105 i&scaron;skiria i&scaron; kit\u0173 pasaulio miest\u0173. &Scaron;i vieta jau nuo seno apdainuotas poet\u0173, \u012fam\u017eintas dailinink\u0173 drob\u0117se, o i&scaron;vysti &scaron;i\u0105 pasaki&scaron;k\u0105 viet\u0105 svajoja tikrai ne vienas. Miestas prad\u0117tas statyti dar V am\u017eiuje, tad lankytin\u0173 objekt\u0173 \u010dia tikrai gausu. \u012e s\u0105ra&scaron;\u0105 b\u016btinai \u012ftraukite Do\u017e\u0173 r\u016bmus, &Scaron;v. Morkaus bazilik\u0105, Rialto tilt\u0105, Did\u012fj\u012f kanal\u0105. \u017dinoma, i&scaron;bandykite ir romanti&scaron;k\u0105 pasiplaukiojim\u0105 gondolomis, i&scaron;ragaukite gausyb\u0119 vietin\u0117s virtuv\u0117s patiekal\u0173, m\u0117gaukit\u0117s itali&scaron;kais desertais su kvapnia kava, i&scaron;vaik&scaron;\u010diokite visas gatveles ir tiesiog pasiduokite l\u0117tam atostog\u0173 ritmui.<\/p>\n<p> <strong>Day 8<\/strong><\/p>\n<ul>\n<li>Pusry\u010diai vie&scaron;butyje. <\/li>\n<li>I&scaron;siregistravimas i&scaron; vie&scaron;bu\u010dio.<\/li>\n<li>Kelion\u0117 per Lenkijos teritorij\u0105.<\/li>\n<li>Nakt\u012f\/pary\u010diais atvykstame \u012f Lietuv\u0105.<\/li>\n<\/ul>\n<hr \/>\n<p><strong>\u012e kelion\u0117s kain\u0105 \u012fskai\u010diuota:<\/strong><\/p>\n<hr \/>\n<ul>\n<li>Kelion\u0117 autobusu.<\/li>\n<li>Kelion\u0117s vadovo-gido paslaugos.<\/li>\n<li>2 nakvyn\u0117s 3* vie&scaron;butyje Lenkijoje su pusry\u010diais.<\/li>\n<li>5 nakvyn\u0117s 3* vie&scaron;butyje Italijoje su pusry\u010diais. <\/li>\n<li>Kelion\u0117s dokument\u0173 sutvarkymas. <\/li>\n<li>Transporto paslaugos ekskursij\u0173 metu.<\/li>\n<li>Ekskursija Sant Arkand\u017eelo miestelyje.<\/li>\n<li>Ekskursija po Rimini.<\/li>\n<li>Ekskursin\u0117 i&scaron;vyka \u012f San \u2013 Marino.<\/li>\n<li>Vyn\u0173 degustacija San Marine.<\/li>\n<li>Ekskursija \u010censtachove.<\/li>\n<li>Ekskursija Brno. <\/li>\n<li>Ekskursija po Urbino miestel\u012f.<\/li>\n<li>Ekskursija Venecijoje.<\/li>\n<\/ul>\n<hr \/>\n<p><strong>\u012e kelion\u0117s kain\u0105 ne\u012fskai\u010diuota:<\/strong><\/p>\n<hr \/>\n<p><strong>Privalomi mokes\u010diai:<\/strong><\/p>\n<hr \/>\n<ul>\n<li>Turisto mokestis Rimini kurortui ~2\u20ac\/asm.\/1diena (privalomas kiekvienam keliautojui).<\/li>\n<li>Persik\u0117limas laivu Venecijoje \u2013 15\u20ac\/asm.<\/li>\n<li>Jei keliaujate vienas, tuomet bus u\u017e vienviet\u012f kambar\u012f papildomas 120\u20ac\/asm. mokestis.<\/li>\n<\/ul>\n<hr \/>\n<p><strong>Pageidaujant:<\/strong><\/p>\n<hr \/>\n<ul>\n<li>4 vakarien\u0117s Riminio vie&scaron;butyje \u2013 48 \u20ac\/asm.<\/li>\n<li>Ekskursin\u0117 i&scaron;vyka \u012f Florencij\u0105 &#8211; 45 \u20ac\/asm. + 5 \u20ac vie&scaron;ojo transporto bilietai.<\/li>\n<li>\u012e\u0117jimo bilietai \u012f mokamus objektus.<\/li>\n<li>Vie&scaron;ojo transporto bilietai.<\/li>\n<\/ul>\n<hr \/>\n<p><strong>Pastabos:<\/strong><\/p>\n<hr \/>\n<ul>\n<li>Kelion\u0117s i&scaron;vykimo ir atvykimo laikai gali keistis \u2013 patikslinama informacija atsiun\u010diama \u012f elektronin\u012f pa&scaron;t\u0105 (2-3 dienas prie&scaron; kelion\u0119).<\/li>\n<li>U\u017e ekskursijas, ekskursines i&scaron;vykas ir kitas papildomai mokamas paslaugas turite atsiskaityti kelioni\u0173 organizatoriaus biure, ne v\u0117liau nei 30 dien\u0173 iki kelion\u0117s prad\u017eios.<\/li>\n<li>Visi papildomi mokami \u012f\u0117jimo bilietai \u012f muziejus, ba\u017eny\u010dias ir pan. apmokami pa\u010di\u0173 keliautoj\u0173.<\/li>\n<li>Muziejuose, ba\u017eny\u010diose ir kituose mokamuose objektuose kelion\u0117s vadovas keliautoj\u0173 nelydi ir ekskursij\u0173 neveda.<\/li>\n<li>Ausinukai ekskursij\u0173 metu (pageidaujant) mokami papildomai.<\/li>\n<li>Kelion\u0117s vadovas gali keisti programos eig\u0105.<\/li>\n<\/ul>","protected":false},"excerpt":{"rendered":"<p>1 diena I&scaron;vykstame i&scaron; j\u016bs\u0173 pasirinkto miesto. Kelion\u0117 per Lietuvos ir Lenkijos teritorij\u0105. Pakeliui sustosime papietauti (Lenkijoje). Ekskursija p&#8230;<\/p>","protected":false},"featured_media":11886,"comment_status":"open","ping_status":"closed","template":"","meta":{"om_disable_all_campaigns":false,"_monsterinsights_skip_tracking":false,"_monsterinsights_sitenote_active":false,"_monsterinsights_sitenote_note":"","_monsterinsights_sitenote_category":0},"product_brand":[],"product_cat":[669],"product_tag":[],"class_list":{"0":"post-12651","1":"product","2":"type-product","3":"status-publish","4":"has-post-thumbnail","6":"product_cat-keliones","8":"first","9":"instock","10":"virtual","11":"taxable","12":"product-type-simple"},"aioseo_notices":[],"_links":{"self":[{"href":"https:\/\/www.atravel.lt\/en\/wp-json\/wp\/v2\/product\/12651","targetHints":{"allow":["GET"]}}],"collection":[{"href":"https:\/\/www.atravel.lt\/en\/wp-json\/wp\/v2\/product"}],"about":[{"href":"https:\/\/www.atravel.lt\/en\/wp-json\/wp\/v2\/types\/product"}],"replies":[{"embeddable":true,"href":"https:\/\/www.atravel.lt\/en\/wp-json\/wp\/v2\/comments?post=12651"}],"wp:featuredmedia":[{"embeddable":true,"href":"https:\/\/www.atravel.lt\/en\/wp-json\/wp\/v2\/media\/11886"}],"wp:attachment":[{"href":"https:\/\/www.atravel.lt\/en\/wp-json\/wp\/v2\/media?parent=12651"}],"wp:term":[{"taxonomy":"product_brand","embeddable":true,"href":"https:\/\/www.atravel.lt\/en\/wp-json\/wp\/v2\/product_brand?post=12651"},{"taxonomy":"product_cat","embeddable":true,"href":"https:\/\/www.atravel.lt\/en\/wp-json\/wp\/v2\/product_cat?post=12651"},{"taxonomy":"product_tag","embeddable":true,"href":"https:\/\/www.atravel.lt\/en\/wp-json\/wp\/v2\/product_tag?post=12651"}],"curies":[{"name":"wp","href":"https:\/\/api.w.org\/{rel}","templated":true}]}}