{"id":12650,"date":"2026-03-21T15:44:48","date_gmt":"2026-03-21T13:44:48","guid":{"rendered":"https:\/\/www.atravel.lt\/produktas\/kroatija-stebuklingas-krk-salos-pasaulis\/"},"modified":"2026-03-21T15:44:48","modified_gmt":"2026-03-21T13:44:48","slug":"kroatija-stebuklingas-krk-salos-pasaulis","status":"publish","type":"product","link":"https:\/\/www.atravel.lt\/en\/product\/kroatija-stebuklingas-krk-salos-pasaulis\/","title":{"rendered":"KROATIJA &#8211; STEBUKLINGAS KRK SALOS PASAULIS"},"content":{"rendered":"<p><strong>1 day<\/strong><\/p>\n<ul>\n<li>I&scaron;vykstame i&scaron; j\u016bs\u0173 pasirinkto miesto.<\/li>\n<li>Kelion\u0117 per Lenkijos teritorij\u0105.<\/li>\n<li>Atvykimas \u012f vie&scaron;but\u012f Lenkijoje arba \u010cekijoje.<\/li>\n<li>Poilsis.<\/li>\n<li>Nakvyn\u0117 vie&scaron;butyje.<\/li>\n<\/ul>\n<p><strong>Day 2<\/strong><\/p>\n<ul>\n<li>Pusry\u010diai vie&scaron;butyje.<\/li>\n<li>I&scaron;siregistravimas i&scaron; vie&scaron;bu\u010dio.<\/li>\n<li>Vykstame link Kroatijos.<\/li>\n<\/ul>\n<p><em>Si\u016blome pasirinktinai tur\u0117ti ekskursij\u0105 Brno, Vienoje arba Zagrebe.<br \/> Visai grupei kaina 300\u20ac (~10\u20ac asmeniui).<br \/> Yra galimyb\u0117 &scaron;i\u0105 ekskursij\u0105 tur\u0117ti<br \/> NEMOKAMAI !<br \/> &Scaron;i ekskursija bus J\u016bs\u0173 grupei DOVANA, jeigu \u012f kelion\u0119 vyks 36 asmenys.<\/em><\/p>\n<ul>\n<li>Toliau vykstame \u012f Kroatijos sal\u0105 KRK. <\/li>\n<li>V\u0117lyvas atvykimas \u012f kurortin\u012f miestel\u012f Malinska.<\/li>\n<li>\u012esik\u016brimas apartamentuose.<\/li>\n<li>Poilsis.<\/li>\n<li>Nakvyn\u0117 apartamentuose.<\/li>\n<\/ul>\n<p>Viena teis\u0117tai laikoma vienu \u012fsp\u016bdingiausi\u0173 Europos miest\u0173. Jame dera imperatori&scaron;koji architekt\u016bra ir moderniausi pastatai. &Scaron;is derinys daro ilgalaik\u012f \u012fsp\u016bd\u012f turistams, kurie &scaron;iame mieste lankosi pirm\u0105 kart\u0105. Pamatysime \u012fdomiausias vietas: Hofburgo r\u016bmai, tiksliau tariant, tai visas kompleksas, susidedantis i&scaron; 19 r\u016bm\u0173, pastatyt\u0173 skirtingu metu, ir daugyb\u0117s kit\u0173 pastat\u0173, taip pat i&scaron; 2 park\u0173. Dar prie&scaron; Habsburg\u0173 dinastijos at\u0117jim\u0105 \u012f vald\u017ei\u0105, iki XIII am\u017eiaus pabaigos &scaron;ioje teritorijoje buvo pilis, kurioje gyveno Austrijos valdovai. Nuo senosios pilies iki &scaron;i\u0173 dien\u0173 i&scaron;liko tik jos koply\u010dia. &Scaron;v. Stepono katedra &#8211; vienu i&scaron; Vienos simboli\u0173, gra\u017eus gotikinis pastatas, kurio vieno i&scaron; bok&scaron;t\u0173 auk&scaron;tis siekia 136 metrus. Vienos valstybin\u0117 opera yra vienu geriausi\u0173 operos teatr\u0173 ne tik Europoje, bet ir visame pasaulyje. Vienos miesto rotu&scaron;\u0117, pastatyta XIX am\u017eiaus pabaigoje neogotikos stiliaus, pastatas buvo suprojektuotas pagal Briuselio rotu&scaron;\u0117s model\u012f. Mago kolona buvo pastatyta XVII am\u017eiaus pabaigoje, kai prad\u0117jo ma\u017e\u0117ti maro epidemija, sunaikinusi tre\u010ddal\u012f Austrijos gyventoj\u0173.<\/p>\n<p> Zagrebas &#8211; Kroatijos sostin\u0117 yra Savos, vieno i&scaron; Dunojaus intak\u0173, krantuose. Per savo daugiau nei 900 met\u0173 istorij\u0105 Zagrebas sukaup\u0117 daugyb\u0119 lankytin\u0173 viet\u0173, kurios gali nustebinti net ir pa\u010dius pa\u017eangiausius turistus. \u012edomu, kad Zagrebas i&scaron;augo i&scaron; dviej\u0173 ma\u017e\u0173 gyvenvie\u010di\u0173 &#8211; Kaptolio ir Hradeco, kurios i&scaron; tikr\u0173j\u0173 XVII am\u017eiaus prad\u017eioje susijung\u0117 \u012f vien\u0105 miest\u0105.<br \/> &Scaron;iuolaikin\u0117 Kroatijos sostin\u0117 &#8211; tai Naujasis miestas su miegamosiomis zonomis ir dangorai\u017eiais ir \u017demutinis miestas, kuriame yra parkai ir sodai, taip pat Auk&scaron;tutinis miestas, kuriame susitelkusios istorin\u0117s ir kult\u016brin\u0117s vert\u0117s gatv\u0117s, aik&scaron;t\u0117s ir pastatai.<br \/> Pamatysime \u012fdomiausius Zagrebo lankytinus objektus. Mergel\u0117s Marijos \u0116mimo \u012f dang\u0173 katedra, kurios statyba prasid\u0117jo XI am\u017eiuje ir laikoma beveik gra\u017eiausia gotikine katedra \u012f pietry\u010dius nuo Alpi\u0173. Lotr&scaron;\u010dak bok&scaron;tas ir &Scaron;v. Marko ba\u017eny\u010dia yra vienas i&scaron; labiausiai atpa\u017e\u012fstam\u0173 Kroatijos sostin\u0117s \u012f\u017eymybi\u0173; pagrindin\u0117 miesto aik&scaron;t\u0117, pavadinta Ban Josip Jelacic vardu.<\/p>\n<p> <strong>Day 3<\/strong><\/p>\n<ul>\n<li>Poilsis prie j\u016bros.<\/li>\n<li>Laisva diena.<\/li>\n<li>Pageidaujantiems si\u016blome ekskursin\u0119 i&scaron;vyk\u0105 laiveliu su i&scaron;kyla (papildomas mokestis).<\/li>\n<li>Gr\u012f\u017etame \u012f apartamentus.<\/li>\n<li>Poilsis.<\/li>\n<li>Nakvyn\u0117 apartamentuose.<\/li>\n<\/ul>\n<p> Malinska, esanti KRK salos vakarin\u0117je pakrant\u0117je, pla\u010diame \u012flankos lanke, apsupta \u017ealumos. Pakrant\u0117je esantis pu&scaron;ynas suteikia malon\u0173 v\u0117sum\u0105 ir apsaug\u0105 nuo saul\u0117s. &Scaron;iose vietose labai \u012fdomu pasivaik&scaron;\u010dioti, o papl\u016bdimiai pelnytai apdovanoti M\u0117lyn\u0105ja v\u0117liava.<br \/> Turite laisv\u0105 dien\u0105, nor\u0117dami pasinerti \u012f kurortinio pietinio miesto atmosfer\u0105, maudytis skaidriuose Adrijos j\u016bros vandenyse, degintis po &scaron;velniu saul\u0117s spinduliu, skaniai pavakarieniauti ir miegoti laukdami kitos dienos.<br \/> Kelion\u0117 laivu patinka visiems: romanti&scaron;ka, nenuilstama ir gra\u017ei. Vis\u0105 dien\u0105 maudymosi kostium\u0117lyje ir skryb\u0117l\u0117je, veid\u0105 atidengdami j\u016bros v\u0117jeliui ir \u017eav\u0117damiesi kra&scaron;tovaizd\u017eiu. Kelion\u0117 vandeniu po Kvarnerio \u012flank\u0105 su vaizdingomis \u012flankomis ir \u017ealiosiomis salomis, taip pat artimas susipa\u017einimas su technikos stebuklu &#8211; garsiuoju 1430 metr\u0173 tiltu, jungian\u010diu Krko sal\u0105 su \u017eemynu, kuris nepaliks abejing\u0173. M\u016bs\u0173 laivelis praeis po tiltu, ir j\u016bs gal\u0117site padaryti ne\u012ftik\u0117tin\u0173 nuotrauk\u0173.<br \/> \u012e program\u0105 taip pat \u012feina sustojimas vienoje i&scaron; rami\u0173 \u012flanku ir skan\u016bs piet\u016bs papl\u016bdimio restorane, kur gal\u0117site paragauti keli\u0173 r\u016b&scaron;i\u0173 &scaron;vie\u017ei\u0173 vietini\u0173 \u017euv\u0173. Ir vis\u0105 dien\u0105 laivo kapitonas norin\u010diuosius vai&scaron;ins vietiniais alkoholiniais g\u0117rimais.<\/p>\n<p> <strong>Day 4<\/strong><\/p>\n<ul>\n<li>Poilsis prie j\u016bros. <\/li>\n<li>Antroje dienos pus\u0117je ekskursin\u0117 i&scaron;vyka \u012f KRK sal\u0105 ir poilsiu \u012fsp\u016bdingame papl\u016bdimyje.<\/li>\n<li>Gr\u012f\u017eimas \u012f apartamentus.<\/li>\n<li>Poilsis.<\/li>\n<li>Nakvyn\u0117 apartamentuose.<\/li>\n<\/ul>\n<p>Kai kuriems \u017emon\u0117ms KRK yra auksin\u0117 sala. Kiti j\u0105 vadina \u017ealia. Abu teis\u016bs. Pirmieji vertina j\u0105 pagal turistines vertybes, o antrieji pagal augalijos gaus\u0105.<br \/> Pagrindinis Krk miestas, turintis t\u0105 pat\u012f trij\u0173 priebalsi\u0173 pavadinim\u0105, tiesiog \u017eavi savo siauromis, gyvybingomis gatvel\u0117mis, kurias dar \u017eygiavo rom\u0117nai, jaukiais Venecijos stiliaus kiemais su g\u0117l\u0117mis ant lang\u0173, vaizdingoje promenadoje, kur vyksta suvenyr\u0173 prekyba. Miestas turtingas prie&scaron;istorini\u0173 Illyrijos, Graikijos ir Romos paminkl\u0173, ta\u010diau, nepaisant nema\u017eo am\u017eiaus, Krkas yra gyvas ir linksmas. Mieste yra daugyb\u0117 \u012fvairi\u0173 parduotuvi\u0173, ger\u0173 \u017euvies restoran\u0173 ir, \u017einoma, parduotuvi\u0173 su naminiais ledais, vadinamais \u201eSladoled\u201c, kuriuos tikrai tur\u0117tum\u0117te i&scaron;bandyti.<br \/> KRK sala gars\u0117ja savo papl\u016bdimiais, kurie i&scaron;siskiria i&scaron; vis\u0173 Kroatijos kurort\u0173. Ekskursija t\u0119siama GrandBa&scaron;ka mieste. Ba&scaron;ka yra \u012f\u017eymi savo sm\u0117l\u0117tais papl\u016bdimiais, skaidriu vandeniu ir \u012fsp\u016bdinga kaln\u0173 panorama. Ekskursijos metu taip pat aplankysime ir Vrbnik miest\u0105. &Scaron;is miestas laikomas kunigaik&scaron;\u010di\u0173 Frankopan lop&scaron;iu, kurie paliko didel\u012f p\u0117dsak\u0105 Kroatijos istorijoje. Vrbnik yra viduram\u017ei\u0173 miestas, pastatytas ant uolos ir yra pla\u010diai pripa\u017eintas, kaip vienas i&scaron; gra\u017eiausi\u0173 viduram\u017ei\u0173 epochos paminkl\u0173.<br \/> Poilsis \u012fsp\u016bdingame papl\u016bdimyje.<\/p>\n<p> <strong>Day 5<\/strong><\/p>\n<ul>\n<li>Poilsis prie j\u016bros arba ekskursin\u0117 i&scaron;vyka \u012f Istrijos pusiasal\u012f, aplankant Rovinj ir Pul\u0105.<\/li>\n<li><em>Kaina asmeniui 30\u20ac. Yra galimyb\u0117 &scaron;i\u0105 ekskursij\u0105 tur\u0117ti NEMOKAMAI ! &Scaron;i ekskursija bus J\u016bs\u0173 grupei DOVANA, jeigu \u012f kelion\u0119 vyks 40 asmen\u0173.<\/em><\/li>\n<li>Gr\u012f\u017eimas \u012f apartamentus.<\/li>\n<li>Poilsis.<\/li>\n<li>Nakvyn\u0117 apartamentuose.<\/li>\n<\/ul>\n<p>Ekskursijos programa prasideda pasivaik&scaron;\u010diojimu po senovin\u012f Rovinjo miest\u0105. &Scaron;iam miestui tinkamiausias apibr\u0117\u017eimas yra \u201epasaki&scaron;kas\u201c. Jos architekt\u016bra yra pasaki&scaron;ka: visos epochos ir stiliai, kuriuos jis mat\u0117 per savo gyvenim\u0105, paliko savo \u017eym\u0119. Jo klimatas yra pasaki&scaron;kas, &scaron;velnus Vidur\u017eemio j\u016bros regionas. Nepaprastai gra\u017ei pakrant\u0117, papuo&scaron;ta sal\u0173 karoliukais, am\u017eiams liks bet kurio \u010dia buvusio \u017emogaus atmintyje. Garsus mokslin\u0117s fantastikos ra&scaron;ytojas \u017diulis Vernas, ie&scaron;kodamas gra\u017ei\u0173 viet\u0173 i&scaron;galvotiems miest\u0173 prototipams, kuriuose gyvena jo k\u016brini\u0173 herojai, pasirinko Rovinj miest\u0105. Apskritai miestas peln\u0117 &scaron;lov\u0119 kaip pats romanti&scaron;kiausias Kroatijoje. O Rovinj galima vadinti itali&scaron;kiausiu Kroatijos miestu. Ir i&scaron; tikr\u0173j\u0173 architekt\u016bra, gyvenimo b\u016bdas, miesto atmosfera labai pana&scaron;\u016bs \u012f pietinius Italijos miestelius.<br \/> Toliau kelion\u0119 t\u0119site \u012f did\u017eiausi\u0105 Istrijos uostamiest\u012f Pul\u0105 \u2013 tai tarptautinis kurortinis miestas.<\/p>\n<p> <strong>Day 6<\/strong><\/p>\n<ul>\n<li>Anksti ryte (~05:00) i&scaron;siregistruojame i&scaron; apartament\u0173.<\/li>\n<\/ul>\n<p><em>Si\u016blome pasirinktinai tur\u0117ti ekskursij\u0105 Brno, Vienoje arba Zagrebe.<br \/> Visai grupei kaina 300\u20ac (~10\u20ac asmeniui).<br \/> Yra galimyb\u0117 &scaron;i\u0105 ekskursij\u0105 tur\u0117ti<br \/> NEMOKAMAI !<br \/> &Scaron;i ekskursija bus J\u016bs\u0173 grupei DOVANA, jeigu \u012f kelion\u0119 vyks 36 asmenys.<\/em><\/p>\n<ul>\n<li>Kelion\u0117 link Lenkijos.<\/li>\n<li>Vykstame \u012f tranzitin\u012f vie&scaron;but\u012f Lenkijos arba \u010cekijos teritorijoje.<\/li>\n<li>\u012esik\u016brimas vie&scaron;butyje.<\/li>\n<li>Nakvyn\u0117 vie&scaron;butyje.<\/li>\n<\/ul>\n<p><strong>Day 7<\/strong><\/p>\n<ul>\n<li>Pusry\u010diai vie&scaron;butyje.<\/li>\n<li>I&scaron;siregistravimas i&scaron; vie&scaron;bu\u010dio.<\/li>\n<li>Kelion\u0117 per Lenkijos teritorij\u0105.<\/li>\n<li>Nakt\u012f\/pary\u010diais atvykstame \u012f Lietuv\u0105.<\/li>\n<\/ul>\n<hr \/>\n<p><strong>\u012e kelion\u0117s kain\u0105 \u012fskai\u010diuota:<\/strong><\/p>\n<hr \/>\n<ul>\n<li>Kelion\u0117 autobusu.<\/li>\n<li>2 nakvyn\u0117s Lenkijoje dvivie\u010diuose kambariuose. <\/li>\n<li>4 nakvyn\u0117s keturvie\u010diuose apartamentuose (du atskiri kambariai, salionas, virtuv\u0117l\u0117, san.mazgas).<\/li>\n<li>Ekskursin\u0117 i&scaron;vyka po KRK sal\u0105.<\/li>\n<li>Kelion\u0117s vadovo\/gido paslaugos.<\/li>\n<li>Kelion\u0117s dokument\u0173 sutvarkymas.<\/li>\n<\/ul>\n<hr \/>\n<p><strong>\u012e kelion\u0117s kain\u0105 ne\u012fskai\u010diuota:<\/strong><\/p>\n<hr \/>\n<p>Privalomi mokes\u010diai:<\/p>\n<p>Turisto mokestis ~8 \u20ac\/visam laikotarpiui (PRIVALOMAS KIEKVIENAM KELIAUTOJUI).<\/p>\n<hr \/>\n<p><strong>Pageidaujant:<\/strong><\/p>\n<hr \/>\n<ul>\n<li>Ekskursija Brno\/Vienoje\/Zagrebe.<\/li>\n<li>Ekskursin\u0117 i&scaron;vyka po Istrijos pusiasal\u012f, aplankant Rovinj ir Pula miestus.<\/li>\n<li>Plaukimas laiveliu su i&scaron;kyla (kaina patikslins kelion\u0117s vadovas kelion\u0117s metu).<\/li>\n<li>Ausinukai ekskursij\u0173 metu (kaina patikslins kelion\u0117s vadovas kelion\u0117s metu).<\/li>\n<li>Vie&scaron;ojo transporto bilietai.<\/li>\n<li>Entrance tickets to attractions.<\/li>\n<li>Sveikatos draudimas.<\/li>\n<li>Jei keliaujate vienas, papildoma priemoka u\u017e vienviet\u012f kambar\u012f.<\/li>\n<\/ul>\n<hr \/>\n<p><strong>Pastabos:<\/strong><\/p>\n<hr \/>\n<ul>\n<li>Kelion\u0117s i&scaron;vykimo, atvykimo ir kiti laikai gali keistis \u2013 patikslinta informacija atsiun\u010diama \u012f elektronin\u012f pa&scaron;t\u0105 (2-3 dienas prie&scaron; kelion\u0119).<\/li>\n<li>Kelionei reikalingas pasas\/asmens tapatyb\u0117s kortel\u0117 (dokumentas turi galioti ne trumpiau nei 6\/3m\u0117n. po kelion\u0117s gr\u012f\u017eimo datos).<\/li>\n<li>U\u017e ekskursijas ar ekskursines i&scaron;vykas ir kitas papildomai mokamas paslaugas galite atsiskaityti kelioni\u0173 organizatoriaus biure arba kelion\u0117s metu kelion\u0117s vadovui. <\/li>\n<li>Lagaminas kuris dedamas \u012f autobuso baga\u017ein\u0119, neturi sverti daugiau nei 25 kg.<\/li>\n<li>Objekt\u0173 lankymo tvarka, skai\u010dius ir \u012f\u0117jimo biliet\u0173 kaina gali keistis.<\/li>\n<li>Muziejuose, ba\u017eny\u010diose ir kituose mokamuose objektuose kelion\u0117s vadovas ekskursij\u0173 neveda.<\/li>\n<li>\u012e\u0117jimo bilietai \u012f mokamas lankytinas vietas n\u0117ra \u012fskai\u010diuoti \u012f kelion\u0117s kain\u0105.<\/li>\n<li>Kelion\u0117s vadovas gali keisti programos eig\u0105.<\/li>\n<li>Kelion\u0117s vadovas (lydintis visos kelion\u0117s metu) informacij\u0105 pateikia lietuvi\u0173 kalba.<\/li>\n<\/ul>\n<hr \/>\n<p><strong>Galimi apgyvendinimai apartamentuose u\u017e papildom\u0105 mokest\u012f:<\/strong><\/p>\n<hr \/>\n<ul>\n<li>Apgyvendinimas 4-vie\u010diuose apartamentuose 3 asmenims ~50 \u20ac\/asm.<\/li>\n<li>Apgyvendinimas 2-vie\u010diuose apartamentuose 2 asmenims ~100 \u20ac\/asm.<\/li>\n<\/ul>","protected":false},"excerpt":{"rendered":"<p>1 diena I&scaron;vykstame i&scaron; j\u016bs\u0173 pasirinkto miesto. Kelion\u0117 per Lenkijos teritorij\u0105. Atvykimas \u012f vie&scaron;but\u012f Lenkijoje arba \u010cekijoje. Poilsis. Nakvy&#8230;<\/p>","protected":false},"featured_media":11885,"comment_status":"open","ping_status":"closed","template":"","meta":{"om_disable_all_campaigns":false,"_monsterinsights_skip_tracking":false,"_monsterinsights_sitenote_active":false,"_monsterinsights_sitenote_note":"","_monsterinsights_sitenote_category":0},"product_brand":[],"product_cat":[669],"product_tag":[],"class_list":{"0":"post-12650","1":"product","2":"type-product","3":"status-publish","4":"has-post-thumbnail","6":"product_cat-keliones","8":"first","9":"instock","10":"virtual","11":"taxable","12":"product-type-simple"},"aioseo_notices":[],"_links":{"self":[{"href":"https:\/\/www.atravel.lt\/en\/wp-json\/wp\/v2\/product\/12650","targetHints":{"allow":["GET"]}}],"collection":[{"href":"https:\/\/www.atravel.lt\/en\/wp-json\/wp\/v2\/product"}],"about":[{"href":"https:\/\/www.atravel.lt\/en\/wp-json\/wp\/v2\/types\/product"}],"replies":[{"embeddable":true,"href":"https:\/\/www.atravel.lt\/en\/wp-json\/wp\/v2\/comments?post=12650"}],"wp:featuredmedia":[{"embeddable":true,"href":"https:\/\/www.atravel.lt\/en\/wp-json\/wp\/v2\/media\/11885"}],"wp:attachment":[{"href":"https:\/\/www.atravel.lt\/en\/wp-json\/wp\/v2\/media?parent=12650"}],"wp:term":[{"taxonomy":"product_brand","embeddable":true,"href":"https:\/\/www.atravel.lt\/en\/wp-json\/wp\/v2\/product_brand?post=12650"},{"taxonomy":"product_cat","embeddable":true,"href":"https:\/\/www.atravel.lt\/en\/wp-json\/wp\/v2\/product_cat?post=12650"},{"taxonomy":"product_tag","embeddable":true,"href":"https:\/\/www.atravel.lt\/en\/wp-json\/wp\/v2\/product_tag?post=12650"}],"curies":[{"name":"wp","href":"https:\/\/api.w.org\/{rel}","templated":true}]}}