{"id":12649,"date":"2026-03-21T15:44:48","date_gmt":"2026-03-21T13:44:48","guid":{"rendered":"https:\/\/www.atravel.lt\/produktas\/legolandas-aplankant-europos-parka-berlyno-zoologijos-soda\/"},"modified":"2026-03-21T15:44:48","modified_gmt":"2026-03-21T13:44:48","slug":"legolandas-aplankant-europos-parka-berlyno-zoologijos-soda","status":"publish","type":"product","link":"https:\/\/www.atravel.lt\/en\/product\/legolandas-aplankant-europos-parka-berlyno-zoologijos-soda\/","title":{"rendered":"LEGOLANDAS, APLANKANT EUROPOS PARK\u0104, BERLYNO ZOOLOGIJOS SOD\u0104"},"content":{"rendered":"<p><strong>1 day<\/strong><\/p>\n<ul>\n<li>I&scaron;vykstame i&scaron; j\u016bs\u0173 pasirinkto miesto.<\/li>\n<li>Kelion\u0117 per Lenkijos teritorij\u0105.<\/li>\n<li>\u012esik\u016brimas vie&scaron;butyje.<\/li>\n<li>Nakvyn\u0117 vie&scaron;butyje.<\/li>\n<\/ul>\n<p><strong>Day 2<\/strong><\/p>\n<ul>\n<li>Pusry\u010diai vie&scaron;butyje.<\/li>\n<li>I&scaron;siregistravimas i&scaron; vie&scaron;bu\u010dio.<\/li>\n<li>Vykstame link Berlyno.<\/li>\n<li>Ekskursija po Berlyno miest\u0105<\/li>\n<li>(\u012f Berlyno centr\u0105 vykstame vie&scaron;uoju transportu u\u017e papildom\u0105 mokest\u012f).<\/li>\n<li>Laisvas laikas arba apsilankymas Berlyno zoologijos sode.<\/li>\n<li>Free time.<\/li>\n<li>Vykstame \u012f vie&scaron;but\u012f.<\/li>\n<li>\u012esik\u016brinimas vie&scaron;butyje.<\/li>\n<li>Poilsis.<\/li>\n<li>Nakvyn\u0117 vie&scaron;butyje.<\/li>\n<\/ul>\n<p>Berlynas &#8211; Vokietijos sostin\u0117, yra patrauklus nepaprastai didele lankytin\u0173 viet\u0173 \u012fvairove, turtingu kult\u016briniu gyvenimu. I&scaron;skirtinis miesto bruo\u017eas \u2013 kontrastai tarp istorini\u0173 pastat\u0173 ir &scaron;iuolaikin\u0117s architekt\u016bros, tradicij\u0173 ir modernumo. Berlyno lankytinos vietos, tokios kaip Brandenburgo vartai ir Federalinio kanclerio tarnybos pastatas, pasakoja visos tautos istorij\u0105. Sostin\u0117je galite pamatyti visus svarbius vyriausybinius pastatus, \u012fskaitant istorin\u012f Reichstag\u0105, Vokietijos parlamento pastat\u0105. Taip pat apsilankysime pa\u010dioje gra\u017eiausioje Gendarmenmarkt Berlyno ai&scaron;kt\u0117je, pamatysime jos nuostab\u0173 architekt\u016brin\u012f kompleks\u0105 ir pa\u010di\u0105 svarbiausi\u0105 &scaron;io miesto koncert\u0173 sal\u0119. &Scaron;iame mieste pasivaik&scaron;\u010diosime po \u012f\u017eymi\u0105 Unter den Linden gatv\u0119 ir pamatysime daug kit\u0173 \u012fsp\u016bding\u0173 objekt\u0173. Po ekskursijos tur\u0117site laisvo laiko ir galimyb\u0117 savaranki&scaron;kai ap\u017ei\u016br\u0117ti miesto \u012f\u017eymybes, prekybos centrus, i&scaron;bandyti tradicin\u0119 vokie\u010di\u0173 virtuv\u0119 arba aplankyti zoologijos sod\u0105.<br \/> Berlyno zoologijos parkas \u2013 pats di\u017eiausias ir moderniausias zoologijos parkas visame pasaulyje, turintis beveik 15 t\u016bkst. gyv\u016bn\u0173. &Scaron;iame zoologijos sode gyv\u016bn\u0173 voljerai sudaryti taip, kad gyv\u016bnai jaust\u0173si patogiai. \u010cia oficialiai leista maitinti gyv\u016bnus specialiu maistu, kur\u012f galima nuspirkti &scaron;alia gyv\u016bn\u0173 voljer\u0173. Taip pat \u010dia ma\u017eiems vaikams sukurtas linksmas ma\u017eas miestelis su kalnais ir atrakcionais.<\/p>\n<p> <strong>Day 3<\/strong><\/p>\n<ul>\n<li>Pusry\u010diai vie&scaron;butyje .<\/li>\n<li>I&scaron;siregistravimas i&scaron; vie&scaron;bu\u010dio.<\/li>\n<li>Vykstame \u012f \u201eLegoland\u0105\u201c Giuncburgo mieste (papildomas mokestis u\u017e \u012f\u0117jimo biliet\u0105).<\/li>\n<li>Vykstame \u012f vie&scaron;but\u012f.<\/li>\n<li>\u012esik\u016brimas vie&scaron;butyje.<\/li>\n<li>Poilsis.<\/li>\n<li>Nakvyn\u0117 vie&scaron;butyje.<\/li>\n<\/ul>\n<p>Atrakcion\u0173 parkas \u2013 Legolandas, Vokietijoje i&scaron;siskiria unikalia architekt\u016bra: visas parkas pastatytas i&scaron; konstruktoriaus. &Scaron;is atrakcion\u0173 parkas toks didelis, kad prilyginamas 26 futbolo stadionams. Parko centre, \u201eMiniland\u201c zonoje galime pamatyti Berlyno kvartalus, Frankfurt aim Main, Amsterdam\u0105 ir kitus \u012f\u017eymius miestus, pastatytus i&scaron; 25 mln. Lego detali\u0173. &Scaron;iame parke yra beveik 50 mln. detali\u0173, tod\u0117l visi zoologijos parko sve\u010diai gal\u0117s patys pam\u0117ginti pastatyti sau norim\u0105 objekt\u0105. Taip pat \u201e Legoland\u201c scenose periodi&scaron;kai vyksta cirko ir teatro pasirodymai.<\/p>\n<p> <strong>Day 4<\/strong><\/p>\n<ul>\n<li>Pusry\u010diai vie&scaron;butyje.<\/li>\n<li>I&scaron;vyka \u012f Europos park\u0105<\/li>\n<li>(papildomas mokestis u\u017e \u012f\u0117jimo biliet\u0105).<\/li>\n<li>Free time.<\/li>\n<li>Sugr\u012f\u017eimas \u012f vie&scaron;but\u012f.<\/li>\n<li>Poilsis.<\/li>\n<li>Nakvyn\u0117 vie&scaron;butyje.<\/li>\n<\/ul>\n<p>Europos parkas \u2013 atidarytas 1975 metais. &Scaron;is parkas yra netoli nuo Vokietijos ir Pranc\u016bzijos sienos, Baden \u2013 Wurttemberg \u017eem\u0117je. &Scaron;io parko sve\u010diai gali per vien\u0105 dien\u0105 aplankyti i&scaron;kart 11 &scaron;ali\u0173., susipa\u017einti &Scaron;veicarija, Ispanija, Graikija, Did\u017ei\u0105ja Britanija, Rusija, Pranc\u016bzija, Olandija, Portugalija ir kitomis standinavijos &scaron;alimis. &Scaron;iadien Europos parke yra beveik 100 tematini\u0173 atrakcion\u0173 ir \u012fvairi\u0173 rengini\u0173, kuriuose dalyvauja \u012fvair\u016bs aktoriai i&scaron; 23 &scaron;ali\u0173.<\/p>\n<p> <strong>Day 5<\/strong><\/p>\n<ul>\n<li>Pusry\u010diai vie&scaron;butyje.<\/li>\n<li>I&scaron;siregistravimas i&scaron; vie&scaron;bu\u010dio.<\/li>\n<li>Vykstame \u012f Niurnberg\u0105.<\/li>\n<li>Ekskursija po miest\u0105.<\/li>\n<li>Free time.<\/li>\n<li>Sugr\u012f\u017eimas \u012f vie&scaron;but\u012f.<\/li>\n<li>Poilsis.<\/li>\n<li>Nakvyn\u0117 vie&scaron;butyje.<\/li>\n<\/ul>\n<p>Niurnbergas \u2013 tai svarbiausias pramoninis miestas piet\u0173 Vokietijoje. Tai vieta kuriame visada &scaron;urmuliuoja gyvyb\u0117. Niurnbergas &#8211; miestas turintis ypating\u0105 atmosfer\u0105 ir jaukum\u0105. &Scaron;i ypatinga miesto dvasia labiausiai jau\u010diame senoje miesto dalyje.<\/p>\n<p> <strong>Day 6<\/strong><\/p>\n<ul>\n<li>Pusry\u010diai vie&scaron;butyje.<\/li>\n<li>I&scaron;siregistravimas i&scaron; vie&scaron;bu\u010dio.<\/li>\n<li>Sugr\u012f\u017etame \u012f Lietuv\u0105.<\/li>\n<li>Atvyksime v\u0117lai vakare\/nakt\u012f.<\/li>\n<\/ul>\n<hr \/>\n<p><strong>\u012e kelion\u0117s kain\u0105 \u012fskai\u010diuota:<\/strong><\/p>\n<hr \/>\n<ul>\n<li>Kelion\u0117 komfortabiliame autobuse.<\/li>\n<li>Kelion\u0117s vadovo paslaugos.<\/li>\n<li>2 nakvyn\u0117s 3* vie&scaron;butyje su pusry\u010diais Lenkijos teritorijoje (dvivie\u010diuose apartmanetuose).<\/li>\n<li>3 nakvyn\u0117s 3* vie&scaron;butyje su pusry\u010diais Vokietijos teritorijoje (dvivie\u010diuose apartmanetuose)<\/li>\n<\/ul>\n<hr \/>\n<p><strong>\u012e kelion\u0117s kain\u0105 ne\u012fskai\u010diuota:<\/strong><\/p>\n<hr \/>\n<ul>\n<li>Jei keliaujate vienas, tuomet bus u\u017e kambar\u012f papildomas 130\u20ac\/asm. mokestis.<\/li>\n<\/ul>\n<p>Ekskursij\u0173 paketas, kur\u012f sudaro:<\/p>\n<ul>\n<li>Ekskursija \u012f Berlyn\u0105.<\/li>\n<li>Ekskursij\u0105 po Niurnberg\u0105.<\/li>\n<li>Ekskursin\u0117 i&scaron;vyka \u012f \u201eLegoland\u201c (suaugusiems &#8211; ~47 \u20ac\/asm., vaikams (3-11 met\u0173) &#8211; ~42 \u20ac\/asm.).<\/li>\n<li>Ekskursin\u0117 i&scaron;vyka \u012f Europos park\u0105 ( \u012f\u0117jimas kartu: suaugusiems &#8211; ~44,50 \u20ac\/asm., vaikams (4-11 met\u0173) &#8211; ~ 38,50 \u20ac\/asm.).<\/li>\n<\/ul>\n<hr \/>\n<p><strong>Pastabos:<\/strong><\/p>\n<hr \/>\n<ul>\n<li>U\u017e perve\u017eim\u0105 ir kitas papildomai mokamas paslaugas turite atsiskaityti kelioni\u0173 organizatoriaus biure, ne v\u0117liau nei 30 dien\u0173 iki kelion\u0117s prad\u017eios.<\/li>\n<li>Kelionei reikalingas PASAS (galiojantys ne trumpiau nei 6 m\u0117nesius po kelion\u0117s gr\u012f\u017eimo).<\/li>\n<li>The tour is organised on scheduled flights, so the organiser may cancel the booking or offer a surcharge due to the cost of air tickets. If the traveller does not accept the surcharge, the money will be refunded.<\/li>\n<li>Jei l\u0117ktuvo bilietai nupirkti &#8211; kelion\u0117s at&scaron;aukimas NEGALIMAS, pinigai negr\u0105\u017einami. Keliautojo vardo ir pavard\u0117s keitimas kainuoja papildomai (~110 \u20ac\/asm.).<\/li>\n<li>Skryd\u017eio laikas gali keistis priklausomai nuo skryd\u017eio bendrov\u0117s s\u0105lyg\u0173.<\/li>\n<li>Kelion\u0117s i&scaron;vykimo ir atvykimo laikai gali keistis \u2013 tiksli informacija atsiun\u010diama \u012f elektronin\u012f pa&scaron;t\u0105 likus 2-3 darbo dienoms iki kelion\u0117s prad\u017eios.<\/li>\n<li>Visi papildomi mokami \u012f\u0117jimo bilietai \u012f muziejus, ba\u017eny\u010dias ir pan. apmokami pa\u010di\u0173 keliautoj\u0173.<\/li>\n<li>Muziejuose, ba\u017eny\u010diose ir kituose mokamuose objektuose kelion\u0117s vadovas keliautoj\u0173 nelydi ir ekskursij\u0173 neveda.<\/li>\n<li>Ausinukai ekskursij\u0173 metu (pageidaujant) mokami papildomai.<\/li>\n<li>Kelion\u0117s vadovas (lydintis visos kelion\u0117s metu) informacij\u0105 pateikia rus\u0173 kalba.<\/li>\n<li>Kelion\u0117s vadovas gali keisti programos eig\u0105.<\/li>\n<\/ul>","protected":false},"excerpt":{"rendered":"<p>1 diena I&scaron;vykstame i&scaron; j\u016bs\u0173 pasirinkto miesto. Kelion\u0117 per Lenkijos teritorij\u0105. \u012esik\u016brimas vie&scaron;butyje. Nakvyn\u0117 vie&scaron;butyje. 2 diena Pu&#8230;<\/p>","protected":false},"featured_media":11884,"comment_status":"open","ping_status":"closed","template":"","meta":{"om_disable_all_campaigns":false,"_monsterinsights_skip_tracking":false,"_monsterinsights_sitenote_active":false,"_monsterinsights_sitenote_note":"","_monsterinsights_sitenote_category":0},"product_brand":[],"product_cat":[669],"product_tag":[],"class_list":{"0":"post-12649","1":"product","2":"type-product","3":"status-publish","4":"has-post-thumbnail","6":"product_cat-keliones","8":"first","9":"instock","10":"virtual","11":"taxable","12":"product-type-simple"},"aioseo_notices":[],"_links":{"self":[{"href":"https:\/\/www.atravel.lt\/en\/wp-json\/wp\/v2\/product\/12649","targetHints":{"allow":["GET"]}}],"collection":[{"href":"https:\/\/www.atravel.lt\/en\/wp-json\/wp\/v2\/product"}],"about":[{"href":"https:\/\/www.atravel.lt\/en\/wp-json\/wp\/v2\/types\/product"}],"replies":[{"embeddable":true,"href":"https:\/\/www.atravel.lt\/en\/wp-json\/wp\/v2\/comments?post=12649"}],"wp:featuredmedia":[{"embeddable":true,"href":"https:\/\/www.atravel.lt\/en\/wp-json\/wp\/v2\/media\/11884"}],"wp:attachment":[{"href":"https:\/\/www.atravel.lt\/en\/wp-json\/wp\/v2\/media?parent=12649"}],"wp:term":[{"taxonomy":"product_brand","embeddable":true,"href":"https:\/\/www.atravel.lt\/en\/wp-json\/wp\/v2\/product_brand?post=12649"},{"taxonomy":"product_cat","embeddable":true,"href":"https:\/\/www.atravel.lt\/en\/wp-json\/wp\/v2\/product_cat?post=12649"},{"taxonomy":"product_tag","embeddable":true,"href":"https:\/\/www.atravel.lt\/en\/wp-json\/wp\/v2\/product_tag?post=12649"}],"curies":[{"name":"wp","href":"https:\/\/api.w.org\/{rel}","templated":true}]}}