{"id":12648,"date":"2026-03-21T15:44:48","date_gmt":"2026-03-21T13:44:48","guid":{"rendered":"https:\/\/www.atravel.lt\/produktas\/praha-karlovy-vary\/"},"modified":"2026-03-21T15:44:48","modified_gmt":"2026-03-21T13:44:48","slug":"praha-karlovy-vary","status":"publish","type":"product","link":"https:\/\/www.atravel.lt\/en\/product\/praha-karlovy-vary\/","title":{"rendered":"PRAHA \u2013 KARLOVY VARY"},"content":{"rendered":"<p><strong>1 day<\/strong><\/p>\n<ul>\n<li>Anksti ryte i&scaron;vykstame i&scaron; j\u016bs\u0173 pasirinkto miesto.<\/li>\n<li>Kelion\u0117 per Lietuvos ir Lenkijos teritorij\u0105.<\/li>\n<li>Vykstame \u012f Var&scaron;uv\u0105<\/li>\n<li>Ekskursija po Var&scaron;uvos senamiest\u012f.<\/li>\n<li>Nakvyn\u0117 Lenkijoje.<\/li>\n<li>Poilsis.<\/li>\n<li>Nakvyn\u0117 vie&scaron;butyje.<\/li>\n<\/ul>\n<p>Var&scaron;uva \u2014 tai Lenkijos sostin\u0117 ir did\u017eiausias miestas, \u012fsik\u016br\u0119s &scaron;alies centrin\u0117je dalyje, Mazovijoje, prie Vyslos up\u0117s (1,7 mln. gyventoj\u0173). Var&scaron;uva yra Lenkijos politinis, ekonominis ir kult\u016brinis centras. \u010cia \u012fsik\u016brusios pagrindin\u0117s vald\u017eios \u012fstaigos \u2014 Lenkijos parlamento, prezidento ir centrin\u0117s vald\u017eios \u012fstaig\u0173 buvein\u0117s. Pirmoji \u012ftvirtinta gyvenviet\u0117 Brodno dabartin\u0117s Var&scaron;uvos teritorijoje buvo \u012fkurta IX a. 1596 m. \u012f Var&scaron;uv\u0105 buvo perkelta \u017de\u010dpospolitos sostin\u0117 \u2014 miestas tapo oficialia Lenkijos ir Lietuvos valdovo rezidencija. II Pasaulinio karo metu Var&scaron;uva beveik visi&scaron;kai buvo sugriauta \u2014 liko tik apie 20 % pastat\u0173. Beveik visas dabartinis senamiestis atstatytas po karo.<\/p>\n<p> <strong>Day 2<\/strong><\/p>\n<ul>\n<li>Pusry\u010diai vie&scaron;butyje.<\/li>\n<li>I&scaron;siregistravimas i&scaron; vie&scaron;bu\u010dio.<\/li>\n<li>Vykstame \u012f Prah\u0105.<\/li>\n<li>Ekskursij\u0105 p\u0117s\u010diomis po Prahos senamiest\u012f.<\/li>\n<li>Laisvas laikas po ekskursijos.<\/li>\n<li>Vykstame \u012f vie&scaron;but\u012f.<\/li>\n<li>\u012esik\u016brimas.<\/li>\n<li>Pageidaujantiems vakare u\u017e papildom\u0105 mokest\u012f si\u016blome pasiplaukiojim\u0105 Vlatos upe su vakariene 30 \u20ac\/asm. (apmokama kelion\u0117s metu).<\/li>\n<li>Pageidaujantiems si\u016blome ekskursij\u0105 &#8222;Prahos legendos&#8221; (papildomas mokestis -10 \u20ac\/asm.)<\/li>\n<li>Poilsis.<\/li>\n<li>Nakvyn\u0117 vie&scaron;butyje.<\/li>\n<\/ul>\n<p>Pa\u017eint\u012f su &scaron;iuo viduram\u017ei\u0173 miestu prad\u0117sime nuo Prahos Hrado, anks\u010diau buvusi karali\u0173, rezidencija, aplankysime &Scaron;v. Vito Katedr\u0105 \u2013 \u017einomiausi\u0105 \u010cekijos architekt\u016bros paminkl\u0105, pastatyta ant auk&scaron;\u010diausios miesto kalvos. Pa\u017eint\u012f su Prahos gotikos stebuklais t\u0119sime aplankydami &Scaron;v. Georgijaus bazilika. Dailiuoju Karlo tiltu trauksime per Vlatvos up\u0119. Nepamir&scaron;kite sugalvoti noro prie &Scaron;v. Jono Nepomuko paminklo! Siauromis Mala Strana gatvel\u0117mis pasieksime Rotu&scaron;\u0117s aik&scaron;t\u0119 su garsiuoju, ilgiausiai pasaulyje veikian\u010diu astronominiu. Keliausime link baroko perlo &#8211; &Scaron;v. Nikolajaus ba\u017eny\u010dios, aplankysime paminkl\u0105 garsiam \u010dek\u0173 tautos didvyriui Janui Husui, &Scaron;v\u010d. Mergel\u0117s Marijos Nugal\u0117tojos ba\u017eny\u010di\u0105, saugan\u010di\u0105 va&scaron;kin\u0119 K\u016bdik\u0117lio J\u0117zaus statul\u0105, apsaugojusi Prah\u0105 nuo maro ir sunaikinimo. <\/p>\n<p> <strong>Day 3<\/strong><\/p>\n<ul>\n<li>Pusry\u010diai vie&scaron;butyje.<\/li>\n<li>I&scaron;siregistravimas i&scaron; vie&scaron;bu\u010dio.<\/li>\n<li>Ekskursin\u0117 i&scaron;vyka \u012f Loket pil\u012f (\u012f\u0117jimo \u012f pil\u012f bilietai apmokami pa\u010di\u0173 keliautoj\u0173).<\/li>\n<li>Ekskursin\u0117 i&scaron;vyka \u012f Karlovy Vary.<\/li>\n<li>I&scaron;vykstame link Lenkijos.<\/li>\n<li>\u012esik\u016brimas.<\/li>\n<li>Poilsis.<\/li>\n<li>Nakvyn\u0117 vie&scaron;butyje.<\/li>\n<\/ul>\n<p>Loket pilis yra \u010cekijos vakaruose, netoli Karlovy Vary kurorto, ant Oh\u0159e up\u0117s kranto. Pirm\u0105 kart\u0105 istoriniuose dokumentuose Loketo pilis pamin\u0117ta 1234 m., \u010dia taip pat buvo filmuojamas \u201eCasino Royal\u201c filmas.<br \/> Karlovy Vary \u2013 jaukus mineralini\u0173 vanden\u0173 kurortas, \u012fsik\u016br\u0119s Teplos up\u0117s sl\u0117nyje, &scaron;alies &scaron;iaur\u0117s vakaruose, netoli Vokietijos sienos. Kalno pap\u0117d\u0117je esantis miestelis pasaulin\u0119 &scaron;lov\u0119 peln\u0117, kuomet buvo atrastos unikalios \u010dia pat tryk&scaron;tan\u010dio mineralinio vandens gydomosios savyb\u0117s. Kar&scaron;\u010diausio, \u201cpulsuojan\u010dio\u201d &scaron;altinio &#8211; Geizerio &#8211; vanduo naudojamas ne vien g\u0117rimui, bet ir voni\u0173 proced\u016broms.<\/p>\n<p> <strong>Day 4<\/strong><\/p>\n<ul>\n<li>Pusry\u010diai vie&scaron;butyje.<\/li>\n<li>I&scaron;siregistravimas i&scaron; vie&scaron;bu\u010dio.<\/li>\n<li>Kelion\u0117 per Lenkijos teritorij\u0105.<\/li>\n<li>Nakt\u012f atvykstame \u012f namus.<\/li>\n<\/ul>\n<hr \/>\n<p><strong>\u012e kelion\u0117s kain\u0105 \u012fskai\u010diuota:<\/strong><\/p>\n<hr \/>\n<ul>\n<li>Kelion\u0117 autobusu.<\/li>\n<li>3 nakvyn\u0117s vie&scaron;butyje su pusry\u010diai.<\/li>\n<li>Ekskursija Prahoje<\/li>\n<li>Ekskursija Drezdene.<\/li>\n<li>I&scaron;vyka \u012f Loket pil\u012f.<\/li>\n<li>I&scaron;vyka \u012f Karlovy Vary<\/li>\n<li>Kelion\u0117s vadovo-gido paslaugos.<\/li>\n<li>Kelion\u0117s dokument\u0173 sutvarkymas.<\/li>\n<\/ul>\n<hr \/>\n<p><strong>\u012e kelion\u0117s kain\u0105 ne\u012fskai\u010diuota:<\/strong><\/p>\n<hr \/>\n<ul>\n<li>Pasiplaukiojimas Vlatavos upe su vakariene \u2013 30 \u20ac\/asm. (PAGEIDAUJANT)<\/li>\n<li>Vakarin\u0117 ekskursija \u201ePrahos legendos\u201c \u2013 30 \u20ac\/asm. (PAGEIDAUJANT)<\/li>\n<li>TURISTO MOKESTIS (gyvenant Prahoje) \u2013 nuo 2\u20ac\/asm.\/naktis<\/li>\n<li>Jei keliaujate vienas \u2013 75 \u20ac\/asm priemoka u\u017e vienviet\u012f kambar\u012f (jei keliaujate trise, persp\u0117kite kelioni\u0173 agent\u016br\u0105, kad pasir\u016bpint\u0173 papildoma lova J\u016bs\u0173 dvivie\u010diame kambaryje).<\/li>\n<li>Sveikatos draudimas kelion\u0117s metu.<\/li>\n<li>Papildomai mokamiems objektams reikia tur\u0117ti ~20 \u20ac\/asm.<\/li>\n<\/ul>\n<hr \/>\n<p><strong>Pastabos:<\/strong><\/p>\n<hr \/>\n<ul>\n<li>*Kelion\u0117s i&scaron;vykimo, atvykimo ir kiti laikai gali keistis \u2013 patikslinta informacija atsiun\u010diama \u012f elektronin\u012f pa&scaron;t\u0105 (2-3 dienas prie&scaron; kelion\u0119).<\/li>\n<li>Kelionei reikalingas pasas\/asmens tapatyb\u0117s kortel\u0117 (dokumentas turi galioti ne trumpiau nei 3 m\u0117n. po kelion\u0117s gr\u012f\u017eimo).<\/li>\n<li>Lagaminas kuris dedamas \u012f autobuso baga\u017ein\u0119, neturi sverti daugiau nei 25 kg. <\/li>\n<li>Visos ekskursijos vedamos lietuvi\u0173 kalba.<\/li>\n<li>Objekt\u0173 lankymo tvarka, skai\u010dius ir \u012f\u0117jimo biliet\u0173 kaina gali keistis.<\/li>\n<li>Muziejuose, ba\u017eny\u010diose ir kituose mokamuose objektuose kelion\u0117s vadovas ekskursij\u0173 neveda.<\/li>\n<li>\u012e\u0117jimo bilietai \u012f mokamas lankytinas vietas n\u0117ra \u012fskai\u010diuoti \u012f kelion\u0117s kain\u0105.<\/li>\n<li>Kelion\u0117s vadovas gali keisti programos eig\u0105.<\/li>\n<li>Kelion\u0117s vadovas (lydintis visos kelion\u0117s metu) informacij\u0105 pateikia lietuvi\u0173 kalba.<\/li>\n<\/ul>","protected":false},"excerpt":{"rendered":"<p>1 diena Anksti ryte i&scaron;vykstame i&scaron; j\u016bs\u0173 pasirinkto miesto. Kelion\u0117 per Lietuvos ir Lenkijos teritorij\u0105. Vykstame \u012f Var&scaron;uv\u0105 Ekskursija po Var&#8230;<\/p>","protected":false},"featured_media":11883,"comment_status":"open","ping_status":"closed","template":"","meta":{"om_disable_all_campaigns":false,"_monsterinsights_skip_tracking":false,"_monsterinsights_sitenote_active":false,"_monsterinsights_sitenote_note":"","_monsterinsights_sitenote_category":0},"product_brand":[],"product_cat":[669],"product_tag":[],"class_list":{"0":"post-12648","1":"product","2":"type-product","3":"status-publish","4":"has-post-thumbnail","6":"product_cat-keliones","8":"first","9":"instock","10":"virtual","11":"taxable","12":"product-type-simple"},"aioseo_notices":[],"_links":{"self":[{"href":"https:\/\/www.atravel.lt\/en\/wp-json\/wp\/v2\/product\/12648","targetHints":{"allow":["GET"]}}],"collection":[{"href":"https:\/\/www.atravel.lt\/en\/wp-json\/wp\/v2\/product"}],"about":[{"href":"https:\/\/www.atravel.lt\/en\/wp-json\/wp\/v2\/types\/product"}],"replies":[{"embeddable":true,"href":"https:\/\/www.atravel.lt\/en\/wp-json\/wp\/v2\/comments?post=12648"}],"wp:featuredmedia":[{"embeddable":true,"href":"https:\/\/www.atravel.lt\/en\/wp-json\/wp\/v2\/media\/11883"}],"wp:attachment":[{"href":"https:\/\/www.atravel.lt\/en\/wp-json\/wp\/v2\/media?parent=12648"}],"wp:term":[{"taxonomy":"product_brand","embeddable":true,"href":"https:\/\/www.atravel.lt\/en\/wp-json\/wp\/v2\/product_brand?post=12648"},{"taxonomy":"product_cat","embeddable":true,"href":"https:\/\/www.atravel.lt\/en\/wp-json\/wp\/v2\/product_cat?post=12648"},{"taxonomy":"product_tag","embeddable":true,"href":"https:\/\/www.atravel.lt\/en\/wp-json\/wp\/v2\/product_tag?post=12648"}],"curies":[{"name":"wp","href":"https:\/\/api.w.org\/{rel}","templated":true}]}}