{"id":12647,"date":"2026-03-21T15:44:48","date_gmt":"2026-03-21T13:44:48","guid":{"rendered":"https:\/\/www.atravel.lt\/produktas\/kruizas-talinas-helsinkis-visbis\/"},"modified":"2026-03-21T15:44:48","modified_gmt":"2026-03-21T13:44:48","slug":"kruizas-talinas-helsinkis-visbis","status":"publish","type":"product","link":"https:\/\/www.atravel.lt\/en\/product\/kruizas-talinas-helsinkis-visbis\/","title":{"rendered":"KRUIZAS: TALINAS &#8211; HELSINKIS &#8211; VISBIS"},"content":{"rendered":"<p><strong>1 day<\/strong><\/p>\n<ul>\n<li>Vakare i&scaron;vykimas i&scaron; Lietuvos (i&scaron; j\u016bs\u0173 pasirinkto miesto).<\/li>\n<li>Kelion\u0117 per Latvijos ir Estijos teritorijas.<\/li>\n<li>Naktis autobuse.<\/li>\n<\/ul>\n<p><strong>Day 2<\/strong><\/p>\n<ul>\n<li>Atvykimas \u012f Talino j\u016br\u0173 uost\u0105.<\/li>\n<li> ~07:00 val. i&scaron;plaukimas keltu \u012f Helsink\u012f (Suomija).<\/li>\n<li>Pageidaujantys kelte gal\u0117s papusry\u010diauti (u\u017e papildom\u0105 mokest\u012f).<\/li>\n<li>~10:00 atvykimas \u012f Helsink\u012f.<\/li>\n<li>Ekskursija autobusu bei p\u0117s\u010diomis po Helsinkio miest\u0105.<\/li>\n<li>Vykstame \u012f uost\u0105.<\/li>\n<li>Registracija \u012f kruizin\u012f laiv\u0105 (Viking Line).<\/li>\n<li>~16:00 i&scaron;plaukimas \u012f Visb\u012f.<\/li>\n<li>Vakarien\u0117 kelte (privalomas mokestis &#8211; neprivaloma tik, jeigu \u012fsigyta vakarien\u0117 3 kelion\u0117s dien\u0105).<\/li>\n<li>Vakarin\u0117 nemokama programa kelte.<\/li>\n<li>Nakvyn\u0117 keturviet\u0117se kelto kajut\u0117se.<\/li>\n<\/ul>\n<p>Pa\u017eintis su Helsinkiu &#8211; dar XVI am\u017eiuje i&scaron;kilusiu miestu \u2013 daugyb\u0117 uost\u0173, garsusis senasis turgus Kauppatorri, kuriame d\u0117mes\u012f patrauks suvenyrai i&scaron; elnio kailio ir rag\u0173, gars\u016bs kaili\u0173 gaminiai ir suomi&scaron;ki peiliai, pamatysime seniausi\u0105 dengt\u0105 Helsingforso turg\u0173. &#8211; Kauppahalli, kur kartu su daugybe \u017euvies skan\u0117st\u0173 gal\u0117site paragauti tiek me&scaron;kienos, tiek elnienos. Kelion\u0119 t\u0119sime esplanada \u2013 Helsinkio gyventoj\u0173 ir Suomijos sostin\u0117s sve\u010di\u0173 pam\u0117gta pasivaik&scaron;\u010diojimo vieta. Susipa\u017einsime su daugybe Helsinkio paminkl\u0173 \u2013 tiek rimt\u0173, kaip paminklas Jeanui Sibeliui, Aleksandrui II, senatoriui Michelinui, visuomen\u0117s veik\u0117jui Snelmanui, ir visi&scaron;kai romanti&scaron;ku &#8211; paminklu motinos meilei. Ap\u017evalgin\u0117s ekskursijos metu gro\u017e\u0117sit\u0117s unikalios Suomijos sostin\u0117s architekt\u016bros vaizdais \u2013 garsiuoju Senato aik&scaron;t\u0117s ansambliu, parod\u0173 sale \u201eSuomija\u201c, garsi\u0105ja uoloje esan\u010dia ba\u017eny\u010dia. Laisvalaikiu gal\u0117site aplankyti 7 j\u016br\u0173 muziej\u0173 \u201eJ\u016bros gyvenimas\u201c, Pinig\u0173 muziej\u0173 ar vien\u0105 did\u017eiausi\u0173 sta\u010diatiki\u0173 ba\u017eny\u010di\u0173 &Scaron;iaur\u0117s Europoje.<\/p>\n<p> <strong>Day 3<\/strong><\/p>\n<ul>\n<li>Pusry\u010diai kelte (privalomas mokestis &#8211; neprivaloma tik, jeigu \u012fsigyti pusry\u010diai 4 kelion\u0117s dien\u0105).<\/li>\n<li>~09:00 val. (vietos laiku) atvykimas \u012f Visb\u012f (daiktus gal\u0117site palikti savo kajut\u0117je, nes atgal gr\u012f&scaron;ite tuo pa\u010diu laivu, tose pa\u010diose kajut\u0117se).<\/li>\n<li>Ap\u017evalgin\u0117 ekskursija po Visb\u012f.<\/li>\n<li>Gr\u012f\u017eimas \u012f uost\u0105 ir registracija \u012f t\u0105 pat\u012f kruizin\u012f laiv\u0105, kuriuo atplauk\u0117te.<\/li>\n<li>~17:00 val. i&scaron;plaukimas atgal \u012f Helsink\u012f.<\/li>\n<li>Vakarien\u0117 kelte (privalomas mokestis &#8211; neprivaloma tik, jeigu \u012fsigyta vakarien\u0117 2 kelion\u0117s dien\u0105).<\/li>\n<li>Vakarin\u0117 nemokama programa kelte.<\/li>\n<li>Nakvyn\u0117 keturviet\u0117se kelto kajut\u0117se.<\/li>\n<\/ul>\n<p>Visbis \u2013 miestas &Scaron;vedijos pietry\u010diuose, \u012fsik\u016br\u0119s Baltijos j\u016broje, Gotlando saloje. Tai vienas seniausi\u0173 miest\u0173 Skandinavijoje, \u012fkurtas viking\u0173, Hanzos s\u0105jungos centras Baltijoje nuo XII iki XIVa. Visbis yra turb\u016bt geriausiai i&scaron;silaik\u0119s viduram\u017ei\u0173 miestas &Scaron;iaur\u0117s Europoje ir 1995 m. buvo \u012ftrauktas \u012f UNESCO Pasaulio paveldo s\u0105ra&scaron;\u0105. &Scaron;i\u0105 viet\u0105 labiausiai garsina 3,4 km ilgio akmenin\u0117 siena, vadinama Ringmuren (\u201e\u017diedo siena\u201c), kuri juosia senamiest\u012f ir ba\u017eny\u010diosliekanas.<br \/> \u017dodis \u201eVisbis&#8221; kilo i&scaron; senosios skandinav\u0173 kalbos \u017eod\u017ei\u0173 Vis, rei&scaron;kian\u010dio aukojimo viet\u0105, ir b&aelig;r \u2013 \u201esodyba\u201c ar \u201egyvenviet\u0117\u201c. Visbyje gyvena 22 236 \u017emoni\u0173 (2005 m.) ir Gotlando grafyst\u0117s gubernatoriaus rezidencija. Kaip ir kiti &Scaron;vedijos miestai, Visbis neturi savivaldos, o yra integruotas \u012f Gotlando savivaldyb\u0119. Apie seniaus\u0105 Visbio praeit\u012f nieko ne\u017einoma, bet ai&scaron;ku, kad apie 900 m. tai buvo prekybos centras. Jame \u017emon\u0117s gyveno nuo akmens am\u017eiaus, tikriausiai d\u0117l nat\u016bralaus uosto ir greta esan\u010dio g\u0117lo vandens.<\/p>\n<p> <strong>Day 4<\/strong><\/p>\n<ul>\n<li>Pusry\u010diai kelte (privalomas mokestis &#8211; neprivaloma tik, jeigu \u012fsigyti pusry\u010diai 3 kelion\u0117s dien\u0105).<\/li>\n<li>~13:45 val. atvykimas \u012f Helsink\u012f.<\/li>\n<li>I&scaron;vykimas keltu \u012f Talin\u0105 (Eckero line).<\/li>\n<li>~15:45 val. i&scaron;plaukimas \u012f Talin\u0105.<\/li>\n<li>~18:00 val. Talino terminalas.<\/li>\n<li>Ap\u017evalgin\u0117 ekskursija p\u0117s\u010diomis po Talino senamiest\u012f.<\/li>\n<li>Kelion\u0117 autobusu atgal \u012f Lietuv\u0105.<\/li>\n<li>Nakt\u012f gr\u012f\u017eimas \u012f Panev\u0117\u017e\u012f\/Kaun\u0105\/Vilni\u0173. <\/li>\n<\/ul>\n<p>Nedaug miest\u0173 gali pasigirti savo istorija, ta\u010diau lankantis Estijoje ne\u012fmanoma neaplankyti Talino. &Scaron;is miestas yra ne\u012ftik\u0117tinai gra\u017eus. Vaik&scaron;\u010diodami po Talin\u0105 i&scaron;girsite pasakojim\u0105 apie 800 met\u0173 miesto istorij\u0105, pamatysite sta\u010diatiki\u0173 Aleksandro Nevskio katedr\u0105, kurioje savo karjer\u0105 prad\u0117jo patriarchas Aleksijus II. Marijos katedra d\u017eiugins savo puo&scaron;numu, joje ilsisi Ivano Fedorovi\u010diaus Krusen&scaron;terno pelenai, o &Scaron;v. Olafo ba\u017eny\u010dia kadaise buvo did\u017eiausiu pastatu pasaulyje. &Scaron;ventosios Dvasios ba\u017eny\u010dia pastatyta XIV am\u017eiuje, joje yra XV a. altorius. Pasigro\u017e\u0117site miestu nuo ap\u017evalgos aik&scaron;teli\u0173, sugalvosite nor\u0105 Domo ba\u017eny\u010dioje, su\u017einosite &Scaron;ventosios Dvasios ba\u017eny\u010dios ir Niguliste istorij\u0105, pamatysite vien\u0105 seniausi\u0173 Europoje Rotu&scaron;\u0119. Pasivaik&scaron;\u010diosite Ilgosios ir Trumposios kojos gatv\u0117mis, su\u017einosite apie Juodagalvi\u0173 brolij\u0105 ir Did\u017ei\u0105j\u0105 gildij\u0105. Patirsite nepamir&scaron;tam\u0173 kelioni\u0173 \u012fsp\u016bd\u017ei\u0173. Vaik&scaron;\u010diodami akmenimis gr\u012fstomis senojo Talino gatv\u0117mis m\u0117gausit\u0117s vargon\u0173 garsais, sklindan\u010diais i&scaron; sen\u0173j\u0173 ba\u017eny\u010di\u0173. Atkreipkite d\u0117mes\u012f \u012f varp\u0173 skamb\u0117jim\u0105 ir sen\u0173 nam\u0173 stogus, kur i&scaron;vysite gra\u017eiausius v\u0117trungius.<\/p>\n<hr \/>\n<p><strong>\u012e kelion\u0117s kain\u0105 \u012fskai\u010diuota:<\/strong><\/p>\n<hr \/>\n<ul>\n<li>Kelto bilietai: Talinas \u2013 Helsinkis \u2013 Talinas.<\/li>\n<li>2 nakvyn\u0117s B klas\u0117s kelto kajut\u0117je (keturviet\u0117, su WC ir du&scaron;u) Helsinkis \u2013 Visbis \u2013 Helsinkis.<\/li>\n<li>Yra galimyb\u0117 pasirinkti kajutes klas\u0119 ir joje gyvenan\u010di\u0173 \u017emoni\u0173 skai\u010di\u0173 (teirautis agent\u016broje).<\/li>\n<li>1 pasirinkti pusry\u010diai kelte: Helsinkis \u2013 Visbis \u2013 Helsinkis (3-i\u0105 arba 4-\u0105 kelion\u0117s dien\u0105).<\/li>\n<li>1 pasirinkta vakarien\u0117 kelte: Helsinkis \u2013 Visbis \u2013 Helsinkis (2-\u0105 arba 3-i\u0105 dien\u0105 kelion\u0117s dien\u0105).<\/li>\n<li>Vakarin\u0117 &scaron;ou programa kelte.<\/li>\n<li>Kelion\u0117s vadovo paslaugos.<\/li>\n<li>Kelion\u0117s dokument\u0173 sutvarkymas.<\/li>\n<\/ul>\n<hr \/>\n<p><strong>\u012e kelion\u0117s kain\u0105 ne\u012fskai\u010diuota:<\/strong><\/p>\n<hr \/>\n<p>Ekskursij\u0173 ir perve\u017eim\u0173 paketas u\u017e 69 \u20ac, kur\u012f sudaro:<\/p>\n<ul>\n<li>Ekskursija po Talin\u0105.<\/li>\n<li>Ekskursija po Helsink\u012f.<\/li>\n<li>Ekskursija po Visb\u012f.<\/li>\n<li>Perve\u017eimai Lietuva (Vilnius, Kaunas, Panev\u0117\u017eys) \u2013 Estija \u2013 Lietuva (Panev\u0117\u017eys, Kaunas, Vilnius).<\/li>\n<\/ul>\n<hr \/>\n<p><strong>Pageidaujantiems:<\/strong><\/p>\n<hr \/>\n<ul>\n<li>Perve\u017eimas: Lietuva (Vilnius, Kaunas, Panev\u0117\u017eys) \u2013 Estija \u2013 Lietuva (Panev\u0117\u017eys, Kaunas, Vilnius) \u2013 (NEPERKANT EKSKURSIJ\u0172 PAKETO).<\/li>\n<li>Fiksuota vieta autobuse \u2013 15 \u20ac\/asm.<\/li>\n<li>Entrance tickets to attractions.<\/li>\n<\/ul>\n<p>Maitinimas kelte: Talinas \u2013 Helsinkis u\u017esakant i&scaron; anksto, d\u0117l tiksli\u0173 priemok\u0173 kain\u0173 teirautis kelioni\u0173 organizatoriaus:<\/p>\n<ul>\n<li>Vieni pusry\u010diai ~18 \u20ac\/asm.\/suaugusiam (u\u017esakant kelte ~ 20 \u20ac).<\/li>\n<li>Vieni pusry\u010diai ~9 \u20ac\/asm.\/vaikui nuo 12 iki 17 m. (u\u017esakant kelte ~ 10 \u20ac).<\/li>\n<li>Vieni pusry\u010diai ~6 \u20ac\/asm.\/vaikui nuo 6 iki 11 m. (u\u017esakant kelte ~ 7 \u20ac).<\/li>\n<li>Nemokami pusry\u010diai kelte nuo 0 iki 5 m. (u\u017esakant bent 1 suaugusiam) .<\/li>\n<\/ul>\n<p>Maitinimas kelte : Helsinkis \u2013 Visbis \u2013 Helsinkis <br \/> u\u017esakant i&scaron; anksto, d\u0117l tiksli\u0173 priemok\u0173 kain\u0173 teirautis kelioni\u0173 organizatoriaus:<\/p>\n<ul>\n<li>Vieni pusry\u010diai: ~15 \u20ac\/asm.\/suaugusiam (u\u017esakant kelte ~ 17 \u20ac).<\/li>\n<li>Vieni pusry\u010diai: ~8 \u20ac\/asm.\/vaikui nuo 12 iki 17 m. (u\u017esakant kelte ~ 9 \u20ac).<\/li>\n<li>Vieni pusry\u010diai: ~5 \u20ac\/asm.\/vaikui nuo 6 iki 11 m. (u\u017esakant kelte ~ 6 \u20ac).<\/li>\n<li>Nemokami pusry\u010diai kelte nuo 0 iki 5 m. (u\u017esakant bent 1 suaugusiam) .<\/li>\n<\/ul>\n<p>Viena vakarien\u0117:<\/p>\n<ul>\n<li>~41 \u20ac\/asm.\/suaugusiam (u\u017esakant kelte ~ 43 \u20ac).<\/li>\n<li>~15 \u20ac\/asm.\/vaikui nuo 12 iki 17 m. (u\u017esakant kelte ~ 16 \u20ac).<\/li>\n<li>~7 \u20ac\/asm.\/vaikui nuo 6 iki 11 m. (u\u017esakant kelte ~ 8 \u20ac).<\/li>\n<li>Nemokama vakarien\u0117 kelte nuo 0 iki 5 m. (u\u017esakant bent 1 suaugusiam).<\/li>\n<\/ul>\n<hr \/>\n<p><strong>Pastabos:<\/strong><\/p>\n<hr \/>\n<ul>\n<li>Kelionei reikalingas pasas arba asmens tapatyb\u0117s kortel\u0117 (dokumentas turi galioti ne trumpiau nei 6 m\u0117nesius po kelion\u0117s gr\u012f\u017eimo).<\/li>\n<li>Kelt\u0173 i&scaron;plaukimo laikas gali keistis priklausomai nuo kelt\u0173 bendrov\u0117s s\u0105lyg\u0173.<\/li>\n<li>U\u017e ekskursijas, ekskursines i&scaron;vykas ir kitas papildomai mokamas paslaugas turite atsiskaityti kelioni\u0173 organizatoriaus biure, ne v\u0117liau nei 30 dien\u0173 iki kelion\u0117s prad\u017eios.<\/li>\n<li>Kelion\u0117s metu su savimi tur\u0117kite atsispausdin\u0119 pasira&scaron;yt\u0105 paslaug\u0173 teikimo sutart\u012f ir apmok\u0117jimo kvit\u0105 u\u017e ekskursij\u0173 paket\u0105 ar ekskursijas.<\/li>\n<li>D\u0116MESIO! Kelion\u0117s be ekskursij\u0173 paketo viet\u0173 skai\u010dius yra ribotas! <\/li>\n<li>Teirautis kelioni\u0173 organizatoriaus biure.<\/li>\n<li>Kelion\u0117s i&scaron;vykimo, atvykimo ir kiti laikai gali keistis \u2013 patikslinta informacija atsiun\u010diama \u012f elektronin\u012f pa&scaron;t\u0105 (2-3 dienas prie&scaron; kelion\u0119).<\/li>\n<li>Neatvykus \u012f kelt\u0105 ar pav\u0117lavus \u012f autobus\u0105 \u2013 i&scaron;laidas, susijusias su gr\u012f\u017eimu taip pat u\u017e papildomai praleist\u0105 laik\u0105 u\u017esienio &scaron;alyje, apmoka pats keliautojas.<\/li>\n<li>Objekt\u0173 lankymo tvarka, skai\u010dius ir \u012f\u0117jimo biliet\u0173 kaina gali keistis.<\/li>\n<li>\u012e\u0117jimo bilietai \u012f mokamas lankytinas vietas n\u0117ra \u012fskai\u010diuoti \u012f kelion\u0117s kain\u0105.<\/li>\n<li>Muziejuose, ba\u017eny\u010diose ir kituose mokamuose objektuose kelion\u0117s vadovas ekskursij\u0173 neveda.<\/li>\n<li>Ausinukai ekskursijoje (pageidaujant) mokami papildomai ~5 \u20ac\/asm.\/visai kelionei.<\/li>\n<li>Ekskursij\u0173 tvarka gali keistis. Visos ekskursijos vedamos rus\u0173 kalba.<\/li>\n<li>Kelion\u0117s vadovas (lydintis visos kelion\u0117s metu) informacij\u0105 pateikia rus\u0173 kalba.<\/li>\n<li>Kelion\u0117s vadovas gali keisti programos eig\u0105.<\/li>\n<\/ul>","protected":false},"excerpt":{"rendered":"<p>1 diena Vakare i&scaron;vykimas i&scaron; Lietuvos (i&scaron; j\u016bs\u0173 pasirinkto miesto). Kelion\u0117 per Latvijos ir Estijos teritorijas. Naktis autobuse. 2 diena Atv&#8230;<\/p>","protected":false},"featured_media":11882,"comment_status":"open","ping_status":"closed","template":"","meta":{"om_disable_all_campaigns":false,"_monsterinsights_skip_tracking":false,"_monsterinsights_sitenote_active":false,"_monsterinsights_sitenote_note":"","_monsterinsights_sitenote_category":0},"product_brand":[],"product_cat":[669],"product_tag":[],"class_list":{"0":"post-12647","1":"product","2":"type-product","3":"status-publish","4":"has-post-thumbnail","6":"product_cat-keliones","8":"first","9":"instock","10":"virtual","11":"taxable","12":"product-type-simple"},"aioseo_notices":[],"_links":{"self":[{"href":"https:\/\/www.atravel.lt\/en\/wp-json\/wp\/v2\/product\/12647","targetHints":{"allow":["GET"]}}],"collection":[{"href":"https:\/\/www.atravel.lt\/en\/wp-json\/wp\/v2\/product"}],"about":[{"href":"https:\/\/www.atravel.lt\/en\/wp-json\/wp\/v2\/types\/product"}],"replies":[{"embeddable":true,"href":"https:\/\/www.atravel.lt\/en\/wp-json\/wp\/v2\/comments?post=12647"}],"wp:featuredmedia":[{"embeddable":true,"href":"https:\/\/www.atravel.lt\/en\/wp-json\/wp\/v2\/media\/11882"}],"wp:attachment":[{"href":"https:\/\/www.atravel.lt\/en\/wp-json\/wp\/v2\/media?parent=12647"}],"wp:term":[{"taxonomy":"product_brand","embeddable":true,"href":"https:\/\/www.atravel.lt\/en\/wp-json\/wp\/v2\/product_brand?post=12647"},{"taxonomy":"product_cat","embeddable":true,"href":"https:\/\/www.atravel.lt\/en\/wp-json\/wp\/v2\/product_cat?post=12647"},{"taxonomy":"product_tag","embeddable":true,"href":"https:\/\/www.atravel.lt\/en\/wp-json\/wp\/v2\/product_tag?post=12647"}],"curies":[{"name":"wp","href":"https:\/\/api.w.org\/{rel}","templated":true}]}}