{"id":12646,"date":"2026-03-21T15:44:47","date_gmt":"2026-03-21T13:44:47","guid":{"rendered":"https:\/\/www.atravel.lt\/produktas\/praha-dresdenas\/"},"modified":"2026-03-21T15:44:48","modified_gmt":"2026-03-21T13:44:48","slug":"praha-dresdenas","status":"publish","type":"product","link":"https:\/\/www.atravel.lt\/en\/product\/praha-dresdenas\/","title":{"rendered":"PRAHA &#8211; DRESDENAS"},"content":{"rendered":"<p><strong>1 day<\/strong><\/p>\n<ul>\n<li>I&scaron;vykstame i&scaron; j\u016bs\u0173 pasirinkto miesto.<\/li>\n<li>Kelion\u0117 per Lietuvos ir Lenkijos teritorij\u0105.<\/li>\n<li>Atvykstame \u012f vie&scaron;but\u012f.<\/li>\n<li>Poilsis.<\/li>\n<li>Nakvyn\u0117 vie&scaron;butyje.<\/li>\n<\/ul>\n<p><strong>Day 2<\/strong><\/p>\n<ul>\n<li>Pusry\u010diai vie&scaron;butyje.<\/li>\n<li>I&scaron;siregistravimas i&scaron; vie&scaron;bu\u010dio.<\/li>\n<li>Vykstame \u012f Prah\u0105.<\/li>\n<li>Ekskursij\u0105 p\u0117s\u010diomis po Prahos senamiest\u012f.<\/li>\n<li>Laisvas laikas po ekskursijos.<\/li>\n<li>Vykstame \u012f vie&scaron;but\u012f.<\/li>\n<li>\u012esik\u016brimas.<\/li>\n<li>Poilsis.<\/li>\n<li>Sugr\u012f\u017etame \u012f vie&scaron;but\u012f.<\/li>\n<li>Poilsis.<\/li>\n<li>Nakvyn\u0117 vie&scaron;butyje.<\/li>\n<\/ul>\n<p>Pa\u017eint\u012f su &scaron;iuo viduram\u017ei\u0173 miestu prad\u0117sime nuo Prahos Hrado, anks\u010diau buvusi karali\u0173, rezidencija, aplankysime &Scaron;v. Vito Katedr\u0105 \u2013 \u017einomiausi\u0105 \u010cekijos architekt\u016bros paminkl\u0105, pastatyta ant auk&scaron;\u010diausios miesto kalvos. Pa\u017eint\u012f su Prahos gotikos stebuklais t\u0119sime aplankydami &Scaron;v. Georgijaus bazilika. Dailiuoju Karlo tiltu trauksime per Vlatvos up\u0119. Nepamir&scaron;kite sugalvoti noro prie &Scaron;v. Jono Nepomuko paminklo! Siauromis Mala Strana gatvel\u0117mis pasieksime Rotu&scaron;\u0117s aik&scaron;t\u0119 su garsiuoju, ilgiausiai pasaulyje veikian\u010diu astronominiu. Keliausime link baroko perlo &#8211; &Scaron;v. Nikolajaus ba\u017eny\u010dios, aplankysime paminkl\u0105 garsiam \u010dek\u0173 tautos didvyriui Janui Husui, &Scaron;v\u010d. Mergel\u0117s Marijos Nugal\u0117tojos ba\u017eny\u010di\u0105, saugan\u010di\u0105 va&scaron;kin\u0119 K\u016bdik\u0117lio J\u0117zaus statul\u0105, apsaugojusi Prah\u0105 nuo maro ir sunaikinimo. <\/p>\n<p> <strong>Day 3<\/strong><\/p>\n<ul>\n<li>Pusry\u010diai vie&scaron;butyje.<\/li>\n<li>I&scaron;siregistravimas i&scaron; vie&scaron;bu\u010dio.<\/li>\n<li>Vykstame \u012f Karl&scaron;teino pil\u012f (\u012f\u0117jimo \u012f pil\u012f bilietai, mokami pa\u010di\u0173 keliautoj\u0173).<\/li>\n<li>~13:00 val. i&scaron;vykstame link Vokietijos.<\/li>\n<li>Atvykstame \u012f Dresden\u0105.<\/li>\n<li>Ekskursija po Dresdeno miest\u0105.<\/li>\n<li>Vykstame link nakvyn\u0117 vietos Lenkijoje.<\/li>\n<li>Poilsis.<\/li>\n<li>Nakvyn\u0117 vie&scaron;butyje.<\/li>\n<\/ul>\n<p>Karali&scaron;koji Karl&scaron;teino pilis slepiasi kalvotose mi&scaron;kais apaugusiose Prahos apylink\u0117se, u\u017e keli\u0173 de&scaron;im\u010di\u0173 kilometr\u0173 nuo sostin\u0117s. Vienus su\u017eavi pilies romantika ir paslaptingumas. Gotikin\u0117 Karl&scaron;teino pilis i&scaron;kilo 14 a. viduryje kaip valdov\u0173 vasaros rezidencija. Dar viena svarbi jos funkcija buvo karali&scaron;k\u0173j\u0173 brangenybi\u0173 ir relikvij\u0173 saugykla. Pilies \u012fk\u016br\u0117jas Karolis IV m\u0117go med\u017eioti, tad kalv\u0173 ir mi&scaron;k\u0173 apsupty \u012fkurta pilis puikiausiai tenkino ir &scaron;\u012f jo poreik\u012f. Pilyje eksponuojama nema\u017eai viduram\u017ei\u0173 bald\u0173 bei buities reikmen\u0173, tos epochos paveiksl\u0173.<br \/> Dresdenas yra vienas gra\u017eiausi\u0173 miest\u0173 Vokietijoje, ypatingai suklest\u0117j\u0119s 18 a. Tuo metu jis tapo kult\u016bros centru ir mieste buvo pastatyta daug gra\u017ei\u0173 pastat\u0173. Deja, nema\u017ea dalis j\u0173 buvo sugriauta per Antr\u0105j\u012f pasaulin\u012f kar\u0105, v\u0117liau jie buvo atstatyti.<br \/> Vienas i&scaron; Dresdeno simboli\u0173 \u2013 tai didingas Saksonijos operos teatras. &Scaron;is neo renesansinio stiliaus pastatas i&scaron;kilo 19 am\u017eiaus antrojoje pus\u0117je. Pagrindin\u0117s miesto ba\u017eny\u010dios \u2013 tai barokin\u0117 Hofkirche, arba Auk&scaron;toji ba\u017eny\u010dia, ir 18 a. pastatyta Dievo motinos ba\u017eny\u010dia<\/p>\n<p> <strong>Day 4<\/strong><\/p>\n<ul>\n<li>Pusry\u010diai vie&scaron;butyje.<\/li>\n<li>I&scaron;siregistravimas i&scaron; vie&scaron;bu\u010dio.<\/li>\n<li>Kelion\u0117 per Lenkijos teritorij\u0105.<\/li>\n<li>Nakt\u012f atvykstame \u012f namus.<\/li>\n<\/ul>\n<hr \/>\n<p><strong>\u012e kelion\u0117s kain\u0105 \u012fskai\u010diuota:<\/strong><\/p>\n<hr \/>\n<ul>\n<li>Kelion\u0117 autobusu.<\/li>\n<li>3 nakvyn\u0117s vie&scaron;butyje su pusry\u010diais (dvivie\u010diuose kambariuose).<\/li>\n<li>Ekskursija Prahoje<\/li>\n<li>Ekskursija Drezdene.<\/li>\n<li>I&scaron;vyka \u012f Karl&scaron;teino pil\u012f.<\/li>\n<li>Kelion\u0117s vadovo-gido paslaugos.<\/li>\n<li>Kelion\u0117s dokument\u0173 sutvarkymas.<\/li>\n<li>\u012e kelion\u0117s kain\u0105 ne\u012fskai\u010diuota:<\/li>\n<li>Pasiplaukiojimas Vlatavos upe su vakariene \u2013 28 \u20ac\/asm. (PAGEIDAUJANT)<\/li>\n<li>Jei keliaujate vienas \u2013 75 \u20ac\/asm priemoka u\u017e vienviet\u012f kambar\u012f (jei keliaujate trise, persp\u0117kite kelioni\u0173 agent\u016br\u0105, kad pasir\u016bpint\u0173 papildoma lova J\u016bs\u0173 dvivie\u010diame kambaryje).<\/li>\n<li>Sveikatos draudimas kelion\u0117s metu.<\/li>\n<li>Papildomai mokamiems objektams reikia tur\u0117ti ~20 \u20ac\/asm.<\/li>\n<\/ul>\n<hr \/>\n<p><strong>Pastabos:<\/strong><\/p>\n<hr \/>\n<ul>\n<li>*Kelion\u0117s i&scaron;vykimo, atvykimo ir kiti laikai gali keistis \u2013 patikslinta informacija atsiun\u010diama \u012f elektronin\u012f pa&scaron;t\u0105 (2-3 dienas prie&scaron; kelion\u0119).<\/li>\n<li>Kelionei reikalingas pasas\/asmens tapatyb\u0117s kortel\u0117 (dokumentas turi galioti ne trumpiau nei 3 m\u0117n. po kelion\u0117s gr\u012f\u017eimo).<\/li>\n<li>Lagaminas kuris dedamas \u012f autobuso baga\u017ein\u0119, neturi sverti daugiau nei 25 kg. <\/li>\n<li>Visos ekskursijos vedamos lietuvi\u0173 kalba.<\/li>\n<li>Objekt\u0173 lankymo tvarka, skai\u010dius ir \u012f\u0117jimo biliet\u0173 kaina gali keistis.<\/li>\n<li>Muziejuose, ba\u017eny\u010diose ir kituose mokamuose objektuose kelion\u0117s vadovas ekskursij\u0173 neveda.<\/li>\n<li>\u012e\u0117jimo bilietai \u012f mokamas lankytinas vietas n\u0117ra \u012fskai\u010diuoti \u012f kelion\u0117s kain\u0105.<\/li>\n<li>Kelion\u0117s vadovas gali keisti programos eig\u0105.<\/li>\n<li>Kelion\u0117s vadovas (lydintis visos kelion\u0117s metu) informacij\u0105 pateikia lietuvi\u0173 kalba.<\/li>\n<\/ul>","protected":false},"excerpt":{"rendered":"<p>1 diena I&scaron;vykstame i&scaron; j\u016bs\u0173 pasirinkto miesto. Kelion\u0117 per Lietuvos ir Lenkijos teritorij\u0105. Atvykstame \u012f vie&scaron;but\u012f. Poilsis. Nakvyn\u0117 vie&#038;scar&#8230;<\/p>","protected":false},"featured_media":11881,"comment_status":"open","ping_status":"closed","template":"","meta":{"om_disable_all_campaigns":false,"_monsterinsights_skip_tracking":false,"_monsterinsights_sitenote_active":false,"_monsterinsights_sitenote_note":"","_monsterinsights_sitenote_category":0},"product_brand":[],"product_cat":[669],"product_tag":[],"class_list":{"0":"post-12646","1":"product","2":"type-product","3":"status-publish","4":"has-post-thumbnail","6":"product_cat-keliones","8":"first","9":"instock","10":"virtual","11":"taxable","12":"product-type-simple"},"aioseo_notices":[],"_links":{"self":[{"href":"https:\/\/www.atravel.lt\/en\/wp-json\/wp\/v2\/product\/12646","targetHints":{"allow":["GET"]}}],"collection":[{"href":"https:\/\/www.atravel.lt\/en\/wp-json\/wp\/v2\/product"}],"about":[{"href":"https:\/\/www.atravel.lt\/en\/wp-json\/wp\/v2\/types\/product"}],"replies":[{"embeddable":true,"href":"https:\/\/www.atravel.lt\/en\/wp-json\/wp\/v2\/comments?post=12646"}],"wp:featuredmedia":[{"embeddable":true,"href":"https:\/\/www.atravel.lt\/en\/wp-json\/wp\/v2\/media\/11881"}],"wp:attachment":[{"href":"https:\/\/www.atravel.lt\/en\/wp-json\/wp\/v2\/media?parent=12646"}],"wp:term":[{"taxonomy":"product_brand","embeddable":true,"href":"https:\/\/www.atravel.lt\/en\/wp-json\/wp\/v2\/product_brand?post=12646"},{"taxonomy":"product_cat","embeddable":true,"href":"https:\/\/www.atravel.lt\/en\/wp-json\/wp\/v2\/product_cat?post=12646"},{"taxonomy":"product_tag","embeddable":true,"href":"https:\/\/www.atravel.lt\/en\/wp-json\/wp\/v2\/product_tag?post=12646"}],"curies":[{"name":"wp","href":"https:\/\/api.w.org\/{rel}","templated":true}]}}