{"id":12644,"date":"2026-03-21T15:44:47","date_gmt":"2026-03-21T13:44:47","guid":{"rendered":"https:\/\/www.atravel.lt\/produktas\/city-tour-savaitgalis-budapeste-4-d-skrydis-is-vilniaus\/"},"modified":"2026-03-21T15:44:47","modified_gmt":"2026-03-21T13:44:47","slug":"city-tour-savaitgalis-budapeste-4-d-skrydis-is-vilniaus","status":"publish","type":"product","link":"https:\/\/www.atravel.lt\/en\/product\/city-tour-savaitgalis-budapeste-4-d-skrydis-is-vilniaus\/","title":{"rendered":"City Tour: Savaitgalis Budape\u0161te (4 d.) (skrydis i\u0161 Vilniaus)"},"content":{"rendered":"<h3 style=\"text-align: center\"><span style=\"color:#27ae60\"><strong>KELION\u0116 GARANTUOTA NUO 2 KELIAUTOJ\u0172!<\/strong><\/span><\/h3>\n<hr \/>\n<h3 style=\"text-align: center\"><b>SVARBU! EKSKURSIJ\u0172 IR PERVE\u017dIMO PAKETAS APMOKAMAS KELION\u0116S METU!<\/b><\/h3>\n<hr \/>\n<h3 style=\"text-align: center\"><strong><span style=\"color:#e74c3c\">Kelion\u0117 organizuojama individualiai, tod\u0117l d\u0117l l\u0117ktuvo biliet\u0173 ir vie&scaron;bu\u010dio kambari\u0173 pabrangimo, organizatorius gali atmesti rezervacij\u0105 arba pasi\u016blyti keliautojui priemok\u0105.<\/span><\/strong><\/h3>\n<hr \/>\n<p><strong>1 day<\/strong><\/p>\n<p>- Arrival at Vilnius Airport.<br \/> - Check-in.<br \/> \u2022 Skrydis: Vilnius &#8211; Budape&scaron;tas.<br \/> \u2022 Perve\u017eimas \u012f 3* vie&scaron;but\u012f (perkant ekskursij\u0173 paket\u0105 perve\u017eimas \u012fskai\u010diuotas).<br \/> \u2022 \u012esik\u016brimas vie&scaron;butyje.<br \/> \u2022 Ekskursija p\u0117s\u010diomis po Budape&scaron;t\u0105 (1 dalis \u2013 Buda) + papildomai apmokami vie&scaron;ojo transporto bilietai.<br \/> \u2022 Nakvyn\u0117 vie&scaron;butyje.<\/p>\n<p>Vengrijos sostin\u0117 &#8211; Budape&scaron;tas pagr\u012fstai laikomas vienu gra\u017eiausi\u0173 Europos miest\u0173. Be unikali\u0173 rom\u0117n\u0173 ir turk\u0173 epoch\u0173 architekt\u016bros pavyzd\u017ei\u0173, miesto gatves puo&scaron;ia eklektika ir romanti&scaron;ka secesija. Miestas i&scaron;gars\u0117jo d\u0117l savo termini\u0173 &scaron;altini\u0173, i&scaron;tisus metus \u010dia atvyksta turistai i&scaron; viso pasaulio atsipalaiduoti ir pagerinti savo sveikat\u0105. Budape&scaron;to centre teka m\u0117lynasis Dunojus, kuriuo driekiasi a\u017e\u016briniai tiltai. Viename Dunojaus krante, lygumoje yra Pestas, kitame kalvota Buda. Vir&scaron; paties miesto centro i&scaron;kilusios kalvos atsiveria nuostabus vaizdas \u012f plok&scaron;\u010di\u0105 Pe&scaron;t\u0105 ir Dunojaus krantin\u0119, \u012ftraukt\u0105 \u012f UNESCO pasaulio paveldo s\u0105ra&scaron;\u0105.<\/p>\n<p><strong>Day 2 <\/strong><\/p>\n<p>\u2022 Pusry\u010diai vie&scaron;butyje (perkant ekskursij\u0173 paket\u0105 pusry\u010diai \u012fskai\u010diuoti).<br \/> \u2022 Ekskursija p\u0117s\u010diomis po Budape&scaron;t\u0105 (2 dalis \u2013 Pe&scaron;tas) + papildomai apmokami vie&scaron;ojo transporto bilietai.<br \/> - Free time.<br \/> \u2022 Sugr\u012f\u017etame \u012f vie&scaron;but\u012f.<br \/> - Recreation.<br \/> \u2022 Nakvyn\u0117 vie&scaron;butyje.<\/p>\n<p>Laisvu laiku galima apsilankyti populiariausioje Szechenyi pirtyje.<\/p>\n<p>Viena i&scaron; Vengrijos sostin\u0117s \u012f\u017eymybi\u0173 Sz&eacute;chenyi pirtis arba kaip vietiniai vadina Sze\u010dka \u2013 vienas did\u017eiausi\u0173 maudymosi kompleks\u0173 Europoje ir pirmoji gydomoji pirtis Pe&scaron;te. Gydomieji vandenys, kuri\u0173 temperat\u016bra 76\u00b0C, maitinantys Szechenyi pir\u010di\u0173 baseinus, kyla i&scaron; 1246 m gylio. Kompleksas u\u017eima daugiau nei 6000 kvadratini\u0173 metr\u0173 plot\u0105, yra daugiau nei t\u016bkstantis &scaron;altini\u0173 su termini\u0173 vanden\u0173, daugiau nei du &scaron;imtai pir\u010di\u0173 ir ligonini\u0173. Efektiniame baseine yra: apskritas koridorius su greita srove, s\u016bkurin\u0117s vonios, hidromasa\u017einis du&scaron;as kaklui, pasl\u0117ptas suoliukuose reaktyviniam nugaros masa\u017eui, taip pat daugyb\u0117 kit\u0173 povandeninio hidromasa\u017eo variant\u0173.<\/p>\n<p><strong>Day 3 <\/strong><\/p>\n<p>\u2022 Pusry\u010diai vie&scaron;butyje (perkant ekskursij\u0173 paket\u0105 pusry\u010diai \u012fskai\u010diuoti).<br \/> - Free day.<br \/> - Recreation.<br \/> \u2022 Nakvyn\u0117 vie&scaron;butyje.<\/p>\n<p><strong>Day 4 <\/strong><\/p>\n<p>\u2022 Ankstyvas i&scaron;siregistravimas i&scaron; vie&scaron;bu\u010dio.<br \/> - Transfer to the airport.<br \/> - Check-in.<br \/> \u2022 Skrydis: Budape&scaron;tas \u2013 Vilnius.<br \/> \u2022 Atvykimas \u012f Vilni\u0173.<\/p>","protected":false},"excerpt":{"rendered":"<p>KELION\u0116 GARANTUOTA NUO 2 KELIAUTOJ\u0172! SVARBU! EKSKURSIJ\u0172 IR PERVE\u017dIMO PAKETAS APMOKAMAS KELION\u0116S METU! Kelion\u0117 organizuojama individualiai, tod\u0117l d\u0117l l\u0117ktuvo bil&#8230;<\/p>","protected":false},"featured_media":11878,"comment_status":"open","ping_status":"closed","template":"","meta":{"om_disable_all_campaigns":false,"_monsterinsights_skip_tracking":false,"_monsterinsights_sitenote_active":false,"_monsterinsights_sitenote_note":"","_monsterinsights_sitenote_category":0},"product_brand":[],"product_cat":[669],"product_tag":[],"class_list":{"0":"post-12644","1":"product","2":"type-product","3":"status-publish","4":"has-post-thumbnail","6":"product_cat-keliones","8":"first","9":"instock","10":"virtual","11":"taxable","12":"purchasable","13":"product-type-simple"},"aioseo_notices":[],"_links":{"self":[{"href":"https:\/\/www.atravel.lt\/en\/wp-json\/wp\/v2\/product\/12644","targetHints":{"allow":["GET"]}}],"collection":[{"href":"https:\/\/www.atravel.lt\/en\/wp-json\/wp\/v2\/product"}],"about":[{"href":"https:\/\/www.atravel.lt\/en\/wp-json\/wp\/v2\/types\/product"}],"replies":[{"embeddable":true,"href":"https:\/\/www.atravel.lt\/en\/wp-json\/wp\/v2\/comments?post=12644"}],"wp:featuredmedia":[{"embeddable":true,"href":"https:\/\/www.atravel.lt\/en\/wp-json\/wp\/v2\/media\/11878"}],"wp:attachment":[{"href":"https:\/\/www.atravel.lt\/en\/wp-json\/wp\/v2\/media?parent=12644"}],"wp:term":[{"taxonomy":"product_brand","embeddable":true,"href":"https:\/\/www.atravel.lt\/en\/wp-json\/wp\/v2\/product_brand?post=12644"},{"taxonomy":"product_cat","embeddable":true,"href":"https:\/\/www.atravel.lt\/en\/wp-json\/wp\/v2\/product_cat?post=12644"},{"taxonomy":"product_tag","embeddable":true,"href":"https:\/\/www.atravel.lt\/en\/wp-json\/wp\/v2\/product_tag?post=12644"}],"curies":[{"name":"wp","href":"https:\/\/api.w.org\/{rel}","templated":true}]}}