{"id":12643,"date":"2026-03-21T15:44:47","date_gmt":"2026-03-21T13:44:47","guid":{"rendered":"https:\/\/www.atravel.lt\/produktas\/neapolis-neapolis-pompeja-kapri-sorento-skrydis-is-kauno\/"},"modified":"2026-03-21T15:44:47","modified_gmt":"2026-03-21T13:44:47","slug":"neapolis-neapolis-pompeja-kapri-sorento-skrydis-is-kauno","status":"publish","type":"product","link":"https:\/\/www.atravel.lt\/en\/product\/neapolis-neapolis-pompeja-kapri-sorento-skrydis-is-kauno\/","title":{"rendered":"NEAPOLIS (Neapolis, Pomp\u0117ja, Kapri, Sorento) skrydis i\u0161 Kauno"},"content":{"rendered":"<h3 style=\"text-align: center\"><strong><span style=\"color:#e74c3c\">Kelion\u0117 organizuojama reisiniais skryd\u017eiais, tod\u0117l d\u0117l l\u0117ktuvo biliet\u0173 pabrangimo, organizatorius gali atmesti rezervacij\u0105 arba pasi\u016blyti keliautojui priemok\u0105.<\/span><\/strong><\/h3>\n<hr \/>\n<p><strong>1 day <\/strong><\/p>\n<p>\u2022 Atvykimas \u012f Kauno oro uost\u0105.<br \/> \u2022 Skrydis: Kaunas \u2013 Neapolis.<br \/> \u2022 Perve\u017eimas \u012f vie&scaron;but\u012f.<br \/> \u2022 \u012esik\u016brimas vie&scaron;butyje.<br \/> - Recreation.<br \/> \u2022 Vakarien\u0117 vie&scaron;butyje (papildomas mokestis).<br \/> \u2022 Nakvyn\u0117 vie&scaron;butyje.<\/p>\n<p><strong>Day 2 <\/strong><\/p>\n<p>\u2022 Pusry\u010diai vie&scaron;butyje (perkant ekskursij\u0173 paket\u0105 pusry\u010diai \u012fskai\u010diuoti).<br \/> - Free day by the sea.<br \/> \u2022 Pageidaujantiems si\u016blome ekskursin\u0119 i&scaron;vyk\u0105 \u201eRoma &#8211; Vatikanas\u201c (papildomas mokestis &#8211; 60 \u20ac\/asm. (\u012fva\u017eiavimo mokestis \u012fskai\u010diuotas \u012f kain\u0105) + \u012f\u0117jimo ir vie&scaron;ojo transporto bilietai).<br \/> - Free time after the tour.<br \/> \u2022 Sugr\u012f\u017etame \u012f vie&scaron;but\u012f.<br \/> \u2022 Vakarien\u0117 vie&scaron;butyje (papildomas mokestis).<br \/> - Recreation.<br \/> \u2022 Nakvyn\u0117 vie&scaron;butyje.<\/p>\n<p>Roma &#8211; Italijos sostin\u0117 ir labiausiai turist\u0173 lankomas miestas Europoje. Roma &#8211; pagrindinis politinis, kult\u016brinis, ekonominis &scaron;alies centras, vienas i&scaron; seniausi\u0173 ir istoriniais bei kult\u016briniais paminklais turtingiausi\u0173 pasaulio miest\u0173.<\/p>\n<p>Vatikanas &#8211; miestas muziejus po atviru dangumi, i&scaron;sid\u0117st\u0119s pa\u010dioje Italijos sostin\u0117je Romoje. Jo plotas vos 0,44 kv. km. Valstyb\u0117 susideda i&scaron; vieno miesto, ta\u010diau saugo begal\u0119 lobi\u0173 ir paslap\u010di\u0173, b\u016bdama vienu pagrindini\u0173 viso pasaulio religini\u0173 ir kult\u016brini\u0173 centr\u0173. Apsilankymas Vatikane ir didingoje &Scaron;v. Petro bazilikoje neabejotinai bus \u012fdomus bet kuriam, nepriklausomai nuo konfesijos ir pasaul\u0117\u017ei\u016bros. Ekskursijos p\u0117s\u010diomis metu pamatysite: Koliziej\u0173 (ap\u017ei\u016br\u0117sime i&scaron; i&scaron;or\u0117s), Imperatori&scaron;kojo forumo gatv\u0119, Venecijos aik&scaron;t\u0119, Trevi fontan\u0105, Panteon\u0105, Navonos aik&scaron;t\u0119, Angel\u0173 tilt\u0105, Coronari gatv\u0119, &Scaron;ventojo Angelo tvirtov\u0119, &Scaron;v. Petro aik&scaron;t\u0119, &Scaron;v. Petro bazilik\u0105 (tur\u0117site galimyb\u0119 aplankyti laisvu laiku).<\/p>\n<p><strong>Day 3 <\/strong><\/p>\n<p>\u2022 Pusry\u010diai vie&scaron;butyje (perkant ekskursij\u0173 paket\u0105 pusry\u010diai \u012fskai\u010diuoti).<br \/> - Free day by the sea.<br \/> \u2022 Pageidaujantiems si\u016blome ekskursin\u0119 i&scaron;vyk\u0105 \u012f Sorent\u0105 (papildomas mokestis &#8211; 50 \u20ac\/asm.).<br \/> - Free time.<br \/> \u2022 Sugr\u012f\u017etame \u012f vie&scaron;but\u012f.<br \/> \u2022 Vakarien\u0117 vie&scaron;butyje (papildomas mokestis).<br \/> - Recreation.<br \/> \u2022 Nakvyn\u0117 vie&scaron;butyje.<\/p>\n<p>Sorentas &#8211; \u017eavingas ma\u017eas kurortinis miestelis Italijoje, i&scaron;kil\u0119s ant uol\u0173. Tai undini\u0173 ir apelsin\u0173, muzikos ir poezijos, maisto ir g\u0117rim\u0173 &scaron;alis. Net kelias \u012f Sorent\u0105 \u017eavi: sta\u010dios kalvos ir vaizdingi papl\u016bdimiai, \u017eydros spalvos vanduo ir &scaron;varus oras, siauri takai ir citrus\u0173 girait\u0117s, stat\u016bs tarpekliai ir kerintys Pieno kalnai. Ekskursijos p\u0117s\u010diomis metu pakilsime \u012f ap\u017evalgos aik&scaron;tel\u0119, nuo kurios j\u016bs\u0173 akims atsivers ne\u012ftik\u0117tini vaizdai. Sorentas gars\u0117ja savo j\u016bros vaizdais, unikalia augmenija ir sveiku oru. Pasivaik&scaron;\u010diosime viduram\u017ei\u0173 gatv\u0117mis ir atsidursime vienoje i&scaron; garsi\u0173j\u0173 teras\u0173.<\/p>\n<p>Esant galimybei, taip pat nemokamai aplankysime limoncello \u2013 garsiosios citrinin\u0117s degtin\u0117s \u2013 ir \u012fvairi\u0173 kit\u0173 likeri\u0173 gamykl\u0105, kad i&scaron;bandytume vien\u0105 i&scaron; t\u0173 viet\u0173 \u201evizitini\u0173 korteli\u0173\u201c. Apsilank\u0119 Sorente suprasite, kod\u0117l garsioji daina ragina gr\u012f\u017eti \u012f &scaron;\u012f jauk\u0173 \u017dem\u0117s kampel\u012f.<\/p>\n<p><strong>Day 4 <\/strong><\/p>\n<p>\u2022 Pusry\u010diai vie&scaron;butyje (perkant ekskursij\u0173 paket\u0105 pusry\u010diai \u012fskai\u010diuoti).<br \/> \u2022 Ekskursin\u0117 i&scaron;vyka \u012f Neapol\u012f.<br \/> - Free time.<br \/> \u2022 Sugr\u012f\u017etame \u012f vie&scaron;but\u012f.<br \/> \u2022 Vakarien\u0117 vie&scaron;butyje (papildomas mokestis).<br \/> - Recreation.<br \/> \u2022 Nakvyn\u0117 vie&scaron;butyje.<\/p>\n<p>Neapolis \u2013 Piet\u0173 Italijos sostin\u0117, \u012fvairi\u0173 pavadinim\u0173 ir taut\u0173, mit\u0173 ir legend\u0173 miestas, gudrus ir labai svetingas \u2013 tai dar ne viskas, kas b\u016bdinga Neapoliui. \u201ePamatyti Neapol\u012f &#8211; ir v\u0117liau mirti\u201c \u2013 sparnuoto J. F. von Goethe fraz\u0117 pabr\u0117\u017eia Neapolio gro\u017e\u012f ir kontrast\u0105. Neapolis yra tre\u010dias pagal dyd\u012f Italijos miestas, jis yra arti vienintelio aktyvaus ugnikalnio \u017eemynin\u0117je Europoje ir vadinamojo superugnikalnio &#8211; Vezuvijaus ir Flegr\u0117jos lauk\u0173. Neapolie\u010diai gars\u0117ja svetingumu, linksmumu ir meile gyvenimui, o tai ypa\u010d i&scaron;ry&scaron;k\u0117ja visame pasaulyje \u017einomose j\u0173 dainose. Neapolio virtuv\u0117 laikoma viena geriausi\u0173 Italijoje, o j\u0173 pati neskaniausia pica, kaip teigiama, net skanesn\u0117 u\u017e bet kuri\u0105 kit\u0105 Italijoje.<\/p>\n<p><strong>Day 5 <\/strong><\/p>\n<p>\u2022 Pusry\u010diai vie&scaron;butyje\/sausas davinys (perkant ekskursij\u0173 paket\u0105 pusry\u010diai \u012fskai\u010diuoti).<br \/> \u2022 Ekskursin\u0117 i&scaron;vyka \u012f Kaprio sal\u0105 (privalomas mokestis u\u017e laivelio biliet\u0105 (pirmyn\/atgal) ir perve\u017eimus vietiniais ve\u017e\u0117jais saloje &#8211; 66 \u20ac\/asm.).<br \/> - Free time.<br \/> \u2022 Sugr\u012f\u017etame \u012f vie&scaron;but\u012f.<br \/> \u2022 Vakarien\u0117 vie&scaron;butyje (papildomas mokestis).<br \/> - Recreation.<br \/> \u2022 Nakvyn\u0117 vie&scaron;butyje.<\/p>\n<p>Kapri \u012fsimyli i&scaron; pirmo \u017evilgsnio. Prie&scaron;ingu atveju, kaip kitaip paai&scaron;kinti fakt\u0105, kad Buninas ir Mere\u017ekovskis skyr\u0117 eil\u0117ra&scaron;\u010dius &scaron;iai ma\u017eytei Italijos salai Tir\u0117n\u0173 j\u016broje, o pats Majakovskis j\u0105 palygino su \u201emoterimi ro\u017einiu gaubtu\u201c? Beveik visi \u201esavo laiko herojai\u201c aplank\u0117 sal\u0105. Leonidas Andrejevas ir Maksimas Gorkis, Le Corbusier ir Somerset Maugham, Oscaras Wilde&#039;as ir Winstonas Churchillis. &Scaron;iandien sala yra dykin\u0117jimo ir pra&scaron;matnumo lop&scaron;ys, kuriame \u012fsik\u016br\u0119 brang\u016bs restoranai ir prabangios vilos. \u012e\u017eym\u016bs mados dizaineriai, Holivudo \u017evaig\u017ed\u0117s ir tiesiog turtingi \u017emon\u0117s \u010dia ie&scaron;ko savo status\u0105 atitinkan\u010dio poilsio. Ir kasmet \u010dia atvyksta nesuskai\u010diuojamos minios turist\u0173, nor\u0117dami prisiliesti prie gro\u017eio \u012fsik\u016bnijimo.<\/p>\n<p><strong>Day 6 <\/strong><\/p>\n<p>\u2022 Pusry\u010diai vie&scaron;butyje (perkant ekskursij\u0173 paket\u0105 pusry\u010diai \u012fskai\u010diuoti).<br \/> \u2022 Ekskursin\u0117 i&scaron;vyka \u012f Pomp\u0117j\u0105 (papildomai apmokamas \u012f\u0117jimo bilietas: suaugusiems ~19 \u20ac\/asm., jaunimui 18-25 met\u0173 ~3 \u20ac\/asm., vaikams iki 18 met\u0173 &#8211; nemokamai).<br \/> - Free time.<br \/> \u2022 Sugr\u012f\u017etame \u012f vie&scaron;but\u012f.<br \/> \u2022 Vakarien\u0117 vie&scaron;butyje (papildomas mokestis).<br \/> - Recreation.<br \/> \u2022 Nakvyn\u0117 vie&scaron;butyje.<\/p>\n<p>Pomp\u0117ja &#8211; senov\u0117s rom\u0117n\u0173 miestas. Apie 79 m. ugnikalnis i&scaron;siver\u017e\u0117 ir visi&scaron;kai sunaikino miest\u0105. &Scaron;is miestas populiarus \u012f\u017eymiomis vietomis ir muziejumi po atviru dangumi, taip \u012ftraukas \u012f UNECKO paveldo s\u0105ra&scaron;\u0105. Pamatyti Pomp\u0117ja \u2013 rei&scaron;kia persikelti 2000 met\u016b atgal ir pasinerti \u012f senov\u0117s Romos tradicijas ir pamatyti kaip gyveno tais laikais \u017emon\u0117s, kaip atrod\u0117 stadionai ir teatrai. Ekskursijos metu gal\u0117sime aplankyti pleb\u0117j\u0173 insulas (daugiabu\u010dius) ir garsi\u0173 patricij\u0173 vilas, suprasti, i&scaron; ko susid\u0117davo j\u0173 gyvenimas ir laisvalaikis \u2013 nuo valgymo iki sporto rengini\u0173 ir religini\u0173 ceremonij\u0173. Nuo senov\u0117s Pomp\u0117jos griuv\u0117si\u0173 atsiveria nuostab\u016bs Vezuvijaus vaizdai. Profesionalus gidas papasakos daug istorij\u0173 ir legend\u0173 apie &scaron;i\u0105 viet\u0105.<\/p>\n<p><strong>Day 7 <\/strong><\/p>\n<p>\u2022 Pusry\u010diai vie&scaron;butyje (perkant ekskursij\u0173 paket\u0105 pusry\u010diai \u012fskai\u010diuoti).<br \/> - Free day by the sea.<br \/> \u2022 Pageidaujantiems antroje dienos pus\u0117je si\u016blome ekskursin\u0119 i&scaron;vyk\u0105 \u201eGaeta ir Sperlonga\u201c (papildomas mokestis &#8211; 40 \u20ac\/asm.).<br \/> \u2022 Sugr\u012f\u017etame \u012f vie&scaron;but\u012f.<br \/> \u2022 Vakarien\u0117 vie&scaron;butyje (papildomas mokestis).<br \/> - Recreation.<br \/> \u2022 Nakvyn\u0117 vie&scaron;butyje.<\/p>\n<p>Gaeta \u2013 senovinis, uostamiestis ant uol\u0117to i&scaron;ky&scaron;ulio. Vir&scaron; miesto i&scaron;kilusi Aragono pilis, o senojoje miesto dalyje pamatysime daugyb\u0119 senovini\u0173 &scaron;ventykl\u0173, tarp kuri\u0173 \u2013 Erazmo ir Marciano katedra, &Scaron;v. Pranci&scaron;kaus ba\u017eny\u010dia, Bizantijos San Giovanni-a-Mare ba\u017eny\u010dia ir daug kit\u0173 objekt\u0173.<\/p>\n<p>Toliau vyksime \u012f Sperlong\u0105. Nedidelis vaizdingas miestelis \u2013 vadinamas Baltuoju miestu. Jo istorinis miesto centras pastatytas tarsi labirintas!<br \/> Tur\u0117site galimyb\u0119 apsipirkti, apsilankyti kavin\u0117je ir padaryti nuotraukas.<\/p>\n<p><strong>Day 8 <\/strong><\/p>\n<p>\u2022 Pusry\u010diai vie&scaron;butyje (perkant ekskursij\u0173 paket\u0105 pusry\u010diai \u012fskai\u010diuoti).<br \/> \u2022 I&scaron;siregistravimas i&scaron; vie&scaron;bu\u010dio.<br \/> \u2022 Perve\u017eimas \u012f Neapolio oro uost\u0105.<br \/> \u2022 Skrydis: Neapolis &#8211; Kaunas.<br \/> \u2022 Atskridimas \u012f Kaun\u0105.<\/p>","protected":false},"excerpt":{"rendered":"<p>Kelion\u0117 organizuojama reisiniais skryd\u017eiais, tod\u0117l d\u0117l l\u0117ktuvo biliet\u0173 pabrangimo, organizatorius gali atmesti rezervacij\u0105 arba pasi\u016blyti keliautojui priemok\u0105&#8230;.<\/p>","protected":false},"featured_media":11877,"comment_status":"open","ping_status":"closed","template":"","meta":{"om_disable_all_campaigns":false,"_monsterinsights_skip_tracking":false,"_monsterinsights_sitenote_active":false,"_monsterinsights_sitenote_note":"","_monsterinsights_sitenote_category":0},"product_brand":[],"product_cat":[669],"product_tag":[],"class_list":{"0":"post-12643","1":"product","2":"type-product","3":"status-publish","4":"has-post-thumbnail","6":"product_cat-keliones","8":"first","9":"instock","10":"virtual","11":"taxable","12":"product-type-simple"},"aioseo_notices":[],"_links":{"self":[{"href":"https:\/\/www.atravel.lt\/en\/wp-json\/wp\/v2\/product\/12643","targetHints":{"allow":["GET"]}}],"collection":[{"href":"https:\/\/www.atravel.lt\/en\/wp-json\/wp\/v2\/product"}],"about":[{"href":"https:\/\/www.atravel.lt\/en\/wp-json\/wp\/v2\/types\/product"}],"replies":[{"embeddable":true,"href":"https:\/\/www.atravel.lt\/en\/wp-json\/wp\/v2\/comments?post=12643"}],"wp:featuredmedia":[{"embeddable":true,"href":"https:\/\/www.atravel.lt\/en\/wp-json\/wp\/v2\/media\/11877"}],"wp:attachment":[{"href":"https:\/\/www.atravel.lt\/en\/wp-json\/wp\/v2\/media?parent=12643"}],"wp:term":[{"taxonomy":"product_brand","embeddable":true,"href":"https:\/\/www.atravel.lt\/en\/wp-json\/wp\/v2\/product_brand?post=12643"},{"taxonomy":"product_cat","embeddable":true,"href":"https:\/\/www.atravel.lt\/en\/wp-json\/wp\/v2\/product_cat?post=12643"},{"taxonomy":"product_tag","embeddable":true,"href":"https:\/\/www.atravel.lt\/en\/wp-json\/wp\/v2\/product_tag?post=12643"}],"curies":[{"name":"wp","href":"https:\/\/api.w.org\/{rel}","templated":true}]}}