{"id":12640,"date":"2026-03-21T15:44:47","date_gmt":"2026-03-21T13:44:47","guid":{"rendered":"https:\/\/www.atravel.lt\/produktas\/sviesu-festivalis-pakruojo-dvare-didieji-kinijos-zibintai\/"},"modified":"2026-03-21T15:44:47","modified_gmt":"2026-03-21T13:44:47","slug":"sviesu-festivalis-pakruojo-dvare-didieji-kinijos-zibintai","status":"publish","type":"product","link":"https:\/\/www.atravel.lt\/en\/product\/sviesu-festivalis-pakruojo-dvare-didieji-kinijos-zibintai\/","title":{"rendered":"\u0160vies\u0173 festivalis Pakruojo dvare \u201eDidieji Kinijos \u017eibintai\u201c"},"content":{"rendered":"<p><strong>1 day<\/strong><\/p>\n<p>\u2022 I&scaron;vykstame i&scaron; j\u016bs\u0173 pasirinkto miesto.<br \/> \u2022 Kelion\u0117 link K\u0117daini\u0173.<br \/> \u2022 Ap\u017evalgin\u0117 ekskursija po K\u0117daini\u0173 senamiest\u012f. Agurk\u0173 sostin\u0117je K\u0117dainiuose paskanausite saldaus agurk\u0173 d\u017eemo, kurio recept\u0105 suk\u016br\u0117 k\u0117daini&scaron;kiai.<br \/> \u2022 Pageidaujantiems si\u016blome papulti \u012f virtinuk\u0173 roj\u0173 ir padegustuoti keli\u0173 r\u016b&scaron;i\u0173 ypating\u0173 virtinuk\u0173 (u\u017e pietus papildomas mokestis).<br \/> \u2022 V\u0117liau vykstame \u012f midaus darykl\u0105. Pageidaujantiems pasi\u016blysime degustacin\u0119 \u2013 pa\u017eintin\u0119 program\u0105 \u201eMIDAUS UP\u0116S TEK\u0116JO\u2026\u201c (papildomas mokestis).<br \/> \u2022 Vykstame link Kai&scaron;iadori\u0173. <br \/> \u2022 Ekskursija po Kai&scaron;iadori\u0173 apylinkes.<br \/> \u2022 Pageidaujantiems si\u016blome degustacin\u0119 &#8211; edukacin\u0119 program\u0105 sraigi\u0173 \u016bkyje (papildomas mokestis \u2013 7 \u20ac\/asm.).<br \/> \u2022 T\u0119siame kelion\u0119 link \u017dasli\u0173.<br \/> \u2022 Pasivaik&scaron;\u010diojimas po \u017daslius.<br \/> \u2022 Gr\u012f\u017etame atgal \u012f namus iki vidurnak\u010dio.<\/p>\n<p>Pakruojo dvaras pirm\u0105 kart\u0105 ra&scaron;ytiniuose &scaron;altiniuose minimas 1531m. Pirmieji dvaro pastatai buvo mediniai. M\u016brinis dvaro r\u016bm\u0173 ansamblis pastatytas 1817-1840 m. i&scaron; vietini\u0173 med\u017eiag\u0173. Dvaras buvo ple\u010diamas iki 1890 m.<\/p>\n<p>Pagrindinis Pakruojo dvaro ansamblio akcentas \u2013 puo&scaron;n\u016bs dviauk&scaron;\u010diai r\u016bmai su portiku ir dor\u0117n\u0173 stiliaus kolonomis, piliastrais, kapiteliais, arkomis bei vazomis balkon\u0173 kampuose. <br \/> Greta dvaro r\u016bm\u0173 buvo nedidelis sand\u0117lis, arklid\u0117s ir ledain\u0117. Vakarin\u012f kompleks\u0105 sudar\u0117 alaus darykla, pienin\u0117 ir kiaulid\u0117s pastatai, rytin\u012f \u2013 tvartas ir gyvenamieji korpusai, pietin\u012f \u2013 du svirnai. U\u017e tvenkinio stov\u0117jo dvaro \u016bkiniai trobesiai. Nuo centrini\u0173 dvaro r\u016bm\u0173, atskirti did\u017eiulio parko, buvo kalv\u0117, smukl\u0117, v\u0117jo mal\u016bnas, Pakruojo simboliu tap\u0119s arkinis tiltas \u2013 Kruojos u\u017etvanka bei vandens mal\u016bnas, sum\u016brytas i&scaron; lauko akmen\u0173 ir dolomito.<\/p>\n<p>Pakruojo dvare vyks am\u017ei\u0173 tradicijomis alsuojantis &scaron;viesos festivalis \u201eDidieji Kinijos \u017eibintai\u201c. J\u016bs\u0173 laukia mil\u017eini&scaron;k\u0173 &scaron;viesos skulpt\u016br\u0173 parkas, teatralizuoti &scaron;ou ir &scaron;ventin\u0117s pramogos ma\u017eiesiems.<\/p>\n<p>Did\u017eiausioje Lietuvoje i&scaron;likusioje dvaro sodyboje k\u016br\u0117jai i&scaron; Kinijos \u012frengs daugiau nei 30 temini\u0173 &scaron;viesos instaliacij\u0173. &Scaron;\u012fkart i&scaron; daugyb\u0117s &scaron;ilko \u017eibint\u0173 sukurtos skulpt\u016bros sieks net 8 metrus auk&scaron;\u010dio. Pakruojo dvaro teritorijoje nu&scaron;vis judantis Afrikos gyv\u016bnijos pasaulis, poliarini\u0173 me&scaron;k\u0173 ledynas, gervi\u0173 sala, persik\u0173 med\u017eiuose \u017eaid\u017eian\u010dios be\u017ed\u017eion\u0117s, Spragtuko istorij\u0105 menanti Kal\u0117d\u0173 egl\u0117. Pagrindin\u0117je aik&scaron;t\u0117je &scaron;viesos gali\u0105 primins legendomis apipintas monstras Nian, ateinantiems kiaul\u0117s metams s\u0117km\u0119 prana&scaron;aus mil\u017eini&scaron;ka kiauli\u0173 &scaron;ventykla bei egzoti&scaron;kieji kin\u0173 zodiako \u017eenklai. I&scaron; porceliano bus pagaminta \u012fsp\u016bdinga 3 metr\u0173 auk&scaron;\u010dio drakono ir fenikso dievybi\u0173 skulpt\u016bra.<\/p>\n<p>Viso &scaron;ventinio laikotarpio savaitgaliais ir Kal\u0117d\u0173 dienomis vyksian\u010diame festivalyje \u201eDidieji Kinijos \u017eibintai\u201c Lietuvos ir Kinijos aktoriai rengs teatralizuotus &scaron;ou ir &scaron;okdins s\u0117km\u0119 ne&scaron;ant\u012f drakon\u0105. \u012e Pakruojo dvar\u0105 specialiai i&scaron; Kinijos atvyks ir \u012fvair\u016bs amatininkai, pakviesiantys i&scaron; arti pamatyti egzoti&scaron;kus dirbinius ir j\u0173 k\u016brimo proces\u0105. Renginio lankytoj\u0173 lauks &scaron;ventin\u0117 mug\u0117, Ryt\u0173 virtuv\u0117s skoniai ir dvari&scaron;kos pramogos.<\/p>\n<p>&Scaron;viesos festivalyje &scaron;iemet taip pat veiks k\u016brybin\u0117s \u2013 edukacin\u0117s vaik\u0173 u\u017eimtumo erdv\u0117s. Ma\u017eieji pramogautojai gal\u0117s patys pie&scaron;ti kini&scaron;kus \u017eibintus, \u017eingsniuoti spalv\u0105 kei\u010dian\u010diomis l\u0117k&scaron;t\u0117mis ar susitikti su Kal\u0117d\u0173 seneliu spindin\u010diame jo namelyje.<\/p>\n<p>V\u0117liau so\u010diai pavalg\u0119 keliausime \u012f <\/p>\n<hr \/>\n<p><strong>\u012e kelion\u0117s kain\u0105 \u012fskai\u010diuota:<\/strong><\/p>\n<hr \/>\n<p>\u2022 Kelion\u0117 autobusu.<br \/> \u2022 Kelion\u0117s vadovo-gido paslaugos.<br \/> \u2022 Kelion\u0117s dokument\u0173 sutvarkymas.<br \/> \u2022 Ekskursija po K\u0117daini\u0173 senamiest\u012f. <br \/> \u2022 Ekskursija po Kai&scaron;iadori\u0173 apylinkes.<br \/> \u2022 Ekskursija po \u017daslius.<\/p>\n<hr \/>\n<p><strong>\u012e kelion\u0117s kain\u0105 ne\u012fskai\u010diuota:<\/strong><\/p>\n<hr \/>\n<p>Pageidaujant:<\/p>\n<p>\u2022 \u012e\u0117jimo bilietai \u012f mokamas lankytinas vietas (dvarus\/muziejus\/ba\u017eny\u010dias ir pan.).<br \/> \u2022 Sveikatos draudimas kelion\u0117s metu (kreiptis \u012f agent\u016br\u0105).<br \/> \u2022 Piet\u016bs (namini\u0173 \u012fvairi\u0173 r\u016b&scaron;i\u0173 virtinuk\u0173 degustacija) \u2013 &#8230;&#8230; \u20ac\/asm. <br \/> \u2022 Degustacin\u0117 \u2013 pa\u017eintin\u0117 programa midaus darykloje \u201eMIDAUS UP\u0116S TEK\u0116JO\u201c \u2013 &#8230;&#8230; \u20ac\/asm. <br \/> \u2022 Degustacin\u0117 \u2013 edukacin\u0117 programa sraigi\u0173 \u016bkyje \u2013 7 \u20ac\/asm. D\u0116MESIO! <br \/> Apie pageidavim\u0105 pietauti ir dalyvauti degustacin\u0117se programoje \u2013 B\u016aTINA prane&scaron;ti registracijos metu!<\/p>\n<hr \/>\n<p><strong>Pastabos:<\/strong><\/p>\n<hr \/>\n<p>\u2022 Kelion\u0117s i&scaron;vykimo, atvykimo ir kiti laikai gali keistis \u2013 patikslinta informacija atsiun\u010diama \u012f elektronin\u012f pa&scaron;t\u0105 (2-3 dienas prie&scaron; kelion\u0119).<br \/> \u2022 D\u0116MESIO! Kelion\u0117s be ekskursij\u0173 paketo viet\u0173 skai\u010dius yra ribotas! Teirautis kelioni\u0173 organizatoriaus biure.<br \/> \u2022 Visos ekskursijos vedamos lietuvi\u0173 kalba.<br \/> \u2022 Objekt\u0173 lankymo tvarka, skai\u010dius ir \u012f\u0117jimo biliet\u0173 kaina gali keistis.<br \/> \u2022 Muziejuose, ba\u017eny\u010diose ir kituose mokamuose objektuose kelion\u0117s vadovas ekskursij\u0173 neveda.<br \/> \u2022 \u012e\u0117jimo bilietai \u012f mokamas lankytinas vietas (dvarus\/muziejus\/ba\u017eny\u010dias ir pan.) n\u0117ra \u012fskai\u010diuoti \u012f kelion\u0117s kain\u0105.<br \/> \u2022 Kelion\u0117s vadovas gali keisti programos eig\u0105.<br \/> \u2022 Nepamir&scaron;kite \u012f kelion\u0119 pasiimti paso\/asmens tapatyb\u0117s kortel\u0117s, galiojan\u010dio\/-s ne trumpiau nei 3 m\u0117nesius po gr\u012f\u017eimo i&scaron; kelion\u0117s datos. <\/p>","protected":false},"excerpt":{"rendered":"<p>1 diena \u2022 I&scaron;vykstame i&scaron; j\u016bs\u0173 pasirinkto miesto. \u2022 Kelion\u0117 link K\u0117daini\u0173. \u2022 Ap\u017evalgin\u0117 ekskursija po K\u0117daini\u0173 senamiest\u012f. Agurk\u0173 sostin\u0117je K\u0117dainiu&#8230;<\/p>","protected":false},"featured_media":11874,"comment_status":"open","ping_status":"closed","template":"","meta":{"om_disable_all_campaigns":false,"_monsterinsights_skip_tracking":false,"_monsterinsights_sitenote_active":false,"_monsterinsights_sitenote_note":"","_monsterinsights_sitenote_category":0},"product_brand":[],"product_cat":[669],"product_tag":[],"class_list":{"0":"post-12640","1":"product","2":"type-product","3":"status-publish","4":"has-post-thumbnail","6":"product_cat-keliones","8":"first","9":"instock","10":"virtual","11":"taxable","12":"product-type-simple"},"aioseo_notices":[],"_links":{"self":[{"href":"https:\/\/www.atravel.lt\/en\/wp-json\/wp\/v2\/product\/12640","targetHints":{"allow":["GET"]}}],"collection":[{"href":"https:\/\/www.atravel.lt\/en\/wp-json\/wp\/v2\/product"}],"about":[{"href":"https:\/\/www.atravel.lt\/en\/wp-json\/wp\/v2\/types\/product"}],"replies":[{"embeddable":true,"href":"https:\/\/www.atravel.lt\/en\/wp-json\/wp\/v2\/comments?post=12640"}],"wp:featuredmedia":[{"embeddable":true,"href":"https:\/\/www.atravel.lt\/en\/wp-json\/wp\/v2\/media\/11874"}],"wp:attachment":[{"href":"https:\/\/www.atravel.lt\/en\/wp-json\/wp\/v2\/media?parent=12640"}],"wp:term":[{"taxonomy":"product_brand","embeddable":true,"href":"https:\/\/www.atravel.lt\/en\/wp-json\/wp\/v2\/product_brand?post=12640"},{"taxonomy":"product_cat","embeddable":true,"href":"https:\/\/www.atravel.lt\/en\/wp-json\/wp\/v2\/product_cat?post=12640"},{"taxonomy":"product_tag","embeddable":true,"href":"https:\/\/www.atravel.lt\/en\/wp-json\/wp\/v2\/product_tag?post=12640"}],"curies":[{"name":"wp","href":"https:\/\/api.w.org\/{rel}","templated":true}]}}