{"id":12637,"date":"2026-03-21T15:44:46","date_gmt":"2026-03-21T13:44:46","guid":{"rendered":"https:\/\/www.atravel.lt\/produktas\/pietu-koreja-10-d-skrydis-is-rygos\/"},"modified":"2026-03-21T15:44:47","modified_gmt":"2026-03-21T13:44:47","slug":"pietu-koreja-10-d-skrydis-is-rygos","status":"publish","type":"product","link":"https:\/\/www.atravel.lt\/en\/product\/pietu-koreja-10-d-skrydis-is-rygos\/","title":{"rendered":"Piet\u0173 Kor\u0117ja 10 d. (skrydis i\u0161 Rygos)"},"content":{"rendered":"<p><strong>1 day <\/strong><\/p>\n<p>- Arrival at Riga Airport.<br \/> - Check-in.<br \/> \u2022 Skrydis: Ryga\u2013 Stambulas (~19:00-23:15).<\/p>\n<p><strong>Day 2 <\/strong><\/p>\n<p>\u2022 Skrydis: Stambulas \u2013 Seulas (Incheon) (~02:15-18:20).<br \/> \u2022 Vykstame \u012f vie&scaron;but\u012f.<br \/> \u2022 \u012esik\u016brimas vie&scaron;butyje.<br \/> - Recreation.<br \/> \u2022 Nakvyn\u0117 vie&scaron;butyje.<\/p>\n<p><strong>Day 3 <\/strong><\/p>\n<p>\u2022 Pusry\u010diai vie&scaron;butyje (perkant ekskursij\u0173 paket\u0105 pusry\u010diai \u012fskai\u010diuoti).<br \/> \u2022 Ekskursija po Seul\u0105.<br \/> - Free time after the tour.<br \/> \u2022 Sugr\u012f\u017etame \u012f vie&scaron;but\u012f.<br \/> - Recreation.<br \/> \u2022 Nakvyn\u0117 vie&scaron;butyje.<\/p>\n<p>Ekskursijos metu pamatysime sargybos pasikeitim\u0105 Kjongbokkuno r\u016bmuose (papildomas mokestis 3\u202f$\/asmeniui). &Scaron;iuo metu Kjongbokkunas yra atviras muziejus po atviru dangumi, kuriame yra trono sal\u0117 Kynd\u017eond\u017eon \u2013 lengva konstrukcija ant stulp\u0173 su ry&scaron;kiais pie&scaron;iniais ir spalvotomis gyv\u016bn\u0173 fig\u016bromis, taip pat nuostabus paviljonas Kjonghweru, pastatytas ant granito kolon\u0173 vidury dirbtinio e\u017eero. Toliau aplankysime nacionalin\u012f folkloro muziej\u0173, Kvanhvamuno aik&scaron;t\u0119 \u2013 vien\u0105 svarbiausi\u0173 Piet\u0173 Kor\u0117jos sostin\u0117s lankytin\u0173 objekt\u0173, pamatysime gra\u017eiausi\u0105 \u010cchong\u010de\u010dchono upel\u012f su spalvotais fontanais, tiltukais su \u012fvairiaspalve ap&scaron;vietimo sistema, aplankysime folkloro kaim\u0105 Buk\u010dchon\u0105 su tradiciniais nameliais ir garsi\u0105j\u0105 antikvarini\u0173 preki\u0173 gatv\u0119 Insadong.<\/p>\n<p><strong>Day 4 <\/strong><\/p>\n<p>\u2022 Pusry\u010diai vie&scaron;butyje (perkant ekskursij\u0173 paket\u0105 pusry\u010diai \u012fskai\u010diuoti).<br \/> \u2022 I&scaron;siregistravimas i&scaron; vie&scaron;bu\u010dio.<br \/> \u2022 Ekskursin\u0117 i&scaron;vyka \u201eKond\u017eu-Pujo\u201c.<br \/> \u2022 Vykstame \u012f vie&scaron;but\u012f.<br \/> \u2022 \u012esik\u016brimas vie&scaron;butyje.<br \/> - Recreation.<br \/> \u2022 Nakvyn\u0117 vie&scaron;butyje.<\/p>\n<p>I&scaron;vykimas \u012f Kond\u017eu. Istorinis, kult\u016brinis ir turistinis miestas atskleis nuostabi\u0105 senov\u0117s Pekd\u017e\u0117s valstyb\u0117s kult\u016br\u0105 ir gra\u017eias tradicijas. Aplankysite Konsansono tvirtov\u0119 \u2013 kaln\u0173 tvirtov\u0119 i&scaron; Pekd\u017e\u0117s laikotarpio (234\u2013678 m.). Prie &scaron;ventyklos stovi Manharu ir Jongd\u017ei, tai gra\u017eiausia vieta Konsano tvirtov\u0117je. I&scaron; \u010dia atsiveria nuostabus vaizdas \u012f Kimgano up\u0117s pakrant\u0119. Sekdami takeliu &scaron;iek tiek toliau, pamatysite Imnyugako paviljon\u0105, did\u017eiausi\u0105 tvirtov\u0117je. Konsanas taip pat turi svarbi\u0105 istorin\u0119 ir kult\u016brin\u0119 reik&scaron;m\u0119.<\/p>\n<p>Vykstame \u012f Pujo.<\/p>\n<p>&Scaron;is miestas saugo Pekd\u017e\u0117s dinastijos istorij\u0105 ir kult\u016br\u0105. Pujo buvo paskutin\u0117 Pekd\u017e\u0117s valstyb\u0117s sostin\u0117. \u010cia aplankysime Pekd\u017e\u0117s kult\u016bros kompleks\u0105, kur gal\u0117site susipa\u017einti su senov\u0117s Kor\u0117jos valstyb\u0117s istorija.<\/p>\n<p>Toliau aplankysime Pusosansono tvirtov\u0119 su Koranso &scaron;ventykla ir Nakchvaamo uola.<\/p>\n<p>Kaln\u0173 tvirtov\u0117 Pusosansonas pavadinta pagal kaln\u0105, ant kurio ji stovi \u2013 Pusosan\u0105, ir buvo pagrindin\u0117 gynybin\u0117 tvirtov\u0117 Sabi laikotarpiu (538\u2013660 m.). Toliau pamatysite Nakchvaamo uol\u0105, kuri i&scaron;did\u017eiai kyla vir&scaron; apylinki\u0173, tarsi \u017evalgydamasi \u012f &scaron;iaur\u0119 link Pekmgano up\u0117s ir Pusosano kalno.<\/p>\n<p>Toliau vykstame \u012f \u010cond\u017eu.<\/p>\n<p>Aplankysime tradicini\u0173 kor\u0117jie\u010di\u0173 nam\u0173 \u2013 hanok kaim\u0105, kuriame yra apie 800 nam\u0173 (papildomas mokestis 10 USD\/asm.).<\/p>\n<p><strong>Day 5 <\/strong><\/p>\n<p>\u2022 Pusry\u010diai vie&scaron;butyje (perkant ekskursij\u0173 paket\u0105 pusry\u010diai \u012fskai\u010diuoti).<br \/> \u2022 I&scaron;siregistravimas i&scaron; vie&scaron;bu\u010dio.<br \/> \u2022 Ekskursin\u0117 i&scaron;vyka \u201e\u010cind\u017eu \u2013 Pusanas\u201c.<br \/> \u2022 Vykstame link Kend\u017eu.<br \/> \u2022 \u012esik\u016brimas vie&scaron;butyje.<br \/> - Recreation.<br \/> \u2022 Nakvyn\u0117 vie&scaron;butyje.<\/p>\n<p>Ekskursijos metu aplankysime \u017ealiosios arbatos plantacijas Posone.<\/p>\n<p>Kelyje \u012f plantacij\u0105 pamatysime \u017ealiosios arbatos laukus ir vaizding\u0105 keli\u0105, apsupt\u0105 kryptomerij\u0173, kurios labai populiarios Piet\u0173 Kor\u0117joje. &Scaron;i\u0173 med\u017ei\u0173 auk&scaron;tis, augan\u010di\u0173 abiejose siauro kelio pus\u0117se, siekia iki 20 metr\u0173.<\/p>\n<p>Toliau vykstame \u012f Pusan\u0105, kur aplankysime did\u017eiausi\u0105 Piet\u0173 Kor\u0117joje \u010cagal\u010dio \u017euv\u0173 turg\u0173. Laisvas laikas, galimyb\u0117 pavalgyti.<\/p>\n<p>Taip pat aplankysime H\u0117und\u0117s papl\u016bdim\u012f ir Nuri Maru APEC centr\u0105 \u2013 garsiausi\u0105 j\u016bros papl\u016bdim\u012f su baltu sm\u0117liu, gra\u017eia krantine, &scaron;velniais krantais ir ramiomis bangomis.<\/p>\n<p><strong>Day 6 <\/strong><\/p>\n<p>\u2022 Pusry\u010diai vie&scaron;butyje (perkant ekskursij\u0173 paket\u0105 pusry\u010diai \u012fskai\u010diuoti).<br \/> \u2022 I&scaron;siregistravimas i&scaron; vie&scaron;bu\u010dio.<br \/> \u2022 Ekskursin\u0117 i&scaron;vyka \u201eKiongd\u017eu &#8211; Andongas\u201c.<br \/> \u2022 Vykstame \u012f vie&scaron;but\u012f.<br \/> \u2022 \u012esik\u016brimas vie&scaron;butyje.<br \/> - Recreation.<br \/> \u2022 Nakvyn\u0117 vie&scaron;butyje.<\/p>\n<p>Vykstame \u012f Kend\u017eu, kur aplankysime Sokkuramo ol\u0105 su Budos statula (papildomas mokestis 5\u202f$\/asm.). Toliau lankysime Pulgukso budist\u0173 &scaron;ventykl\u0105, gars\u0117jan\u010di\u0105 savo ne\u012fprasta architekt\u016bra ir akmeniniais reliktais, \u017einomais visame pasaulyje.<\/p>\n<p>Vykstame i&scaron; Kend\u017eu \u012f etnografin\u012f kaimel\u012f Hahv\u0117 Andono mieste. &Scaron;is kaimelis i&scaron;liko nuo \u010coson dinastijos laik\u0173 (1392\u20131910 m.). Kaimelis tapo \u017einomas visame pasaulyje po Jungtin\u0117s Karalyst\u0117s karalien\u0117s El\u017ebietos II vizito.<\/p>\n<p><strong>Day 7 <\/strong><\/p>\n<p>\u2022 Pusry\u010diai vie&scaron;butyje (perkant ekskursij\u0173 paket\u0105 pusry\u010diai \u012fskai\u010diuoti).<br \/> \u2022 I&scaron;siregistravimas i&scaron; vie&scaron;bu\u010dio.<br \/> \u2022 Ekskursin\u0117 i&scaron;vyka \u201ePjong\u010dangas \u2013 Sok\u010do\u201c.<br \/> \u2022 Vykstame link Seulo.<br \/> \u2022 \u012esik\u016brimas vie&scaron;butyje.<br \/> - Recreation.<br \/> \u2022 Nakvyn\u0117 vie&scaron;butyje.<\/p>\n<p>Vykstame \u012f Sokosano nacionalin\u012f park\u0105 (Seoraksan National Park) Sok\u010do mieste (papildomas mokestis 15\u202f$\/asm.).<\/p>\n<p>Nacionaliniame parke aplankysime Sinheungsa (Hyeonhwon-sa) budist\u0173 &scaron;ventykl\u0105 ir keltuvu pakilsime \u012f kalno vir&scaron;\u016bn\u0119, i&scaron; kurios atsiveria nuostabi panorama su \u012fsp\u016bdingais vaizdais \u012f j\u016br\u0105 kalno pap\u0117d\u0117je.<\/p>\n<p>Sinheungsa (Hyeonhwon-sa) &scaron;ventykla buvo pastatyta 590\u2013658 m. Nuo to laiko &scaron;ventykla buvo daugyb\u0119 kart\u0173 sunaikinta ir atstatyta. Bus laisvo laiko poilsiui ir ap\u017ei\u016brai.<\/p>\n<p><strong>Day 8 <\/strong><\/p>\n<p>\u2022 Pusry\u010diai vie&scaron;butyje (perkant ekskursij\u0173 paket\u0105 pusry\u010diai \u012fskai\u010diuoti).<br \/> \u2022 I&scaron;siregistravimas i&scaron; vie&scaron;bu\u010dio.<br \/> \u2022 Vykstame \u012f Suvon\u0105.<br \/> \u2022 Ekskursija po Hvason tvirtov\u0119.<br \/> - Free time after the tour.<br \/> \u2022 Sugr\u012f\u017etame \u012f vie&scaron;but\u012f.<br \/> \u2022 Nakvyn\u0117 vie&scaron;butyje.<\/p>\n<p>Aplankysime Hvasono tvirtov\u0119, da\u017enai vadinama \u201e\u017eydin\u010dia pilimi\u201c, kuri\u0105 XVIII a. pabaigoje pastat\u0117 karalius \u010cond\u017eo. &Scaron;iandien ji apsupta gra\u017ei\u0173 sod\u0173, tak\u0173 ir unikali\u0173 istorini\u0173 bei &scaron;iuolaikini\u0173 pastat\u0173, kurie sukuria \u012fsp\u016bding\u0105 kontrast\u0105.<\/p>\n<p>T\u0119siame ekskursij\u0105 ir vykstame \u012f Minsokchon kor\u0117jieti&scaron;k\u0105 kaimel\u012f (\u012f\u0117jimo mokestis ~10$\/asm.).<\/p>\n<p><strong>Day 9 <\/strong><\/p>\n<p>\u2022 Pusry\u010diai vie&scaron;butyje (perkant ekskursij\u0173 paket\u0105 pusry\u010diai \u012fskai\u010diuoti).<br \/> \u2022 I&scaron;siregistravimas i&scaron; vie&scaron;bu\u010dio.<br \/> \u2022 Laisva diena Seule.<br \/> \u2022 Vakare vykstame \u012f oro uost\u0105. <br \/> - Check-in. <\/p>\n<p><strong>Day 10 <\/strong><\/p>\n<p>\u2022 Skrydis: Seulas (Incheon) &#8211; Stambulas (~00:10-05:55). <br \/> - Arrival in Istanbul. <br \/> \u2022 Skrydis: Stambulas &#8211; Ryga (~08:30-10:45).<br \/> \u2022 Atvykimas \u012f Ryg\u0105. <\/p>","protected":false},"excerpt":{"rendered":"<p>1 diena \u2022 Atvykimas \u012f Rygos oro uost\u0105. \u2022 Registracija \u012f skryd\u012f. \u2022 Skrydis: Ryga\u2013 Stambulas (~19:00-23:15). 2 diena \u2022 Skrydis: Stambulas \u2013 Seulas (Incheon) (~02:&#8230;<\/p>","protected":false},"featured_media":12007,"comment_status":"open","ping_status":"closed","template":"","meta":{"om_disable_all_campaigns":false,"_monsterinsights_skip_tracking":false,"_monsterinsights_sitenote_active":false,"_monsterinsights_sitenote_note":"","_monsterinsights_sitenote_category":0},"product_brand":[],"product_cat":[669],"product_tag":[],"class_list":{"0":"post-12637","1":"product","2":"type-product","3":"status-publish","4":"has-post-thumbnail","6":"product_cat-keliones","8":"first","9":"instock","10":"virtual","11":"taxable","12":"purchasable","13":"product-type-simple"},"aioseo_notices":[],"_links":{"self":[{"href":"https:\/\/www.atravel.lt\/en\/wp-json\/wp\/v2\/product\/12637","targetHints":{"allow":["GET"]}}],"collection":[{"href":"https:\/\/www.atravel.lt\/en\/wp-json\/wp\/v2\/product"}],"about":[{"href":"https:\/\/www.atravel.lt\/en\/wp-json\/wp\/v2\/types\/product"}],"replies":[{"embeddable":true,"href":"https:\/\/www.atravel.lt\/en\/wp-json\/wp\/v2\/comments?post=12637"}],"wp:featuredmedia":[{"embeddable":true,"href":"https:\/\/www.atravel.lt\/en\/wp-json\/wp\/v2\/media\/12007"}],"wp:attachment":[{"href":"https:\/\/www.atravel.lt\/en\/wp-json\/wp\/v2\/media?parent=12637"}],"wp:term":[{"taxonomy":"product_brand","embeddable":true,"href":"https:\/\/www.atravel.lt\/en\/wp-json\/wp\/v2\/product_brand?post=12637"},{"taxonomy":"product_cat","embeddable":true,"href":"https:\/\/www.atravel.lt\/en\/wp-json\/wp\/v2\/product_cat?post=12637"},{"taxonomy":"product_tag","embeddable":true,"href":"https:\/\/www.atravel.lt\/en\/wp-json\/wp\/v2\/product_tag?post=12637"}],"curies":[{"name":"wp","href":"https:\/\/api.w.org\/{rel}","templated":true}]}}