{"id":12636,"date":"2026-03-21T15:44:46","date_gmt":"2026-03-21T13:44:46","guid":{"rendered":"https:\/\/www.atravel.lt\/produktas\/seiseliai-tropiskas-rojus-indijos-vandenyno-sirdyje-skrydis-is-rygos\/"},"modified":"2026-03-21T15:44:46","modified_gmt":"2026-03-21T13:44:46","slug":"seiseliai-tropiskas-rojus-indijos-vandenyno-sirdyje-skrydis-is-rygos","status":"publish","type":"product","link":"https:\/\/www.atravel.lt\/en\/product\/seiseliai-tropiskas-rojus-indijos-vandenyno-sirdyje-skrydis-is-rygos\/","title":{"rendered":"Sei\u0161eliai &#8211; tropi\u0161kas rojus Indijos vandenyno \u0161irdyje (skrydis i\u0161 Rygos)"},"content":{"rendered":"<h3 style=\"margin-left: 12px;text-align: center\"><strong><span style=\"color:#e74c3c\">SVARBU! Visiems atvykstantiems \u012f Sei&scaron;elius privaloma tur\u0117ti leidim\u0105 \u012fva\u017eiuoti \u012f &scaron;al\u012f. U\u017epildyti leidim\u0105 galima <\/span><a href=\"https:\/\/seychelles.govtas.com\/\"><span style=\"color:#2980b9\">PASPAUDUS \u010cIA<\/span><\/a><span style=\"color:#e74c3c\">, leidimo kaina &#8211; nuo 10 \u20ac\/asm.<\/span><\/strong><\/h3>\n<p style=\"text-align:justify\">Leidim\u0105 pildyti galima ne ank&scaron;\u010diau kaip prie&scaron; 30 d. iki atvykimo, leidimui gauti reik\u0117s:<\/p>\n<ul>\n<li>Paso kopija\/nuotrauka.<\/li>\n<li>J\u016bs\u0173 nuotrauka (asmenuk\u0117 arba kaip paso nuotrauka, bet ne i&scaron; ank&scaron;\u010diau \u012fkelto paso)<\/li>\n<li>Privalomas draudimas.<\/li>\n<li>Apgyvendinimo ir skryd\u017eio duomenys (adresas, telefono numeris, el. pa&scaron;tas)<\/li>\n<\/ul>\n<hr \/>\n<p><strong>1 day <\/strong><\/p>\n<p>- Arrival at Riga Airport.<br \/> - Check-in.<br \/> \u2022 Skrydis: Ryga &#8211; Stambulas.<br \/> \u2022 Atvykimas \u012f Stambul\u0105.<\/p>\n<p><strong>Day 2 <\/strong><\/p>\n<p>\u2022 Skrydis: Stambulas &#8211; Sei&scaron;eliai.<br \/> \u2022 Atskridimas \u012f Sei&scaron;elius pirmoje dienos pus\u0117je.<br \/> \u2022 Perve\u017eimas: oro uostas \u2013 apartamentai.<br \/> \u2022 \u012esik\u016brimas apartamentuose.<br \/> - Recreation.<br \/> - Overnight in apartment.<\/p>\n<p>Perve\u017eimas \u012f apartamentus arba vie&scaron;but\u012f (pagal u\u017eklaus\u0105 u\u017e papildom\u0105 mokest\u012f) pagrindin\u0117je Beau Valon kurortin\u0117je zonoje, esan\u010diame vos 20 minu\u010di\u0173 nuo oro uosto. Be to, bet koks perve\u017eimas Sei&scaron;eliuose yra tikras atogr\u0105\u017e\u0173 nuotykis.<\/p>\n<p>Nakvyn\u0117 apartamentuose arba vie&scaron;butyje prie vandenyno. Nuo &scaron;iol b\u016bsite ka\u017ekur Indijos vandenyno viduryje, daugiau nei t\u016bkstan\u010dio kilometr\u0173 atstumu nuo bet kurio kito \u017eem\u0117s ta&scaron;ko, kur pasl\u0117ptas ar net pamestas lobis Sei&scaron;eli\u0173 sal\u0173 pavidalu, kurios saugo senovini\u0173 pirat\u0173 paslap\u010di\u0173, kurios suteiks jums vis\u0105 ve&scaron;li\u0173 ir vis\u017eali\u0173 mi&scaron;k\u0173 gro\u017e\u012f, \u017eydr\u0105 vandenyno vanden\u012f ir akinan\u010di\u0173 balt\u0173 papl\u016bdimi\u0173 prabang\u0105.<\/p>\n<p><strong>Day 3 <\/strong><\/p>\n<p>\u2022 Ap\u017evalgin\u0117 ekskursija po Mah\u0117s sal\u0105.<br \/> \u2022 Sugr\u012f\u017etame \u012f apartamentus.<br \/> - Recreation.<br \/> - Overnight in apartment.<\/p>\n<p>Pa\u017eintis su pagrindine Mah\u0117s sala, kurios metu aplankysime sostin\u0119 Viktorij\u0105, kur pamatysime i&scaron; Sei&scaron;eli\u0173 paveld\u0117t\u0105 brit\u0173 ir pranc\u016bz\u0173 kolonijin\u0117s praeities paveld\u0105, pagardint\u0105 afrikieti&scaron;ku skoniu. Fotografuosim\u0117s prie&scaron; miniati\u016brin\u012f Big Beno formos laikrod\u017eio bok&scaron;t\u0105, vieninteliame &scaron;ios salos turguje m\u0117gausim\u0117s vietini\u0173 patiekal\u0173 ir prieskoni\u0173 aromatais ry&scaron;ki\u0173 g\u0117li\u0173 apsuptyje, \u012fsigysime &scaron;vie\u017eiausi\u0173 egzoti&scaron;k\u0173 vaisi\u0173. Aplankysime &scaron;viesi\u0105 ir originali\u0105 induist\u0173 Vinajagaro &scaron;ventykl\u0105, diding\u0105 Nekaltojo Prasid\u0117jimo katedr\u0105, pamatysime teismo r\u016bmus kaip ry&scaron;k\u0173 Viktorijos laik\u0173 pavyzd\u012f, dviej\u0173 &scaron;imtme\u010dio paminkl\u0105 ir daugyb\u0119 kit\u0173 lankytin\u0173 viet\u0173 vienoje ma\u017eiausi\u0173 planetos sostini\u0173.<\/p>\n<p>Pasigro\u017e\u0117j\u0119 architekt\u016brine \u012fvairove, gro\u017e\u0117sim\u0117s Sei&scaron;eli\u0173 gamtos didybe, \u012fveikdami salos kaln\u0173 auk&scaron;tumas vaizdingais Morne Blanc nacionalinio parko serpantininiais keliais, kur anks\u010diau buvo \u012fsik\u016brusi verg\u0173 vaik\u0173 mokykla, pasidarysime \u012fsimintinas nuotraukas nuo ap\u017evalgos aik&scaron;teli\u0173 su vaizdais \u012f salyn\u0105, po ko sustosime Port Launay papl\u016bdimyje poilsiui prie vandenyno.<\/p>\n<p><strong>Day 4 <\/strong><\/p>\n<p>- Free day.<br \/> - Recreation.<br \/> - Overnight in apartment.<\/p>\n<p><strong>Day 5 <\/strong><\/p>\n<p>\u2022 Ryte perve\u017eimas i&scaron; apartament\u0173 \u012f Viktorijos uost\u0105.<br \/> \u2022 Ekskursin\u0117 i&scaron;vyka \u201ePraslin ir La Digue salos\u201c (trukm\u0117 ~9 val.) + greitaeigio katerio bilietas &#8211; 130 \u20ac.<br \/> \u2022 Sugr\u012f\u017etame \u012f apartamentus.<br \/> - Recreation.<br \/> - Overnight in apartment.<\/p>\n<p>Vyksime \u012f Praslin ir La Digue salas, &scaron;ios dvi salos teis\u0117tai laikomos Sei&scaron;eli\u0173 salyno perlu (papildomai apmokamas kelto bilietas ~ 130 \u20ac\/asm.)! Anksti ryte vyksime i&scaron; apartament\u0173 \u012f uost\u0105, perve\u017eimas truks apie 15 minu\u010di\u0173, po kurio keltu arba greitaeigiu kateriu vyksime \u012f Praslin sal\u0105, kurios pagrindinis bruo\u017eas \u2013 lietaus mi&scaron;kas, kuris nuo seniausi\u0173 laik\u0173 nepakeit\u0117 savo i&scaron;vaizdos, o pagrindinis dalykas &scaron;io lobyno turtas yra Sei&scaron;eli\u0173 pasidid\u017eiavimas &#8211; Coco de Mer palm\u0117. J\u0105 pamatysime Valley de Mai nacionaliniame parke, o jei labai pasiseks, pamatysime ir juod\u0105j\u0105 pap\u016bg\u0105, ji gyvena i&scaron;skirtinai &scaron;ioje vietov\u0117je.<\/p>\n<p>Tuomet b\u016btinai aplankysime Anse Lazio papl\u016bdim\u012f, kuriame gal\u0117site pasideginti ir pasimaudyti \u017eydrame vandenyje.<\/p>\n<p>Toliau m\u016bs\u0173 lauks La Digue sala, kurios apsilankymas prasid\u0117s &scaron;vedi&scaron;ko stalo pietumis, po kuri\u0173 aplankysime did\u017eiuli\u0173 v\u0117\u017eli\u0173 ferm\u0105, kurie yra dar viena Sei&scaron;eli\u0173 vizitin\u0117 kortel\u0117. Tur\u0117site galimyb\u0119 juos paglostyti ir pamaitinti, j\u016bs negal\u0117site atsitr\u016bkti nuo &scaron;io proceso!<\/p>\n<p>&Scaron;ioje saloje yra namelis, kuriame buvo filmuojamos filmo \u201eSudie, Emanuel\u0117\u201c scenos ir kokos\u0173 perdirbimo gamykla.<\/p>\n<p>La Digue saloje esantis Sous d&#039;Argent papl\u016bdimys jus su\u017eav\u0117s savo baltu sm\u0117liu, apsuptu daugyb\u0117s senovini\u0173 granito rieduli\u0173, kurie puikiai tinka \u012fsimintinoms fotosesijoms laukin\u0117je gamtoje.<\/p>\n<p>Po tokios turiningos dienos j\u016bs\u0173 laukia perk\u0117la per vandenyn\u0105 \u012f Viktorijos uost\u0105 ir perve\u017eimas sausuma vaizdingu keliuku iki apartament\u0173.<\/p>\n<p><strong>Day 6 <\/strong><\/p>\n<p>- Free day.<br \/> - Recreation.<br \/> - Overnight in apartment.<\/p>\n<p><strong>Day 7 <\/strong><\/p>\n<p>\u2022 I&scaron;vykimas i&scaron; apartament\u0173 prieplaukos link.<br \/> \u2022 Ekskursin\u0117 i&scaron;vyka \u201e&Scaron;v. Onos j\u016bros parkas\u201c (trukm\u0117 ~ 7 val.).<br \/> \u2022 Sugr\u012f\u017etame \u012f apartamentus.<br \/> - Recreation.<br \/> - Overnight in apartment.<\/p>\n<p>Perve\u017eimas \u012f prieplauk\u0105, i&scaron; kurios stikliniu dugnu laivu keliausite \u012f &Scaron;v. Onos j\u016bros park\u0105, kad gal\u0117tum\u0117te m\u0117gautis Indijos vandenyno povandenin\u0117s floros ir faunos \u012fvairove. Pamaitinsime \u017euvis, nardysime su kauke, gro\u017e\u0117sim\u0117s gamtos vie&scaron;patavimu prie&scaron; civilizacij\u0105 ir aplankysime gretimas granito salas, kuri\u0173 vienoje, jei pageidausite, gal\u0117site u\u017esukti \u012f mil\u017eini&scaron;k\u0105 nebaigt\u0105 statyti vie&scaron;but\u012f, apsupt\u0105 \u017ealumos su vaizdu \u012f salas. Pakeliui pakrant\u0117je papietausime, po ko v\u0117l gro\u017e\u0117sim\u0117s did\u017eiuliais Sei&scaron;eli\u0173 v\u0117\u017eliais.<\/p>\n<p><strong>Day 8 <\/strong><\/p>\n<p>\u2022 Ekskursin\u0117 i&scaron;vyka\/\u017eygis \u201eAnse Major trial\u201c mar&scaron;rutu.<br \/> \u2022 Sugr\u012f\u017etame \u012f apartamentus.<br \/> - Recreation.<br \/> - Overnight in apartment.<\/p>\n<p>Pirmoji dienos pus\u0117 bus skirta aktyviam poilsiui, nes teks \u012fveikti Anse Major tak\u0105. Tai vaizdingiausias p\u0117s\u010di\u0173j\u0173 mar&scaron;rutas, kuriuo mums svarbu pasidalinti su jumis: jis driekiasi per kalnuot\u0105 reljef\u0105, granitines uolas, mi&scaron;k\u0105, up\u0117s sl\u0117n\u012f ir net nedidel\u012f urv\u0105, lydimas nepamir&scaron;tam\u0173 peiza\u017e\u0173, kurie taps m\u016bs\u0173 i&scaron;tikimais palydovais viso mar&scaron;ruto metu, tinkantis \u012fvairaus am\u017eiaus keliautojams. Mar&scaron;ruto pabaigoje j\u016bs\u0173 lauks maloni staigmena, takas baigiasi grak&scaron;\u010dioje \u012flankoje, kurioje plaukiojimas suteiks jausm\u0105, kad esate negyvenamojoje saloje.<\/p>\n<p><strong>Day 9 <\/strong><\/p>\n<p>- Free day.<br \/> - Recreation.<br \/> - Overnight in apartment.<\/p>\n<p><strong>Day 10 <\/strong><\/p>\n<p>- Free day.<br \/> - Recreation.<br \/> - Overnight in apartment.<\/p>\n<p><strong>Day 11 <\/strong><\/p>\n<p>- Free day.<br \/> - Recreation.<br \/> - Overnight in apartment.<\/p>\n<p><strong>Day 12<\/strong><\/p>\n<p>- Free day by the sea.<br \/> \u2022 I&scaron;siregistravimas i&scaron; apartament\u0173.<br \/> \u2022 Vakare vykstame \u012f oro uost\u0105.<br \/> - Check-in.<br \/> \u2022 Skrydis: Sei&scaron;eliai &#8211; Stambulas.<\/p>\n<p><strong>Day 13<\/strong><\/p>\n<p>- We arrive in Istanbul.<br \/> \u2022 Skrydis: Stambulas &#8211; Ryga.<br \/> \u2022 Atvykstame \u012f Ryg\u0105.<\/p>","protected":false},"excerpt":{"rendered":"<p>SVARBU! Visiems atvykstantiems \u012f Sei&scaron;elius privaloma tur\u0117ti leidim\u0105 \u012fva\u017eiuoti \u012f &scaron;al\u012f. U\u017epildyti leidim\u0105 galima PASPAUDUS \u010cIA, leidimo kaina &#8211; nuo&#8230;<\/p>","protected":false},"featured_media":11872,"comment_status":"open","ping_status":"closed","template":"","meta":{"om_disable_all_campaigns":false,"_monsterinsights_skip_tracking":false,"_monsterinsights_sitenote_active":false,"_monsterinsights_sitenote_note":"","_monsterinsights_sitenote_category":0},"product_brand":[],"product_cat":[669],"product_tag":[],"class_list":{"0":"post-12636","1":"product","2":"type-product","3":"status-publish","4":"has-post-thumbnail","6":"product_cat-keliones","8":"first","9":"instock","10":"virtual","11":"taxable","12":"purchasable","13":"product-type-simple"},"aioseo_notices":[],"_links":{"self":[{"href":"https:\/\/www.atravel.lt\/en\/wp-json\/wp\/v2\/product\/12636","targetHints":{"allow":["GET"]}}],"collection":[{"href":"https:\/\/www.atravel.lt\/en\/wp-json\/wp\/v2\/product"}],"about":[{"href":"https:\/\/www.atravel.lt\/en\/wp-json\/wp\/v2\/types\/product"}],"replies":[{"embeddable":true,"href":"https:\/\/www.atravel.lt\/en\/wp-json\/wp\/v2\/comments?post=12636"}],"wp:featuredmedia":[{"embeddable":true,"href":"https:\/\/www.atravel.lt\/en\/wp-json\/wp\/v2\/media\/11872"}],"wp:attachment":[{"href":"https:\/\/www.atravel.lt\/en\/wp-json\/wp\/v2\/media?parent=12636"}],"wp:term":[{"taxonomy":"product_brand","embeddable":true,"href":"https:\/\/www.atravel.lt\/en\/wp-json\/wp\/v2\/product_brand?post=12636"},{"taxonomy":"product_cat","embeddable":true,"href":"https:\/\/www.atravel.lt\/en\/wp-json\/wp\/v2\/product_cat?post=12636"},{"taxonomy":"product_tag","embeddable":true,"href":"https:\/\/www.atravel.lt\/en\/wp-json\/wp\/v2\/product_tag?post=12636"}],"curies":[{"name":"wp","href":"https:\/\/api.w.org\/{rel}","templated":true}]}}