{"id":12635,"date":"2026-03-21T15:44:46","date_gmt":"2026-03-21T13:44:46","guid":{"rendered":"https:\/\/www.atravel.lt\/produktas\/city-tour-4-d-ilgasis-savaitgalis-vienoje-skrydis-is-vilniaus\/"},"modified":"2026-03-21T15:44:46","modified_gmt":"2026-03-21T13:44:46","slug":"city-tour-4-d-ilgasis-savaitgalis-vienoje-skrydis-is-vilniaus","status":"publish","type":"product","link":"https:\/\/www.atravel.lt\/en\/product\/city-tour-4-d-ilgasis-savaitgalis-vienoje-skrydis-is-vilniaus\/","title":{"rendered":"City Tour: 4 d. Ilgasis savaitgalis Vienoje (skrydis i\u0161 Vilniaus)"},"content":{"rendered":"<h3 style=\"text-align: center\"><span style=\"color:#16a085\"><b>Garantuota nuo 2 asmen\u0173!<\/b><\/span><\/h3>\n<hr \/>\n<h3 style=\"text-align: center\"><strong><span style=\"color:#e74c3c\">Kelion\u0117s programos eiga gali keistis, atsi\u017evelgiant \u012f skryd\u017ei\u0173 laikus ir kitas aplinkybes!<\/span><\/strong><\/h3>\n<hr \/>\n<h3 style=\"text-align: center\"><b>SVARBU! EKSKURSIJ\u0172 IR PERVE\u017dIMO PAKETAS APMOKAMAS KELION\u0116S METU!<\/b><\/h3>\n<hr \/>\n<h3 style=\"text-align: center\"><strong><span style=\"color:#e74c3c\">Kelion\u0117 organizuojama individualiai, tod\u0117l d\u0117l l\u0117ktuvo biliet\u0173 ir vie&scaron;bu\u010dio kambari\u0173 pabrangimo, organizatorius gali atmesti rezervacij\u0105 arba pasi\u016blyti keliautojui priemok\u0105.<\/span><\/strong><\/h3>\n<hr \/>\n<p><strong>1 day <\/strong><\/p>\n<p>- Arrival at Vilnius Airport.<br \/> - Check-in.<br \/> \u2022 Skrydis: Vilnius \u2013 Viena.<br \/> \u2022 Perve\u017eimas \u012f 3* vie&scaron;but\u012f (papildomas mokestis, perkant ekskursij\u0173 paket\u0105 perve\u017eimas \u012fskai\u010diuotas).<br \/> \u2022 \u012esik\u016brimas vie&scaron;butyje.<br \/> \u2022 Laisvas laika.<br \/> \u2022 Nakvyn\u0117 vie&scaron;butyje.<\/p>\n<p><strong>Day 2 <\/strong><\/p>\n<p>\u2022 Pusry\u010diai vie&scaron;butyje (perkant ekskursij\u0173 paket\u0105 pusry\u010diai \u012fskai\u010diuoti).<br \/> \u2022 Ap\u017evalgin\u0117 ekskursija p\u0117s\u010diomis po Vien\u0105 (papildomas mokestis + vie&scaron;ojo transporto bilietai ~2,4 \u20ac\/1 bilietas).<br \/> - Free time.<br \/> \u2022 Sugr\u012f\u017etame \u012f vie&scaron;but\u012f.<br \/> \u2022 Nakvyn\u0117 vie&scaron;butyje.<\/p>\n<p>Po Vienos miest\u0105 vyksime vie&scaron;uoju transportu (1 bilieto kaina ~ 2,4 \u20ac, bilietai apmokami pa\u010di\u0173 keliautoj\u0173).<\/p>\n<p>Ekskursij\u0105 po Vien\u0105 prad\u0117sime nuo miesto vizitin\u0117s kortel\u0117s &#8211; Marijos Teres\u0117s aik&scaron;t\u0117s su dviem pastatais dvyniais \u2013 Meno ir istorijos bei Gamtos muziejumi.<\/p>\n<p>Pasivaik&scaron;\u010diokime po \u017eiemos imperatori&scaron;k\u0105j\u0105 Hofburg\u0173 rezidencij\u0105, didingus r\u016bmus, Habsburg\u0173 dinastijos rezidencij\u0105, kurioje yra 2600 kambari\u0173. Tada eisime dviem p\u0117s\u010di\u0173j\u0173 gatv\u0117mis &#8211; Graben su maro kolona ir Kohlmarkt su brangiausiomis parduotuv\u0117mis, kurios kartu su K&auml;rtnerstrasse sudaro \u201eauksin\u0119 pasag\u0105\u201c &#8211; centrin\u0119 p\u0117s\u010di\u0173j\u0173 zon\u0105, sustosime prie &Scaron;v. Petro ba\u017eny\u010dios, kuri gali sudominti vargon\u0173 muzikos m\u0117g\u0117jus. Ir, \u017einoma, ypating\u0105 d\u0117mes\u012f skirsime &Scaron;v. Stepono katedrai \u2013 grandioziniam pastatui pa\u010dioje Vienos &scaron;irdyje, kur\u012f vienie\u010diai meiliai pramin\u0117 \u201eStefl\u201c. Ekskursij\u0105 baigsime prie pagrindinio Austrijos teatro, kur i&scaron;samiai susipa\u017einsite su Valstybin\u0117s operos istorija, \u012f kuri\u0105 siekia patekti muzikos m\u0117g\u0117jai i&scaron; viso pasaulio.<\/p>\n<p>Laisvalaikiu gal\u0117site aplankyti vien\u0105 ar kelis miesto muziejus, tokius kaip Hundertvaserio namas, Gamtos istorijos muziejus, Sissi muziejus, Imperatori&scaron;kojo i\u017edo muziejus arba aplankyti garsi\u0105j\u0105 kavin\u0119, kurioje gaminamas tikrasis Sacher pyragas, vienas garsiausi\u0173 pasaulio desert\u0173.<\/p>\n<p><strong>Day 3 <\/strong><\/p>\n<p>\u2022 Pusry\u010diai vie&scaron;butyje (perkant ekskursij\u0173 paket\u0105 pusry\u010diai \u012fskai\u010diuoti).<br \/> \u2022 Susitikimas su gidu vie&scaron;butyje.<br \/> \u2022 Ekskursija p\u0117s\u010diomis \u201eViduram\u017ei\u0173 miesto \u2013 Vienos legendos ir mitai\u201c (papildomas mokestis + vie&scaron;ojo transporto bilietai ~2,4 \u20ac\/1 bilietas).<br \/> - Free time.<br \/> \u2022 Pageidaujantiems si\u016blome ekskursin\u0119 i&scaron;vyk\u0105 \u012f Habsburg\u0173 vasaros rezidencij\u0105 \u2013 &Scaron;enbruno r\u016bmus (papildomas mokestis &#8211; 100 \u20ac\/asm. + \u012f\u0117jimo bilietas ~44 \u20ac\/asm. + vie&scaron;ojo transporto bilietai ~ 2,4 \u20ac)<br \/> \u2022 Sugr\u012f\u017etame \u012f vie&scaron;but\u012f.<br \/> \u2022 Nakvyn\u0117 vie&scaron;butyje.<\/p>\n<p>Po Vienos miest\u0105 vyksime vie&scaron;uoju transportu (1 bilieto kaina ~ 2,4 \u20ac, bilietai apmokami pa\u010di\u0173 keliautoj\u0173).<\/p>\n<p>Prad\u0117sime savo kelion\u0119 gatv\u0117mis, i&scaron; kuri\u0173 i&scaron;augo Austrijos sostin\u0117. Susipa\u017einsite su sunki\u0105 &scaron;ios tautos istorij\u0105 saugan\u010diu \u017eyd\u0173 kvartalu, kuriame yra senoji rotu&scaron;\u0117 ir egzekucijos vietos. Su\u017einosite, kaip vyko egzekucijos senosios Vienos turgaus aik&scaron;t\u0117se, b\u016btinai papasakosime apie siaubing\u0105 maro epidemij\u0105 ir Vienos optimizmo simboliu tapus\u012f liaudies didvyr\u012f Augustin\u0105.<\/p>\n<p>Pasivaik&scaron;\u010diosite sen\u0173j\u0173 gatvi\u0173 grindiniais, kurie siejami su Mocarto gyvenimu, su\u017einosite, kokias legendas apie did\u012fj\u012f muzikant\u0105 yra i&scaron;saugoj\u0119s miestas, ta\u010diau nepamir&scaron;kite, kad folklore gausu i&scaron;galvojim\u0173, pvz. garsusis mitas apie Mocarto skurd\u0105 yra fikcija.<br \/> Ekskursijos pabaigoje ap\u017ei\u016br\u0117site gra\u017e\u0173j\u012f Inkaro laikrod\u012f, pasakojant\u012f apie Vienos istorij\u0105.<\/p>\n<p>Laisvas laikas mieste arba pageidaujantiems si\u016blome pa\u017eintin\u0119 i&scaron;vyk\u0105 \u012f Habsburg\u0173 vasaros rezidencij\u0105 \u2013 &Scaron;enbruno r\u016bmus. (Papildomas mokestis 100 \u20ac + \u012f\u0117jimo bilietas ~ 44 \u20ac + vie&scaron;ojo transporto bilietas 2,40 \u20ac).<\/p>\n<p>Sch&ouml;nbrunn (&Scaron;enbruno) r\u016bmai &#8211; vasaros imperatori&scaron;koji rezidencija &#8211; yra labiausiai lankomas ir m\u0117gstamiausias Vienos objektas tiek austr\u0173, tiek turist\u0173. Tur\u0117site apeiti 44 i&scaron; pusantro t\u016bkstan\u010dio r\u016bm\u0173 sali\u0173 ir kamer\u0173. Sch&ouml;nbrunn r\u016bmai kadaise buvo vasaros paviljonas, ta\u010diau valdant Marijai Teresei jie buvo atstatyti ir gerokai i&scaron;pl\u0117sti. Laikui b\u0117gant jie tapo vienais patraukliausi\u0173 Vienos r\u016bm\u0173 d\u0117l prabangaus interjero ir originali\u0173 bald\u0173, pra&scaron;matni\u0173 barokini\u0173 park\u0173, o turtingiausiu &#8211; d\u0117l pavertimo oficialia Austrijos imperatori\u0173 rezidencija.<\/p>\n<p>Interjerai kuriami ne vienu stiliumi, tai skirting\u0173 meninink\u0173 ir meistr\u0173 darbo rezultatas. Geriausiais pripa\u017einta pagrindin\u0117 banket\u0173 ir pri\u0117mim\u0173 sal\u0117 \u2013 Did\u017eioji galerija, taip pat m\u0117lynasis salonas, lako kambarys ir Marijos Teres\u0117s kabinetas. Veidrod\u017ei\u0173 sal\u0117je saugomi daugelio puiki\u0173 pra\u0117jusi\u0173 penki\u0173 &scaron;imtme\u010di\u0173 \u017emoni\u0173, \u012fskaitant ma\u017e\u0105j\u012f Mocart\u0105, atspind\u017eiai. Sch&ouml;nbrunn r\u016bm\u0173 parkas pagr\u012fstai pripa\u017eintas kra&scaron;tovaizd\u017eio sodininkyst\u0117s meno pavyzd\u017eiu. Seniausias Europoje zoologijos sodas, atidarytas dar 1570 m., botanikos sodas, palmi\u0173 paviljonas, rom\u0117ni&scaron;ki griuv\u0117siai, fontanai \u2013 visa tai galima pamatyti ekskursijoje po &Scaron;enbruno r\u016bmus, m\u0117gaujantis imperatori&scaron;ku parko spindesiu, kuris lenkia kai kurias Europos valstybes pagal plot\u0105. U\u017elip\u0119 \u012f auk&scaron;\u010diausi\u0105 parko viet\u0105, \u012f Gloriette paviljon\u0105, gal\u0117site m\u0117gautis nuostabiu Vienos vaizdu.<\/p>\n<p><strong>Day 4 <\/strong><\/p>\n<p>\u2022 Pusry\u010diai vie&scaron;butyje (perkant ekskursij\u0173 paket\u0105 pusry\u010diai \u012fskai\u010diuoti).<br \/> \u2022 I&scaron;siregistravimas i&scaron; vie&scaron;bu\u010dio.<br \/> - Free time.<br \/> \u2022 Perve\u017eimas \u012f oro uost\u0105 (papildomas mokestis, perkant ekskursij\u0173 paket\u0105 perve\u017eimas \u012fskai\u010diuotas).<br \/> - Check-in.<br \/> \u2022 Skrydis: Viena \u2013 Vilnius.<br \/> \u2022 Atvykimas \u012f Vilni\u0173.<\/p>","protected":false},"excerpt":{"rendered":"<p>Garantuota nuo 2 asmen\u0173! Kelion\u0117s programos eiga gali keistis, atsi\u017evelgiant \u012f skryd\u017ei\u0173 laikus ir kitas aplinkybes! SVARBU! EKSKURSIJ\u0172 IR PERVE\u017dIMO PAKETAS APMO&#8230;<\/p>","protected":false},"featured_media":11871,"comment_status":"open","ping_status":"closed","template":"","meta":{"om_disable_all_campaigns":false,"_monsterinsights_skip_tracking":false,"_monsterinsights_sitenote_active":false,"_monsterinsights_sitenote_note":"","_monsterinsights_sitenote_category":0},"product_brand":[],"product_cat":[669],"product_tag":[],"class_list":{"0":"post-12635","1":"product","2":"type-product","3":"status-publish","4":"has-post-thumbnail","6":"product_cat-keliones","8":"first","9":"instock","10":"virtual","11":"taxable","12":"purchasable","13":"product-type-simple"},"aioseo_notices":[],"_links":{"self":[{"href":"https:\/\/www.atravel.lt\/en\/wp-json\/wp\/v2\/product\/12635","targetHints":{"allow":["GET"]}}],"collection":[{"href":"https:\/\/www.atravel.lt\/en\/wp-json\/wp\/v2\/product"}],"about":[{"href":"https:\/\/www.atravel.lt\/en\/wp-json\/wp\/v2\/types\/product"}],"replies":[{"embeddable":true,"href":"https:\/\/www.atravel.lt\/en\/wp-json\/wp\/v2\/comments?post=12635"}],"wp:featuredmedia":[{"embeddable":true,"href":"https:\/\/www.atravel.lt\/en\/wp-json\/wp\/v2\/media\/11871"}],"wp:attachment":[{"href":"https:\/\/www.atravel.lt\/en\/wp-json\/wp\/v2\/media?parent=12635"}],"wp:term":[{"taxonomy":"product_brand","embeddable":true,"href":"https:\/\/www.atravel.lt\/en\/wp-json\/wp\/v2\/product_brand?post=12635"},{"taxonomy":"product_cat","embeddable":true,"href":"https:\/\/www.atravel.lt\/en\/wp-json\/wp\/v2\/product_cat?post=12635"},{"taxonomy":"product_tag","embeddable":true,"href":"https:\/\/www.atravel.lt\/en\/wp-json\/wp\/v2\/product_tag?post=12635"}],"curies":[{"name":"wp","href":"https:\/\/api.w.org\/{rel}","templated":true}]}}