{"id":12633,"date":"2026-03-21T15:44:46","date_gmt":"2026-03-21T13:44:46","guid":{"rendered":"https:\/\/www.atravel.lt\/produktas\/city-tour-roma-vatikanas-4-d-skrydis-is-vilniaus\/"},"modified":"2026-03-21T15:44:46","modified_gmt":"2026-03-21T13:44:46","slug":"city-tour-roma-vatikanas-4-d-skrydis-is-vilniaus","status":"publish","type":"product","link":"https:\/\/www.atravel.lt\/en\/product\/city-tour-roma-vatikanas-4-d-skrydis-is-vilniaus\/","title":{"rendered":"CITY TOUR: ROMA &#8211; VATIKANAS 4 D. (skrydis i\u0161 Vilniaus)"},"content":{"rendered":"<h3 style=\"text-align: center\"><span style=\"font-size:18px\"><span style=\"color:#27ae60\"><strong>Garantuota nuo 2 asmen\u0173!<\/strong><\/span><\/span><\/h3>\n<hr \/>\n<h3 style=\"text-align: center\"><b>SVARBU! EKSKURSIJ\u0172 IR PERVE\u017dIMO PAKETAS APMOKAMAS KELION\u0116S METU!<\/b><\/h3>\n<hr \/>\n<h3 style=\"text-align: center\"><span style=\"color:#e74c3c\"><strong>Kelion\u0117 organizuojama individualiai, tod\u0117l d\u0117l l\u0117ktuvo biliet\u0173 ir vie&scaron;bu\u010dio kambari\u0173 pabrangimo, organizatorius gali atmesti rezervacij\u0105 arba pasi\u016blyti keliautojui priemok\u0105.<\/strong><\/span><\/h3>\n<hr \/>\n<p><strong>1 day <\/strong><\/p>\n<p>- Arrival at Vilnius Airport.<br \/> - Check-in.<br \/> \u2022 Skrydis: Vilnius \u2013 Roma (~19:30-21:15).<br \/> \u2022 Atvykimas \u012f Rom\u0105.<br \/> \u2022 Perve\u017eimas \u012f 3* vie&scaron;but\u012f (\u012fskai\u010diuotas \u012f ekskursij\u0173 paket\u0105).<br \/> \u2022 \u012esik\u016brimas vie&scaron;butyje.<br \/> - Free time.<br \/> \u2022 Nakvyn\u0117 vie&scaron;butyje.<\/p>\n<p><strong>Day 2 <\/strong><\/p>\n<p>\u2022 Pusry\u010diai vie&scaron;butyje (perkant ekskursij\u0173 paket\u0105 pusry\u010diai \u012fskai\u010diuoti).<br \/> \u2022 Ekskursija po Rom\u0105 (\u012f\u0117jimo ir vie&scaron;ojo transporto (metro) bilietai apmokami papildomai).<br \/> - Free time.<br \/> \u2022 Sugr\u012f\u017etame \u012f vie&scaron;but\u012f.<br \/> \u2022 Nakvyn\u0117 vie&scaron;butyje.<\/p>\n<p>Roma &#8211; Italijos sostin\u0117 ir labiausiai turist\u0173 lankomas miestas Europoje, taip pat pagrindinis politinis, kult\u016brinis, ekonominis &scaron;alies centras, vienas i&scaron; seniausi\u0173 ir istoriniais bei kult\u016briniais paminklais turtingiausi\u0173 pasaulio miest\u0173.<\/p>\n<p>Ekskursija p\u0117s\u010diomis po Rom\u0105 (\u012f\u0117jimo ir vie&scaron;ojo transporto bilietai apmokami papildomai), kurios metu pamatysite garsiausias vieno seniausi\u0173 pasaulio miest\u0173 \u012f\u017eymybes: Koliziej\u0173, rom\u0117n\u0173 forumus, Kapitolijaus kalv\u0105, Italijos istorijos memorial\u0105, Venecijos aik&scaron;t\u0119 ir Panteon\u0105.<\/p>\n<p><strong>Day 3 <\/strong><\/p>\n<p>\u2022 Pusry\u010diai vie&scaron;butyje (perkant ekskursij\u0173 paket\u0105 pusry\u010diai \u012fskai\u010diuoti).<br \/> \u2022 Ekskursin\u0117 i&scaron;vyka \u012f Vatikan\u0105 (\u012f\u0117jimo ir vie&scaron;ojo transporto (metro) bilietai apmokami papildomai).<br \/> - Free time.<br \/> \u2022 Sugr\u012f\u017etame \u012f vie&scaron;but\u012f.<br \/> \u2022 Nakvyn\u0117 vie&scaron;butyje.<\/p>\n<p>Vatikanas \u2013 valstyb\u0117, kuria sudaro tik vienas miestas, ji buvo sukurta pagal liuteron\u0173 susitarimus tarp Romos katalik\u0173 ba\u017eny\u010dios ir Italijos valstyb\u0117s 1929 m. vasario 11 d. Vatikane yra kiekvieno (buvusi\u0173 ir esamo) popie\u017eiaus rezidencijos, kuri\u0173 vidus ir i&scaron;or\u0117 nusipelno ypatingo d\u0117mesio ir susi\u017eav\u0117jimo. Vatikanas yra muziejus po atviru dangumi, kuriame pa\u017eod\u017eiui kiekviename metre yra lankytin\u0173 viet\u0173, i&scaron; kuri\u0173 reik&scaron;mingiausia yra &Scaron;v. Petro katedra &#8211; did\u017eiausia krik&scaron;\u010dioni\u0173 ba\u017eny\u010dia pasaulyje.<\/p>\n<p>Garsiuose Vatikano muziejuose saugomi senov\u0117s Egipto meno objektai, taip pat &scaron;iuolaikinio meno k\u016briniai. Garsiausios Vatikano muziejuose yra Siksto koply\u010dia, Rafaelio Stanzas ir Laokoonas, o Vatikano \u201ePinakothek\u201c kolekcijoje yra toki\u0173 renesanso meistr\u0173 kaip Rafaelis, Titianas, Veronese, Caravaggio ir Tintoretto.<\/p>\n<p><strong>Day 4 <\/strong><\/p>\n<p>\u2022 Pusry\u010diai vie&scaron;butyje (perkant ekskursij\u0173 paket\u0105 pusry\u010diai \u012fskai\u010diuoti).<br \/> \u2022 I&scaron;siregistravimas i&scaron; vie&scaron;bu\u010dio.<br \/> - Transfer to the airport.<br \/> - Check-in.<br \/> \u2022 Skrydis: Roma \u2013 Vilnius (~11:40-15:25).<br \/> \u2022 Atvykimas \u012f Vilni\u0173.<\/p>","protected":false},"excerpt":{"rendered":"<p>Garantuota nuo 2 asmen\u0173! SVARBU! EKSKURSIJ\u0172 IR PERVE\u017dIMO PAKETAS APMOKAMAS KELION\u0116S METU! Kelion\u0117 organizuojama individualiai, tod\u0117l d\u0117l l\u0117ktuvo biliet\u0173 ir vie&#038;&#8230;<\/p>","protected":false},"featured_media":11869,"comment_status":"open","ping_status":"closed","template":"","meta":{"om_disable_all_campaigns":false,"_monsterinsights_skip_tracking":false,"_monsterinsights_sitenote_active":false,"_monsterinsights_sitenote_note":"","_monsterinsights_sitenote_category":0},"product_brand":[],"product_cat":[669],"product_tag":[],"class_list":{"0":"post-12633","1":"product","2":"type-product","3":"status-publish","4":"has-post-thumbnail","6":"product_cat-keliones","8":"first","9":"instock","10":"virtual","11":"taxable","12":"purchasable","13":"product-type-simple"},"aioseo_notices":[],"_links":{"self":[{"href":"https:\/\/www.atravel.lt\/en\/wp-json\/wp\/v2\/product\/12633","targetHints":{"allow":["GET"]}}],"collection":[{"href":"https:\/\/www.atravel.lt\/en\/wp-json\/wp\/v2\/product"}],"about":[{"href":"https:\/\/www.atravel.lt\/en\/wp-json\/wp\/v2\/types\/product"}],"replies":[{"embeddable":true,"href":"https:\/\/www.atravel.lt\/en\/wp-json\/wp\/v2\/comments?post=12633"}],"wp:featuredmedia":[{"embeddable":true,"href":"https:\/\/www.atravel.lt\/en\/wp-json\/wp\/v2\/media\/11869"}],"wp:attachment":[{"href":"https:\/\/www.atravel.lt\/en\/wp-json\/wp\/v2\/media?parent=12633"}],"wp:term":[{"taxonomy":"product_brand","embeddable":true,"href":"https:\/\/www.atravel.lt\/en\/wp-json\/wp\/v2\/product_brand?post=12633"},{"taxonomy":"product_cat","embeddable":true,"href":"https:\/\/www.atravel.lt\/en\/wp-json\/wp\/v2\/product_cat?post=12633"},{"taxonomy":"product_tag","embeddable":true,"href":"https:\/\/www.atravel.lt\/en\/wp-json\/wp\/v2\/product_tag?post=12633"}],"curies":[{"name":"wp","href":"https:\/\/api.w.org\/{rel}","templated":true}]}}