{"id":12632,"date":"2026-03-21T15:44:46","date_gmt":"2026-03-21T13:44:46","guid":{"rendered":"https:\/\/www.atravel.lt\/produktas\/nepamirstamos-atostogos-meksikoje-14-d-skrydis-is-rygos\/"},"modified":"2026-03-21T15:44:46","modified_gmt":"2026-03-21T13:44:46","slug":"nepamirstamos-atostogos-meksikoje-14-d-skrydis-is-rygos","status":"publish","type":"product","link":"https:\/\/www.atravel.lt\/en\/product\/nepamirstamos-atostogos-meksikoje-14-d-skrydis-is-rygos\/","title":{"rendered":"Nepamir\u0161tamos atostogos MEKSIKOJE 14 d. (skrydis i\u0161 Rygos)"},"content":{"rendered":"<p><strong>1 day <\/strong><\/p>\n<p>- Arrival at Riga Airport.<br \/> - Check-in.<br \/> \u2022 Skrydis: Ryga \u2013 Stambulas.<br \/> \u2022 Atvykimas \u012f Stambul\u0105.<br \/> \u2022 Skrydis: Stambulas \u2013 Kankunas.<\/p>\n<p><strong>Day 2<\/strong><\/p>\n<p>\u2022 Atvykimas \u012f Kankun\u0105.<br \/> \u2022 Perve\u017eimas i&scaron; oro uosto \u012f vie&scaron;but\u012f.<br \/> \u2022 \u012esik\u016brimas vie&scaron;butyje.<br \/> - Free day.<br \/> - Relax by the sea.<br \/> \u2022 Nakvyn\u0117 vie&scaron;butyje.<\/p>\n<p><strong>Day 3 <\/strong><\/p>\n<p>\u2022 Pusry\u010diai vie&scaron;butyje (perkant ekskursij\u0173 paket\u0105 pusry\u010diai \u012fskai\u010diuoti).<br \/> \u2022 Ekskursin\u0117 i&scaron;vyka \u201eTulumas &#8211; Koba &#8211; Ik Kil &#8211; Chichen Itza\u201c.<br \/> \u2022 Pageidaujantiems si\u016blome pietus (u\u017e papildom\u0105 mokest\u012f).<br \/> \u2022 Sugr\u012f\u017etame \u012f vie&scaron;but\u012f.<br \/> \u2022 Nakvyn\u0117 vie&scaron;butyje.<\/p>\n<p>Prad\u0117sime pa\u017eint\u012f su unikalia &scaron;alimi. I&scaron;vykstame visai dienai, nepamir&scaron;kite su savimi pasiimti krem\u0105 nuo saul\u0117s, patogius batus bei maudymosi kostium\u0117l\u012f.<\/p>\n<p>Ekskursij\u0105 prad\u0117sime nuo apsilankymo senovinio Tulumo miesto griuv\u0117siuose, po to toliau gilinsim\u0117s \u012f maj\u0173 istorij\u0105 ant Kobos miesto griuv\u0117si\u0173. B\u016btent \u010dia yra auk&scaron;\u010diausia Jukatano pusiasalio piramid\u0117 &#8211; 42 metr\u0173 auk&scaron;\u010dio, \u012f j\u0105 galima ir netgi reikia u\u017ekopti, nes vaizdas nuo d\u017eiungl\u0117se esan\u010dios piramid\u0117s nustebins net ir labiausiai patyrusius keliautojus.<\/p>\n<p>Po to vyksime \u012f Ik-Kil cenot\u0119. Meksika yra vienintel\u0117 &scaron;alis pasaulyje, galinti pasigirti cenotais &#8211; karstiniais e\u017eerais, kuri\u0173 kri&scaron;tolo skaidrumo vanduo yra \u017eemiau \u017eem\u0117s pavir&scaron;iaus. Tur\u0117sime galimyb\u0119 i&scaron;simaudyti &scaron;ioje unikalioje vietoje.<\/p>\n<p>O dienos pabaigoje aplankysime garsi\u0105j\u0105 Chichen Itza &#8211; vien\u0105 i&scaron; pasaulio stebukl\u0173. &Scaron;iai dienai tai yra pilniausiai ir kokybi&scaron;kai restauruotas maj\u0173 miestas.<\/p>\n<p>Chichen Itza piramid\u0117 gars\u0117ja savo dizainu: jos &scaron;onai orientuoti \u012f keturias kardinalias kryptis. Devyni lygiai kiekvienoje pus\u0117je, atskirti laiptais per du, sudaro a&scaron;tuoniolika maj\u0173 kalendorini\u0173 met\u0173 m\u0117nesi\u0173, i&scaron; viso laipt\u0173 pakop\u0173 skai\u010dius yra 365 &#8211; dien\u0173 skai\u010dius per metus.<\/p>\n<p><strong>Day 4 <\/strong><\/p>\n<p>\u2022 Pusry\u010diai vie&scaron;butyje (perkant ekskursij\u0173 paket\u0105 pusry\u010diai \u012fskai\u010diuoti).<br \/> \u2022 Laisva diena, poilsis prie j\u016bros.<br \/> \u2022 Nakvyn\u0117 vie&scaron;butyje.<\/p>\n<p><strong>Day 5 <\/strong><\/p>\n<p>\u2022 Pusry\u010diai vie&scaron;butyje (perkant ekskursij\u0173 paket\u0105 pusry\u010diai \u012fskai\u010diuoti).<br \/> \u2022 Laisva diena, poilsis prie j\u016bros.<br \/> \u2022 Nakvyn\u0117 vie&scaron;butyje.<\/p>\n<p><strong>Day 6 <\/strong><\/p>\n<p>\u2022 Pusry\u010diai vie&scaron;butyje (perkant ekskursij\u0173 paket\u0105 pusry\u010diai \u012fskai\u010diuoti).<br \/> \u2022 Ekskursin\u0117 i&scaron;vyka \u201eRia Lagartos &#8211; Ro\u017einiai e\u017eerai &#8211; Cenote &#8211; Valjadolidas\u201c.<br \/> \u2022 Pageidaujantiems si\u016blome pietus (u\u017e papildom\u0105 mokest\u012f).<br \/> \u2022 Sugr\u012f\u017etame \u012f vie&scaron;but\u012f.<br \/> \u2022 Nakvyn\u0117 vie&scaron;butyje.<\/p>\n<p>T\u0119skime pa\u017eint\u012f su Meksika. Ir &scaron;\u012f kart\u0105 vyksime \u012f garsiuosius Ro\u017einius e\u017eerus Ria Lagartos gamtos draustinyje. D\u0117l didel\u0117s druskos ir mineral\u0173 koncentracijos vanduo \u012fgavo sodri\u0105 rausv\u0105 spalv\u0105, o jo konsistencij\u0105 galima palyginti su Negyvosios j\u016bros vandenimis, pamatysime flaming\u0173, Kaiman\u0173 krokodil\u0173 ir kit\u0173 draustinio gyventoj\u0173 pulkus, galb\u016bt netgi pasiseks pamatyti s\u0117km\u0117s simbol\u012f &#8211; \u201ej\u016bros tarakon\u0105\u201c.<br \/> Po to vyksime \u012f Ubiku cenote. Tur\u0117sime galimyb\u0119 i&scaron;simaudyti urviniame karstiniame e\u017eere su skaidriais smaragdiniais vandenimis.<\/p>\n<p>I&scaron;vykos pabaigoje, aplankysime viduram\u017ei\u0173 Valjadolido miest\u0105. Tai miestas, kuris nukelia \u012f viduram\u017ei\u0173 Ispanij\u0105. Nuostabi Valjadolido architekt\u016bra ir atmosfera patiks visiems sve\u010diams. Siauros gatvel\u0117s, vienuolynas, katedra ir pilis suteikia netipi&scaron;kos Meksikos i&scaron;vaizd\u0105.<\/p>\n<p><strong>Day 7 <\/strong><\/p>\n<p>\u2022 Pusry\u010diai vie&scaron;butyje (perkant ekskursij\u0173 paket\u0105 pusry\u010diai \u012fskai\u010diuoti).<br \/> \u2022 Laisva diena, poilsis prie j\u016bros.<br \/> \u2022 Nakvyn\u0117 vie&scaron;butyje.<\/p>\n<p><strong>Day 8 <\/strong><\/p>\n<p>\u2022 Pusry\u010diai vie&scaron;butyje (perkant ekskursij\u0173 paket\u0105 pusry\u010diai \u012fskai\u010diuoti).<br \/> \u2022 Ekskursin\u0117 i&scaron;vyka \u201eContoy ir Moter\u0173 sal\u0105\u201c + privalomas uosto mokestis ~15 $\/asm. (kelto bilietas ir piet\u016bs \u012fskai\u010diuoti).<br \/> \u2022 Sugr\u012f\u017etame \u012f vie&scaron;but\u012f.<br \/> \u2022 Nakvyn\u0117 vie&scaron;butyje.<\/p>\n<p>V\u0117l m\u016bs\u0173 lauks \u012fsp\u016bdinga kelion\u0117 laivu, aplankant gra\u017eiausias ir garsiausias Meksikos Karib\u0173 j\u016bros salas &#8211; Contoy sal\u0105 ir Moter\u0173 sal\u0105, esan\u010di\u0105 prie&scaron;ais Kankun\u0105.<\/p>\n<p>\u012e sm\u0117l\u0117tus Contoy papl\u016bdimius d\u0117ti kiau&scaron;inius atplaukia keturios nykstan\u010dios v\u0117\u017eli\u0173 r\u016b&scaron;ys &#8211; j\u016brinis v\u0117\u017elys, \u017ealias j\u016brinis v\u0117\u017elys, bissas ir odinis v\u0117\u017elys. Contoy sala taip pat \u017einoma kaip pauk&scaron;\u010di\u0173 sala, nes jos teritorijoje peri daugiau nei 150 j\u016bros pauk&scaron;\u010di\u0173 r\u016b&scaron;i\u0173, i&scaron; kuri\u0173 garsiausios yra fregata, Amerikos rudasis pelikanas ir ausuotasis kormoranas.<\/p>\n<p>Po to aplankysime nuostabi\u0105 moter\u0173 sal\u0105 (Isla Mujeres), kurioje taip pat gal\u0117site pails\u0117ti ir atsipalaiduoti. Pageidaujantys tur\u0117s galimyb\u0119 apsipirkti.<\/p>\n<p><strong>Day 9 <\/strong><\/p>\n<p>\u2022 Pusry\u010diai vie&scaron;butyje (perkant ekskursij\u0173 paket\u0105 pusry\u010diai \u012fskai\u010diuoti).<br \/> \u2022 Laisva diena, poilsis prie j\u016bros.<br \/> \u2022 Nakvyn\u0117 vie&scaron;butyje.<\/p>\n<p><strong>Day 10 <\/strong><\/p>\n<p>\u2022 Pusry\u010diai vie&scaron;butyje (perkant ekskursij\u0173 paket\u0105 pusry\u010diai \u012fskai\u010diuoti).<br \/> \u2022 Laisva diena, poilsis prie j\u016bros.<br \/> \u2022 Pageidaujantiems si\u016blome i&scaron;vyk\u0105 \u012f pramog\u0173 park\u0105 \u201eXcaret\u201c \u2013 nuo 170 \u20ac\/asm. (kaina tikslinama kelion\u0117s metu).<br \/> \u2022 Sugr\u012f\u017etame \u012f vie&scaron;but\u012f.<br \/> \u2022 Nakvyn\u0117 vie&scaron;butyje.<\/p>\n<p>Visos dienos apsilankymas Xcaret parke yra j\u016bs\u0173 bilietas \u012f nuostab\u0173 roj\u0173, kuriame gal\u0117site m\u0117gautis daugiau nei 40 rengini\u0173 ir pramog\u0173. Apsilankysite Gyv\u0173j\u0173 orchid\u0117j\u0173 muziejuje ir atrasite maj\u0173 orchid\u0117jas visoje j\u0173 &scaron;lov\u0117je. Pasivaik&scaron;\u010diosite atogr\u0105\u017e\u0173 d\u017eiungli\u0173 taku ir aplankysite regionin\u012f laukini\u0173 gyv\u016bn\u0173 \u016bk\u012f. Pa\u017evelgsite \u012f besisukant\u012f vaizding\u0105 bok&scaron;t\u0105, i&scaron; kurio atsiveria kvap\u0105 gniau\u017eiantys vaizdai. Dalyvausite kult\u016briniuose renginiuose ir tyrin\u0117site archeologines vietoves, maj\u0173 kaim\u0105, tyrin\u0117site po\u017eemines upes, keliausite po Rio del Paraiso ir atsipalaiduosite papl\u016bdimyje, \u012flankoje ir nat\u016braliuose baseinuose.<\/p>\n<p>Ap\u017ei\u016br\u0117site Koral\u0173 rif\u0173 akvarium\u0105, j\u016br\u0173 v\u0117\u017eli\u0173 zon\u0105, lamantin\u0173 lag\u016bn\u0105, &scaron;ik&scaron;nosparni\u0173 urv\u0105, drugeli\u0173 paviljon\u0105, elni\u0173 draustin\u012f ir Jaguaro sal\u0105. Vor\u0173 be\u017ed\u017eioni\u0173 saloje pamatysite staugian\u010dias be\u017ed\u017eiones ir tyrin\u0117site gryb\u0173 auginim\u0105 Gryb\u0173 \u016bkyje.<\/p>\n<p>Atrasite kolonijin\u0119 istorij\u0105 &Scaron;v. Pranci&scaron;kaus Asy\u017eie\u010dio koply\u010dioje ir liaudies men\u0105 Hacienda Henequenera. Steb\u0117site, kaip dangus virsta spalv\u0173 vaivoryk&scaron;te Vitra\u017e\u0173 aik&scaron;t\u0117je.<\/p>\n<p>Vakare apsilankysite Meksikos rodeo &#8211; \u201echarreada\u201c. Kiekvien\u0105 dien\u0105 18val. vyksta jaudinantis &scaron;ou, kuriame dera rodeo ir folkloro festivalio elementai. Jauni vaikinai ir merginos spalvingais tautiniais kostiumais pademonstruos jums tikr\u0105j\u012f jodin\u0117jimo men\u0105.<\/p>\n<p><strong>Day 11 <\/strong><\/p>\n<p>\u2022 Pusry\u010diai vie&scaron;butyje (perkant ekskursij\u0173 paket\u0105 pusry\u010diai \u012fskai\u010diuoti).<br \/> \u2022 Laisva diena, poilsis prie j\u016bros.<br \/> \u2022 Nakvyn\u0117 vie&scaron;butyje.<\/p>\n<p><strong>Day 12 <\/strong><\/p>\n<p>\u2022 Pusry\u010diai vie&scaron;butyje (perkant ekskursij\u0173 paket\u0105 pusry\u010diai \u012fskai\u010diuoti).<br \/> \u2022 Laisva diena, poilsis prie j\u016bros.<br \/> \u2022 Nakvyn\u0117 vie&scaron;butyje.<\/p>\n<p><strong>Day 13 <\/strong><\/p>\n<p>\u2022 I&scaron;siregistravimas i&scaron; vie&scaron;bu\u010dio.<br \/> - Going to the airport.<br \/> - Check-in.<br \/> \u2022 Skrydis: Kankunas \u2013 Stambulas.<\/p>\n<p><strong>Day 14 <\/strong><\/p>\n<p>\u2022 Atskridimas \u012f Stambul\u0105<br \/> \u2022 Skrydis: Stambulas \u2013 Ryga.<br \/> \u2022 Atvykimas \u012f Ryg\u0105.<\/p>","protected":false},"excerpt":{"rendered":"<p>1 diena \u2022 Atvykimas \u012f Rygos oro uost\u0105. \u2022 Registracija \u012f skryd\u012f. \u2022 Skrydis: Ryga \u2013 Stambulas. \u2022 Atvykimas \u012f Stambul\u0105. \u2022 Skrydis: Stambulas \u2013 Kankunas. 2 diena \u2022&#8230;<\/p>","protected":false},"featured_media":11868,"comment_status":"open","ping_status":"closed","template":"","meta":{"om_disable_all_campaigns":false,"_monsterinsights_skip_tracking":false,"_monsterinsights_sitenote_active":false,"_monsterinsights_sitenote_note":"","_monsterinsights_sitenote_category":0},"product_brand":[],"product_cat":[669],"product_tag":[],"class_list":{"0":"post-12632","1":"product","2":"type-product","3":"status-publish","4":"has-post-thumbnail","6":"product_cat-keliones","8":"first","9":"instock","10":"virtual","11":"taxable","12":"product-type-simple"},"aioseo_notices":[],"_links":{"self":[{"href":"https:\/\/www.atravel.lt\/en\/wp-json\/wp\/v2\/product\/12632","targetHints":{"allow":["GET"]}}],"collection":[{"href":"https:\/\/www.atravel.lt\/en\/wp-json\/wp\/v2\/product"}],"about":[{"href":"https:\/\/www.atravel.lt\/en\/wp-json\/wp\/v2\/types\/product"}],"replies":[{"embeddable":true,"href":"https:\/\/www.atravel.lt\/en\/wp-json\/wp\/v2\/comments?post=12632"}],"wp:featuredmedia":[{"embeddable":true,"href":"https:\/\/www.atravel.lt\/en\/wp-json\/wp\/v2\/media\/11868"}],"wp:attachment":[{"href":"https:\/\/www.atravel.lt\/en\/wp-json\/wp\/v2\/media?parent=12632"}],"wp:term":[{"taxonomy":"product_brand","embeddable":true,"href":"https:\/\/www.atravel.lt\/en\/wp-json\/wp\/v2\/product_brand?post=12632"},{"taxonomy":"product_cat","embeddable":true,"href":"https:\/\/www.atravel.lt\/en\/wp-json\/wp\/v2\/product_cat?post=12632"},{"taxonomy":"product_tag","embeddable":true,"href":"https:\/\/www.atravel.lt\/en\/wp-json\/wp\/v2\/product_tag?post=12632"}],"curies":[{"name":"wp","href":"https:\/\/api.w.org\/{rel}","templated":true}]}}