{"id":12631,"date":"2026-03-21T15:44:46","date_gmt":"2026-03-21T13:44:46","guid":{"rendered":"https:\/\/www.atravel.lt\/produktas\/panemune-klaipedos-krastas-2-d\/"},"modified":"2026-03-21T15:44:46","modified_gmt":"2026-03-21T13:44:46","slug":"panemune-klaipedos-krastas-2-d","status":"publish","type":"product","link":"https:\/\/www.atravel.lt\/en\/product\/panemune-klaipedos-krastas-2-d\/","title":{"rendered":"Panemun\u0117 &#8211; Klaip\u0117dos kra\u0161tas 2 d."},"content":{"rendered":"<p><strong>1 day<\/strong><\/p>\n<p>\u2022 I&scaron;vykstame i&scaron; j\u016bs\u0173 pasirinkto miesto.<br \/> \u2022 Ekskursin\u0117 i&scaron;vyka po Panemun\u0119.<br \/> \u2022 Ekskursija po Rusn\u0119.<br \/> \u2022 Pageidaujant edukacin\u0117 programa \u201e\u017duvies kelias\u201c \u2013 9\u20ac\/asm.<br \/> \u2022 Ap\u017evalgin\u0117 ekskursija p\u0117s\u010diomis po Klaip\u0117dos senamiest\u012f.<br \/> \u2022 ~21:00 atvykstame \u012f vie&scaron;but\u012f.<\/p>\n<p>Panemun\u0117 \u2013 sen\u0173j\u0173 balt\u0173 gyvenamoji vieta. Ka\u017ekada \u010dia stov\u0117jusios pilys atlaik\u0117 kry\u017eiuo\u010di\u0173 atakas ir suteik\u0117 saugum\u0105 visai Lietuvos valstybei.<br \/> Sered\u017eiaus piliakalnis. Ant didingo Polemono kalno XIIIa. stov\u0117jo stipri Pie&scaron;tv\u0117s pilis. Daug kart\u0173 j\u0105 puol\u0117 kry\u017eiuo\u010diai, bet tik 1363 m. pavyko sunaikinti. 1552 m. prad\u0117tas kurti miestelis. Per 1829m. potvyn\u012f miestelis buvo visai sunaikintas. Dabar piliakalnis atrestauruotas ir vis\u0173 labai lankoma vieta.<\/p>\n<p>Raudon\u0117s pilis. \u017dalumoje paskend\u0119s pilies kompleksas savo raudon\u0173 plyt\u0173 m\u016brais &scaron;vyti i&scaron; toli, &scaron;alia i&scaron;lik\u0119s ir parkas, kuriame stovi senas mal\u016bnas. Raudon\u0117s pil\u012f juosia pilies parkas, Be\u017ed\u017eionkalnis, Meil\u0117s, Draugyst\u0117s kalnai. Raudones pil\u012f XVI a. pab. pastat\u0117 Lietuvos mi&scaron;k\u0173 piklys K. Kir&scaron;en&scaron;teinas. Pilis buvo daug kart\u0173 perstatyta.<\/p>\n<p>Rusn\u0117 \u2013 dar kitaip vadinama lietuvi&scaron;k\u0105ja Venecija&#8230;Rusn\u0117 \u2013 viena seniausi\u0173 gyvenvie\u010di\u0173 Nemuno deltoje, \u012fkurta XV a. ir vienintelis Lietuvos miestelis esantis saloje, garsus gamtos gro\u017eiu, pauk&scaron;\u010di\u0173 \u012fvairove bei pavasariniais potvyniais. Nemuno deltos apylink\u0117s traukia pauk&scaron;\u010di\u0173 steb\u0117tojus ir gamtos myl\u0117tojus. Rusn\u0117 \u2013 pasienio miestelis, kitoje up\u0117s pus\u0117je yra Rusijos Federacijos Kaliningrado sritis.<\/p>\n<p>Keliautojus Rusn\u0117je traukia senoji medin\u0117 architekt\u016bra, senieji pastatai. 1583 m. \u010dia \u012fsteigta lietuvi&scaron;ka mokykla. Tai vieninet\u0117l\u0117 Nemuno dalyje esanti gyvenama sala.<br \/> Tur\u0117site galimyb\u0119 sudalyvauti Edukacin\u0117je programoje \u201e\u017duvies kelias\u201c(papildomas mokestis).<\/p>\n<p>Edukacijos metu su\u017einosite tradicin\u0117s \u017euvies r\u016bkymo subtilybes i&scaron; pa\u010di\u0173 tautinio paveldo puosel\u0117toj\u0173. &Scaron;eiminink\u0117 parodys kaip yra ruo&scaron;iama \u017euvis r\u016bkinimui. Pasirinkta \u017euvis \u2013 tradicin\u0117 Rusn\u0117s kra&scaron;to \u017euvis kar&scaron;is. Jaukioje aplinkoje gal\u0117site skanauti keturi\u0173 r\u016b&scaron;i\u0173 &scaron;vie\u017eiai i&scaron;r\u016bkyt\u0105 dar kar&scaron;t\u0105 \u017euv\u012f. Po edukacijos tur\u0117site galimyb\u0119 \u012fsigyti &scaron;vie\u017eiai r\u016bkytos \u017euvies.<\/p>\n<p>Klaip\u0117da. Klaip\u0117dos vietoje jau pirmaisiais m\u016bs\u0173 eros am\u017eiais buvo balt\u0173 gyvenviet\u0117. 1252m. Livonijos ordinas pastat\u0117 Memelburgo pil\u012f. Klaip\u0117da \u2013 vienas \u012fdomiausi\u0173 miest\u0173 Lietuvoje. Ekskursija po Klaip\u0117dos senamiest\u012f: piliaviet\u0117, Dramos teatras, turgaus aik&scaron;t\u0117, gausyb\u0117 legendomis apipint\u0173, turistus viliojan\u010di\u0173 skulpt\u016br\u0117li\u0173.<\/p>\n<p><strong>Day 2<\/strong><\/p>\n<p>\u2022 Pusry\u010diai vie&scaron;butyje(perkant ekskursij\u0173 paket\u0105 &#8211; pusry\u010diai DOVAN\u0172).<br \/> \u2022 I&scaron;siregistravimas i&scaron; vie&scaron;bu\u010dio.<br \/> \u2022 Ekskursin\u0117 i&scaron;vyka \u012f Klaip\u0117dos j\u016br\u0173 muziej\u0173.<br \/> - Free time by the sea.<br \/> \u2022 ~18:00 Vykstame link nam\u0173.<\/p>\n<p>Keliam\u0117s keltu \u012f Smiltyn\u0119. Vykstame \u012f Klaip\u0117dos j\u016br\u0173 muziej\u0173. J\u016bs\u0173 lauks \u012fsp\u016bdingas delfin\u0173 pasirodymas. Delfinai stebins mus triukais, demonstruos visus savo talentus bei nepraleis progos apta&scaron;kyti ar\u010diausiai s\u0117din\u010di\u0173 \u017ei\u016brov\u0173 vandeniu. Pasigro\u017e\u0117j\u0119 delfin\u0173 pasirodymu lankysime j\u016br\u0173 muziej\u0173, kuriame jus pasitiks \u017eavingi pingvinai, smals\u016bs j\u016br\u0173 ruoniai, egzotin\u0117s \u017euvys akvariumuose ir Klaip\u0117dos j\u016br\u0173 uosto istorij\u0105 menantys eksponatai. O v\u0117liau, eisime prie \u017eavingos m\u016bs\u0173 j\u016bros bei steb\u0117sime tolyn \u012f j\u0105 besidriekiant\u012f mol\u0105, kuris yra j\u016bros vartai, pro kuriuos laivai i&scaron; Klaip\u0117dos uosto i&scaron;plaukia \u012f atvir\u0105 j\u016br\u0105. Galima bus pasivaik&scaron;\u010dioti molu, \u012f kur\u012f gr\u0117smingai atsimu&scaron;a ir ta&scaron;kosi purslais Baltijos j\u016bros bangos.<\/p>\n<hr \/>\n<p>\u012e kelion\u0117s kain\u0105 \u012fskai\u010diuota:<\/p>\n<hr \/>\n<p>\u2022 Kelion\u0117 autobusu.<br \/> \u2022 1 nakvyn\u0117 3* vie&scaron;butyje be pusry\u010di\u0173 (dvivie\u010diuose kambariuose).<br \/> \u2022 Kelion\u0117s vadovo-gido paslaugos.<br \/> \u2022 Kelion\u0117s dokument\u0173 sutvarkymas.<\/p>\n<hr \/>\n<p>\u012e kelion\u0117s kain\u0105 ne\u012fskai\u010diuota:<\/p>\n<hr \/>\n<p>Ekskursij\u0173 paketas 19 \u20ac\/asm. (PAGEIDAUJANT):<\/p>\n<p>\u2022 Ekskursija po Panemun\u0119.<br \/> \u2022 Ekskursija po Rusn\u0119.<br \/> \u2022 Ekskursija po Klaip\u0117d\u0105.<br \/> \u2022 1 pusry\u010diai vie&scaron;butyje.<\/p>\n<p>Pageidaujant:<\/p>\n<p>\u2022 Edukacin\u0117 programa \u201e\u017duvies kelias\u201c \u2013 9 \u20ac\/asm.<br \/> \u2022 \u012e\u0117jimo bilietai \u012f mokamas lankytinas vietas (muziejus\/ba\u017eny\u010dias ir pan.).<br \/> \u2022 Kelto mokestis \u012f Smiltyn\u0119: ~3 \u20ac\/asm. (privaloma).<br \/> \u2022 Bilietas \u012f delfinarium\u0105: suaugusiesiems ~10 \u20ac\/asm.; vaikams nuo 4 m., moksleiviams, studentams, senjorams ~5 \u20ac\/asm. (bilietus galima \u012fsigyti ir internetu: www.muziejus.lt) arba atvykus \u012f viet\u0105 ir tik pateikus moksleivio pa\u017eym\u0117jim\u0105.<br \/> \u2022 Lydintis gidas muziejuose ir kituose mokamuose objektuose programos neveda.<br \/> \u2022 Lankom\u0173 objekt\u0173 tvarka ir kaina kelion\u0117s metu gali keistis.<br \/> \u2022 20 \u20ac\/asm. priemoka u\u017e vienviet\u012f kambar\u012f, jei keliaujate vienas\/-a (jei keliaujate trise, persp\u0117kite kelioni\u0173 agent\u016br\u0105, kad pasir\u016bpint\u0173 papildoma lova J\u016bs\u0173 dvivie\u010diame kambaryje).<br \/> \u2022 Sveikatos draudimas kelion\u0117s metu.<\/p>\n<hr \/>\n<p>Pastabos:<\/p>\n<hr \/>\n<p>\u2022 *Kelion\u0117s i&scaron;vykimo, atvykimo ir kiti laikai gali keistis \u2013 patikslinta informacija atsiun\u010diama (2-3 dienas prie&scaron; kelion\u0119).<br \/> \u2022 Visos ekskursijos vedamos lietuvi\u0173 kalba.<br \/> \u2022 Objekt\u0173 lankymo tvarka, skai\u010dius ir \u012f\u0117jimo biliet\u0173 kaina gali keistis.<br \/> \u2022 Muziejuose, ba\u017eny\u010diose ir kituose mokamuose objektuose kelion\u0117s vadovas ekskursij\u0173 neveda.<br \/> \u2022 \u012e\u0117jimo bilietai \u012f mokamas lankytinas vietas (muziejus\/ba\u017eny\u010dias ir pan.) n\u0117ra \u012fskai\u010diuoti \u012f kelion\u0117s kain\u0105.<br \/> \u2022 Kelion\u0117s vadovas gali keisti programos eig\u0105.<br \/> \u2022 Nepamir&scaron;kite \u012f kelion\u0119 pasiimti paso\/asmens tapatyb\u0117s kortel\u0117s, galiojan\u010dio\/-s ne trumpiau nei 3\/6 m\u0117nesius po gr\u012f\u017eimo i&scaron; kelion\u0117s datos.<\/p>","protected":false},"excerpt":{"rendered":"<p>1 diena \u2022 I&scaron;vykstame i&scaron; j\u016bs\u0173 pasirinkto miesto. \u2022 Ekskursin\u0117 i&scaron;vyka po Panemun\u0119. \u2022 Ekskursija po Rusn\u0119. \u2022 Pageidaujant edukacin\u0117 programa \u201e&#8230;<\/p>","protected":false},"featured_media":11867,"comment_status":"open","ping_status":"closed","template":"","meta":{"om_disable_all_campaigns":false,"_monsterinsights_skip_tracking":false,"_monsterinsights_sitenote_active":false,"_monsterinsights_sitenote_note":"","_monsterinsights_sitenote_category":0},"product_brand":[],"product_cat":[669],"product_tag":[],"class_list":{"0":"post-12631","1":"product","2":"type-product","3":"status-publish","4":"has-post-thumbnail","6":"product_cat-keliones","8":"first","9":"instock","10":"virtual","11":"taxable","12":"product-type-simple"},"aioseo_notices":[],"_links":{"self":[{"href":"https:\/\/www.atravel.lt\/en\/wp-json\/wp\/v2\/product\/12631","targetHints":{"allow":["GET"]}}],"collection":[{"href":"https:\/\/www.atravel.lt\/en\/wp-json\/wp\/v2\/product"}],"about":[{"href":"https:\/\/www.atravel.lt\/en\/wp-json\/wp\/v2\/types\/product"}],"replies":[{"embeddable":true,"href":"https:\/\/www.atravel.lt\/en\/wp-json\/wp\/v2\/comments?post=12631"}],"wp:featuredmedia":[{"embeddable":true,"href":"https:\/\/www.atravel.lt\/en\/wp-json\/wp\/v2\/media\/11867"}],"wp:attachment":[{"href":"https:\/\/www.atravel.lt\/en\/wp-json\/wp\/v2\/media?parent=12631"}],"wp:term":[{"taxonomy":"product_brand","embeddable":true,"href":"https:\/\/www.atravel.lt\/en\/wp-json\/wp\/v2\/product_brand?post=12631"},{"taxonomy":"product_cat","embeddable":true,"href":"https:\/\/www.atravel.lt\/en\/wp-json\/wp\/v2\/product_cat?post=12631"},{"taxonomy":"product_tag","embeddable":true,"href":"https:\/\/www.atravel.lt\/en\/wp-json\/wp\/v2\/product_tag?post=12631"}],"curies":[{"name":"wp","href":"https:\/\/api.w.org\/{rel}","templated":true}]}}