{"id":12630,"date":"2026-03-21T15:44:46","date_gmt":"2026-03-21T13:44:46","guid":{"rendered":"https:\/\/www.atravel.lt\/produktas\/individuali-8-d-kelione-i-kipra-skrydis-is-kauno\/"},"modified":"2026-03-21T15:44:46","modified_gmt":"2026-03-21T13:44:46","slug":"individuali-8-d-kelione-i-kipra-skrydis-is-kauno","status":"publish","type":"product","link":"https:\/\/www.atravel.lt\/en\/product\/individuali-8-d-kelione-i-kipra-skrydis-is-kauno\/","title":{"rendered":"Individuali 8 d. kelion\u0117 \u012f Kipr\u0105 (skrydis i\u0161 Kauno)"},"content":{"rendered":"<h3 style=\"text-align: center\"><span style=\"color:#27ae60\"><b>Garantuota nuo 2 asmen\u0173!<\/b><\/span><\/h3>\n<hr \/>\n<h3 style=\"text-align: center\"><b>SVARBU! EKSKURSIJ\u0172 IR PERVE\u017dIMO PAKETAS APMOKAMAS KELION\u0116S METU!SVARBU!<\/b><\/h3>\n<hr \/>\n<h3 style=\"text-align: center\"><span style=\"color:#e74c3c\"><strong>Kelion\u0117 organizuojama individualiai, tod\u0117l d\u0117l l\u0117ktuvo biliet\u0173 ir vie&scaron;bu\u010dio kambari\u0173 pabrangimo, organizatorius gali atmesti rezervacij\u0105 arba pasi\u016blyti keliautojui priemok\u0105.<\/strong><\/span><\/h3>\n<hr \/>\n<p><strong>1 day <\/strong><\/p>\n<p>\u2022 Atvykimas \u012f Kauno oro uost\u0105.<br \/> - Check-in.<br \/> \u2022 Skrydis: Kaunas \u2013 Pafosas (~06:40-10:15).<br \/> \u2022 Atvykstame \u012f Kipr\u0105.<br \/> \u2022 Ekskursin\u0117 i&scaron;vyka \u201eAntikinis Pafosas\u201c + perve\u017eimas: oro uostas \u2013 vie&scaron;butis \u2013 oro uostas (papildomas mokestis \u2013 129 \u20ac\/asm. + \u012f\u0117jimo bilietai).<br \/> \u2022 Vykstame \u012f vie&scaron;but\u012f.<br \/> \u2022 \u012esik\u016brimas vie&scaron;butyje.<br \/> \u2022 Nakvyn\u0117 vie&scaron;butyje.<\/p>\n<p>Norint suprasti graik\u0173 kult\u016bros \u012ftak\u0105 Kipro vystymuisi, b\u016btina aplankyti Pafos\u0105 \u2013 salos kult\u016brin\u0119 sostin\u0119. Kelion\u0117 prasid\u0117s nuo meil\u0117s deiv\u0117s Afrodit\u0117s gimimo vietos. Tai nepaprasto gro\u017eio papl\u016bdimys, apie kur\u012f pasakojama legenda: i&scaron;simaud\u0119 &scaron;iuose vandenyse, liksite am\u017einai jauni, sveiki ir gra\u017e\u016bs.<\/p>\n<p>Toliau vyksime \u012f &scaron;iaur\u0119 nuo Pafoso uosto, kur aplankysime vien\u0105 i&scaron; UNESCO paveldo objekt\u0173 \u2013 Dioniso namo mozaikas, laikomas geriausiu senov\u0117s rom\u0117n\u0173 meno pavyzd\u017eiu. Kiekviena mozaikos detal\u0117 \u2013 tai atskira istorija, nukelianti \u012f tuos laikus.<\/p>\n<p>Ekskursijos metu taip pat pamatysime Karali&scaron;kuosius kapus \u2013 monumentali\u0105 po\u017eemin\u0119 laidojimo viet\u0105, \u012fkurt\u0105 IV a. pr. Kr., kai Kipr\u0105 vald\u0117 Egipto valdovai. Taip pat aplankysime gars\u0173j\u012f nuskendus\u012f laiv\u0105 ir pasivaik&scaron;\u010diosime po banan\u0173 plantacijas. Kelion\u0117s pabaigoje \u2013 fotosesija prie j\u016bros urv\u0173, kur steb\u0117site vienus gra\u017eiausi\u0173 saul\u0117lyd\u017ei\u0173 Kipre.<\/p>\n<p><strong>Day 2 <\/strong><\/p>\n<p>\u2022 Pusry\u010diai vie&scaron;butyje (perkant ekskursij\u0173 paket\u0105 pusry\u010diai \u012fskai\u010diuoti).<br \/> - Free day.<br \/> \u2022 Nakvyn\u0117 vie&scaron;butyje.<\/p>\n<p><strong>Day 3 <\/strong><\/p>\n<p>\u2022 Pusry\u010diai vie&scaron;butyje (perkant ekskursij\u0173 paket\u0105 pusry\u010diai \u012fskai\u010diuoti).<br \/> - Free day.<br \/> \u2022 Pageidaujantiems si\u016blome ekskursin\u0119 i&scaron;vyk\u0105 \u201eKipro &scaron;irdis \u2013 Troodo kalnai\u201c (papildomas mokestis \u2013 75 \u20ac\/asm. + \u012f\u0117jimo bilietai, \u012fvyks susirinkus bent 4 keliautojams).<br \/> \u2022 Sugr\u012f\u017etame \u012f vie&scaron;but\u012f.<br \/> \u2022 Nakvyn\u0117 vie&scaron;butyje.<\/p>\n<p>Aplankysime Kipro &scaron;ird\u012f ir pasidid\u017eiavim\u0105 \u2013 Troodo kalnus bei gars\u0173j\u012f Kikko vienuolyn\u0105. &Scaron;i i&scaron;vyka padovanos daugyb\u0119 \u012fsp\u016bd\u017ei\u0173, galimyb\u0119 paragauti vietinio vyno ir pasigro\u017e\u0117ti nuostabiais kaln\u0173 peiza\u017eais.<\/p>\n<p>Did\u017eioji kelion\u0117s dalis drieksis vaizdingu Troodo kalnynu, \u017einomu d\u0117l ve&scaron;li\u0173 mi&scaron;k\u0173 ir &scaron;varaus kaln\u0173 oro. Pamatysime auk&scaron;\u010diausi\u0105 salos ta&scaron;k\u0105 \u2013 Olimpo kaln\u0105 (1952 m).<\/p>\n<p>Lauks apsilankymas senajame XI a. \u012fkurtame Kikko vienuolyne \u2013 viename turtingiausi\u0173 Kipre. \u010cia saugoma stebuklinga Mergel\u0117s Marijos ikona.<\/p>\n<p>Kaln\u0173 kaimelis Omodas leis pajusti l\u0117t\u0105 vietos gyvenimo ritm\u0105 \u2013 vaik&scaron;\u010diosime siauromis gatvel\u0117mis ir su\u017einosime, kaip vynas buvo gaminamas prie&scaron; 500 met\u0173. Vietin\u0117je vynin\u0117je gal\u0117site paragauti garsaus Kipro vyno bei tradicini\u0173 g\u0117rim\u0173 \u2013 Kommandaria ir Zivania.<\/p>\n<p>Kelion\u0117s pabaigoje \u2013 maudyn\u0117s papl\u016bdimyje, kur, pasak legendos, gim\u0117 meil\u0117s deiv\u0117 Afrodit\u0117.<\/p>\n<p><strong>Day 4 <\/strong><\/p>\n<p>\u2022 Pusry\u010diai vie&scaron;butyje (perkant ekskursij\u0173 paket\u0105 pusry\u010diai \u012fskai\u010diuoti).<br \/> - Free day.<br \/> \u2022 Nakvyn\u0117 vie&scaron;butyje.<\/p>\n<p><strong>Day 5 <\/strong><\/p>\n<p>\u2022 Pusry\u010diai vie&scaron;butyje (perkant ekskursij\u0173 paket\u0105 pusry\u010diai \u012fskai\u010diuoti).<br \/> - Free day.<br \/> \u2022 Pageidaujantiems si\u016blome i&scaron;vyk\u0105 \u201eVakarinis Kipras su kruizu \u012f M\u0117lyn\u0105j\u0105 lag\u016bn\u0105\u201c (papildomas mokestis \u2013 100 \u20ac\/asm. + \u012f\u0117jimo bilietai, \u012fvyks susirinkus bent 4 keliautojams).<br \/> \u2022 Sugr\u012f\u017etame \u012f vie&scaron;but\u012f.<br \/> \u2022 Nakvyn\u0117 vie&scaron;butyje.<\/p>\n<p>&Scaron;i diena dovanos visa, d\u0117l ko taip mylimas Kipras: \u017eydr\u0105 j\u016br\u0105, sen\u0105sias legendas, salos skonius ir tikro poilsio poj\u016bt\u012f. Kelion\u0119 prad\u0117sime nuo \u012fsp\u016bding\u0173 j\u016bros urv\u0173 netoli Pafoso \u2013 gamtos stebuklo, kuriame uolos, vanduo ir &scaron;viesa kuria fantasti&scaron;kas formas. Tai vieta, kur norisi sustoti, \u012fam\u017einti akimirk\u0105 ir pasig\u0117r\u0117ti Vidur\u017eemio j\u016bros didybe.<\/p>\n<p>V\u0117liau m\u016bs\u0173 lauks kiprieti&scaron;k\u0173 vyn\u0173 degustacija. Susipa\u017einsite su salos vyndaryst\u0117s tradicijomis, ragausite vietini\u0173 r\u016b&scaron;i\u0173 vyn\u0105 ir pajusite Kipro charakter\u012f \u2013 &scaron;ilt\u0105, saul\u0117t\u0105, &scaron;iek tiek temperamenting\u0105.<\/p>\n<p>T\u0119sdami kelion\u0119 aplankysime legendin\u0119 Afrodit\u0117s maudykl\u0119 \u2013 viet\u0105, kur, pasak padavimo, meil\u0117s deiv\u0117 susitikdavo su savo mylimuoju. Netoliese tryk&scaron;ta Meil\u0117s &scaron;altinis, apgaubtas romantikos ir mit\u0173. \u010cia tvyro ypatinga ramyb\u0117s ir gro\u017eio atmosfera.<\/p>\n<p>V\u0117liau \u2013 poilsis Lat\u010di papl\u016bdimyje: kri&scaron;tolo skaidrumo vanduo, &scaron;velnus sm\u0117lis ir laikas atsigaivinti bei pasim\u0117gauti j\u016bros brizu.<\/p>\n<p>Dienos kulminacija \u2013 kruizas laiveliu \u012f M\u0117lyn\u0105j\u0105 lag\u016bn\u0105, vien\u0105 vaizdingiausi\u0173 Kipro viet\u0173. Skaidrus turkio spalvos vanduo, maudyn\u0117s nuo laivo denio, saul\u0117 ir laisv\u0117s poj\u016btis pavers &scaron;i\u0105 akimirk\u0105 i&scaron;ties nepamir&scaron;tama.<\/p>\n<p><strong>Day 6 <\/strong><\/p>\n<p>\u2022 Pusry\u010diai vie&scaron;butyje (perkant ekskursij\u0173 paket\u0105 pusry\u010diai \u012fskai\u010diuoti).<br \/> - Free day.<br \/> \u2022 Nakvyn\u0117 vie&scaron;butyje.<\/p>\n<p><strong>Day 7 <\/strong><\/p>\n<p>\u2022 Pusry\u010diai vie&scaron;butyje (perkant ekskursij\u0173 paket\u0105 pusry\u010diai \u012fskai\u010diuoti).<br \/> - Free day.<br \/> \u2022 Pageidaujantiems si\u016blome ekskursij\u0105 \u012f Nikosij\u0105 (papildomas mokestis \u2013 75 \u20ac\/asm. + \u012f\u0117jimo bilietai, \u012fvyks susirinkus bent 4 keliautojams).<br \/> \u2022 Sugr\u012f\u017etame \u012f vie&scaron;but\u012f.<br \/> \u2022 Nakvyn\u0117 vie&scaron;butyje.<\/p>\n<p>&Scaron;i i&scaron;vyka leis prisiliesti prie gyvosios Kipro istorijos, pamatyti kult\u016br\u0173 kontrastus ir pajusti tikr\u0105j\u012f salos ritm\u0105 \u2013 nuo ramios kaln\u0173 gyvenviet\u0117s iki vienintel\u0117s Europoje padalytos sostin\u0117s.<\/p>\n<p>Pakeliui \u012f Nikosij\u0105 sustosime vaizdingame Lefkaros kaimelyje, gars\u0117jan\u010diame savo tradicijomis ir amatais. Vaik&scaron;\u010diodami siauromis akmenimis gr\u012fstomis gatvel\u0117mis i&scaron;girsite pasakojim\u0173 apie garsiuosius lefkarieti&scaron;kus n\u0117rinius, kuriais, pasak legendos, \u017eav\u0117josi pats Leonardas da Vin\u010dis, i&scaron;vysite tradicinius akmeninius namus ir pajusite autenti&scaron;k\u0105 Kipro provincijos dvasi\u0105.<\/p>\n<p>V\u0117liau m\u016bs\u0173 lauks pa\u017eintin\u0117 p\u0117s\u010di\u0173j\u0173 ekskursija po Nikosij\u0105 (apie 3 val.). Tai miestas, kuriame praeitis ir dabartis susipina ypa\u010d ry&scaron;kiai. Pasivaik&scaron;\u010diosime istoriniame centre, palei Venecijos sienas, ap\u017ei\u016br\u0117sime svarbiausias aik&scaron;tes, ba\u017eny\u010dias ir senamies\u010dio gatveles.<\/p>\n<p>I&scaron;skirtin\u0117 ekskursijos dalis \u2013 per\u0117jimas \u012f turki&scaron;k\u0105j\u0105 Nikosijos dal\u012f per pasienio punkt\u0105. \u010cia akivaizd\u017eiai pamatysite, kaip viename mieste kinta architekt\u016bra, kult\u016bra ir gyvenimo ritmas. Pasivaik&scaron;\u010diosime &scaron;iaurin\u0117je senamies\u010dio dalyje, ap\u017ei\u016br\u0117sime me\u010detes, rytieti&scaron;kus kvartalus ir pajusime kitos kult\u016bros \u012ftak\u0105, i&scaron;likusi\u0105 \u010dia de&scaron;imtme\u010dius.<\/p>\n<p><strong>Day 8 <\/strong><\/p>\n<p>\u2022 Pusry\u010diai vie&scaron;butyje (perkant ekskursij\u0173 paket\u0105 pusry\u010diai \u012fskai\u010diuoti).<br \/> \u2022 I&scaron;siregistravimas i&scaron; vie&scaron;bu\u010dio.<br \/> - Transfer to the airport.<br \/> - Check-in.<br \/> \u2022 Skrydis: Pafosas \u2013 Kaunas (~10:40-14:30).<br \/> \u2022 Atvykimas \u012f Kaun\u0105.<\/p>","protected":false},"excerpt":{"rendered":"<p>Garantuota nuo 2 asmen\u0173! SVARBU! EKSKURSIJ\u0172 IR PERVE\u017dIMO PAKETAS APMOKAMAS KELION\u0116S METU!SVARBU! Kelion\u0117 organizuojama individualiai, tod\u0117l d\u0117l l\u0117ktuvo biliet\u0173&#8230;<\/p>","protected":false},"featured_media":12005,"comment_status":"open","ping_status":"closed","template":"","meta":{"om_disable_all_campaigns":false,"_monsterinsights_skip_tracking":false,"_monsterinsights_sitenote_active":false,"_monsterinsights_sitenote_note":"","_monsterinsights_sitenote_category":0},"product_brand":[],"product_cat":[669],"product_tag":[],"class_list":{"0":"post-12630","1":"product","2":"type-product","3":"status-publish","4":"has-post-thumbnail","6":"product_cat-keliones","8":"first","9":"instock","10":"virtual","11":"taxable","12":"purchasable","13":"product-type-simple"},"aioseo_notices":[],"_links":{"self":[{"href":"https:\/\/www.atravel.lt\/en\/wp-json\/wp\/v2\/product\/12630","targetHints":{"allow":["GET"]}}],"collection":[{"href":"https:\/\/www.atravel.lt\/en\/wp-json\/wp\/v2\/product"}],"about":[{"href":"https:\/\/www.atravel.lt\/en\/wp-json\/wp\/v2\/types\/product"}],"replies":[{"embeddable":true,"href":"https:\/\/www.atravel.lt\/en\/wp-json\/wp\/v2\/comments?post=12630"}],"wp:featuredmedia":[{"embeddable":true,"href":"https:\/\/www.atravel.lt\/en\/wp-json\/wp\/v2\/media\/12005"}],"wp:attachment":[{"href":"https:\/\/www.atravel.lt\/en\/wp-json\/wp\/v2\/media?parent=12630"}],"wp:term":[{"taxonomy":"product_brand","embeddable":true,"href":"https:\/\/www.atravel.lt\/en\/wp-json\/wp\/v2\/product_brand?post=12630"},{"taxonomy":"product_cat","embeddable":true,"href":"https:\/\/www.atravel.lt\/en\/wp-json\/wp\/v2\/product_cat?post=12630"},{"taxonomy":"product_tag","embeddable":true,"href":"https:\/\/www.atravel.lt\/en\/wp-json\/wp\/v2\/product_tag?post=12630"}],"curies":[{"name":"wp","href":"https:\/\/api.w.org\/{rel}","templated":true}]}}