{"id":12629,"date":"2026-03-21T15:44:46","date_gmt":"2026-03-21T13:44:46","guid":{"rendered":"https:\/\/www.atravel.lt\/produktas\/unikalus-lietuvos-kampelis-dzukija-1d-merkine-gruto-parkas-druskininkai\/"},"modified":"2026-03-21T15:44:46","modified_gmt":"2026-03-21T13:44:46","slug":"unikalus-lietuvos-kampelis-dzukija-1d-merkine-gruto-parkas-druskininkai","status":"publish","type":"product","link":"https:\/\/www.atravel.lt\/en\/product\/unikalus-lietuvos-kampelis-dzukija-1d-merkine-gruto-parkas-druskininkai\/","title":{"rendered":"Unikalus Lietuvos kampelis &#8211; Dz\u016bkija 1d. (Merkin\u0117, Gr\u016bto parkas, Druskininkai)"},"content":{"rendered":"<p><strong>1 day<\/strong><\/p>\n<p>\u2022 I&scaron;vykstame i&scaron; j\u016bs\u0173 pasirinkto miesto.<br \/> \u2022 Kelion\u0117 link Merkin\u0117s.<br \/> \u2022 Vykstame \u012f Gr\u016bto park\u0105.<br \/> \u2022 T\u0119siame kelion\u0119 link Druskinink\u0173.<br \/> \u2022 Gr\u012f\u017etame atgal \u012f namus iki vidurnak\u010dio.<\/p>\n<p>Dz\u016bkija, dar vadinama Dainava, yra vienas unikaliausi\u0173 Lietuvos etnini\u0173 region\u0173. \u010cia plyti mi&scaron;k\u0173 masyvai, sm\u0117lynai ir vingiuoja did\u017eiausia Piet\u0173 Lietuvos up\u0117 \u2013 Merkys. \u010cia \u012fsik\u016br\u0119s Dz\u016bkijos nacionalinis parkas. \u010cia ir Druskininkai \u2013 vienas jaukiausi\u0173 Lietuvos kurort\u0173. &Scaron;varus oras, &scaron;velnus klimatas, kurort\u0105 supantys pu&scaron;ynai, mineralinio vandens &scaron;altiniai, gydomasis purvas \u2013 &scaron;is derinys gali sugr\u0105\u017einti ne tik sveikat\u0105, bet ir gyvenimo d\u017eiaugsm\u0105.<\/p>\n<p>Merkin\u0117s piramid\u0117 nepalieka abejing\u0173. \u012e\u0117j\u0119 pa&scaron;nib\u017ed\u0117kite nors vien\u0105 \u017eod\u012f, ir Jus i&scaron;girs Visata.<\/p>\n<p>Kelion\u0119 baigsime ant MERKIN\u0116S piliakalnio. Merkin\u0117 \u2013 viena seniausi\u0173 Lietuvos gyvenvie\u010di\u0173, kurios prad\u017eia, manoma, VII \u2013 IX am\u017eius. B\u016btent Merkin\u0117je Jogaila suteik\u0117 Vilniui Magdeburgo teises. 1648m. \u010dia med\u017eiodamas persi&scaron;ald\u0117, susirgo ir mir\u0117 karalius Vladislovas IV Vaza. Viduram\u017eiais miestas tur\u0117jo vandentiek\u012f.<\/p>\n<p>Apsilankysime &scaron;alia Druskinink\u0173 \u012fsik\u016brusiame sovietini\u0173 skulpt\u016br\u0173 muziejuje po atviru dangum &#8211; Gr\u016bto parke. Skulpt\u016br\u0173 ekspozicija, apsilankymas muziejuje pad\u0117s geriau suvokti penkis de&scaron;imtme\u010dius Lietuv\u0105 sl\u0117gusi\u0105 ideologij\u0105, naudotas propagandos priemones ir vyravusi\u0105 politik\u0105.<\/p>\n<p>Druskininkai &#8211; did\u017eiausias ir gra\u017eiausias Lietuvos kurortu, savo mineraliniais vandenimis gars\u0117jus\u012f jau XVII am\u017eiuje, o &scaron;iandien turint\u012f net 12 mineralinio vandens &scaron;altini\u0173. Skiriama valanda laisvo laiko, o pageidaujantys i&scaron;bandys lyn\u0173 keli\u0105. Tai vienintel\u0117 tokia pramoga Lietuvoje. Kelion\u0117s metu pro skaidrius keltuvo langus, tarsi i&scaron; ap\u017evalgos rato, i&scaron;vysime: \u012fsp\u016bdingus Druskinink\u0173 kurorto mi&scaron;kus, Nemuno up\u0117s vingius ir nuostabi\u0105 miesto panoram\u0105.<\/p>\n<p>Laisvu laiku gal\u0117site u\u017eeiti \u012f M.K.\u010ciurlionio muziej\u0173.<\/p>\n<p>Atvykus \u012f ma\u017e\u0105 Li&scaron;kiavos kaimel\u012f, i&scaron;vysime diding\u0105 v\u0117lyvojo baroko architekt\u016bros palikim\u0105 \u2013 Li&scaron;kiavos ba\u017eny\u010dios ir vienuolyno ansambl\u012f. Tai \u2013 vienas lankomiausi\u0173 Dz\u016bkijos objekt\u0173. Keliaudami toliau, de&scaron;iniajame Nemuno krante, tarp Stang\u0117s Merkio upi\u0173 st\u016bkso reik&scaron;mingiausias &scaron;ios vietov\u0117s praeities liudininkas &#8211; Merkin\u0117s piliakalnis.<\/p>\n<hr \/>\n<p><strong>\u012e kelion\u0117s kain\u0105 \u012fskai\u010diuota:<\/strong><\/p>\n<hr \/>\n<p>\u2022 Kelion\u0117 autobusu.<br \/> \u2022 Kelion\u0117s vadovo-gido paslaugos.<br \/> \u2022 Kelion\u0117s dokument\u0173 sutvarkymas.<br \/> \u2022 Ekskursija Merkin\u0117je.<br \/> \u2022 Ekskursija Gr\u016bto parke.<br \/> \u2022 Ekskursija po Druskininkus.<\/p>\n<hr \/>\n<p><strong>\u012e kelion\u0117s kain\u0105 ne\u012fskai\u010diuota:<\/strong><\/p>\n<hr \/>\n<p>\u2022 Gr\u016bto parkas ~ &#8230;. \u20ac\/asm, turintiems lengvat\u0105 ~ &#8230;&#8230; \u20ac\/asm.;<br \/> \u2022 Lyn\u0173 kelias: ~&#8230;.\u20ac\/asm. (\u012f vien\u0105 pus\u0119), lengvatinis bilietas nuo &#8230; \u20ac\/asm.;<br \/> \u2022 Li&scaron;kiavos ba\u017eny\u010dios ansamblis bei po\u017eemiai: &#8230;.. \u20ac\/asm., su lengvata: &#8230;.\u20ac\/asm.;<br \/> \u2022 M.K.\u010ciurlionio memorialinis muziejus ir V. K. Jonyno galerija (vienas bilietas) &#8211; &#8230; \u20ac\/asm., mokiniams, studentams &#8211; &#8230; \u20ac\/asm.;<br \/> \u2022 \u012e\u0117jimo bilietai \u012f mokamas lankytinas vietas (dvarus\/muziejus\/ba\u017eny\u010dias ir pan.).<\/p>\n<hr \/>\n<p><strong>Pastabos:<\/strong><\/p>\n<hr \/>\n<p>\u2022 Kelion\u0117s i&scaron;vykimo, atvykimo ir kiti laikai gali keistis \u2013 patikslinta informacija atsiun\u010diama \u012f elektronin\u012f pa&scaron;t\u0105 (2-3 dienas prie&scaron; kelion\u0119).<br \/> \u2022 Visos ekskursijos vedamos lietuvi\u0173 kalba.<br \/> \u2022 Objekt\u0173 lankymo tvarka, skai\u010dius ir \u012f\u0117jimo biliet\u0173 kaina gali keistis.<br \/> \u2022 Muziejuose, ba\u017eny\u010diose ir kituose mokamuose objektuose kelion\u0117s vadovas ekskursij\u0173 neveda.<br \/> \u2022 \u012e\u0117jimo bilietai \u012f mokamas lankytinas vietas (dvarus\/muziejus\/ba\u017eny\u010dias ir pan.) n\u0117ra \u012fskai\u010diuoti \u012f kelion\u0117s kain\u0105.<br \/> \u2022 Kelion\u0117s vadovas gali keisti programos eig\u0105.<br \/> \u2022 Nepamir&scaron;kite \u012f kelion\u0119 pasiimti paso\/asmens tapatyb\u0117s kortel\u0117s, galiojan\u010dio\/-s ne trumpiau nei 3 m\u0117nesius po gr\u012f\u017eimo i&scaron; kelion\u0117s datos.<\/p>","protected":false},"excerpt":{"rendered":"<p>1 diena \u2022 I&scaron;vykstame i&scaron; j\u016bs\u0173 pasirinkto miesto. \u2022 Kelion\u0117 link Merkin\u0117s. \u2022 Vykstame \u012f Gr\u016bto park\u0105. \u2022 T\u0119siame kelion\u0119 link Druskinink\u0173. \u2022 Gr\u012f\u017etame&#8230;<\/p>","protected":false},"featured_media":11866,"comment_status":"open","ping_status":"closed","template":"","meta":{"om_disable_all_campaigns":false,"_monsterinsights_skip_tracking":false,"_monsterinsights_sitenote_active":false,"_monsterinsights_sitenote_note":"","_monsterinsights_sitenote_category":0},"product_brand":[],"product_cat":[669],"product_tag":[],"class_list":{"0":"post-12629","1":"product","2":"type-product","3":"status-publish","4":"has-post-thumbnail","6":"product_cat-keliones","8":"first","9":"instock","10":"virtual","11":"taxable","12":"product-type-simple"},"aioseo_notices":[],"_links":{"self":[{"href":"https:\/\/www.atravel.lt\/en\/wp-json\/wp\/v2\/product\/12629","targetHints":{"allow":["GET"]}}],"collection":[{"href":"https:\/\/www.atravel.lt\/en\/wp-json\/wp\/v2\/product"}],"about":[{"href":"https:\/\/www.atravel.lt\/en\/wp-json\/wp\/v2\/types\/product"}],"replies":[{"embeddable":true,"href":"https:\/\/www.atravel.lt\/en\/wp-json\/wp\/v2\/comments?post=12629"}],"wp:featuredmedia":[{"embeddable":true,"href":"https:\/\/www.atravel.lt\/en\/wp-json\/wp\/v2\/media\/11866"}],"wp:attachment":[{"href":"https:\/\/www.atravel.lt\/en\/wp-json\/wp\/v2\/media?parent=12629"}],"wp:term":[{"taxonomy":"product_brand","embeddable":true,"href":"https:\/\/www.atravel.lt\/en\/wp-json\/wp\/v2\/product_brand?post=12629"},{"taxonomy":"product_cat","embeddable":true,"href":"https:\/\/www.atravel.lt\/en\/wp-json\/wp\/v2\/product_cat?post=12629"},{"taxonomy":"product_tag","embeddable":true,"href":"https:\/\/www.atravel.lt\/en\/wp-json\/wp\/v2\/product_tag?post=12629"}],"curies":[{"name":"wp","href":"https:\/\/api.w.org\/{rel}","templated":true}]}}