{"id":12628,"date":"2026-03-21T15:44:46","date_gmt":"2026-03-21T13:44:46","guid":{"rendered":"https:\/\/www.atravel.lt\/produktas\/aukstaitijos-perlas-anyksciai\/"},"modified":"2026-03-21T15:44:46","modified_gmt":"2026-03-21T13:44:46","slug":"aukstaitijos-perlas-anyksciai","status":"publish","type":"product","link":"https:\/\/www.atravel.lt\/en\/product\/aukstaitijos-perlas-anyksciai\/","title":{"rendered":"Auk\u0161taitijos perlas &#8211; Anyk\u0161\u010diai"},"content":{"rendered":"<p><strong>1 day<\/strong><\/p>\n<p>\u2022 I&scaron;vykstame i&scaron; j\u016bs\u0173 pasirinkto miesto.<br \/> \u2022 Kelion\u0117 link Anyks\u010di\u0173.<br \/> \u2022 Ekskursija po Anyk&scaron;\u010di\u0173 apylinkes.<br \/> \u2022 Laisvas laikas arba pageidaujantiems pa\u017eintin\u0117 programa \u201cVyno kelias Lietuvoje\u201d (papildomas mokestis).<br \/> \u2022 Gr\u012f\u017etame atgal \u012f namus iki vidurnak\u010dio.<\/p>\n<p>Anyk&scaron;\u010diai &#8211; auk&scaron;tai\u010di\u0173 istorijos ir kult\u016bros lobynas.Miestas yra\u012fsikur\u0119s prie &Scaron;ventosios up\u0117s prie kurios dera kult\u016bra, gamta, istorija.<\/p>\n<p>Pa\u017eint\u012f su &scaron;iuo kra&scaron;tu prad\u0117site aplankydami Med\u017ei\u0173 laj\u0173 tak\u0105. Tai pirmasis takas Baltijos valstyb\u0117se ir visoje Ryt\u0173 Europoje, kur galima pasivaik&scaron;\u010dioti med\u017ei\u0173 laj\u0173 lygyje. Keliaujant Med\u017ei\u0173 laj\u0173 taku Jus lyd\u0117s i&scaron;traukos i&scaron; \u201eAnyk&scaron;\u010di\u0173 &scaron;ilelio\u201c. Med\u017ei\u0173 laj\u0173 takas t\u0119siasi 300 m ir tolygiai kyla iki 21 m auk&scaron;\u010dio vir&scaron; \u017eem\u0117s. Tako pabaigoje ap\u017evalgos bok&scaron;tas, kurio ap\u017evalgos aik&scaron;tel\u0117s auk&scaron;tis \u2013 34 metrai.\u012erengtuose informaciniuose stenduose pateikiama informacija apie med\u017eius, medyn\u0173 sandar\u0105, mi&scaron;ko augalus ir gyv\u016bnus. \u010cia galima ap\u017evelgti apdainuot\u0105j\u012f Anyk&scaron;\u010di\u0173 &scaron;ilel\u012f, pasigro\u017e\u0117ti &Scaron;ventosios up\u0117s vingiais, tolumoje pamatyti auk&scaron;\u010diausios Lietuvoje &Scaron;v. Mato ba\u017eny\u010dios bok&scaron;tus\u2026<\/p>\n<p>Laj\u0173 takas pritaikytas lankyti ir negali\u0105 turintiems \u017emon\u0117ms, kuriuos \u012f ap\u017evalgos bok&scaron;t\u0105 kelia keltuvas.<\/p>\n<p>Pabuvosite prie &scaron;io kra&scaron;to simbolio \u2013 Puntuko akmens. Puntuko akmuo \u2013 antrasis pagal dyd\u012f riedulys Lietuvoje, st\u016bkso 6 km \u012f pietus nuo Anyk&scaron;\u010di\u0173, Anyk&scaron;\u010di\u0173 &scaron;ilelio kra&scaron;tovaizd\u017eio draustinyje, netoli &Scaron;ventosios. Tai gamtos, mitologijos ir istorijos paminklas. Puntuko akmuo \u2013 pagal sud\u0117t\u012f yra granitas. Punktukas sveria apie 265 tonas, yra 7,54 m ilgio, 7,34 m plo\u010dio ir 5,7 m auk&scaron;\u010dio. Archeolog\u0173 manymu, mil\u017eini&scaron;k\u0105 riedul\u012f paliko Skandinavijos kaln\u0173 ledynai, slink\u0119 \u010dia prie&scaron; 20-14 t\u016bkstan\u010di\u0173 met\u0173.<\/p>\n<p>Apie Puntuko akmens kilm\u0119 paskojami mitai. Viename i&scaron; mit\u0173 pasakojama, kaip velnias ne&scaron;\u0119s akmen\u012f ba\u017eny\u010diai nugriauti, o pragydus gaid\u017eiams, j\u012f pamet\u0119s.<\/p>\n<p>Laisvu laiku tur\u0117site galimyb\u0119 apsilankysite Siauruko muziejuje. &Scaron;imtamet\u0117s Anyk&scaron;\u010di\u0173 gele\u017einkelio stoties komplekse ap\u017ei\u016br\u0117site garve\u017e\u012f \u201eKuku&scaron;ka\u201c, \u012fvairius siaurojo gele\u017einkelio riedmenis, ry&scaron;io bei signalizavimo priemones. Gal\u0117site i&scaron;bandyti veikian\u010dius eksponatus \u2013 rankin\u0119 drezin\u0105 bei trirat\u012f.<\/p>\n<p>\u201eAnyk&scaron;\u010di\u0173 vyno\u201c gaminamas vynas \u201eVoruta\u201c \u2013 nat\u016bralus ir lietuvi&scaron;kas, bet jo gamyba galb\u016bt vis dar atrodo kaip egzotika. Tod\u0117l gamykla yra atvira visiems besidomintiems ir kvie\u010dia susipa\u017einti su lietuvi&scaron;ko vyno keliu. Pa\u017eintin\u0119 ekskursij\u0105 sudaro gamybos cech\u0173 ap\u017evalga \u2013 visi etapai nuo vaisi\u0173 sul\u010di\u0173 spaudimo, iki vyno fermentacijos ir i&scaron;pilstymo. Taip pat i&scaron;girsite gamyklos istorij\u0105, siekian\u010di\u0105 net 1926 m., o ekskursijos pabaigoje tur\u0117site prog\u0105 \u201eAnyk&scaron;\u010di\u0173 vyno\u201c gaminamus vynus \u201eVoruta\u201c padegustuoti ir \u010dia pat esan\u010dioje krautuv\u0117l\u0117je patikusi\u0173 \u012fsigyti.<\/p>\n<p>Programos trukm\u0117 \u2013 1,5 \u2013 2 val.<\/p>\n<hr \/>\n<p><strong>\u012e kelion\u0117s kain\u0105 \u012fskai\u010diuota:<\/strong><\/p>\n<hr \/>\n<p>\u2022 Kelion\u0117 autobusu.<br \/> \u2022 Kelion\u0117s vadovo-gido paslaugos.<br \/> \u2022 Kelion\u0117s dokument\u0173 sutvarkymas.<br \/> \u2022 Ekskursijos Anyk&scaron;\u010di\u0173 apylink\u0117se.<\/p>\n<hr \/>\n<p><strong>\u012e kelion\u0117s kain\u0105 ne\u012fskai\u010diuota:<\/strong><\/p>\n<hr \/>\n<p>\u2022 Pa\u017eintin\u0117 programa \u201cVyno kelias Lietuvoje\u201d arba Pa\u017eintin\u0117 programa \u201cVyno kelias Lietuvoje\u201d su so\u010diais pietumis (u\u017ekand\u017eiai, kepsnys marinuotas vyne, var&scaron;k\u0117s kremo desertas).<br \/> \u2022 \u012e\u0117jimo bilietai \u012f mokamas lankytinas vietas (dvarus\/muziejus\/ba\u017eny\u010dias ir pan.).<br \/> \u2022 Sveikatos draudimas kelion\u0117s metu (kreiptis \u012f agent\u016br\u0105).<\/p>\n<hr \/>\n<p><strong>Pastabos:<\/strong><\/p>\n<hr \/>\n<p>\u2022 Kelion\u0117s i&scaron;vykimo, atvykimo ir kiti laikai gali keistis \u2013 patikslinta informacija atsiun\u010diama \u012f elektronin\u012f pa&scaron;t\u0105 (2-3 dienas prie&scaron; kelion\u0119).<br \/> \u2022 Visos ekskursijos vedamos lietuvi\u0173 kalba.<br \/> \u2022 Objekt\u0173 lankymo tvarka, skai\u010dius ir \u012f\u0117jimo biliet\u0173 kaina gali keistis.<br \/> \u2022 Muziejuose, ba\u017eny\u010diose ir kituose mokamuose objektuose kelion\u0117s vadovas ekskursij\u0173 neveda.<br \/> \u2022 \u012e\u0117jimo bilietai \u012f mokamas lankytinas vietas (dvarus\/muziejus\/ba\u017eny\u010dias ir pan.) n\u0117ra \u012fskai\u010diuoti \u012f kelion\u0117s kain\u0105.<br \/> \u2022 Kelion\u0117s vadovas gali keisti programos eig\u0105.<br \/> \u2022 Nepamir&scaron;kite \u012f kelion\u0119 pasiimti paso\/asmens tapatyb\u0117s kortel\u0117s, galiojan\u010dio\/-s ne trumpiau nei 3 m\u0117nesius po gr\u012f\u017eimo i&scaron; kelion\u0117s datos.<\/p>","protected":false},"excerpt":{"rendered":"<p>1 diena \u2022 I&scaron;vykstame i&scaron; j\u016bs\u0173 pasirinkto miesto. \u2022 Kelion\u0117 link Anyks\u010di\u0173. \u2022 Ekskursija po Anyk&scaron;\u010di\u0173 apylinkes. \u2022 Laisvas laikas arba pageidau&#8230;<\/p>","protected":false},"featured_media":11865,"comment_status":"open","ping_status":"closed","template":"","meta":{"om_disable_all_campaigns":false,"_monsterinsights_skip_tracking":false,"_monsterinsights_sitenote_active":false,"_monsterinsights_sitenote_note":"","_monsterinsights_sitenote_category":0},"product_brand":[],"product_cat":[669],"product_tag":[],"class_list":{"0":"post-12628","1":"product","2":"type-product","3":"status-publish","4":"has-post-thumbnail","6":"product_cat-keliones","8":"first","9":"instock","10":"virtual","11":"taxable","12":"product-type-simple"},"aioseo_notices":[],"_links":{"self":[{"href":"https:\/\/www.atravel.lt\/en\/wp-json\/wp\/v2\/product\/12628","targetHints":{"allow":["GET"]}}],"collection":[{"href":"https:\/\/www.atravel.lt\/en\/wp-json\/wp\/v2\/product"}],"about":[{"href":"https:\/\/www.atravel.lt\/en\/wp-json\/wp\/v2\/types\/product"}],"replies":[{"embeddable":true,"href":"https:\/\/www.atravel.lt\/en\/wp-json\/wp\/v2\/comments?post=12628"}],"wp:featuredmedia":[{"embeddable":true,"href":"https:\/\/www.atravel.lt\/en\/wp-json\/wp\/v2\/media\/11865"}],"wp:attachment":[{"href":"https:\/\/www.atravel.lt\/en\/wp-json\/wp\/v2\/media?parent=12628"}],"wp:term":[{"taxonomy":"product_brand","embeddable":true,"href":"https:\/\/www.atravel.lt\/en\/wp-json\/wp\/v2\/product_brand?post=12628"},{"taxonomy":"product_cat","embeddable":true,"href":"https:\/\/www.atravel.lt\/en\/wp-json\/wp\/v2\/product_cat?post=12628"},{"taxonomy":"product_tag","embeddable":true,"href":"https:\/\/www.atravel.lt\/en\/wp-json\/wp\/v2\/product_tag?post=12628"}],"curies":[{"name":"wp","href":"https:\/\/api.w.org\/{rel}","templated":true}]}}